{"id":23562,"date":"2021-09-23T03:02:15","date_gmt":"2021-09-23T03:02:15","guid":{"rendered":"https:\/\/ztsports.com\/?post_type=product&#038;p=23562"},"modified":"2026-03-12T12:26:53","modified_gmt":"2026-03-12T12:26:53","slug":"bont-waxed-laces-for-speed-skates-colorfull","status":"publish","type":"product","link":"https:\/\/ztsports.com\/fr\/store\/bont-waxed-laces-for-speed-skates-colorfull\/","title":{"rendered":"Bont Waxed Laces for Speed Skates Colorfull"},"content":{"rendered":"<h1>Lacets Cir\u00e9s Bont pour Patins de Vitesse<\/h1>\n<p>Les <strong>lacets cir\u00e9s Bont<\/strong> pour patins de vitesse maintiennent mieux leur position serr\u00e9e que les lacets classiques.<\/p>\n<p>Disponibles dans les <strong>\u00ab couleurs classiques originales \u00bb<\/strong> : noir, rouge, jaune, rose, bleu, noir et gris.<\/p>\n<p>Les <strong>lacets Bont de 180 cm<\/strong> offrent une grande r\u00e9sistance \u00e0 la friction gr\u00e2ce \u00e0 leur fabrication avec des mat\u00e9riaux de haute qualit\u00e9 et sont tr\u00e8s durables. Adapt\u00e9s \u00e0 toutes les chaussures de patin dont la longueur de lacet correspond.<\/p>\n<p><strong>Caract\u00e9ristiques :<\/strong><\/p>\n<ul>\n<li>Logo BONT antid\u00e9rapant<\/li>\n<li>Longueur : 180 cm<\/li>\n<li>Disponible en trois couleurs : Noir, Gris et Violet<\/li>\n<li>Vendus par paire<\/li>\n<\/ul>\n<p><em>* L\u2019image peut ne pas correspondre exactement au produit.<\/em><\/p>\n<p><strong>Enfin, retrouvez tous nos <a href=\"\/?product_cat=accessories1\">lacets et accessoires<\/a> ici.<\/strong><\/p>\n","protected":false},"excerpt":{"rendered":"<p>Lacets Cir\u00e9s Bont pour Patins de Vitesse Les lacets cir\u00e9s Bont pour patins de vitesse maintiennent mieux leur position serr\u00e9e que les lacets classiques. Disponibles dans les \u00ab couleurs classiques originales \u00bb : noir, rouge, jaune, rose, bleu, noir et gris. Les lacets Bont de 180 cm offrent une grande r\u00e9sistance \u00e0 la friction gr\u00e2ce [&hellip;]<\/p>\n","protected":false},"featured_media":23555,"comment_status":"open","ping_status":"closed","template":"","meta":{"_acf_changed":false,"_monsterinsights_skip_tracking":false,"_monsterinsights_sitenote_active":false,"_monsterinsights_sitenote_note":"","_monsterinsights_sitenote_category":0,"_uf_show_specific_survey":0,"_uf_disable_surveys":false,"site-sidebar-layout":"default","site-content-layout":"","ast-site-content-layout":"default","site-content-style":"default","site-sidebar-style":"default","ast-global-header-display":"","ast-banner-title-visibility":"","ast-main-header-display":"","ast-hfb-above-header-display":"","ast-hfb-below-header-display":"","ast-hfb-mobile-header-display":"","site-post-title":"","ast-breadcrumbs-content":"","ast-featured-img":"","footer-sml-layout":"","ast-disable-related-posts":"","theme-transparent-header-meta":"default","adv-header-id-meta":"","stick-header-meta":"","header-above-stick-meta":"","header-main-stick-meta":"","header-below-stick-meta":"","astra-migrate-meta-layouts":"set","ast-page-background-enabled":"default","ast-page-background-meta":{"desktop":{"background-color":"","background-image":"","background-repeat":"repeat","background-position":"center center","background-size":"auto","background-attachment":"scroll","background-type":"","background-media":"","overlay-type":"","overlay-color":"","overlay-opacity":"","overlay-gradient":""},"tablet":{"background-color":"","background-image":"","background-repeat":"repeat","background-position":"center center","background-size":"auto","background-attachment":"scroll","background-type":"","background-media":"","overlay-type":"","overlay-color":"","overlay-opacity":"","overlay-gradient":""},"mobile":{"background-color":"","background-image":"","background-repeat":"repeat","background-position":"center center","background-size":"auto","background-attachment":"scroll","background-type":"","background-media":"","overlay-type":"","overlay-color":"","overlay-opacity":"","overlay-gradient":""}},"ast-content-background-meta":{"desktop":{"background-color":"var(--ast-global-color-5)","background-image":"","background-repeat":"repeat","background-position":"center center","background-size":"auto","background-attachment":"scroll","background-type":"","background-media":"","overlay-type":"","overlay-color":"","overlay-opacity":"","overlay-gradient":""},"tablet":{"background-color":"var(--ast-global-color-5)","background-image":"","background-repeat":"repeat","background-position":"center center","background-size":"auto","background-attachment":"scroll","background-type":"","background-media":"","overlay-type":"","overlay-color":"","overlay-opacity":"","overlay-gradient":""},"mobile":{"background-color":"var(--ast-global-color-5)","background-image":"","background-repeat":"repeat","background-position":"center center","background-size":"auto","background-attachment":"scroll","background-type":"","background-media":"","overlay-type":"","overlay-color":"","overlay-opacity":"","overlay-gradient":""}}},"product_brand":[3285],"product_cat":[4565],"product_tag":[],"class_list":{"0":"post-23562","1":"product","2":"type-product","3":"status-publish","4":"has-post-thumbnail","6":"product_brand-bont","7":"product_cat-accessoires","8":"desktop-align-left","9":"tablet-align-left","10":"mobile-align-left","12":"first","13":"instock","14":"taxable","15":"shipping-taxable","16":"purchasable","17":"product-type-simple"},"acf":[],"_links":{"self":[{"href":"https:\/\/ztsports.com\/fr\/wp-json\/wp\/v2\/product\/23562","targetHints":{"allow":["GET"]}}],"collection":[{"href":"https:\/\/ztsports.com\/fr\/wp-json\/wp\/v2\/product"}],"about":[{"href":"https:\/\/ztsports.com\/fr\/wp-json\/wp\/v2\/types\/product"}],"replies":[{"embeddable":true,"href":"https:\/\/ztsports.com\/fr\/wp-json\/wp\/v2\/comments?post=23562"}],"version-history":[{"count":2,"href":"https:\/\/ztsports.com\/fr\/wp-json\/wp\/v2\/product\/23562\/revisions"}],"predecessor-version":[{"id":24577,"href":"https:\/\/ztsports.com\/fr\/wp-json\/wp\/v2\/product\/23562\/revisions\/24577"}],"wp:featuredmedia":[{"embeddable":true,"href":"https:\/\/ztsports.com\/fr\/wp-json\/wp\/v2\/media\/23555"}],"wp:attachment":[{"href":"https:\/\/ztsports.com\/fr\/wp-json\/wp\/v2\/media?parent=23562"}],"wp:term":[{"taxonomy":"product_brand","embeddable":true,"href":"https:\/\/ztsports.com\/fr\/wp-json\/wp\/v2\/product_brand?post=23562"},{"taxonomy":"product_cat","embeddable":true,"href":"https:\/\/ztsports.com\/fr\/wp-json\/wp\/v2\/product_cat?post=23562"},{"taxonomy":"product_tag","embeddable":true,"href":"https:\/\/ztsports.com\/fr\/wp-json\/wp\/v2\/product_tag?post=23562"}],"curies":[{"name":"wp","href":"https:\/\/api.w.org\/{rel}","templated":true}]}}