{"id":23553,"date":"2021-09-23T03:02:15","date_gmt":"2021-09-23T03:02:15","guid":{"rendered":"https:\/\/ztsports.com\/?post_type=product&#038;p=23553"},"modified":"2026-03-12T12:27:37","modified_gmt":"2026-03-12T12:27:37","slug":"bont-waxed-laces-black-bulk-12-pack","status":"publish","type":"product","link":"https:\/\/ztsports.com\/fr\/store\/bont-waxed-laces-black-bulk-12-pack\/","title":{"rendered":"BONT WAXED LACES BLACK BULK 12 Pack"},"content":{"rendered":"<h1>LACETS CIR\u00c9S BONT NOIRS &#8211; PACK DE 12<\/h1>\n<p>Les lacets cir\u00e9s Bont noirs en pack de 12 sont les lacets classiques que nous connaissons tous et appr\u00e9cions.<\/p>\n<p>Un excellent moyen de r\u00e9aliser des \u00e9conomies pour les clubs, entra\u00eeneurs et familles avec plusieurs patineurs.<\/p>\n<p><strong>Certains patineurs pr\u00e9f\u00e8rent les lacets cir\u00e9s pour leur capacit\u00e9 \u00e0 rester bien serr\u00e9s ou \u00e0 rester l\u00e2ches sans se d\u00e9faire.<\/strong> Bien que les lacets cir\u00e9s soient avantageux dans certaines situations, ils pr\u00e9sentent aussi des inconv\u00e9nients. Les lacets non cir\u00e9s sont plus faciles \u00e0 saisir et \u00e0 d\u00e9nouer, ce qui est particuli\u00e8rement utile pour les joueurs mite et mini-mite.<\/p>\n<p>Enfin, d\u00e9couvrez tous nos <a href=\"\/?product_cat=accessories1\"><strong>accessoires de patinage<\/strong><\/a> ici.<\/p>\n","protected":false},"excerpt":{"rendered":"<p>LACETS CIR\u00c9S BONT NOIRS &#8211; PACK DE 12 Les lacets cir\u00e9s Bont noirs en pack de 12 sont les lacets classiques que nous connaissons tous et appr\u00e9cions. Un excellent moyen de r\u00e9aliser des \u00e9conomies pour les clubs, entra\u00eeneurs et familles avec plusieurs patineurs. Certains patineurs pr\u00e9f\u00e8rent les lacets cir\u00e9s pour leur capacit\u00e9 \u00e0 rester bien [&hellip;]<\/p>\n","protected":false},"featured_media":23551,"comment_status":"open","ping_status":"closed","template":"","meta":{"_acf_changed":false,"_monsterinsights_skip_tracking":false,"_monsterinsights_sitenote_active":false,"_monsterinsights_sitenote_note":"","_monsterinsights_sitenote_category":0,"_uf_show_specific_survey":0,"_uf_disable_surveys":false,"site-sidebar-layout":"default","site-content-layout":"","ast-site-content-layout":"default","site-content-style":"default","site-sidebar-style":"default","ast-global-header-display":"","ast-banner-title-visibility":"","ast-main-header-display":"","ast-hfb-above-header-display":"","ast-hfb-below-header-display":"","ast-hfb-mobile-header-display":"","site-post-title":"","ast-breadcrumbs-content":"","ast-featured-img":"","footer-sml-layout":"","ast-disable-related-posts":"","theme-transparent-header-meta":"default","adv-header-id-meta":"","stick-header-meta":"","header-above-stick-meta":"","header-main-stick-meta":"","header-below-stick-meta":"","astra-migrate-meta-layouts":"set","ast-page-background-enabled":"default","ast-page-background-meta":{"desktop":{"background-color":"","background-image":"","background-repeat":"repeat","background-position":"center center","background-size":"auto","background-attachment":"scroll","background-type":"","background-media":"","overlay-type":"","overlay-color":"","overlay-opacity":"","overlay-gradient":""},"tablet":{"background-color":"","background-image":"","background-repeat":"repeat","background-position":"center center","background-size":"auto","background-attachment":"scroll","background-type":"","background-media":"","overlay-type":"","overlay-color":"","overlay-opacity":"","overlay-gradient":""},"mobile":{"background-color":"","background-image":"","background-repeat":"repeat","background-position":"center center","background-size":"auto","background-attachment":"scroll","background-type":"","background-media":"","overlay-type":"","overlay-color":"","overlay-opacity":"","overlay-gradient":""}},"ast-content-background-meta":{"desktop":{"background-color":"var(--ast-global-color-5)","background-image":"","background-repeat":"repeat","background-position":"center center","background-size":"auto","background-attachment":"scroll","background-type":"","background-media":"","overlay-type":"","overlay-color":"","overlay-opacity":"","overlay-gradient":""},"tablet":{"background-color":"var(--ast-global-color-5)","background-image":"","background-repeat":"repeat","background-position":"center center","background-size":"auto","background-attachment":"scroll","background-type":"","background-media":"","overlay-type":"","overlay-color":"","overlay-opacity":"","overlay-gradient":""},"mobile":{"background-color":"var(--ast-global-color-5)","background-image":"","background-repeat":"repeat","background-position":"center center","background-size":"auto","background-attachment":"scroll","background-type":"","background-media":"","overlay-type":"","overlay-color":"","overlay-opacity":"","overlay-gradient":""}}},"product_brand":[3285],"product_cat":[4565],"product_tag":[],"class_list":{"0":"post-23553","1":"product","2":"type-product","3":"status-publish","4":"has-post-thumbnail","6":"product_brand-bont","7":"product_cat-accessoires","8":"desktop-align-left","9":"tablet-align-left","10":"mobile-align-left","12":"first","13":"instock","14":"sale","15":"taxable","16":"shipping-taxable","17":"purchasable","18":"product-type-simple"},"acf":[],"_links":{"self":[{"href":"https:\/\/ztsports.com\/fr\/wp-json\/wp\/v2\/product\/23553","targetHints":{"allow":["GET"]}}],"collection":[{"href":"https:\/\/ztsports.com\/fr\/wp-json\/wp\/v2\/product"}],"about":[{"href":"https:\/\/ztsports.com\/fr\/wp-json\/wp\/v2\/types\/product"}],"replies":[{"embeddable":true,"href":"https:\/\/ztsports.com\/fr\/wp-json\/wp\/v2\/comments?post=23553"}],"version-history":[{"count":3,"href":"https:\/\/ztsports.com\/fr\/wp-json\/wp\/v2\/product\/23553\/revisions"}],"predecessor-version":[{"id":24579,"href":"https:\/\/ztsports.com\/fr\/wp-json\/wp\/v2\/product\/23553\/revisions\/24579"}],"wp:featuredmedia":[{"embeddable":true,"href":"https:\/\/ztsports.com\/fr\/wp-json\/wp\/v2\/media\/23551"}],"wp:attachment":[{"href":"https:\/\/ztsports.com\/fr\/wp-json\/wp\/v2\/media?parent=23553"}],"wp:term":[{"taxonomy":"product_brand","embeddable":true,"href":"https:\/\/ztsports.com\/fr\/wp-json\/wp\/v2\/product_brand?post=23553"},{"taxonomy":"product_cat","embeddable":true,"href":"https:\/\/ztsports.com\/fr\/wp-json\/wp\/v2\/product_cat?post=23553"},{"taxonomy":"product_tag","embeddable":true,"href":"https:\/\/ztsports.com\/fr\/wp-json\/wp\/v2\/product_tag?post=23553"}],"curies":[{"name":"wp","href":"https:\/\/api.w.org\/{rel}","templated":true}]}}