{"id":23549,"date":"2021-09-23T03:02:16","date_gmt":"2021-09-23T03:02:16","guid":{"rendered":"https:\/\/ztsports.com\/?post_type=product&#038;p=23549"},"modified":"2026-03-09T09:48:43","modified_gmt":"2026-03-09T09:48:43","slug":"ehs-mechanic-jig-kit-sharpening-package-2","status":"publish","type":"product","link":"https:\/\/ztsports.com\/fr\/store\/ehs-mechanic-jig-kit-sharpening-package-2\/","title":{"rendered":"EHS MECHANIC JIG KIT Sharpening Package"},"content":{"rendered":"<h1>PACK JIG &#8211; Kit d\u2019Aff\u00fbtage<\/h1>\n<p>Le <strong>Kit JIG EHS MECHANIC<\/strong> contient tout ce dont vous aurez besoin.<\/p>\n<p>Gabarit d\u2019aff\u00fbtage EHS pour short track, fabriqu\u00e9 aux Pays-Bas :<\/p>\n<ul>\n<li>Pi\u00e8ces usin\u00e9es CNC avec pr\u00e9cision<\/li>\n<li>Pi\u00e8ces anodis\u00e9es pour une longue dur\u00e9e de vie<\/li>\n<li>Facile \u00e0 assembler et l\u00e9ger<\/li>\n<li>Construction solide et stable pour un aff\u00fbtage facile<\/li>\n<li>Un excellent produit pour tous les patineurs<\/li>\n<\/ul>\n<p><strong>Cliquez ici pour un <a href=\"https:\/\/www.youtube.com\/watch?v=6mu5w7rdrL0\" target=\"_blank\" rel=\"noopener\">tutoriel d\u2019aff\u00fbtage<\/a>.<\/strong><\/p>\n<p><strong>Enfin, d\u00e9couvrez tous nos <a href=\"https:\/\/ztsports.com\/product-category\/sharpening\/jigs\/\">gabarits et packs ici<\/a>.<\/strong><\/p>\n","protected":false},"excerpt":{"rendered":"<p>PACK JIG &#8211; Kit d\u2019Aff\u00fbtage Le Kit JIG EHS MECHANIC contient tout ce dont vous aurez besoin. Gabarit d\u2019aff\u00fbtage EHS pour short track, fabriqu\u00e9 aux Pays-Bas : Pi\u00e8ces usin\u00e9es CNC avec pr\u00e9cision Pi\u00e8ces anodis\u00e9es pour une longue dur\u00e9e de vie Facile \u00e0 assembler et l\u00e9ger Construction solide et stable pour un aff\u00fbtage facile Un excellent [&hellip;]<\/p>\n","protected":false},"featured_media":23548,"comment_status":"open","ping_status":"closed","template":"","meta":{"_acf_changed":false,"_monsterinsights_skip_tracking":false,"_monsterinsights_sitenote_active":false,"_monsterinsights_sitenote_note":"","_monsterinsights_sitenote_category":0,"_uf_show_specific_survey":0,"_uf_disable_surveys":false,"site-sidebar-layout":"default","site-content-layout":"","ast-site-content-layout":"default","site-content-style":"default","site-sidebar-style":"default","ast-global-header-display":"","ast-banner-title-visibility":"","ast-main-header-display":"","ast-hfb-above-header-display":"","ast-hfb-below-header-display":"","ast-hfb-mobile-header-display":"","site-post-title":"","ast-breadcrumbs-content":"","ast-featured-img":"","footer-sml-layout":"","ast-disable-related-posts":"","theme-transparent-header-meta":"default","adv-header-id-meta":"","stick-header-meta":"","header-above-stick-meta":"","header-main-stick-meta":"","header-below-stick-meta":"","astra-migrate-meta-layouts":"set","ast-page-background-enabled":"default","ast-page-background-meta":{"desktop":{"background-color":"","background-image":"","background-repeat":"repeat","background-position":"center center","background-size":"auto","background-attachment":"scroll","background-type":"","background-media":"","overlay-type":"","overlay-color":"","overlay-opacity":"","overlay-gradient":""},"tablet":{"background-color":"","background-image":"","background-repeat":"repeat","background-position":"center center","background-size":"auto","background-attachment":"scroll","background-type":"","background-media":"","overlay-type":"","overlay-color":"","overlay-opacity":"","overlay-gradient":""},"mobile":{"background-color":"","background-image":"","background-repeat":"repeat","background-position":"center center","background-size":"auto","background-attachment":"scroll","background-type":"","background-media":"","overlay-type":"","overlay-color":"","overlay-opacity":"","overlay-gradient":""}},"ast-content-background-meta":{"desktop":{"background-color":"var(--ast-global-color-5)","background-image":"","background-repeat":"repeat","background-position":"center center","background-size":"auto","background-attachment":"scroll","background-type":"","background-media":"","overlay-type":"","overlay-color":"","overlay-opacity":"","overlay-gradient":""},"tablet":{"background-color":"var(--ast-global-color-5)","background-image":"","background-repeat":"repeat","background-position":"center center","background-size":"auto","background-attachment":"scroll","background-type":"","background-media":"","overlay-type":"","overlay-color":"","overlay-opacity":"","overlay-gradient":""},"mobile":{"background-color":"var(--ast-global-color-5)","background-image":"","background-repeat":"repeat","background-position":"center center","background-size":"auto","background-attachment":"scroll","background-type":"","background-media":"","overlay-type":"","overlay-color":"","overlay-opacity":"","overlay-gradient":""}}},"product_brand":[3347],"product_cat":[3378],"product_tag":[3811],"class_list":{"0":"post-23549","1":"product","2":"type-product","3":"status-publish","4":"has-post-thumbnail","6":"product_brand-ehs","7":"product_cat-non-categorise","8":"product_tag-ehs","9":"desktop-align-left","10":"tablet-align-left","11":"mobile-align-left","13":"first","14":"instock","15":"featured","16":"taxable","17":"shipping-taxable","18":"purchasable","19":"product-type-simple"},"acf":[],"_links":{"self":[{"href":"https:\/\/ztsports.com\/fr\/wp-json\/wp\/v2\/product\/23549","targetHints":{"allow":["GET"]}}],"collection":[{"href":"https:\/\/ztsports.com\/fr\/wp-json\/wp\/v2\/product"}],"about":[{"href":"https:\/\/ztsports.com\/fr\/wp-json\/wp\/v2\/types\/product"}],"replies":[{"embeddable":true,"href":"https:\/\/ztsports.com\/fr\/wp-json\/wp\/v2\/comments?post=23549"}],"version-history":[{"count":1,"href":"https:\/\/ztsports.com\/fr\/wp-json\/wp\/v2\/product\/23549\/revisions"}],"predecessor-version":[{"id":23550,"href":"https:\/\/ztsports.com\/fr\/wp-json\/wp\/v2\/product\/23549\/revisions\/23550"}],"wp:featuredmedia":[{"embeddable":true,"href":"https:\/\/ztsports.com\/fr\/wp-json\/wp\/v2\/media\/23548"}],"wp:attachment":[{"href":"https:\/\/ztsports.com\/fr\/wp-json\/wp\/v2\/media?parent=23549"}],"wp:term":[{"taxonomy":"product_brand","embeddable":true,"href":"https:\/\/ztsports.com\/fr\/wp-json\/wp\/v2\/product_brand?post=23549"},{"taxonomy":"product_cat","embeddable":true,"href":"https:\/\/ztsports.com\/fr\/wp-json\/wp\/v2\/product_cat?post=23549"},{"taxonomy":"product_tag","embeddable":true,"href":"https:\/\/ztsports.com\/fr\/wp-json\/wp\/v2\/product_tag?post=23549"}],"curies":[{"name":"wp","href":"https:\/\/api.w.org\/{rel}","templated":true}]}}