{"id":23546,"date":"2021-09-23T03:03:24","date_gmt":"2021-09-23T03:03:24","guid":{"rendered":"https:\/\/ztsports.com\/?post_type=product&#038;p=23546"},"modified":"2026-03-09T09:47:46","modified_gmt":"2026-03-09T09:47:46","slug":"sebra-extreme-gloves-iv-white-short-track","status":"publish","type":"product","link":"https:\/\/ztsports.com\/fr\/store\/sebra-extreme-gloves-iv-white-short-track\/","title":{"rendered":"SEBRA EXTREME GLOVES IV WHITE Short Track"},"content":{"rendered":"<h1>GANTS SEBRA EXTREME IV BLANCS<\/h1>\n<p>Les <strong>gants SEBRA Extreme IV Blanc<\/strong> pour le patinage de vitesse sont enti\u00e8rement doubl\u00e9s en Dyneema, le mat\u00e9riau le plus efficace contre les coupures dans ce domaine. En plus d\u2019\u00eatre tr\u00e8s confortables, ils peuvent \u00eatre lav\u00e9s en machine. Ils sont \u00e9galement plus chauds et encore plus r\u00e9sistants aux coupures que des gants moins chers. Disponibles en tout blanc.<\/p>\n<p>Pour en savoir plus sur la protection contre les coupures : <strong><a href=\"https:\/\/industrial.honeywell.com\/content\/dam\/industrial\/en\/documents\/document-lists\/marketing\/SpectraFiber-CutProtection-SellSheet.pdf\" target=\"_blank\" rel=\"noopener\">Honeywell et Dyneema<\/a><\/strong>.<\/p>\n<p>Enfin, d\u00e9couvrez tous <a href=\"https:\/\/ztsports.com\/product-category\/protection\/gloves\/\"><strong>nos gants de patinage<\/strong><\/a> ici.<\/p>\n","protected":false},"excerpt":{"rendered":"<p>GANTS SEBRA EXTREME IV BLANCS Les gants SEBRA Extreme IV Blanc pour le patinage de vitesse sont enti\u00e8rement doubl\u00e9s en Dyneema, le mat\u00e9riau le plus efficace contre les coupures dans ce domaine. En plus d\u2019\u00eatre tr\u00e8s confortables, ils peuvent \u00eatre lav\u00e9s en machine. Ils sont \u00e9galement plus chauds et encore plus r\u00e9sistants aux coupures que [&hellip;]<\/p>\n","protected":false},"featured_media":23541,"comment_status":"open","ping_status":"closed","template":"","meta":{"_acf_changed":false,"_monsterinsights_skip_tracking":false,"_monsterinsights_sitenote_active":false,"_monsterinsights_sitenote_note":"","_monsterinsights_sitenote_category":0,"_uf_show_specific_survey":0,"_uf_disable_surveys":false,"site-sidebar-layout":"default","site-content-layout":"","ast-site-content-layout":"default","site-content-style":"default","site-sidebar-style":"default","ast-global-header-display":"","ast-banner-title-visibility":"","ast-main-header-display":"","ast-hfb-above-header-display":"","ast-hfb-below-header-display":"","ast-hfb-mobile-header-display":"","site-post-title":"","ast-breadcrumbs-content":"","ast-featured-img":"","footer-sml-layout":"","ast-disable-related-posts":"","theme-transparent-header-meta":"default","adv-header-id-meta":"","stick-header-meta":"","header-above-stick-meta":"","header-main-stick-meta":"","header-below-stick-meta":"","astra-migrate-meta-layouts":"set","ast-page-background-enabled":"default","ast-page-background-meta":{"desktop":{"background-color":"","background-image":"","background-repeat":"repeat","background-position":"center center","background-size":"auto","background-attachment":"scroll","background-type":"","background-media":"","overlay-type":"","overlay-color":"","overlay-opacity":"","overlay-gradient":""},"tablet":{"background-color":"","background-image":"","background-repeat":"repeat","background-position":"center center","background-size":"auto","background-attachment":"scroll","background-type":"","background-media":"","overlay-type":"","overlay-color":"","overlay-opacity":"","overlay-gradient":""},"mobile":{"background-color":"","background-image":"","background-repeat":"repeat","background-position":"center center","background-size":"auto","background-attachment":"scroll","background-type":"","background-media":"","overlay-type":"","overlay-color":"","overlay-opacity":"","overlay-gradient":""}},"ast-content-background-meta":{"desktop":{"background-color":"var(--ast-global-color-5)","background-image":"","background-repeat":"repeat","background-position":"center center","background-size":"auto","background-attachment":"scroll","background-type":"","background-media":"","overlay-type":"","overlay-color":"","overlay-opacity":"","overlay-gradient":""},"tablet":{"background-color":"var(--ast-global-color-5)","background-image":"","background-repeat":"repeat","background-position":"center center","background-size":"auto","background-attachment":"scroll","background-type":"","background-media":"","overlay-type":"","overlay-color":"","overlay-opacity":"","overlay-gradient":""},"mobile":{"background-color":"var(--ast-global-color-5)","background-image":"","background-repeat":"repeat","background-position":"center center","background-size":"auto","background-attachment":"scroll","background-type":"","background-media":"","overlay-type":"","overlay-color":"","overlay-opacity":"","overlay-gradient":""}}},"product_brand":[3335],"product_cat":[3378],"product_tag":[3796],"class_list":{"0":"post-23546","1":"product","2":"type-product","3":"status-publish","4":"has-post-thumbnail","6":"product_brand-sebra","7":"product_cat-non-categorise","8":"product_tag-short-track","9":"desktop-align-left","10":"tablet-align-left","11":"mobile-align-left","13":"first","14":"instock","15":"taxable","16":"shipping-taxable","17":"purchasable","18":"product-type-simple"},"acf":[],"_links":{"self":[{"href":"https:\/\/ztsports.com\/fr\/wp-json\/wp\/v2\/product\/23546","targetHints":{"allow":["GET"]}}],"collection":[{"href":"https:\/\/ztsports.com\/fr\/wp-json\/wp\/v2\/product"}],"about":[{"href":"https:\/\/ztsports.com\/fr\/wp-json\/wp\/v2\/types\/product"}],"replies":[{"embeddable":true,"href":"https:\/\/ztsports.com\/fr\/wp-json\/wp\/v2\/comments?post=23546"}],"version-history":[{"count":1,"href":"https:\/\/ztsports.com\/fr\/wp-json\/wp\/v2\/product\/23546\/revisions"}],"predecessor-version":[{"id":23547,"href":"https:\/\/ztsports.com\/fr\/wp-json\/wp\/v2\/product\/23546\/revisions\/23547"}],"wp:featuredmedia":[{"embeddable":true,"href":"https:\/\/ztsports.com\/fr\/wp-json\/wp\/v2\/media\/23541"}],"wp:attachment":[{"href":"https:\/\/ztsports.com\/fr\/wp-json\/wp\/v2\/media?parent=23546"}],"wp:term":[{"taxonomy":"product_brand","embeddable":true,"href":"https:\/\/ztsports.com\/fr\/wp-json\/wp\/v2\/product_brand?post=23546"},{"taxonomy":"product_cat","embeddable":true,"href":"https:\/\/ztsports.com\/fr\/wp-json\/wp\/v2\/product_cat?post=23546"},{"taxonomy":"product_tag","embeddable":true,"href":"https:\/\/ztsports.com\/fr\/wp-json\/wp\/v2\/product_tag?post=23546"}],"curies":[{"name":"wp","href":"https:\/\/api.w.org\/{rel}","templated":true}]}}