{"id":23539,"date":"2021-09-23T03:05:01","date_gmt":"2021-09-23T03:05:01","guid":{"rendered":"https:\/\/ztsports.com\/?post_type=product&#038;p=23539"},"modified":"2026-05-02T15:57:39","modified_gmt":"2026-05-02T15:57:39","slug":"gabarit-haut-zandstra-7130","status":"publish","type":"product","link":"https:\/\/ztsports.com\/fr\/store\/gabarit-haut-zandstra-7130\/","title":{"rendered":"GABARIT HAUT ZANDSTRA 7130"},"content":{"rendered":"<h3>GABARIT HAUT ZANDSTRA<\/h3>\n<p>Le <strong>Gabarit Haut ZANDSTRA<\/strong> est fabriqu\u00e9 en une seule pi\u00e8ce \u00e0 partir d\u2019un profil\u00e9 sp\u00e9cial en aluminium extrud\u00e9 anodis\u00e9. La stabilit\u00e9 de la table d\u2019aff\u00fbtage le rend tr\u00e8s facile \u00e0 utiliser.<\/p>\n<p>Ce mod\u00e8le extra-haut a \u00e9t\u00e9 d\u00e9velopp\u00e9 sp\u00e9cialement pour les patineurs confort utilisant des chaussures moul\u00e9es, en tenant \u00e9galement compte de la largeur de la chaussure. Ce gabarit est 10 cm plus haut qu\u2019un gabarit standard bas et est livr\u00e9 avec des niveleurs de hauteur.<\/p>\n<p><strong>Veuillez noter :<\/strong> pour les <strong>lames nordiques<\/strong>, vous aurez besoin soit du <strong>Gabarit Bas ZANDSTRA<\/strong>, soit de l\u2019<strong>Outil d\u2019Aff\u00fbtage ZANDSTRA \/ Gabarit d\u2019Aff\u00fbtage pour Lames Nordiques<\/strong>.<\/p>\n<p>Ces articles peuvent \u00eatre achet\u00e9s sur le <strong><a href=\"https:\/\/ztsports.com\/product-category\/sharpening\/jigs\/\">magasin en ligne Zt Sports<\/a><\/strong>.<\/p>\n<p>Enfin, d\u00e9couvrez un <a href=\"https:\/\/www.youtube.com\/watch?v=6mu5w7rdrL0\" target=\"_blank\" rel=\"noopener\">Tutoriel d\u2019Aff\u00fbtage<\/a> pour vous guider.<\/p>\n","protected":false},"excerpt":{"rendered":"<p>GABARIT HAUT ZANDSTRA Le Gabarit Haut ZANDSTRA est fabriqu\u00e9 en une seule pi\u00e8ce \u00e0 partir d\u2019un profil\u00e9 sp\u00e9cial en aluminium extrud\u00e9 anodis\u00e9. La stabilit\u00e9 de la table d\u2019aff\u00fbtage le rend tr\u00e8s facile \u00e0 utiliser. Ce mod\u00e8le extra-haut a \u00e9t\u00e9 d\u00e9velopp\u00e9 sp\u00e9cialement pour les patineurs confort utilisant des chaussures moul\u00e9es, en tenant \u00e9galement compte de la [&hellip;]<\/p>\n","protected":false},"featured_media":23535,"comment_status":"open","ping_status":"closed","template":"","meta":{"_acf_changed":false,"_monsterinsights_skip_tracking":false,"_monsterinsights_sitenote_active":false,"_monsterinsights_sitenote_note":"","_monsterinsights_sitenote_category":0,"_uf_show_specific_survey":0,"_uf_disable_surveys":false,"site-sidebar-layout":"default","site-content-layout":"","ast-site-content-layout":"default","site-content-style":"default","site-sidebar-style":"default","ast-global-header-display":"","ast-banner-title-visibility":"","ast-main-header-display":"","ast-hfb-above-header-display":"","ast-hfb-below-header-display":"","ast-hfb-mobile-header-display":"","site-post-title":"","ast-breadcrumbs-content":"","ast-featured-img":"","footer-sml-layout":"","ast-disable-related-posts":"","theme-transparent-header-meta":"default","adv-header-id-meta":"","stick-header-meta":"","header-above-stick-meta":"","header-main-stick-meta":"","header-below-stick-meta":"","astra-migrate-meta-layouts":"set","ast-page-background-enabled":"default","ast-page-background-meta":{"desktop":{"background-color":"","background-image":"","background-repeat":"repeat","background-position":"center center","background-size":"auto","background-attachment":"scroll","background-type":"","background-media":"","overlay-type":"","overlay-color":"","overlay-opacity":"","overlay-gradient":""},"tablet":{"background-color":"","background-image":"","background-repeat":"repeat","background-position":"center center","background-size":"auto","background-attachment":"scroll","background-type":"","background-media":"","overlay-type":"","overlay-color":"","overlay-opacity":"","overlay-gradient":""},"mobile":{"background-color":"","background-image":"","background-repeat":"repeat","background-position":"center center","background-size":"auto","background-attachment":"scroll","background-type":"","background-media":"","overlay-type":"","overlay-color":"","overlay-opacity":"","overlay-gradient":""}},"ast-content-background-meta":{"desktop":{"background-color":"var(--ast-global-color-5)","background-image":"","background-repeat":"repeat","background-position":"center center","background-size":"auto","background-attachment":"scroll","background-type":"","background-media":"","overlay-type":"","overlay-color":"","overlay-opacity":"","overlay-gradient":""},"tablet":{"background-color":"var(--ast-global-color-5)","background-image":"","background-repeat":"repeat","background-position":"center center","background-size":"auto","background-attachment":"scroll","background-type":"","background-media":"","overlay-type":"","overlay-color":"","overlay-opacity":"","overlay-gradient":""},"mobile":{"background-color":"var(--ast-global-color-5)","background-image":"","background-repeat":"repeat","background-position":"center center","background-size":"auto","background-attachment":"scroll","background-type":"","background-media":"","overlay-type":"","overlay-color":"","overlay-opacity":"","overlay-gradient":""}}},"product_brand":[],"product_cat":[3470,3394,3397],"product_tag":[4698],"class_list":{"0":"post-23539","1":"product","2":"type-product","3":"status-publish","4":"has-post-thumbnail","6":"product_cat-des-pierres","7":"product_cat-kits-de-gabarits","8":"product_cat-support","9":"product_tag-zandstra","10":"desktop-align-left","11":"tablet-align-left","12":"mobile-align-left","14":"first","15":"instock","16":"taxable","17":"shipping-taxable","18":"purchasable","19":"product-type-simple"},"acf":[],"_links":{"self":[{"href":"https:\/\/ztsports.com\/fr\/wp-json\/wp\/v2\/product\/23539","targetHints":{"allow":["GET"]}}],"collection":[{"href":"https:\/\/ztsports.com\/fr\/wp-json\/wp\/v2\/product"}],"about":[{"href":"https:\/\/ztsports.com\/fr\/wp-json\/wp\/v2\/types\/product"}],"replies":[{"embeddable":true,"href":"https:\/\/ztsports.com\/fr\/wp-json\/wp\/v2\/comments?post=23539"}],"version-history":[{"count":2,"href":"https:\/\/ztsports.com\/fr\/wp-json\/wp\/v2\/product\/23539\/revisions"}],"predecessor-version":[{"id":25833,"href":"https:\/\/ztsports.com\/fr\/wp-json\/wp\/v2\/product\/23539\/revisions\/25833"}],"wp:featuredmedia":[{"embeddable":true,"href":"https:\/\/ztsports.com\/fr\/wp-json\/wp\/v2\/media\/23535"}],"wp:attachment":[{"href":"https:\/\/ztsports.com\/fr\/wp-json\/wp\/v2\/media?parent=23539"}],"wp:term":[{"taxonomy":"product_brand","embeddable":true,"href":"https:\/\/ztsports.com\/fr\/wp-json\/wp\/v2\/product_brand?post=23539"},{"taxonomy":"product_cat","embeddable":true,"href":"https:\/\/ztsports.com\/fr\/wp-json\/wp\/v2\/product_cat?post=23539"},{"taxonomy":"product_tag","embeddable":true,"href":"https:\/\/ztsports.com\/fr\/wp-json\/wp\/v2\/product_tag?post=23539"}],"curies":[{"name":"wp","href":"https:\/\/api.w.org\/{rel}","templated":true}]}}