{"id":23533,"date":"2021-09-23T03:05:03","date_gmt":"2021-09-23T03:05:03","guid":{"rendered":"https:\/\/ztsports.com\/?post_type=product&#038;p=23533"},"modified":"2026-03-09T09:45:06","modified_gmt":"2026-03-09T09:45:06","slug":"india-burr-stone-1-x-2-norton","status":"publish","type":"product","link":"https:\/\/ztsports.com\/fr\/store\/india-burr-stone-1-x-2-norton\/","title":{"rendered":"INDIA BURR STONE 1 x 2&#8243; Norton"},"content":{"rendered":"<h1>PIERRE \u00c0 \u00c9BAVURER INDIA 1&#8243; x 2&#8243;<\/h1>\n<p>Les pierres \u00e0 \u00e9bavurer India (oxyde d\u2019aluminium) sont les pierres \u00e0 \u00e9bavurer les plus populaires pour les patins. Le classique pour l\u2019\u00e9limination des bavures.<\/p>\n<p>Disponibles en grain moyen\/fin ou fin, elles laissent une finition impeccable et conservent leur forme pendant longtemps.<\/p>\n<p>La pierre \u00e0 \u00e9bavurer India de Norton est l\u2019accessoire parfait pour tout travail d\u2019aff\u00fbtage. De son grain fin India \u00e0 sa capacit\u00e9 rapide d\u2019\u00e9limination des bavures, cette pierre redonnera \u00e0 vos lames un tranchant et un aspect comme neufs, facilement.<\/p>\n<p>Con\u00e7ue pour durer, elle assure des performances optimales pendant des ann\u00e9es.<\/p>\n<p><a href=\"https:\/\/ztsports.com\/product-category\/sharpening\/burr-stones\/\"><strong>D\u00e9couvrez toutes nos pierres \u00e0 \u00e9bavurer ici.<\/strong><\/a><\/p>\n<p><a href=\"https:\/\/ztsports.com\/brand\/norton\/\"><strong>Retrouvez tous les produits d\u2019aff\u00fbtage Norton ici.<\/strong><\/a><\/p>\n","protected":false},"excerpt":{"rendered":"<p>PIERRE \u00c0 \u00c9BAVURER INDIA 1&#8243; x 2&#8243; Les pierres \u00e0 \u00e9bavurer India (oxyde d\u2019aluminium) sont les pierres \u00e0 \u00e9bavurer les plus populaires pour les patins. Le classique pour l\u2019\u00e9limination des bavures. Disponibles en grain moyen\/fin ou fin, elles laissent une finition impeccable et conservent leur forme pendant longtemps. La pierre \u00e0 \u00e9bavurer India de Norton [&hellip;]<\/p>\n","protected":false},"featured_media":23528,"comment_status":"open","ping_status":"closed","template":"","meta":{"_acf_changed":false,"_monsterinsights_skip_tracking":false,"_monsterinsights_sitenote_active":false,"_monsterinsights_sitenote_note":"","_monsterinsights_sitenote_category":0,"_uf_show_specific_survey":0,"_uf_disable_surveys":false,"site-sidebar-layout":"default","site-content-layout":"","ast-site-content-layout":"default","site-content-style":"default","site-sidebar-style":"default","ast-global-header-display":"","ast-banner-title-visibility":"","ast-main-header-display":"","ast-hfb-above-header-display":"","ast-hfb-below-header-display":"","ast-hfb-mobile-header-display":"","site-post-title":"","ast-breadcrumbs-content":"","ast-featured-img":"","footer-sml-layout":"","ast-disable-related-posts":"","theme-transparent-header-meta":"default","adv-header-id-meta":"","stick-header-meta":"","header-above-stick-meta":"","header-main-stick-meta":"","header-below-stick-meta":"","astra-migrate-meta-layouts":"set","ast-page-background-enabled":"default","ast-page-background-meta":{"desktop":{"background-color":"","background-image":"","background-repeat":"repeat","background-position":"center center","background-size":"auto","background-attachment":"scroll","background-type":"","background-media":"","overlay-type":"","overlay-color":"","overlay-opacity":"","overlay-gradient":""},"tablet":{"background-color":"","background-image":"","background-repeat":"repeat","background-position":"center center","background-size":"auto","background-attachment":"scroll","background-type":"","background-media":"","overlay-type":"","overlay-color":"","overlay-opacity":"","overlay-gradient":""},"mobile":{"background-color":"","background-image":"","background-repeat":"repeat","background-position":"center center","background-size":"auto","background-attachment":"scroll","background-type":"","background-media":"","overlay-type":"","overlay-color":"","overlay-opacity":"","overlay-gradient":""}},"ast-content-background-meta":{"desktop":{"background-color":"var(--ast-global-color-5)","background-image":"","background-repeat":"repeat","background-position":"center center","background-size":"auto","background-attachment":"scroll","background-type":"","background-media":"","overlay-type":"","overlay-color":"","overlay-opacity":"","overlay-gradient":""},"tablet":{"background-color":"var(--ast-global-color-5)","background-image":"","background-repeat":"repeat","background-position":"center center","background-size":"auto","background-attachment":"scroll","background-type":"","background-media":"","overlay-type":"","overlay-color":"","overlay-opacity":"","overlay-gradient":""},"mobile":{"background-color":"var(--ast-global-color-5)","background-image":"","background-repeat":"repeat","background-position":"center center","background-size":"auto","background-attachment":"scroll","background-type":"","background-media":"","overlay-type":"","overlay-color":"","overlay-opacity":"","overlay-gradient":""}}},"product_brand":[3328],"product_cat":[3378],"product_tag":[],"class_list":{"0":"post-23533","1":"product","2":"type-product","3":"status-publish","4":"has-post-thumbnail","6":"product_brand-norton","7":"product_cat-non-categorise","8":"desktop-align-left","9":"tablet-align-left","10":"mobile-align-left","12":"first","13":"instock","14":"taxable","15":"shipping-taxable","16":"purchasable","17":"product-type-simple"},"acf":[],"_links":{"self":[{"href":"https:\/\/ztsports.com\/fr\/wp-json\/wp\/v2\/product\/23533","targetHints":{"allow":["GET"]}}],"collection":[{"href":"https:\/\/ztsports.com\/fr\/wp-json\/wp\/v2\/product"}],"about":[{"href":"https:\/\/ztsports.com\/fr\/wp-json\/wp\/v2\/types\/product"}],"replies":[{"embeddable":true,"href":"https:\/\/ztsports.com\/fr\/wp-json\/wp\/v2\/comments?post=23533"}],"version-history":[{"count":1,"href":"https:\/\/ztsports.com\/fr\/wp-json\/wp\/v2\/product\/23533\/revisions"}],"predecessor-version":[{"id":23534,"href":"https:\/\/ztsports.com\/fr\/wp-json\/wp\/v2\/product\/23533\/revisions\/23534"}],"wp:featuredmedia":[{"embeddable":true,"href":"https:\/\/ztsports.com\/fr\/wp-json\/wp\/v2\/media\/23528"}],"wp:attachment":[{"href":"https:\/\/ztsports.com\/fr\/wp-json\/wp\/v2\/media?parent=23533"}],"wp:term":[{"taxonomy":"product_brand","embeddable":true,"href":"https:\/\/ztsports.com\/fr\/wp-json\/wp\/v2\/product_brand?post=23533"},{"taxonomy":"product_cat","embeddable":true,"href":"https:\/\/ztsports.com\/fr\/wp-json\/wp\/v2\/product_cat?post=23533"},{"taxonomy":"product_tag","embeddable":true,"href":"https:\/\/ztsports.com\/fr\/wp-json\/wp\/v2\/product_tag?post=23533"}],"curies":[{"name":"wp","href":"https:\/\/api.w.org\/{rel}","templated":true}]}}