{"id":23526,"date":"2021-09-23T03:05:07","date_gmt":"2021-09-23T03:05:07","guid":{"rendered":"https:\/\/ztsports.com\/?post_type=product&#038;p=23526"},"modified":"2026-03-09T09:42:40","modified_gmt":"2026-03-09T09:42:40","slug":"nagano-skate-bronze-package-diamond-set","status":"publish","type":"product","link":"https:\/\/ztsports.com\/fr\/store\/nagano-skate-bronze-package-diamond-set\/","title":{"rendered":"Nagano Skate BRONZE PACKAGE &#8211; DIAMOND SET"},"content":{"rendered":"<pre class=\"tw-data-text tw-text-large tw-ta\" dir=\"ltr\">\r\n<strong>PACK BRONZE NAGANO SKATE - SET D\u2019AFF\u00dbTAGE DIAMANT<\/strong>\r\nLe <strong>Pack Bronze Nagano Skate - Set d\u2019Aff\u00fbtage Diamant<\/strong> correspond aux plaques diamant Signature de Frank, une v\u00e9ritable r\u00e9volution dans le monde du patinage de vitesse. \r\nFabriqu\u00e9es avec des films diamant exclusifs, elles sont extr\u00eamement efficaces. \r\nElles permettent un aff\u00fbtage pr\u00e9cis de la plus haute qualit\u00e9 avec des r\u00e9sultats constants. \r\nDiamant d\u2019excellente durabilit\u00e9. Aucun lubrifiant ni entretien n\u2019est n\u00e9cessaire. \r\nUn simple essuyage avec un chiffon sec suffit pour les nettoyer.\r\nLors du choix de vos options, notez que plus le chiffre est \u00e9lev\u00e9, plus la pierre est douce. \r\nLe noir est donc plus rugueux et le dor\u00e9 plus doux.\r\n\r\nDe plus, les plaques diamant Signature de Frank sont tout simplement les meilleurs produits d\u2019aff\u00fbtage sur le march\u00e9 et en outre les plus durables. \r\nLe diamant de haute qualit\u00e9 est positionn\u00e9 sur des matrices afin d\u2019assurer l\u2019uniformit\u00e9 de la surface et donc des r\u00e9sultats d\u2019aff\u00fbtage optimaux et constants.\r\n<\/pre>\n<p>Le pack d\u2019aff\u00fbtage bronze Signature de Frank inclut :<\/p>\n<ul>\n<li>1 plaque d\u2019aff\u00fbtage 2&#8221; Noir-Bleu (140-400)<\/li>\n<li>1 plaque d\u2019aff\u00fbtage 2&#8221; Rouge-Dor\u00e9 (600-1200)<\/li>\n<\/ul>\n<p>Et le choix entre :<\/p>\n<ul>\n<li>1 plaque de d\u00e9-bavure double face (400-600)<\/li>\n<li>ou 1 plaque flexible Rouge Signature de Frank (600-600)<\/li>\n<\/ul>\n<h4><strong>Veuillez indiquer votre choix entre la plaque flexible ou la plaque double face dans la section \u201ccommentaire\u201d du panier.<\/strong><\/h4>\n<p><strong>Enfin, Zt Sports vous remercie de nous soutenir, votre revendeur ind\u00e9pendant local.<\/strong><\/p>\n<p>D\u00e9couvrez \u00e9galement une <a href=\"https:\/\/www.youtube.com\/watch?v=QBY-UJy_Uak\" target=\"_blank\" rel=\"noopener\"><strong>vid\u00e9o YouTube o\u00f9 Frank explique en d\u00e9tail les plaques diamant Nagano<\/strong><\/a>.<\/p>\n<p>Enfin, retrouvez toutes nos <a href=\"\/?product_cat=diamond-stones-2\"><strong>pierres \u00e0 aff\u00fbter diamant et pierres \u00e0 \u00e9bavurer<\/strong><\/a> ici.<\/p>\n","protected":false},"excerpt":{"rendered":"<p>PACK BRONZE NAGANO SKATE &#8211; SET D\u2019AFF\u00dbTAGE DIAMANT Le Pack Bronze Nagano Skate &#8211; Set d\u2019Aff\u00fbtage Diamant correspond aux plaques diamant Signature de Frank, une v\u00e9ritable r\u00e9volution dans le monde du patinage de vitesse. Fabriqu\u00e9es avec des films diamant exclusifs, elles sont extr\u00eamement efficaces. Elles permettent un aff\u00fbtage pr\u00e9cis de la plus haute qualit\u00e9 avec [&hellip;]<\/p>\n","protected":false},"featured_media":23520,"comment_status":"open","ping_status":"closed","template":"","meta":{"_acf_changed":false,"_monsterinsights_skip_tracking":false,"_monsterinsights_sitenote_active":false,"_monsterinsights_sitenote_note":"","_monsterinsights_sitenote_category":0,"_uf_show_specific_survey":0,"_uf_disable_surveys":false,"site-sidebar-layout":"default","site-content-layout":"","ast-site-content-layout":"default","site-content-style":"default","site-sidebar-style":"default","ast-global-header-display":"","ast-banner-title-visibility":"","ast-main-header-display":"","ast-hfb-above-header-display":"","ast-hfb-below-header-display":"","ast-hfb-mobile-header-display":"","site-post-title":"","ast-breadcrumbs-content":"","ast-featured-img":"","footer-sml-layout":"","ast-disable-related-posts":"","theme-transparent-header-meta":"default","adv-header-id-meta":"","stick-header-meta":"","header-above-stick-meta":"","header-main-stick-meta":"","header-below-stick-meta":"","astra-migrate-meta-layouts":"set","ast-page-background-enabled":"default","ast-page-background-meta":{"desktop":{"background-color":"","background-image":"","background-repeat":"repeat","background-position":"center center","background-size":"auto","background-attachment":"scroll","background-type":"","background-media":"","overlay-type":"","overlay-color":"","overlay-opacity":"","overlay-gradient":""},"tablet":{"background-color":"","background-image":"","background-repeat":"repeat","background-position":"center center","background-size":"auto","background-attachment":"scroll","background-type":"","background-media":"","overlay-type":"","overlay-color":"","overlay-opacity":"","overlay-gradient":""},"mobile":{"background-color":"","background-image":"","background-repeat":"repeat","background-position":"center center","background-size":"auto","background-attachment":"scroll","background-type":"","background-media":"","overlay-type":"","overlay-color":"","overlay-opacity":"","overlay-gradient":""}},"ast-content-background-meta":{"desktop":{"background-color":"var(--ast-global-color-5)","background-image":"","background-repeat":"repeat","background-position":"center center","background-size":"auto","background-attachment":"scroll","background-type":"","background-media":"","overlay-type":"","overlay-color":"","overlay-opacity":"","overlay-gradient":""},"tablet":{"background-color":"var(--ast-global-color-5)","background-image":"","background-repeat":"repeat","background-position":"center center","background-size":"auto","background-attachment":"scroll","background-type":"","background-media":"","overlay-type":"","overlay-color":"","overlay-opacity":"","overlay-gradient":""},"mobile":{"background-color":"var(--ast-global-color-5)","background-image":"","background-repeat":"repeat","background-position":"center center","background-size":"auto","background-attachment":"scroll","background-type":"","background-media":"","overlay-type":"","overlay-color":"","overlay-opacity":"","overlay-gradient":""}}},"product_brand":[3326],"product_cat":[3378],"product_tag":[],"class_list":{"0":"post-23526","1":"product","2":"type-product","3":"status-publish","4":"has-post-thumbnail","6":"product_brand-nagano","7":"product_cat-non-categorise","8":"desktop-align-left","9":"tablet-align-left","10":"mobile-align-left","12":"first","13":"instock","14":"taxable","15":"shipping-taxable","16":"purchasable","17":"product-type-simple"},"acf":[],"_links":{"self":[{"href":"https:\/\/ztsports.com\/fr\/wp-json\/wp\/v2\/product\/23526","targetHints":{"allow":["GET"]}}],"collection":[{"href":"https:\/\/ztsports.com\/fr\/wp-json\/wp\/v2\/product"}],"about":[{"href":"https:\/\/ztsports.com\/fr\/wp-json\/wp\/v2\/types\/product"}],"replies":[{"embeddable":true,"href":"https:\/\/ztsports.com\/fr\/wp-json\/wp\/v2\/comments?post=23526"}],"version-history":[{"count":1,"href":"https:\/\/ztsports.com\/fr\/wp-json\/wp\/v2\/product\/23526\/revisions"}],"predecessor-version":[{"id":23527,"href":"https:\/\/ztsports.com\/fr\/wp-json\/wp\/v2\/product\/23526\/revisions\/23527"}],"wp:featuredmedia":[{"embeddable":true,"href":"https:\/\/ztsports.com\/fr\/wp-json\/wp\/v2\/media\/23520"}],"wp:attachment":[{"href":"https:\/\/ztsports.com\/fr\/wp-json\/wp\/v2\/media?parent=23526"}],"wp:term":[{"taxonomy":"product_brand","embeddable":true,"href":"https:\/\/ztsports.com\/fr\/wp-json\/wp\/v2\/product_brand?post=23526"},{"taxonomy":"product_cat","embeddable":true,"href":"https:\/\/ztsports.com\/fr\/wp-json\/wp\/v2\/product_cat?post=23526"},{"taxonomy":"product_tag","embeddable":true,"href":"https:\/\/ztsports.com\/fr\/wp-json\/wp\/v2\/product_tag?post=23526"}],"curies":[{"name":"wp","href":"https:\/\/api.w.org\/{rel}","templated":true}]}}