{"id":23518,"date":"2021-09-23T03:05:09","date_gmt":"2021-09-23T03:05:09","guid":{"rendered":"https:\/\/ztsports.com\/?post_type=product&#038;p=23518"},"modified":"2026-03-09T09:41:24","modified_gmt":"2026-03-09T09:41:24","slug":"nagano-skate-diamond-sharpening-plate-1-side","status":"publish","type":"product","link":"https:\/\/ztsports.com\/fr\/store\/nagano-skate-diamond-sharpening-plate-1-side\/","title":{"rendered":"Nagano Skate DIAMOND SHARPENING PLATE &#8211; 1 SIDE"},"content":{"rendered":"<h2>PLAQUE D\u2019AFF\u00dbTAGE DIAMANT NAGANO SKATE &#8211; 1 FACE<\/h2>\n<p>Les plaques diamant <strong>Nagano Skate<\/strong> repr\u00e9sentent une v\u00e9ritable r\u00e9volution dans le monde de l\u2019aff\u00fbtage pour le patinage de vitesse. Fabriqu\u00e9es avec des films diamant exclusifs, elles sont extr\u00eamement efficaces. Elles permettent un aff\u00fbtage pr\u00e9cis de qualit\u00e9 optimale avec des r\u00e9sultats constants. Diamant d\u2019excellente durabilit\u00e9.<\/p>\n<p>Ne n\u00e9cessitent ni lubrifiant ni entretien. Un simple essuyage avec un chiffon sec suffit pour les nettoyer.<\/p>\n<p>Lors du choix de vos options, notez que plus le chiffre est \u00e9lev\u00e9, plus la pierre est douce. Le noir est donc plus rugueux et le dor\u00e9 plus doux.<\/p>\n<p>De plus, les plaques diamant Signature de Frank sont tout simplement les meilleurs produits d\u2019aff\u00fbtage du march\u00e9 et les plus durables. Le diamant de haute qualit\u00e9 est positionn\u00e9 sur des matrices afin d\u2019assurer l\u2019uniformit\u00e9 de la surface et donc des r\u00e9sultats d\u2019aff\u00fbtage optimaux et constants.<\/p>\n<p><strong>Enfin, Zt Sports vous remercie de nous soutenir, votre revendeur ind\u00e9pendant local.<\/strong><\/p>\n<p>D\u00e9couvrez \u00e9galement une <a href=\"https:\/\/www.youtube.com\/watch?v=QBY-UJy_Uak\" target=\"_blank\" rel=\"noopener\"><strong>vid\u00e9o YouTube o\u00f9 Frank explique en d\u00e9tail les plaques diamant Nagano<\/strong><\/a>.<\/p>\n<p>Enfin, retrouvez toutes nos <a href=\"\/?product_cat=diamond-stones-2\"><strong>pierres \u00e0 aff\u00fbter diamant et pierres \u00e0 \u00e9bavurer<\/strong><\/a> ici.<\/p>\n","protected":false},"excerpt":{"rendered":"<p>PLAQUE D\u2019AFF\u00dbTAGE DIAMANT NAGANO SKATE &#8211; 1 FACE Les plaques diamant Nagano Skate repr\u00e9sentent une v\u00e9ritable r\u00e9volution dans le monde de l\u2019aff\u00fbtage pour le patinage de vitesse. Fabriqu\u00e9es avec des films diamant exclusifs, elles sont extr\u00eamement efficaces. Elles permettent un aff\u00fbtage pr\u00e9cis de qualit\u00e9 optimale avec des r\u00e9sultats constants. Diamant d\u2019excellente durabilit\u00e9. Ne n\u00e9cessitent ni [&hellip;]<\/p>\n","protected":false},"featured_media":23515,"comment_status":"open","ping_status":"closed","template":"","meta":{"_acf_changed":false,"_monsterinsights_skip_tracking":false,"_monsterinsights_sitenote_active":false,"_monsterinsights_sitenote_note":"","_monsterinsights_sitenote_category":0,"_uf_show_specific_survey":0,"_uf_disable_surveys":false,"site-sidebar-layout":"default","site-content-layout":"","ast-site-content-layout":"default","site-content-style":"default","site-sidebar-style":"default","ast-global-header-display":"","ast-banner-title-visibility":"","ast-main-header-display":"","ast-hfb-above-header-display":"","ast-hfb-below-header-display":"","ast-hfb-mobile-header-display":"","site-post-title":"","ast-breadcrumbs-content":"","ast-featured-img":"","footer-sml-layout":"","ast-disable-related-posts":"","theme-transparent-header-meta":"default","adv-header-id-meta":"","stick-header-meta":"","header-above-stick-meta":"","header-main-stick-meta":"","header-below-stick-meta":"","astra-migrate-meta-layouts":"set","ast-page-background-enabled":"default","ast-page-background-meta":{"desktop":{"background-color":"","background-image":"","background-repeat":"repeat","background-position":"center center","background-size":"auto","background-attachment":"scroll","background-type":"","background-media":"","overlay-type":"","overlay-color":"","overlay-opacity":"","overlay-gradient":""},"tablet":{"background-color":"","background-image":"","background-repeat":"repeat","background-position":"center center","background-size":"auto","background-attachment":"scroll","background-type":"","background-media":"","overlay-type":"","overlay-color":"","overlay-opacity":"","overlay-gradient":""},"mobile":{"background-color":"","background-image":"","background-repeat":"repeat","background-position":"center center","background-size":"auto","background-attachment":"scroll","background-type":"","background-media":"","overlay-type":"","overlay-color":"","overlay-opacity":"","overlay-gradient":""}},"ast-content-background-meta":{"desktop":{"background-color":"var(--ast-global-color-5)","background-image":"","background-repeat":"repeat","background-position":"center center","background-size":"auto","background-attachment":"scroll","background-type":"","background-media":"","overlay-type":"","overlay-color":"","overlay-opacity":"","overlay-gradient":""},"tablet":{"background-color":"var(--ast-global-color-5)","background-image":"","background-repeat":"repeat","background-position":"center center","background-size":"auto","background-attachment":"scroll","background-type":"","background-media":"","overlay-type":"","overlay-color":"","overlay-opacity":"","overlay-gradient":""},"mobile":{"background-color":"var(--ast-global-color-5)","background-image":"","background-repeat":"repeat","background-position":"center center","background-size":"auto","background-attachment":"scroll","background-type":"","background-media":"","overlay-type":"","overlay-color":"","overlay-opacity":"","overlay-gradient":""}}},"product_brand":[3326],"product_cat":[3378],"product_tag":[],"class_list":{"0":"post-23518","1":"product","2":"type-product","3":"status-publish","4":"has-post-thumbnail","6":"product_brand-nagano","7":"product_cat-non-categorise","8":"desktop-align-left","9":"tablet-align-left","10":"mobile-align-left","12":"first","13":"instock","14":"taxable","15":"shipping-taxable","16":"purchasable","17":"product-type-simple"},"acf":[],"_links":{"self":[{"href":"https:\/\/ztsports.com\/fr\/wp-json\/wp\/v2\/product\/23518","targetHints":{"allow":["GET"]}}],"collection":[{"href":"https:\/\/ztsports.com\/fr\/wp-json\/wp\/v2\/product"}],"about":[{"href":"https:\/\/ztsports.com\/fr\/wp-json\/wp\/v2\/types\/product"}],"replies":[{"embeddable":true,"href":"https:\/\/ztsports.com\/fr\/wp-json\/wp\/v2\/comments?post=23518"}],"version-history":[{"count":1,"href":"https:\/\/ztsports.com\/fr\/wp-json\/wp\/v2\/product\/23518\/revisions"}],"predecessor-version":[{"id":23519,"href":"https:\/\/ztsports.com\/fr\/wp-json\/wp\/v2\/product\/23518\/revisions\/23519"}],"wp:featuredmedia":[{"embeddable":true,"href":"https:\/\/ztsports.com\/fr\/wp-json\/wp\/v2\/media\/23515"}],"wp:attachment":[{"href":"https:\/\/ztsports.com\/fr\/wp-json\/wp\/v2\/media?parent=23518"}],"wp:term":[{"taxonomy":"product_brand","embeddable":true,"href":"https:\/\/ztsports.com\/fr\/wp-json\/wp\/v2\/product_brand?post=23518"},{"taxonomy":"product_cat","embeddable":true,"href":"https:\/\/ztsports.com\/fr\/wp-json\/wp\/v2\/product_cat?post=23518"},{"taxonomy":"product_tag","embeddable":true,"href":"https:\/\/ztsports.com\/fr\/wp-json\/wp\/v2\/product_tag?post=23518"}],"curies":[{"name":"wp","href":"https:\/\/api.w.org\/{rel}","templated":true}]}}