{"id":23500,"date":"2021-09-23T03:06:20","date_gmt":"2021-09-23T03:06:20","guid":{"rendered":"https:\/\/ztsports.com\/?post_type=product&#038;p=23500"},"modified":"2026-05-02T17:28:44","modified_gmt":"2026-05-02T17:28:44","slug":"lame-clip-on-nordic","status":"publish","type":"product","link":"https:\/\/ztsports.com\/fr\/store\/lame-clip-on-nordic\/","title":{"rendered":"Lame Clip-On Nordic Maple Chrome"},"content":{"rendered":"<h1>Lame Clip-On Nordic Maple<\/h1>\n<p>La <strong>Lame Clip-On Nordic Maple &#8211; CR<\/strong> poss\u00e8de la m\u00eame semelle chrom\u00e9e que la lame Maple Blizzards clap et une duret\u00e9 de 56 \u00e0 58 HRC, avec une \u00e9paisseur de lame de 1,1 mm. De plus, l\u2019aluminium utilis\u00e9 est de s\u00e9rie 7000. Parfait pour les passionn\u00e9s de glace naturelle.<\/p>\n<p>Le <strong>Maple Multi Skate<\/strong> est la lame id\u00e9ale pour les longues sorties sur glace ext\u00e9rieure. Son poids r\u00e9duit gr\u00e2ce \u00e0 sa forme unique en T et sa pointe arrondie permettent de glisser facilement sur les fissures. La lame est livr\u00e9e avec les pointes arrondies et d\u00e9j\u00e0 aff\u00fbt\u00e9e.<\/p>\n<p>Confortable, facile \u00e0 utiliser et rapide\u2026 Fixez les lames Multi-Skate \u00e0 vos chaussures de ski de fond et partez sur la rivi\u00e8re ! Vous couvrirez la distance sans effort, en contournant bosses, fissures et m\u00eame neige. Pas besoin de vous asseoir pour attacher vos patins\u2026 Un clic et vous \u00eates parti !<\/p>\n<p><strong>Lame Clip-On Nordic Maple<\/strong><\/p>\n<ul>\n<li>Acier s\u00e9rie 7000<\/li>\n<li>Duret\u00e9 : 56 \u00e0 58 HRC<\/li>\n<li>\u00c9paisseur de la lame : 1,1 mm<\/li>\n<li>Hauteur du ch\u00e2ssis (hors fixation) : 41 mm<\/li>\n<\/ul>\n<p>Fixation clip en \u00e9rable nordique vendue s\u00e9par\u00e9ment.<\/p>\n<p>D\u00e9couvrez \u00e9galement une <a href=\"https:\/\/www.youtube.com\/watch?v=v3O9vNi-dkA\" target=\"_blank\" rel=\"noopener\"><strong>vid\u00e9o National Geographic d\u2019un patineur nordique \u00e0 Stockholm, Su\u00e8de<\/strong><\/a>.<\/p>\n<p>Enfin, vous pouvez voir toutes nos <a href=\"https:\/\/ztsports.com\/product-category\/patins-du-canal-nordique\/bindings\/\"><strong>fixations nordiques<\/strong><\/a> ici.<\/p>\n","protected":false},"excerpt":{"rendered":"<p>Lame Clip-On Nordic Maple La Lame Clip-On Nordic Maple &#8211; CR poss\u00e8de la m\u00eame semelle chrom\u00e9e que la lame Maple Blizzards clap et une duret\u00e9 de 56 \u00e0 58 HRC, avec une \u00e9paisseur de lame de 1,1 mm. De plus, l\u2019aluminium utilis\u00e9 est de s\u00e9rie 7000. Parfait pour les passionn\u00e9s de glace naturelle. Le Maple [&hellip;]<\/p>\n","protected":false},"featured_media":23496,"comment_status":"open","ping_status":"closed","template":"","meta":{"_acf_changed":false,"_monsterinsights_skip_tracking":false,"_monsterinsights_sitenote_active":false,"_monsterinsights_sitenote_note":"","_monsterinsights_sitenote_category":0,"_uf_show_specific_survey":0,"_uf_disable_surveys":false,"site-sidebar-layout":"default","site-content-layout":"","ast-site-content-layout":"default","site-content-style":"default","site-sidebar-style":"default","ast-global-header-display":"","ast-banner-title-visibility":"","ast-main-header-display":"","ast-hfb-above-header-display":"","ast-hfb-below-header-display":"","ast-hfb-mobile-header-display":"","site-post-title":"","ast-breadcrumbs-content":"","ast-featured-img":"","footer-sml-layout":"","ast-disable-related-posts":"","theme-transparent-header-meta":"default","adv-header-id-meta":"","stick-header-meta":"","header-above-stick-meta":"","header-main-stick-meta":"","header-below-stick-meta":"","astra-migrate-meta-layouts":"set","ast-page-background-enabled":"default","ast-page-background-meta":{"desktop":{"background-color":"","background-image":"","background-repeat":"repeat","background-position":"center center","background-size":"auto","background-attachment":"scroll","background-type":"","background-media":"","overlay-type":"","overlay-color":"","overlay-opacity":"","overlay-gradient":""},"tablet":{"background-color":"","background-image":"","background-repeat":"repeat","background-position":"center center","background-size":"auto","background-attachment":"scroll","background-type":"","background-media":"","overlay-type":"","overlay-color":"","overlay-opacity":"","overlay-gradient":""},"mobile":{"background-color":"","background-image":"","background-repeat":"repeat","background-position":"center center","background-size":"auto","background-attachment":"scroll","background-type":"","background-media":"","overlay-type":"","overlay-color":"","overlay-opacity":"","overlay-gradient":""}},"ast-content-background-meta":{"desktop":{"background-color":"var(--ast-global-color-5)","background-image":"","background-repeat":"repeat","background-position":"center center","background-size":"auto","background-attachment":"scroll","background-type":"","background-media":"","overlay-type":"","overlay-color":"","overlay-opacity":"","overlay-gradient":""},"tablet":{"background-color":"var(--ast-global-color-5)","background-image":"","background-repeat":"repeat","background-position":"center center","background-size":"auto","background-attachment":"scroll","background-type":"","background-media":"","overlay-type":"","overlay-color":"","overlay-opacity":"","overlay-gradient":""},"mobile":{"background-color":"var(--ast-global-color-5)","background-image":"","background-repeat":"repeat","background-position":"center center","background-size":"auto","background-attachment":"scroll","background-type":"","background-media":"","overlay-type":"","overlay-color":"","overlay-opacity":"","overlay-gradient":""}}},"product_brand":[],"product_cat":[4552],"product_tag":[4672],"class_list":{"0":"post-23500","1":"product","2":"type-product","3":"status-publish","4":"has-post-thumbnail","6":"product_cat-patins-du-canal-nordique","7":"product_tag-maple","8":"desktop-align-left","9":"tablet-align-left","10":"mobile-align-left","12":"first","13":"instock","14":"taxable","15":"shipping-taxable","16":"purchasable","17":"product-type-simple"},"acf":[],"_links":{"self":[{"href":"https:\/\/ztsports.com\/fr\/wp-json\/wp\/v2\/product\/23500","targetHints":{"allow":["GET"]}}],"collection":[{"href":"https:\/\/ztsports.com\/fr\/wp-json\/wp\/v2\/product"}],"about":[{"href":"https:\/\/ztsports.com\/fr\/wp-json\/wp\/v2\/types\/product"}],"replies":[{"embeddable":true,"href":"https:\/\/ztsports.com\/fr\/wp-json\/wp\/v2\/comments?post=23500"}],"version-history":[{"count":4,"href":"https:\/\/ztsports.com\/fr\/wp-json\/wp\/v2\/product\/23500\/revisions"}],"predecessor-version":[{"id":25849,"href":"https:\/\/ztsports.com\/fr\/wp-json\/wp\/v2\/product\/23500\/revisions\/25849"}],"wp:featuredmedia":[{"embeddable":true,"href":"https:\/\/ztsports.com\/fr\/wp-json\/wp\/v2\/media\/23496"}],"wp:attachment":[{"href":"https:\/\/ztsports.com\/fr\/wp-json\/wp\/v2\/media?parent=23500"}],"wp:term":[{"taxonomy":"product_brand","embeddable":true,"href":"https:\/\/ztsports.com\/fr\/wp-json\/wp\/v2\/product_brand?post=23500"},{"taxonomy":"product_cat","embeddable":true,"href":"https:\/\/ztsports.com\/fr\/wp-json\/wp\/v2\/product_cat?post=23500"},{"taxonomy":"product_tag","embeddable":true,"href":"https:\/\/ztsports.com\/fr\/wp-json\/wp\/v2\/product_tag?post=23500"}],"curies":[{"name":"wp","href":"https:\/\/api.w.org\/{rel}","templated":true}]}}