{"id":23494,"date":"2021-09-23T03:06:21","date_gmt":"2021-09-23T03:06:21","guid":{"rendered":"https:\/\/ztsports.com\/?post_type=product&#038;p=23494"},"modified":"2026-03-09T09:34:36","modified_gmt":"2026-03-09T09:34:36","slug":"salomon-xc-bindings-prolink-auto-2","status":"publish","type":"product","link":"https:\/\/ztsports.com\/fr\/store\/salomon-xc-bindings-prolink-auto-2\/","title":{"rendered":"Salomon XC BINDINGS PROLINK AUTO"},"content":{"rendered":"<h1>Fixations Salomon XC PROLINK AUTO<\/h1>\n<p>Fixations de ski de fond pour ski classique.<\/p>\n<p>Il s\u2019agit de fixations automatiques qui permettent de s\u2019enclencher en marchant et de se d\u00e9tacher \u00e0 nouveau en appuyant sur le bouton avant avec le b\u00e2ton de ski. Ainsi, vous n\u2019avez pas besoin de vous pencher pour connecter ou rel\u00e2cher les fixations.<\/p>\n<p>Les <strong>fixations Salomon Prolink Auto<\/strong> sont parfaites pour le ski r\u00e9cr\u00e9atif et compatibles avec les chaussures Prolink, NNN et Turnamic (Fischer et Rossignol).<\/p>\n<p>Non compatibles avec les chaussures Salomon SNS.<\/p>\n<p>Enfin, d\u00e9couvrez nos autres <a href=\"https:\/\/ztsports.com\/product-category\/patins-du-canal-nordique\/bindings\/\"><strong>fixations pour lames nordiques<\/strong><\/a> ici.<\/p>\n","protected":false},"excerpt":{"rendered":"<p>Fixations Salomon XC PROLINK AUTO Fixations de ski de fond pour ski classique. Il s\u2019agit de fixations automatiques qui permettent de s\u2019enclencher en marchant et de se d\u00e9tacher \u00e0 nouveau en appuyant sur le bouton avant avec le b\u00e2ton de ski. Ainsi, vous n\u2019avez pas besoin de vous pencher pour connecter ou rel\u00e2cher les fixations. [&hellip;]<\/p>\n","protected":false},"featured_media":23491,"comment_status":"open","ping_status":"closed","template":"","meta":{"_acf_changed":false,"_monsterinsights_skip_tracking":false,"_monsterinsights_sitenote_active":false,"_monsterinsights_sitenote_note":"","_monsterinsights_sitenote_category":0,"_uf_show_specific_survey":0,"_uf_disable_surveys":false,"site-sidebar-layout":"default","site-content-layout":"","ast-site-content-layout":"default","site-content-style":"default","site-sidebar-style":"default","ast-global-header-display":"","ast-banner-title-visibility":"","ast-main-header-display":"","ast-hfb-above-header-display":"","ast-hfb-below-header-display":"","ast-hfb-mobile-header-display":"","site-post-title":"","ast-breadcrumbs-content":"","ast-featured-img":"","footer-sml-layout":"","ast-disable-related-posts":"","theme-transparent-header-meta":"default","adv-header-id-meta":"","stick-header-meta":"","header-above-stick-meta":"","header-main-stick-meta":"","header-below-stick-meta":"","astra-migrate-meta-layouts":"set","ast-page-background-enabled":"default","ast-page-background-meta":{"desktop":{"background-color":"","background-image":"","background-repeat":"repeat","background-position":"center center","background-size":"auto","background-attachment":"scroll","background-type":"","background-media":"","overlay-type":"","overlay-color":"","overlay-opacity":"","overlay-gradient":""},"tablet":{"background-color":"","background-image":"","background-repeat":"repeat","background-position":"center center","background-size":"auto","background-attachment":"scroll","background-type":"","background-media":"","overlay-type":"","overlay-color":"","overlay-opacity":"","overlay-gradient":""},"mobile":{"background-color":"","background-image":"","background-repeat":"repeat","background-position":"center center","background-size":"auto","background-attachment":"scroll","background-type":"","background-media":"","overlay-type":"","overlay-color":"","overlay-opacity":"","overlay-gradient":""}},"ast-content-background-meta":{"desktop":{"background-color":"var(--ast-global-color-5)","background-image":"","background-repeat":"repeat","background-position":"center center","background-size":"auto","background-attachment":"scroll","background-type":"","background-media":"","overlay-type":"","overlay-color":"","overlay-opacity":"","overlay-gradient":""},"tablet":{"background-color":"var(--ast-global-color-5)","background-image":"","background-repeat":"repeat","background-position":"center center","background-size":"auto","background-attachment":"scroll","background-type":"","background-media":"","overlay-type":"","overlay-color":"","overlay-opacity":"","overlay-gradient":""},"mobile":{"background-color":"var(--ast-global-color-5)","background-image":"","background-repeat":"repeat","background-position":"center center","background-size":"auto","background-attachment":"scroll","background-type":"","background-media":"","overlay-type":"","overlay-color":"","overlay-opacity":"","overlay-gradient":""}}},"product_brand":[3334],"product_cat":[4552],"product_tag":[],"class_list":{"0":"post-23494","1":"product","2":"type-product","3":"status-publish","4":"has-post-thumbnail","6":"product_brand-salomon","7":"product_cat-patins-du-canal-nordique","8":"desktop-align-left","9":"tablet-align-left","10":"mobile-align-left","12":"first","13":"instock","14":"taxable","15":"shipping-taxable","16":"purchasable","17":"product-type-simple"},"acf":[],"_links":{"self":[{"href":"https:\/\/ztsports.com\/fr\/wp-json\/wp\/v2\/product\/23494","targetHints":{"allow":["GET"]}}],"collection":[{"href":"https:\/\/ztsports.com\/fr\/wp-json\/wp\/v2\/product"}],"about":[{"href":"https:\/\/ztsports.com\/fr\/wp-json\/wp\/v2\/types\/product"}],"replies":[{"embeddable":true,"href":"https:\/\/ztsports.com\/fr\/wp-json\/wp\/v2\/comments?post=23494"}],"version-history":[{"count":1,"href":"https:\/\/ztsports.com\/fr\/wp-json\/wp\/v2\/product\/23494\/revisions"}],"predecessor-version":[{"id":23495,"href":"https:\/\/ztsports.com\/fr\/wp-json\/wp\/v2\/product\/23494\/revisions\/23495"}],"wp:featuredmedia":[{"embeddable":true,"href":"https:\/\/ztsports.com\/fr\/wp-json\/wp\/v2\/media\/23491"}],"wp:attachment":[{"href":"https:\/\/ztsports.com\/fr\/wp-json\/wp\/v2\/media?parent=23494"}],"wp:term":[{"taxonomy":"product_brand","embeddable":true,"href":"https:\/\/ztsports.com\/fr\/wp-json\/wp\/v2\/product_brand?post=23494"},{"taxonomy":"product_cat","embeddable":true,"href":"https:\/\/ztsports.com\/fr\/wp-json\/wp\/v2\/product_cat?post=23494"},{"taxonomy":"product_tag","embeddable":true,"href":"https:\/\/ztsports.com\/fr\/wp-json\/wp\/v2\/product_tag?post=23494"}],"curies":[{"name":"wp","href":"https:\/\/api.w.org\/{rel}","templated":true}]}}