{"id":23489,"date":"2021-09-23T03:06:23","date_gmt":"2021-09-23T03:06:23","guid":{"rendered":"https:\/\/ztsports.com\/?post_type=product&#038;p=23489"},"modified":"2026-03-09T09:33:27","modified_gmt":"2026-03-09T09:33:27","slug":"fischer-control-step-in-ifp-binding","status":"publish","type":"product","link":"https:\/\/ztsports.com\/fr\/store\/fischer-control-step-in-ifp-binding\/","title":{"rendered":"Fischer Control Step-In IFP Binding"},"content":{"rendered":"<h1>Fischer Control Step-In IFP<\/h1>\n<h4 class=\"product-section--headline\" role=\"button\" aria-label=\"3\">DESCRIPTION DU PRODUIT<\/h4>\n<div class=\"product-section--content\">\nLe <strong>Fischer Control Step-In IFP Touring Binding<\/strong>, au look sportif et \u00e9pur\u00e9, se distingue par la g\u00e9om\u00e9trie optimis\u00e9e de son m\u00e9canisme de r\u00e9glage, qui le rend particuli\u00e8rement facile \u00e0 utiliser. Les options de r\u00e9glage individuelles sans outils en quelques secondes sont \u00e9galement mises en avant, tout comme le confort et la stabilit\u00e9 lors de la marche.\n<\/div>\n<div class=\"product--description--additional\">\n<h4>EASY \u2013 utilisation simple<\/h4>\n<p>Les fixations glissent rapidement sur la plaque sans besoin d\u2019outils. Au moment de skier, le m\u00e9canisme Turn Lock peut \u00eatre actionn\u00e9 m\u00eame avec des gants, rendant l\u2019entr\u00e9e et la sortie plus faciles que jamais.<\/p>\n<h4>TUNABLE \u2013 r\u00e9glage sans outil<\/h4>\n<p>La technique, la temp\u00e9rature et la composition de la neige influencent la performance du ski : avec tous les mod\u00e8les TURNAMIC\u00ae, ce r\u00e9glage compl\u00e8tement sans outil permet aux skieurs d\u2019adapter les fixations \u00e0 leurs besoins individuels. Glisser le syst\u00e8me vers l\u2019avant augmente l\u2019accroche, tandis que le reculer am\u00e9liore sensiblement la glisse.<\/p>\n<h4>DYNAMIC \u2013 performance de ski optimale avec le Fischer Control Step-In IFP<\/h4>\n<p>Avec la configuration optimis\u00e9e des composants chaussure-fixation-plaque-ski, TURNAMIC\u00ae offre une performance dynamique comme jamais auparavant. La technologie FLOWFLEX\u00ae permet au ski de fl\u00e9chir librement. Le skieur plus d\u00e9contract\u00e9 appr\u00e9ciera un contr\u00f4le parfait.\n<\/p><\/div>\n<p>D\u00e9couvrez toutes nos <a href=\"https:\/\/ztsports.com\/product-category\/patins-du-canal-nordique\/bindings\/\"><strong>fixations nordiques ici<\/strong><\/a>.<\/p>\n","protected":false},"excerpt":{"rendered":"<p>Fischer Control Step-In IFP DESCRIPTION DU PRODUIT Le Fischer Control Step-In IFP Touring Binding, au look sportif et \u00e9pur\u00e9, se distingue par la g\u00e9om\u00e9trie optimis\u00e9e de son m\u00e9canisme de r\u00e9glage, qui le rend particuli\u00e8rement facile \u00e0 utiliser. Les options de r\u00e9glage individuelles sans outils en quelques secondes sont \u00e9galement mises en avant, tout comme le [&hellip;]<\/p>\n","protected":false},"featured_media":22102,"comment_status":"open","ping_status":"closed","template":"","meta":{"_acf_changed":false,"_monsterinsights_skip_tracking":false,"_monsterinsights_sitenote_active":false,"_monsterinsights_sitenote_note":"","_monsterinsights_sitenote_category":0,"_uf_show_specific_survey":0,"_uf_disable_surveys":false,"site-sidebar-layout":"default","site-content-layout":"","ast-site-content-layout":"default","site-content-style":"default","site-sidebar-style":"default","ast-global-header-display":"","ast-banner-title-visibility":"","ast-main-header-display":"","ast-hfb-above-header-display":"","ast-hfb-below-header-display":"","ast-hfb-mobile-header-display":"","site-post-title":"","ast-breadcrumbs-content":"","ast-featured-img":"","footer-sml-layout":"","ast-disable-related-posts":"","theme-transparent-header-meta":"default","adv-header-id-meta":"","stick-header-meta":"","header-above-stick-meta":"","header-main-stick-meta":"","header-below-stick-meta":"","astra-migrate-meta-layouts":"set","ast-page-background-enabled":"default","ast-page-background-meta":{"desktop":{"background-color":"","background-image":"","background-repeat":"repeat","background-position":"center center","background-size":"auto","background-attachment":"scroll","background-type":"","background-media":"","overlay-type":"","overlay-color":"","overlay-opacity":"","overlay-gradient":""},"tablet":{"background-color":"","background-image":"","background-repeat":"repeat","background-position":"center center","background-size":"auto","background-attachment":"scroll","background-type":"","background-media":"","overlay-type":"","overlay-color":"","overlay-opacity":"","overlay-gradient":""},"mobile":{"background-color":"","background-image":"","background-repeat":"repeat","background-position":"center center","background-size":"auto","background-attachment":"scroll","background-type":"","background-media":"","overlay-type":"","overlay-color":"","overlay-opacity":"","overlay-gradient":""}},"ast-content-background-meta":{"desktop":{"background-color":"var(--ast-global-color-5)","background-image":"","background-repeat":"repeat","background-position":"center center","background-size":"auto","background-attachment":"scroll","background-type":"","background-media":"","overlay-type":"","overlay-color":"","overlay-opacity":"","overlay-gradient":""},"tablet":{"background-color":"var(--ast-global-color-5)","background-image":"","background-repeat":"repeat","background-position":"center center","background-size":"auto","background-attachment":"scroll","background-type":"","background-media":"","overlay-type":"","overlay-color":"","overlay-opacity":"","overlay-gradient":""},"mobile":{"background-color":"var(--ast-global-color-5)","background-image":"","background-repeat":"repeat","background-position":"center center","background-size":"auto","background-attachment":"scroll","background-type":"","background-media":"","overlay-type":"","overlay-color":"","overlay-opacity":"","overlay-gradient":""}}},"product_brand":[3299],"product_cat":[4552],"product_tag":[],"class_list":{"0":"post-23489","1":"product","2":"type-product","3":"status-publish","4":"has-post-thumbnail","6":"product_brand-fischer","7":"product_cat-patins-du-canal-nordique","8":"desktop-align-left","9":"tablet-align-left","10":"mobile-align-left","12":"first","13":"instock","14":"taxable","15":"shipping-taxable","16":"purchasable","17":"product-type-simple"},"acf":[],"_links":{"self":[{"href":"https:\/\/ztsports.com\/fr\/wp-json\/wp\/v2\/product\/23489","targetHints":{"allow":["GET"]}}],"collection":[{"href":"https:\/\/ztsports.com\/fr\/wp-json\/wp\/v2\/product"}],"about":[{"href":"https:\/\/ztsports.com\/fr\/wp-json\/wp\/v2\/types\/product"}],"replies":[{"embeddable":true,"href":"https:\/\/ztsports.com\/fr\/wp-json\/wp\/v2\/comments?post=23489"}],"version-history":[{"count":1,"href":"https:\/\/ztsports.com\/fr\/wp-json\/wp\/v2\/product\/23489\/revisions"}],"predecessor-version":[{"id":23490,"href":"https:\/\/ztsports.com\/fr\/wp-json\/wp\/v2\/product\/23489\/revisions\/23490"}],"wp:featuredmedia":[{"embeddable":true,"href":"https:\/\/ztsports.com\/fr\/wp-json\/wp\/v2\/media\/22102"}],"wp:attachment":[{"href":"https:\/\/ztsports.com\/fr\/wp-json\/wp\/v2\/media?parent=23489"}],"wp:term":[{"taxonomy":"product_brand","embeddable":true,"href":"https:\/\/ztsports.com\/fr\/wp-json\/wp\/v2\/product_brand?post=23489"},{"taxonomy":"product_cat","embeddable":true,"href":"https:\/\/ztsports.com\/fr\/wp-json\/wp\/v2\/product_cat?post=23489"},{"taxonomy":"product_tag","embeddable":true,"href":"https:\/\/ztsports.com\/fr\/wp-json\/wp\/v2\/product_tag?post=23489"}],"curies":[{"name":"wp","href":"https:\/\/api.w.org\/{rel}","templated":true}]}}