{"id":23487,"date":"2021-09-23T03:06:26","date_gmt":"2021-09-23T03:06:26","guid":{"rendered":"https:\/\/ztsports.com\/?post_type=product&#038;p=23487"},"modified":"2026-03-12T12:26:17","modified_gmt":"2026-03-12T12:26:17","slug":"125mm-inline-skate-wheel-bearing-press","status":"publish","type":"product","link":"https:\/\/ztsports.com\/fr\/store\/125mm-inline-skate-wheel-bearing-press\/","title":{"rendered":"125mm Inline Skate Wheel Bearing Press"},"content":{"rendered":"<h1>Presse de Roulements pour Roues de Patins Inline 125 mm<\/h1>\n<p>Ins\u00e9rer et retirer des roulements dans des roues avec moyeux en aluminium n\u2019est pas facile, c\u2019est pourquoi Bont a d\u00e9velopp\u00e9 une presse \u00e0 roulements plus grande, con\u00e7ue pour les roues de patins inline de 80 mm, 90 mm, 100 mm, 110 mm et 125 mm.<\/p>\n<p>Cette presse facilite l\u2019insertion et le retrait des roulements 608 et 688 de vos roues de patins inline ou de trottinettes. Fabriqu\u00e9e en aluminium 6061 et en acier, la <strong>Presse de Roulements pour Roues de Patins Inline 125 mm de Bont<\/strong> est robuste, \u00e9l\u00e9gante et portable.<\/p>\n<p>Cette presse peut \u00eatre utilis\u00e9e avec n\u2019importe quelle marque de roues de patins inline, roues de trottinette ou roues de patins quad, avec un diam\u00e8tre maximum de 125 mm.<\/p>\n<p>Le compagnon parfait pour tout kit d\u2019entretien de patins ! Gagnez du temps et \u00e9conomisez vos efforts gr\u00e2ce \u00e0 cette presse \u00e0 roulements pour roues de 125 mm.<\/p>\n<p>Si vous \u00eates un patineur inline qui change fr\u00e9quemment de roues en fonction de la surface, des conditions m\u00e9t\u00e9orologiques ou simplement pour pr\u00e9f\u00e9rer certaines roues selon les situations, alors je recommande la <strong>Presse de Roulements pour Roues de Patins Inline 125 mm de Bont<\/strong>.<\/p>\n<p>Cette presse peut \u00e9galement \u00eatre utilis\u00e9e pour les roues de trottinettes et de patins \u00e0 roulettes. Une extr\u00e9mit\u00e9 sert \u00e0 ins\u00e9rer les <a href=\"https:\/\/ztsports.com\/product\/bionic-abec-7-8mm-skate-bearings\/\">roulements dans vos roues de patin<\/a>, tandis que l\u2019autre extr\u00e9mit\u00e9 permet de retirer facilement les roulements.<\/p>\n<p>D\u00e9couvrez le <a href=\"https:\/\/www.youtube.com\/watch?v=p78vZmWWKVA&amp;list=TLGGDgLojD6oyUAyNzAzMjAyNA&amp;t=12s\" target=\"_blank\" rel=\"noopener\"><strong>fonctionnement de la presse 125 mm en action<\/strong><\/a>.<\/p>\n","protected":false},"excerpt":{"rendered":"<p>Presse de Roulements pour Roues de Patins Inline 125 mm Ins\u00e9rer et retirer des roulements dans des roues avec moyeux en aluminium n\u2019est pas facile, c\u2019est pourquoi Bont a d\u00e9velopp\u00e9 une presse \u00e0 roulements plus grande, con\u00e7ue pour les roues de patins inline de 80 mm, 90 mm, 100 mm, 110 mm et 125 mm. [&hellip;]<\/p>\n","protected":false},"featured_media":23482,"comment_status":"open","ping_status":"closed","template":"","meta":{"_acf_changed":false,"_monsterinsights_skip_tracking":false,"_monsterinsights_sitenote_active":false,"_monsterinsights_sitenote_note":"","_monsterinsights_sitenote_category":0,"_uf_show_specific_survey":0,"_uf_disable_surveys":false,"site-sidebar-layout":"default","site-content-layout":"","ast-site-content-layout":"default","site-content-style":"default","site-sidebar-style":"default","ast-global-header-display":"","ast-banner-title-visibility":"","ast-main-header-display":"","ast-hfb-above-header-display":"","ast-hfb-below-header-display":"","ast-hfb-mobile-header-display":"","site-post-title":"","ast-breadcrumbs-content":"","ast-featured-img":"","footer-sml-layout":"","ast-disable-related-posts":"","theme-transparent-header-meta":"default","adv-header-id-meta":"","stick-header-meta":"","header-above-stick-meta":"","header-main-stick-meta":"","header-below-stick-meta":"","astra-migrate-meta-layouts":"set","ast-page-background-enabled":"default","ast-page-background-meta":{"desktop":{"background-color":"","background-image":"","background-repeat":"repeat","background-position":"center center","background-size":"auto","background-attachment":"scroll","background-type":"","background-media":"","overlay-type":"","overlay-color":"","overlay-opacity":"","overlay-gradient":""},"tablet":{"background-color":"","background-image":"","background-repeat":"repeat","background-position":"center center","background-size":"auto","background-attachment":"scroll","background-type":"","background-media":"","overlay-type":"","overlay-color":"","overlay-opacity":"","overlay-gradient":""},"mobile":{"background-color":"","background-image":"","background-repeat":"repeat","background-position":"center center","background-size":"auto","background-attachment":"scroll","background-type":"","background-media":"","overlay-type":"","overlay-color":"","overlay-opacity":"","overlay-gradient":""}},"ast-content-background-meta":{"desktop":{"background-color":"var(--ast-global-color-5)","background-image":"","background-repeat":"repeat","background-position":"center center","background-size":"auto","background-attachment":"scroll","background-type":"","background-media":"","overlay-type":"","overlay-color":"","overlay-opacity":"","overlay-gradient":""},"tablet":{"background-color":"var(--ast-global-color-5)","background-image":"","background-repeat":"repeat","background-position":"center center","background-size":"auto","background-attachment":"scroll","background-type":"","background-media":"","overlay-type":"","overlay-color":"","overlay-opacity":"","overlay-gradient":""},"mobile":{"background-color":"var(--ast-global-color-5)","background-image":"","background-repeat":"repeat","background-position":"center center","background-size":"auto","background-attachment":"scroll","background-type":"","background-media":"","overlay-type":"","overlay-color":"","overlay-opacity":"","overlay-gradient":""}}},"product_brand":[3285],"product_cat":[4565,3381,3382],"product_tag":[3385],"class_list":{"0":"post-23487","1":"product","2":"type-product","3":"status-publish","4":"has-post-thumbnail","6":"product_brand-bont","7":"product_cat-accessoires","8":"product_cat-patinage-de-vitesse-en-ligne","9":"product_cat-roues","10":"product_tag-en-ligne","11":"desktop-align-left","12":"tablet-align-left","13":"mobile-align-left","15":"first","16":"instock","17":"sale","18":"taxable","19":"shipping-taxable","20":"purchasable","21":"product-type-simple"},"acf":[],"_links":{"self":[{"href":"https:\/\/ztsports.com\/fr\/wp-json\/wp\/v2\/product\/23487","targetHints":{"allow":["GET"]}}],"collection":[{"href":"https:\/\/ztsports.com\/fr\/wp-json\/wp\/v2\/product"}],"about":[{"href":"https:\/\/ztsports.com\/fr\/wp-json\/wp\/v2\/types\/product"}],"replies":[{"embeddable":true,"href":"https:\/\/ztsports.com\/fr\/wp-json\/wp\/v2\/comments?post=23487"}],"version-history":[{"count":1,"href":"https:\/\/ztsports.com\/fr\/wp-json\/wp\/v2\/product\/23487\/revisions"}],"predecessor-version":[{"id":23488,"href":"https:\/\/ztsports.com\/fr\/wp-json\/wp\/v2\/product\/23487\/revisions\/23488"}],"wp:featuredmedia":[{"embeddable":true,"href":"https:\/\/ztsports.com\/fr\/wp-json\/wp\/v2\/media\/23482"}],"wp:attachment":[{"href":"https:\/\/ztsports.com\/fr\/wp-json\/wp\/v2\/media?parent=23487"}],"wp:term":[{"taxonomy":"product_brand","embeddable":true,"href":"https:\/\/ztsports.com\/fr\/wp-json\/wp\/v2\/product_brand?post=23487"},{"taxonomy":"product_cat","embeddable":true,"href":"https:\/\/ztsports.com\/fr\/wp-json\/wp\/v2\/product_cat?post=23487"},{"taxonomy":"product_tag","embeddable":true,"href":"https:\/\/ztsports.com\/fr\/wp-json\/wp\/v2\/product_tag?post=23487"}],"curies":[{"name":"wp","href":"https:\/\/api.w.org\/{rel}","templated":true}]}}