{"id":23480,"date":"2021-09-23T03:06:27","date_gmt":"2021-09-23T03:06:27","guid":{"rendered":"https:\/\/ztsports.com\/?post_type=product&#038;p=23480"},"modified":"2026-03-12T12:25:41","modified_gmt":"2026-03-12T12:25:41","slug":"blt-bearing-puller-made-by-maplez-new","status":"publish","type":"product","link":"https:\/\/ztsports.com\/fr\/store\/blt-bearing-puller-made-by-maplez-new\/","title":{"rendered":"BLT Bearing puller made by MapleZ New"},"content":{"rendered":"<p>Le <strong>BLT Bearing Puller<\/strong> fonctionne sur les moyeux de roulements 608 compatibles avec des axes \u00e0 espaces flottants. Son m\u00e9canisme permet de retirer les roulements rapidement et facilement, sans effort au quotidien.<\/p>\n<p>L\u2019outil de retrait de roulements BLT a \u00e9t\u00e9 con\u00e7u et d\u00e9velopp\u00e9 par notre \u00e9quipe \u00e0 Amsterdam et fabriqu\u00e9 par notre expert britannique en fabrication. Cela garantit un produit parfait sous tous les aspects, offrant le meilleur outil pour roulements sur le march\u00e9.<\/p>\n<p>ET PUIS EST ARRIV\u00c9 UN OUTIL R\u00c9VOLUTIONNAIRE, <br \/>\nQUI AM\u00c9LIORE VOTRE VIE AUJOURD\u2019HUI.<\/p>\n<p>Enfin, d\u00e9couvrez le <a href=\"https:\/\/www.youtube.com\/watch?v=c4O679etCto\" target=\"_blank\" rel=\"noopener\"><strong>MAPLEZ BLT Bearing Puller en action<\/strong><\/a>.<\/p>\n<p>De plus, consultez le <a href=\"https:\/\/ztsports.com\/product\/125mm-inline-skate-wheel-bearing-press\/\"><strong>presse et extracteur de roulements Bont<\/strong><\/a> ici.<\/p>\n","protected":false},"excerpt":{"rendered":"<p>Le BLT Bearing Puller fonctionne sur les moyeux de roulements 608 compatibles avec des axes \u00e0 espaces flottants. Son m\u00e9canisme permet de retirer les roulements rapidement et facilement, sans effort au quotidien. L\u2019outil de retrait de roulements BLT a \u00e9t\u00e9 con\u00e7u et d\u00e9velopp\u00e9 par notre \u00e9quipe \u00e0 Amsterdam et fabriqu\u00e9 par notre expert britannique en [&hellip;]<\/p>\n","protected":false},"featured_media":23474,"comment_status":"open","ping_status":"closed","template":"","meta":{"_acf_changed":false,"_monsterinsights_skip_tracking":false,"_monsterinsights_sitenote_active":false,"_monsterinsights_sitenote_note":"","_monsterinsights_sitenote_category":0,"_uf_show_specific_survey":0,"_uf_disable_surveys":false,"site-sidebar-layout":"default","site-content-layout":"","ast-site-content-layout":"default","site-content-style":"default","site-sidebar-style":"default","ast-global-header-display":"","ast-banner-title-visibility":"","ast-main-header-display":"","ast-hfb-above-header-display":"","ast-hfb-below-header-display":"","ast-hfb-mobile-header-display":"","site-post-title":"","ast-breadcrumbs-content":"","ast-featured-img":"","footer-sml-layout":"","ast-disable-related-posts":"","theme-transparent-header-meta":"default","adv-header-id-meta":"","stick-header-meta":"","header-above-stick-meta":"","header-main-stick-meta":"","header-below-stick-meta":"","astra-migrate-meta-layouts":"set","ast-page-background-enabled":"default","ast-page-background-meta":{"desktop":{"background-color":"","background-image":"","background-repeat":"repeat","background-position":"center center","background-size":"auto","background-attachment":"scroll","background-type":"","background-media":"","overlay-type":"","overlay-color":"","overlay-opacity":"","overlay-gradient":""},"tablet":{"background-color":"","background-image":"","background-repeat":"repeat","background-position":"center center","background-size":"auto","background-attachment":"scroll","background-type":"","background-media":"","overlay-type":"","overlay-color":"","overlay-opacity":"","overlay-gradient":""},"mobile":{"background-color":"","background-image":"","background-repeat":"repeat","background-position":"center center","background-size":"auto","background-attachment":"scroll","background-type":"","background-media":"","overlay-type":"","overlay-color":"","overlay-opacity":"","overlay-gradient":""}},"ast-content-background-meta":{"desktop":{"background-color":"var(--ast-global-color-5)","background-image":"","background-repeat":"repeat","background-position":"center center","background-size":"auto","background-attachment":"scroll","background-type":"","background-media":"","overlay-type":"","overlay-color":"","overlay-opacity":"","overlay-gradient":""},"tablet":{"background-color":"var(--ast-global-color-5)","background-image":"","background-repeat":"repeat","background-position":"center center","background-size":"auto","background-attachment":"scroll","background-type":"","background-media":"","overlay-type":"","overlay-color":"","overlay-opacity":"","overlay-gradient":""},"mobile":{"background-color":"var(--ast-global-color-5)","background-image":"","background-repeat":"repeat","background-position":"center center","background-size":"auto","background-attachment":"scroll","background-type":"","background-media":"","overlay-type":"","overlay-color":"","overlay-opacity":"","overlay-gradient":""}}},"product_brand":[3319,3320],"product_cat":[4565,3381],"product_tag":[],"class_list":{"0":"post-23480","1":"product","2":"type-product","3":"status-publish","4":"has-post-thumbnail","6":"product_brand-maplez","7":"product_brand-marchese","8":"product_cat-accessoires","9":"product_cat-patinage-de-vitesse-en-ligne","10":"desktop-align-left","11":"tablet-align-left","12":"mobile-align-left","14":"first","15":"instock","16":"taxable","17":"shipping-taxable","18":"purchasable","19":"product-type-simple"},"acf":[],"_links":{"self":[{"href":"https:\/\/ztsports.com\/fr\/wp-json\/wp\/v2\/product\/23480","targetHints":{"allow":["GET"]}}],"collection":[{"href":"https:\/\/ztsports.com\/fr\/wp-json\/wp\/v2\/product"}],"about":[{"href":"https:\/\/ztsports.com\/fr\/wp-json\/wp\/v2\/types\/product"}],"replies":[{"embeddable":true,"href":"https:\/\/ztsports.com\/fr\/wp-json\/wp\/v2\/comments?post=23480"}],"version-history":[{"count":1,"href":"https:\/\/ztsports.com\/fr\/wp-json\/wp\/v2\/product\/23480\/revisions"}],"predecessor-version":[{"id":23481,"href":"https:\/\/ztsports.com\/fr\/wp-json\/wp\/v2\/product\/23480\/revisions\/23481"}],"wp:featuredmedia":[{"embeddable":true,"href":"https:\/\/ztsports.com\/fr\/wp-json\/wp\/v2\/media\/23474"}],"wp:attachment":[{"href":"https:\/\/ztsports.com\/fr\/wp-json\/wp\/v2\/media?parent=23480"}],"wp:term":[{"taxonomy":"product_brand","embeddable":true,"href":"https:\/\/ztsports.com\/fr\/wp-json\/wp\/v2\/product_brand?post=23480"},{"taxonomy":"product_cat","embeddable":true,"href":"https:\/\/ztsports.com\/fr\/wp-json\/wp\/v2\/product_cat?post=23480"},{"taxonomy":"product_tag","embeddable":true,"href":"https:\/\/ztsports.com\/fr\/wp-json\/wp\/v2\/product_tag?post=23480"}],"curies":[{"name":"wp","href":"https:\/\/api.w.org\/{rel}","templated":true}]}}