{"id":23472,"date":"2021-09-23T03:06:27","date_gmt":"2021-09-23T03:06:27","guid":{"rendered":"https:\/\/ztsports.com\/?post_type=product&#038;p=23472"},"modified":"2026-03-09T09:29:00","modified_gmt":"2026-03-09T09:29:00","slug":"bont-bearings-abec-5-package-of-16","status":"publish","type":"product","link":"https:\/\/ztsports.com\/fr\/store\/bont-bearings-abec-5-package-of-16\/","title":{"rendered":"BONT BEARINGS ABEC 5 Package of 16"},"content":{"rendered":"<h1>Roulements BONT ABEC 5<\/h1>\n<p>Vous cherchez les roulements de patins inline les plus rapides ? Le roulement Bont ABEC 5 a \u00e9t\u00e9 con\u00e7u pour les patineurs de vitesse inline d\u2019\u00e9lite. Les doubles boucliers aident \u00e0 maintenir la poussi\u00e8re et la salet\u00e9 \u00e0 l\u2019ext\u00e9rieur. Avec une r\u00e9sistance au roulement exceptionnellement faible et une pr\u00e9-lubrification \u00e0 l\u2019huile l\u00e9g\u00e8re de course, vous \u00eates pr\u00eat pour la comp\u00e9tition d\u00e8s la sortie de la bo\u00eete !<\/p>\n<ul>\n<li><strong>Type de roulement :<\/strong> 608 8 mm<\/li>\n<li><strong>Dimensions :<\/strong> c\u0153ur 8 mm, diam\u00e8tre ext\u00e9rieur 22 mm, largeur 7 mm<\/li>\n<li><strong>Protection :<\/strong> ZZ<\/li>\n<li><strong>Cage :<\/strong> SPCC 08F<\/li>\n<li><strong>Qualit\u00e9 :<\/strong> acier \u00e0 roulement GCr15<\/li>\n<li><strong>Nombre de billes :<\/strong> 7 pi\u00e8ces<\/li>\n<li><strong>Mat\u00e9riau des billes :<\/strong> acier<\/li>\n<\/ul>\n<p>Pack de 16 roulements BONT ABEC 5.<\/p>\n<p>Tous les roulements Bont sont test\u00e9s par notre \u00e9quipe professionnelle de patinage inline.<\/p>\n<p>Que signifie la cote ABEC ? Pas grand-chose. C\u2019est simplement un moyen de comparer les roulements d\u2019un fabricant donn\u00e9. Il n\u2019existe pas de notation officielle pour les roulements de patin.<\/p>\n<p>Tous les roulements 608 ne se valent pas. Lorsque vous patinez, vous exercez une pression sur le roulement qui peut se d\u00e9former, surtout si le roulement est fabriqu\u00e9 avec un acier de faible qualit\u00e9.<\/p>\n<p>C\u2019est pourquoi tous les roulements inline Bont sont fabriqu\u00e9s en acier de haute qualit\u00e9. Si un roulement a des tol\u00e9rances m\u00e9diocres, il ne roulera pas correctement. De m\u00eame, un roulement trop graiss\u00e9 roulera \u00e0 peine.<\/p>\n<p>C\u2019est pourquoi tous les roulements Bont sont pr\u00e9-lubrifi\u00e9s avec de l\u2019huile de course. Vos roulements Bont sont pr\u00eats pour la course d\u00e8s la sortie de la bo\u00eete. L\u2019attention port\u00e9e aux d\u00e9tails fait des roulements inline Bont les plus rapides disponibles aujourd\u2019hui.<\/p>\n<p>Pack de 16 pi\u00e8ces.<\/p>\n<p>Roulements de qualit\u00e9 Bont ABEC 5, pack de 16 uniquement.<\/p>\n<h3 class=\"entry-title\">Diff\u00e9rence entre <a href=\"https:\/\/learnanydifference.com\/difference-between-abec-5-and-abec-7-with-table\/\" target=\"_blank\" rel=\"noopener\">ABEC 5 et ABEC 7<\/a><\/h3>\n<p>Enfin, vous pouvez trouver et comparer tous nos <a href=\"https:\/\/ztsports.com\/product-category\/patinage-de-vitesse-en-ligne\/bearings\/\"><strong>roulements ici<\/strong><\/a>.<\/p>\n","protected":false},"excerpt":{"rendered":"<p>Roulements BONT ABEC 5 Vous cherchez les roulements de patins inline les plus rapides ? Le roulement Bont ABEC 5 a \u00e9t\u00e9 con\u00e7u pour les patineurs de vitesse inline d\u2019\u00e9lite. Les doubles boucliers aident \u00e0 maintenir la poussi\u00e8re et la salet\u00e9 \u00e0 l\u2019ext\u00e9rieur. Avec une r\u00e9sistance au roulement exceptionnellement faible et une pr\u00e9-lubrification \u00e0 l\u2019huile [&hellip;]<\/p>\n","protected":false},"featured_media":23467,"comment_status":"open","ping_status":"closed","template":"","meta":{"_acf_changed":false,"_monsterinsights_skip_tracking":false,"_monsterinsights_sitenote_active":false,"_monsterinsights_sitenote_note":"","_monsterinsights_sitenote_category":0,"_uf_show_specific_survey":0,"_uf_disable_surveys":false,"site-sidebar-layout":"default","site-content-layout":"","ast-site-content-layout":"default","site-content-style":"default","site-sidebar-style":"default","ast-global-header-display":"","ast-banner-title-visibility":"","ast-main-header-display":"","ast-hfb-above-header-display":"","ast-hfb-below-header-display":"","ast-hfb-mobile-header-display":"","site-post-title":"","ast-breadcrumbs-content":"","ast-featured-img":"","footer-sml-layout":"","ast-disable-related-posts":"","theme-transparent-header-meta":"default","adv-header-id-meta":"","stick-header-meta":"","header-above-stick-meta":"","header-main-stick-meta":"","header-below-stick-meta":"","astra-migrate-meta-layouts":"set","ast-page-background-enabled":"default","ast-page-background-meta":{"desktop":{"background-color":"","background-image":"","background-repeat":"repeat","background-position":"center center","background-size":"auto","background-attachment":"scroll","background-type":"","background-media":"","overlay-type":"","overlay-color":"","overlay-opacity":"","overlay-gradient":""},"tablet":{"background-color":"","background-image":"","background-repeat":"repeat","background-position":"center center","background-size":"auto","background-attachment":"scroll","background-type":"","background-media":"","overlay-type":"","overlay-color":"","overlay-opacity":"","overlay-gradient":""},"mobile":{"background-color":"","background-image":"","background-repeat":"repeat","background-position":"center center","background-size":"auto","background-attachment":"scroll","background-type":"","background-media":"","overlay-type":"","overlay-color":"","overlay-opacity":"","overlay-gradient":""}},"ast-content-background-meta":{"desktop":{"background-color":"var(--ast-global-color-5)","background-image":"","background-repeat":"repeat","background-position":"center center","background-size":"auto","background-attachment":"scroll","background-type":"","background-media":"","overlay-type":"","overlay-color":"","overlay-opacity":"","overlay-gradient":""},"tablet":{"background-color":"var(--ast-global-color-5)","background-image":"","background-repeat":"repeat","background-position":"center center","background-size":"auto","background-attachment":"scroll","background-type":"","background-media":"","overlay-type":"","overlay-color":"","overlay-opacity":"","overlay-gradient":""},"mobile":{"background-color":"var(--ast-global-color-5)","background-image":"","background-repeat":"repeat","background-position":"center center","background-size":"auto","background-attachment":"scroll","background-type":"","background-media":"","overlay-type":"","overlay-color":"","overlay-opacity":"","overlay-gradient":""}}},"product_brand":[3285],"product_cat":[3378],"product_tag":[],"class_list":{"0":"post-23472","1":"product","2":"type-product","3":"status-publish","4":"has-post-thumbnail","6":"product_brand-bont","7":"product_cat-non-categorise","8":"desktop-align-left","9":"tablet-align-left","10":"mobile-align-left","12":"first","13":"instock","14":"taxable","15":"shipping-taxable","16":"purchasable","17":"product-type-simple"},"acf":[],"_links":{"self":[{"href":"https:\/\/ztsports.com\/fr\/wp-json\/wp\/v2\/product\/23472","targetHints":{"allow":["GET"]}}],"collection":[{"href":"https:\/\/ztsports.com\/fr\/wp-json\/wp\/v2\/product"}],"about":[{"href":"https:\/\/ztsports.com\/fr\/wp-json\/wp\/v2\/types\/product"}],"replies":[{"embeddable":true,"href":"https:\/\/ztsports.com\/fr\/wp-json\/wp\/v2\/comments?post=23472"}],"version-history":[{"count":1,"href":"https:\/\/ztsports.com\/fr\/wp-json\/wp\/v2\/product\/23472\/revisions"}],"predecessor-version":[{"id":23473,"href":"https:\/\/ztsports.com\/fr\/wp-json\/wp\/v2\/product\/23472\/revisions\/23473"}],"wp:featuredmedia":[{"embeddable":true,"href":"https:\/\/ztsports.com\/fr\/wp-json\/wp\/v2\/media\/23467"}],"wp:attachment":[{"href":"https:\/\/ztsports.com\/fr\/wp-json\/wp\/v2\/media?parent=23472"}],"wp:term":[{"taxonomy":"product_brand","embeddable":true,"href":"https:\/\/ztsports.com\/fr\/wp-json\/wp\/v2\/product_brand?post=23472"},{"taxonomy":"product_cat","embeddable":true,"href":"https:\/\/ztsports.com\/fr\/wp-json\/wp\/v2\/product_cat?post=23472"},{"taxonomy":"product_tag","embeddable":true,"href":"https:\/\/ztsports.com\/fr\/wp-json\/wp\/v2\/product_tag?post=23472"}],"curies":[{"name":"wp","href":"https:\/\/api.w.org\/{rel}","templated":true}]}}