{"id":23465,"date":"2021-09-23T03:06:56","date_gmt":"2021-09-23T03:06:56","guid":{"rendered":"https:\/\/ztsports.com\/?post_type=product&#038;p=23465"},"modified":"2026-05-03T04:12:43","modified_gmt":"2026-05-03T04:12:43","slug":"bont-608-abec-7-inline-bearing","status":"publish","type":"product","link":"https:\/\/ztsports.com\/fr\/store\/bont-608-abec-7-inline-bearing\/","title":{"rendered":"BONT 608 Abec 7 inline bearing"},"content":{"rendered":"<h1 data-rm-block-id=\"block-1\">Roulement Inline BONT 608 Abec 7<\/h1>\n<p data-rm-block-id=\"block-2\">BONT 608 Abec 7 inline bearing<\/p>\n<p data-rm-block-id=\"block-3\">Le roulement inline BONT 608 Abec 7 vous offre de la vitesse \u00e0 un prix abordable. Que demander de plus ? Bienvenue aux roulements de patinage de vitesse Bont ABEC-7.<\/p>\n<p data-rm-block-id=\"block-4\">Avec leur notation ABEC 7, ces roulements sont largement assez rapides pour vous permettre de glisser en douceur \u00e0 tr\u00e8s haute vitesse. BONT 608 Abec 7 inline bearing<\/p>\n<p data-rm-block-id=\"block-5\">Fabriqu\u00e9s avec des doubles boucliers qui emp\u00eachent la poussi\u00e8re et la salet\u00e9 de p\u00e9n\u00e9trer. Ces roulements sont pr\u00e9-lubrifi\u00e9s avec une huile l\u00e9g\u00e8re de course, offrant une faible r\u00e9sistance au roulement pour maximiser votre vitesse.<\/p>\n<p data-rm-block-id=\"block-6\">Le roulement Bont ABEC 7 a \u00e9t\u00e9 largement test\u00e9 sur des patineurs de roller derby d\u2019\u00e9lite. Lorsqu\u2019on patine sur des roulements, surtout dans des roues \u00e0 moyeu plastique, les roulements peuvent se d\u00e9former, ce qui ralentit leur rotation.<\/p>\n<p data-rm-block-id=\"block-7\">Heureusement, le roulement Bont ABEC7 est fabriqu\u00e9 en acier haute r\u00e9sistance, ce qui minimise cet effet et maintient la forme du roulement aussi ronde que possible, r\u00e9duisant la r\u00e9sistance au roulement \u00e0 grande vitesse.<\/p>\n<p data-rm-block-id=\"block-8\">Les doubles boucliers aident \u00e0 garder la poussi\u00e8re et la salet\u00e9 \u00e0 l\u2019ext\u00e9rieur. Avec une r\u00e9sistance au roulement exceptionnellement faible et une pr\u00e9-lubrification \u00e0 l\u2019huile l\u00e9g\u00e8re de course, vous \u00eates pr\u00eat pour la comp\u00e9tition d\u00e8s la sortie de la bo\u00eete !<\/p>\n<ul>\n<li data-rm-block-id=\"block-9\"><strong>Type de roulement<\/strong> : 608 8 mm<\/li>\n<li data-rm-block-id=\"block-10\"><strong>Dimensions<\/strong> : c\u0153ur 8 mm, diam\u00e8tre ext\u00e9rieur 22 mm, largeur 7 mm<\/li>\n<li data-rm-block-id=\"block-11\"><strong>Protection :<\/strong> ZZ<\/li>\n<li data-rm-block-id=\"block-12\"><strong>Cage :<\/strong> SPCC 08F<\/li>\n<li data-rm-block-id=\"block-13\"><strong>Qualit\u00e9 :<\/strong> acier \u00e0 roulement GCr15<\/li>\n<li data-rm-block-id=\"block-14\"><strong>Nombre de billes :<\/strong> 7 pi\u00e8ces<\/li>\n<li data-rm-block-id=\"block-15\"><strong>Mat\u00e9riau des billes :<\/strong> acier<\/li>\n<\/ul>\n<h4 data-rm-block-id=\"block-16\">Pack de 16 roulements BONT 608 Abec 7 BONT 608 Abec 7 inline bearing<\/h4>\n<p data-rm-block-id=\"block-17\">Vous cherchez \u00e0 acheter les meilleurs roulements pour roller sur le march\u00e9 ? Le roulement Bont ABEC 7 a des tol\u00e9rances plus strictes que le ABEC 5, ce qui le rend l\u00e9g\u00e8rement plus rapide.<\/p>\n<p data-rm-block-id=\"block-18\">La vitesse d\u2019un roulement d\u00e9pend de plusieurs facteurs : le mat\u00e9riau utilis\u00e9, la tol\u00e9rance entre la bille et la piste ext\u00e9rieure, la rondeur des billes et le lubrifiant appliqu\u00e9.<\/p>\n<p data-rm-block-id=\"block-19\">Comme ces roulements ont \u00e9t\u00e9 con\u00e7us sp\u00e9cifiquement pour le patinage, tous ces facteurs ont \u00e9t\u00e9 pris en compte lors de la conception de notre roulement ABEC 7.<\/p>\n<p data-rm-block-id=\"block-20\">Est-il pr\u00e9f\u00e9rable d\u2019avoir plus ou moins de billes dans un roulement de patin ? Nos tests n\u2019ont montr\u00e9 aucune diff\u00e9rence. Plus de billes r\u00e9partissent la charge mais augmentent \u00e9galement la r\u00e9sistance au roulement.<\/p>\n<p data-rm-block-id=\"block-21\">Avoir 7 ou 9 billes ne semble pas influencer la vitesse que vous pouvez atteindre avec ces roulements.<\/p>\n<h3 data-rm-block-id=\"block-22\">Roulement Inline BONT 608 Abec 7 (BONT 608 Abec 7 inline bearing)<\/h3>\n<ul>\n<li data-rm-block-id=\"block-23\">Doubles boucliers pour emp\u00eacher poussi\u00e8re et salet\u00e9<\/li>\n<li data-rm-block-id=\"block-24\">Pr\u00e9-lubrifi\u00e9s avec une huile l\u00e9g\u00e8re de course<\/li>\n<li data-rm-block-id=\"block-25\">Disponible en pack de 16 pi\u00e8ces<\/li>\n<\/ul>\n<h3 class=\"entry-title\" data-rm-block-id=\"block-26\">Diff\u00e9rence entre <a href=\"https:\/\/learnanydifference.com\/difference-between-abec-5-and-abec-7-with-table\/\" target=\"_blank\" rel=\"noopener\">ABEC 5 et ABEC 7<\/a><\/h3>\n<p data-rm-block-id=\"block-27\">Nous avons \u00e9galement <a href=\"https:\/\/ztsports.com\/product-category\/patinage-de-vitesse-en-ligne\/bearings\/\">d\u2019autres roulements<\/a> disponibles ici.<\/p>\n","protected":false},"excerpt":{"rendered":"<p>Roulement Inline BONT 608 Abec 7 BONT 608 Abec 7 inline bearing Le roulement inline BONT 608 Abec 7 vous offre de la vitesse \u00e0 un prix abordable. Que demander de plus ? Bienvenue aux roulements de patinage de vitesse Bont ABEC-7. Avec leur notation ABEC 7, ces roulements sont largement assez rapides pour vous [&hellip;]<\/p>\n","protected":false},"featured_media":23460,"comment_status":"open","ping_status":"closed","template":"","meta":{"_acf_changed":false,"_monsterinsights_skip_tracking":false,"_monsterinsights_sitenote_active":false,"_monsterinsights_sitenote_note":"","_monsterinsights_sitenote_category":0,"_uf_show_specific_survey":0,"_uf_disable_surveys":false,"site-sidebar-layout":"default","site-content-layout":"","ast-site-content-layout":"default","site-content-style":"default","site-sidebar-style":"default","ast-global-header-display":"","ast-banner-title-visibility":"","ast-main-header-display":"","ast-hfb-above-header-display":"","ast-hfb-below-header-display":"","ast-hfb-mobile-header-display":"","site-post-title":"","ast-breadcrumbs-content":"","ast-featured-img":"","footer-sml-layout":"","ast-disable-related-posts":"","theme-transparent-header-meta":"default","adv-header-id-meta":"","stick-header-meta":"","header-above-stick-meta":"","header-main-stick-meta":"","header-below-stick-meta":"","astra-migrate-meta-layouts":"set","ast-page-background-enabled":"default","ast-page-background-meta":{"desktop":{"background-color":"","background-image":"","background-repeat":"repeat","background-position":"center center","background-size":"auto","background-attachment":"scroll","background-type":"","background-media":"","overlay-type":"","overlay-color":"","overlay-opacity":"","overlay-gradient":""},"tablet":{"background-color":"","background-image":"","background-repeat":"repeat","background-position":"center center","background-size":"auto","background-attachment":"scroll","background-type":"","background-media":"","overlay-type":"","overlay-color":"","overlay-opacity":"","overlay-gradient":""},"mobile":{"background-color":"","background-image":"","background-repeat":"repeat","background-position":"center center","background-size":"auto","background-attachment":"scroll","background-type":"","background-media":"","overlay-type":"","overlay-color":"","overlay-opacity":"","overlay-gradient":""}},"ast-content-background-meta":{"desktop":{"background-color":"var(--ast-global-color-5)","background-image":"","background-repeat":"repeat","background-position":"center center","background-size":"auto","background-attachment":"scroll","background-type":"","background-media":"","overlay-type":"","overlay-color":"","overlay-opacity":"","overlay-gradient":""},"tablet":{"background-color":"var(--ast-global-color-5)","background-image":"","background-repeat":"repeat","background-position":"center center","background-size":"auto","background-attachment":"scroll","background-type":"","background-media":"","overlay-type":"","overlay-color":"","overlay-opacity":"","overlay-gradient":""},"mobile":{"background-color":"var(--ast-global-color-5)","background-image":"","background-repeat":"repeat","background-position":"center center","background-size":"auto","background-attachment":"scroll","background-type":"","background-media":"","overlay-type":"","overlay-color":"","overlay-opacity":"","overlay-gradient":""}}},"product_brand":[],"product_cat":[3381],"product_tag":[3799],"class_list":{"0":"post-23465","1":"product","2":"type-product","3":"status-publish","4":"has-post-thumbnail","6":"product_cat-patinage-de-vitesse-en-ligne","7":"product_tag-bont","8":"desktop-align-left","9":"tablet-align-left","10":"mobile-align-left","12":"first","13":"instock","14":"sale","15":"taxable","16":"shipping-taxable","17":"purchasable","18":"product-type-simple"},"acf":[],"_links":{"self":[{"href":"https:\/\/ztsports.com\/fr\/wp-json\/wp\/v2\/product\/23465","targetHints":{"allow":["GET"]}}],"collection":[{"href":"https:\/\/ztsports.com\/fr\/wp-json\/wp\/v2\/product"}],"about":[{"href":"https:\/\/ztsports.com\/fr\/wp-json\/wp\/v2\/types\/product"}],"replies":[{"embeddable":true,"href":"https:\/\/ztsports.com\/fr\/wp-json\/wp\/v2\/comments?post=23465"}],"version-history":[{"count":3,"href":"https:\/\/ztsports.com\/fr\/wp-json\/wp\/v2\/product\/23465\/revisions"}],"predecessor-version":[{"id":25852,"href":"https:\/\/ztsports.com\/fr\/wp-json\/wp\/v2\/product\/23465\/revisions\/25852"}],"wp:featuredmedia":[{"embeddable":true,"href":"https:\/\/ztsports.com\/fr\/wp-json\/wp\/v2\/media\/23460"}],"wp:attachment":[{"href":"https:\/\/ztsports.com\/fr\/wp-json\/wp\/v2\/media?parent=23465"}],"wp:term":[{"taxonomy":"product_brand","embeddable":true,"href":"https:\/\/ztsports.com\/fr\/wp-json\/wp\/v2\/product_brand?post=23465"},{"taxonomy":"product_cat","embeddable":true,"href":"https:\/\/ztsports.com\/fr\/wp-json\/wp\/v2\/product_cat?post=23465"},{"taxonomy":"product_tag","embeddable":true,"href":"https:\/\/ztsports.com\/fr\/wp-json\/wp\/v2\/product_tag?post=23465"}],"curies":[{"name":"wp","href":"https:\/\/api.w.org\/{rel}","templated":true}]}}