{"id":23458,"date":"2021-09-23T03:06:58","date_gmt":"2021-09-23T03:06:58","guid":{"rendered":"https:\/\/ztsports.com\/?post_type=product&#038;p=23458"},"modified":"2026-03-12T12:25:05","modified_gmt":"2026-03-12T12:25:05","slug":"bont-inline-brake-for-2-3pt-frames","status":"publish","type":"product","link":"https:\/\/ztsports.com\/fr\/store\/bont-inline-brake-for-2-3pt-frames\/","title":{"rendered":"BONT INLINE BRAKE for 2 &#038; 3pt FRAMES"},"content":{"rendered":"<h2>FREIN INLINE BONT pour cadres 2 et 3 points<\/h2>\n<p>Ce frein inline Bont est id\u00e9al pour les patineurs qui adorent les patins de vitesse mais regrettent de ne pas avoir le frein auquel ils sont habitu\u00e9s sur leurs rollerblades ou patins r\u00e9cr\u00e9atifs. La plupart des rollerblades et patins r\u00e9cr\u00e9atifs sont \u00e9quip\u00e9s d\u2019un frein. Les patineurs s\u2019habituent \u00e0 l\u2019utiliser pour s\u2019arr\u00eater. Les patineurs de vitesse utilisent g\u00e9n\u00e9ralement la technique du chasse-neige ou le T-STOP. Jusqu\u2019\u00e0 ce que vous ma\u00eetrisiez ces techniques, un frein talon est une bonne id\u00e9e. De plus, le caoutchouc de ce frein est durable et rempla\u00e7able.<\/p>\n<p><strong>Frein Inline Bont pour cadres de roues inline<\/strong><\/p>\n<p>Ce frein de patinage de vitesse s\u2019adapte aux <strong>cadres Bont<\/strong> pour roues de 80 \u00e0 110 mm et ne fonctionne pas avec les cadres 3 roues. Il est compatible avec la plupart des cadres 4 roues de marques de patins de vitesse.<\/p>\n<p>De plus, <strong>avec des axes de 8 mm, le frein s\u2019adapte aux cadres 3 points et 2 points.<\/strong><\/p>\n<p>Un suppl\u00e9ment est appliqu\u00e9 pour les axes de 8 mm. Veuillez simplement le noter dans votre commande et nous ajusterons votre facture.<\/p>\n<p>Enfin, il s\u2019agit d\u2019un frein unique pour un seul cadre.<\/p>\n<p>Veuillez noter : roues et cadre non inclus.<\/p>\n<p>Vous pouvez \u00e9galement d\u00e9couvrir tous nos <a href=\"https:\/\/ztsports.com\/product-category\/frames\/\"><strong>cadres de patins de vitesse inline ici<\/strong><\/a>.<\/p>\n","protected":false},"excerpt":{"rendered":"<p>FREIN INLINE BONT pour cadres 2 et 3 points Ce frein inline Bont est id\u00e9al pour les patineurs qui adorent les patins de vitesse mais regrettent de ne pas avoir le frein auquel ils sont habitu\u00e9s sur leurs rollerblades ou patins r\u00e9cr\u00e9atifs. La plupart des rollerblades et patins r\u00e9cr\u00e9atifs sont \u00e9quip\u00e9s d\u2019un frein. Les patineurs [&hellip;]<\/p>\n","protected":false},"featured_media":23455,"comment_status":"open","ping_status":"closed","template":"","meta":{"_acf_changed":false,"_monsterinsights_skip_tracking":false,"_monsterinsights_sitenote_active":false,"_monsterinsights_sitenote_note":"","_monsterinsights_sitenote_category":0,"_uf_show_specific_survey":0,"_uf_disable_surveys":false,"site-sidebar-layout":"default","site-content-layout":"","ast-site-content-layout":"default","site-content-style":"default","site-sidebar-style":"default","ast-global-header-display":"","ast-banner-title-visibility":"","ast-main-header-display":"","ast-hfb-above-header-display":"","ast-hfb-below-header-display":"","ast-hfb-mobile-header-display":"","site-post-title":"","ast-breadcrumbs-content":"","ast-featured-img":"","footer-sml-layout":"","ast-disable-related-posts":"","theme-transparent-header-meta":"default","adv-header-id-meta":"","stick-header-meta":"","header-above-stick-meta":"","header-main-stick-meta":"","header-below-stick-meta":"","astra-migrate-meta-layouts":"set","ast-page-background-enabled":"default","ast-page-background-meta":{"desktop":{"background-color":"","background-image":"","background-repeat":"repeat","background-position":"center center","background-size":"auto","background-attachment":"scroll","background-type":"","background-media":"","overlay-type":"","overlay-color":"","overlay-opacity":"","overlay-gradient":""},"tablet":{"background-color":"","background-image":"","background-repeat":"repeat","background-position":"center center","background-size":"auto","background-attachment":"scroll","background-type":"","background-media":"","overlay-type":"","overlay-color":"","overlay-opacity":"","overlay-gradient":""},"mobile":{"background-color":"","background-image":"","background-repeat":"repeat","background-position":"center center","background-size":"auto","background-attachment":"scroll","background-type":"","background-media":"","overlay-type":"","overlay-color":"","overlay-opacity":"","overlay-gradient":""}},"ast-content-background-meta":{"desktop":{"background-color":"var(--ast-global-color-5)","background-image":"","background-repeat":"repeat","background-position":"center center","background-size":"auto","background-attachment":"scroll","background-type":"","background-media":"","overlay-type":"","overlay-color":"","overlay-opacity":"","overlay-gradient":""},"tablet":{"background-color":"var(--ast-global-color-5)","background-image":"","background-repeat":"repeat","background-position":"center center","background-size":"auto","background-attachment":"scroll","background-type":"","background-media":"","overlay-type":"","overlay-color":"","overlay-opacity":"","overlay-gradient":""},"mobile":{"background-color":"var(--ast-global-color-5)","background-image":"","background-repeat":"repeat","background-position":"center center","background-size":"auto","background-attachment":"scroll","background-type":"","background-media":"","overlay-type":"","overlay-color":"","overlay-opacity":"","overlay-gradient":""}}},"product_brand":[3285],"product_cat":[4565,3381],"product_tag":[],"class_list":{"0":"post-23458","1":"product","2":"type-product","3":"status-publish","4":"has-post-thumbnail","6":"product_brand-bont","7":"product_cat-accessoires","8":"product_cat-patinage-de-vitesse-en-ligne","9":"desktop-align-left","10":"tablet-align-left","11":"mobile-align-left","13":"first","14":"instock","15":"taxable","16":"shipping-taxable","17":"purchasable","18":"product-type-simple"},"acf":[],"_links":{"self":[{"href":"https:\/\/ztsports.com\/fr\/wp-json\/wp\/v2\/product\/23458","targetHints":{"allow":["GET"]}}],"collection":[{"href":"https:\/\/ztsports.com\/fr\/wp-json\/wp\/v2\/product"}],"about":[{"href":"https:\/\/ztsports.com\/fr\/wp-json\/wp\/v2\/types\/product"}],"replies":[{"embeddable":true,"href":"https:\/\/ztsports.com\/fr\/wp-json\/wp\/v2\/comments?post=23458"}],"version-history":[{"count":2,"href":"https:\/\/ztsports.com\/fr\/wp-json\/wp\/v2\/product\/23458\/revisions"}],"predecessor-version":[{"id":24576,"href":"https:\/\/ztsports.com\/fr\/wp-json\/wp\/v2\/product\/23458\/revisions\/24576"}],"wp:featuredmedia":[{"embeddable":true,"href":"https:\/\/ztsports.com\/fr\/wp-json\/wp\/v2\/media\/23455"}],"wp:attachment":[{"href":"https:\/\/ztsports.com\/fr\/wp-json\/wp\/v2\/media?parent=23458"}],"wp:term":[{"taxonomy":"product_brand","embeddable":true,"href":"https:\/\/ztsports.com\/fr\/wp-json\/wp\/v2\/product_brand?post=23458"},{"taxonomy":"product_cat","embeddable":true,"href":"https:\/\/ztsports.com\/fr\/wp-json\/wp\/v2\/product_cat?post=23458"},{"taxonomy":"product_tag","embeddable":true,"href":"https:\/\/ztsports.com\/fr\/wp-json\/wp\/v2\/product_tag?post=23458"}],"curies":[{"name":"wp","href":"https:\/\/api.w.org\/{rel}","templated":true}]}}