{"id":23453,"date":"2021-09-23T03:06:58","date_gmt":"2021-09-23T03:06:58","guid":{"rendered":"https:\/\/ztsports.com\/?post_type=product&#038;p=23453"},"modified":"2026-03-09T09:26:03","modified_gmt":"2026-03-09T09:26:03","slug":"688-mini-inline-spacer-cadomotus","status":"publish","type":"product","link":"https:\/\/ztsports.com\/fr\/store\/688-mini-inline-spacer-cadomotus\/","title":{"rendered":"688 MINI INLINE SPACER Cadomotus"},"content":{"rendered":"<h1>ESPACES MINI INLINE 688<\/h1>\n<p>Ces <strong>espaces MINI INLINE 688<\/strong> sont fabriqu\u00e9s en aluminium de qualit\u00e9 a\u00e9ronautique, ce qui les rend tr\u00e8s l\u00e9gers.<\/p>\n<p>Vendus \u00e0 l\u2019unit\u00e9.<\/p>\n<p>En outre, saviez-vous que les <strong>roulements mini 688<\/strong> peuvent \u00e9galement \u00eatre utilis\u00e9s dans une roue \u00e0 moyeu standard gr\u00e2ce \u00e0 un <a href=\"https:\/\/ztsports.com\/product\/ninja-minimier-adaptors-608-688\/\">manchon adaptateur Ninja Mini Minimier<\/a> ?<\/p>\n<p>D\u00e9couvrez tous nos <a href=\"https:\/\/ztsports.com\/product-category\/roller-skates\/bearings-tools\/\"><strong>roulements, pi\u00e8ces et outils ici<\/strong><\/a>.<\/p>\n","protected":false},"excerpt":{"rendered":"<p>ESPACES MINI INLINE 688 Ces espaces MINI INLINE 688 sont fabriqu\u00e9s en aluminium de qualit\u00e9 a\u00e9ronautique, ce qui les rend tr\u00e8s l\u00e9gers. Vendus \u00e0 l\u2019unit\u00e9. En outre, saviez-vous que les roulements mini 688 peuvent \u00e9galement \u00eatre utilis\u00e9s dans une roue \u00e0 moyeu standard gr\u00e2ce \u00e0 un manchon adaptateur Ninja Mini Minimier ? D\u00e9couvrez tous nos [&hellip;]<\/p>\n","protected":false},"featured_media":23446,"comment_status":"open","ping_status":"closed","template":"","meta":{"_acf_changed":false,"_monsterinsights_skip_tracking":false,"_monsterinsights_sitenote_active":false,"_monsterinsights_sitenote_note":"","_monsterinsights_sitenote_category":0,"_uf_show_specific_survey":0,"_uf_disable_surveys":false,"site-sidebar-layout":"default","site-content-layout":"","ast-site-content-layout":"default","site-content-style":"default","site-sidebar-style":"default","ast-global-header-display":"","ast-banner-title-visibility":"","ast-main-header-display":"","ast-hfb-above-header-display":"","ast-hfb-below-header-display":"","ast-hfb-mobile-header-display":"","site-post-title":"","ast-breadcrumbs-content":"","ast-featured-img":"","footer-sml-layout":"","ast-disable-related-posts":"","theme-transparent-header-meta":"default","adv-header-id-meta":"","stick-header-meta":"","header-above-stick-meta":"","header-main-stick-meta":"","header-below-stick-meta":"","astra-migrate-meta-layouts":"set","ast-page-background-enabled":"default","ast-page-background-meta":{"desktop":{"background-color":"","background-image":"","background-repeat":"repeat","background-position":"center center","background-size":"auto","background-attachment":"scroll","background-type":"","background-media":"","overlay-type":"","overlay-color":"","overlay-opacity":"","overlay-gradient":""},"tablet":{"background-color":"","background-image":"","background-repeat":"repeat","background-position":"center center","background-size":"auto","background-attachment":"scroll","background-type":"","background-media":"","overlay-type":"","overlay-color":"","overlay-opacity":"","overlay-gradient":""},"mobile":{"background-color":"","background-image":"","background-repeat":"repeat","background-position":"center center","background-size":"auto","background-attachment":"scroll","background-type":"","background-media":"","overlay-type":"","overlay-color":"","overlay-opacity":"","overlay-gradient":""}},"ast-content-background-meta":{"desktop":{"background-color":"var(--ast-global-color-5)","background-image":"","background-repeat":"repeat","background-position":"center center","background-size":"auto","background-attachment":"scroll","background-type":"","background-media":"","overlay-type":"","overlay-color":"","overlay-opacity":"","overlay-gradient":""},"tablet":{"background-color":"var(--ast-global-color-5)","background-image":"","background-repeat":"repeat","background-position":"center center","background-size":"auto","background-attachment":"scroll","background-type":"","background-media":"","overlay-type":"","overlay-color":"","overlay-opacity":"","overlay-gradient":""},"mobile":{"background-color":"var(--ast-global-color-5)","background-image":"","background-repeat":"repeat","background-position":"center center","background-size":"auto","background-attachment":"scroll","background-type":"","background-media":"","overlay-type":"","overlay-color":"","overlay-opacity":"","overlay-gradient":""}}},"product_brand":[3285,3289,3327],"product_cat":[3381],"product_tag":[],"class_list":{"0":"post-23453","1":"product","2":"type-product","3":"status-publish","4":"has-post-thumbnail","6":"product_brand-bont","7":"product_brand-cadomotus","8":"product_brand-ninja","9":"product_cat-patinage-de-vitesse-en-ligne","10":"desktop-align-left","11":"tablet-align-left","12":"mobile-align-left","14":"first","15":"instock","16":"taxable","17":"shipping-taxable","18":"purchasable","19":"product-type-simple"},"acf":[],"_links":{"self":[{"href":"https:\/\/ztsports.com\/fr\/wp-json\/wp\/v2\/product\/23453","targetHints":{"allow":["GET"]}}],"collection":[{"href":"https:\/\/ztsports.com\/fr\/wp-json\/wp\/v2\/product"}],"about":[{"href":"https:\/\/ztsports.com\/fr\/wp-json\/wp\/v2\/types\/product"}],"replies":[{"embeddable":true,"href":"https:\/\/ztsports.com\/fr\/wp-json\/wp\/v2\/comments?post=23453"}],"version-history":[{"count":1,"href":"https:\/\/ztsports.com\/fr\/wp-json\/wp\/v2\/product\/23453\/revisions"}],"predecessor-version":[{"id":23454,"href":"https:\/\/ztsports.com\/fr\/wp-json\/wp\/v2\/product\/23453\/revisions\/23454"}],"wp:featuredmedia":[{"embeddable":true,"href":"https:\/\/ztsports.com\/fr\/wp-json\/wp\/v2\/media\/23446"}],"wp:attachment":[{"href":"https:\/\/ztsports.com\/fr\/wp-json\/wp\/v2\/media?parent=23453"}],"wp:term":[{"taxonomy":"product_brand","embeddable":true,"href":"https:\/\/ztsports.com\/fr\/wp-json\/wp\/v2\/product_brand?post=23453"},{"taxonomy":"product_cat","embeddable":true,"href":"https:\/\/ztsports.com\/fr\/wp-json\/wp\/v2\/product_cat?post=23453"},{"taxonomy":"product_tag","embeddable":true,"href":"https:\/\/ztsports.com\/fr\/wp-json\/wp\/v2\/product_tag?post=23453"}],"curies":[{"name":"wp","href":"https:\/\/api.w.org\/{rel}","templated":true}]}}