{"id":23440,"date":"2021-09-23T03:08:05","date_gmt":"2021-09-23T03:08:05","guid":{"rendered":"https:\/\/ztsports.com\/?post_type=product&#038;p=23440"},"modified":"2026-03-12T12:24:36","modified_gmt":"2026-03-12T12:24:36","slug":"bont-carbon-wedges-8-for-inline-and-ice-skates","status":"publish","type":"product","link":"https:\/\/ztsports.com\/fr\/store\/bont-carbon-wedges-8-for-inline-and-ice-skates\/","title":{"rendered":"BONT Carbon Wedges (8) for inline and ice skates"},"content":{"rendered":"<h1>BONT Cales en Carbone (8)<\/h1>\n<p>Les cales en carbone Bont s\u2019embo\u00eetent entre elles. Elles ont une \u00e9paisseur de 1\u202fmm. Vous pouvez les assembler pour cr\u00e9er un coin afin d\u2019incliner votre lame ou votre cadre, ou les inverser pour former un bloc solide offrant un profil plus \u00e9lev\u00e9.<\/p>\n<h3>BONT Cales en Carbone (8) (SHIMS)<\/h3>\n<p>Ces cales peuvent \u00eatre utilis\u00e9es pour les patins de vitesse en ligne ainsi que pour les lames de short track. Elles permettent de cr\u00e9er un angle entre la chaussure de patin et le cadre. De nombreux patineurs d\u2019\u00e9lite en ligne et sur glace utilisent ces cales pour obtenir un l\u00e9ger angle entre la chaussure et le cadre.<\/p>\n<p>De plus, elles sont utilis\u00e9es pour corriger les patineurs pr\u00e9sentant une <a href=\"https:\/\/www.youtube.com\/watch?v=PJLcyxfBYeE\" target=\"_blank\" rel=\"noopener\"><strong>pronation ou supination<\/strong><\/a>.<\/p>\n","protected":false},"excerpt":{"rendered":"<p>BONT Cales en Carbone (8) Les cales en carbone Bont s\u2019embo\u00eetent entre elles. Elles ont une \u00e9paisseur de 1\u202fmm. Vous pouvez les assembler pour cr\u00e9er un coin afin d\u2019incliner votre lame ou votre cadre, ou les inverser pour former un bloc solide offrant un profil plus \u00e9lev\u00e9. BONT Cales en Carbone (8) (SHIMS) Ces cales [&hellip;]<\/p>\n","protected":false},"featured_media":23437,"comment_status":"open","ping_status":"closed","template":"","meta":{"_acf_changed":false,"_monsterinsights_skip_tracking":false,"_monsterinsights_sitenote_active":false,"_monsterinsights_sitenote_note":"","_monsterinsights_sitenote_category":0,"_uf_show_specific_survey":0,"_uf_disable_surveys":false,"site-sidebar-layout":"default","site-content-layout":"","ast-site-content-layout":"default","site-content-style":"default","site-sidebar-style":"default","ast-global-header-display":"","ast-banner-title-visibility":"","ast-main-header-display":"","ast-hfb-above-header-display":"","ast-hfb-below-header-display":"","ast-hfb-mobile-header-display":"","site-post-title":"","ast-breadcrumbs-content":"","ast-featured-img":"","footer-sml-layout":"","ast-disable-related-posts":"","theme-transparent-header-meta":"default","adv-header-id-meta":"","stick-header-meta":"","header-above-stick-meta":"","header-main-stick-meta":"","header-below-stick-meta":"","astra-migrate-meta-layouts":"set","ast-page-background-enabled":"default","ast-page-background-meta":{"desktop":{"background-color":"","background-image":"","background-repeat":"repeat","background-position":"center center","background-size":"auto","background-attachment":"scroll","background-type":"","background-media":"","overlay-type":"","overlay-color":"","overlay-opacity":"","overlay-gradient":""},"tablet":{"background-color":"","background-image":"","background-repeat":"repeat","background-position":"center center","background-size":"auto","background-attachment":"scroll","background-type":"","background-media":"","overlay-type":"","overlay-color":"","overlay-opacity":"","overlay-gradient":""},"mobile":{"background-color":"","background-image":"","background-repeat":"repeat","background-position":"center center","background-size":"auto","background-attachment":"scroll","background-type":"","background-media":"","overlay-type":"","overlay-color":"","overlay-opacity":"","overlay-gradient":""}},"ast-content-background-meta":{"desktop":{"background-color":"var(--ast-global-color-5)","background-image":"","background-repeat":"repeat","background-position":"center center","background-size":"auto","background-attachment":"scroll","background-type":"","background-media":"","overlay-type":"","overlay-color":"","overlay-opacity":"","overlay-gradient":""},"tablet":{"background-color":"var(--ast-global-color-5)","background-image":"","background-repeat":"repeat","background-position":"center center","background-size":"auto","background-attachment":"scroll","background-type":"","background-media":"","overlay-type":"","overlay-color":"","overlay-opacity":"","overlay-gradient":""},"mobile":{"background-color":"var(--ast-global-color-5)","background-image":"","background-repeat":"repeat","background-position":"center center","background-size":"auto","background-attachment":"scroll","background-type":"","background-media":"","overlay-type":"","overlay-color":"","overlay-opacity":"","overlay-gradient":""}}},"product_brand":[3285],"product_cat":[4565,3379],"product_tag":[],"class_list":{"0":"post-23440","1":"product","2":"type-product","3":"status-publish","4":"has-post-thumbnail","6":"product_brand-bont","7":"product_cat-accessoires","8":"product_cat-aides-au-coaching-et-a-lentrainement","9":"desktop-align-left","10":"tablet-align-left","11":"mobile-align-left","13":"first","14":"instock","15":"taxable","16":"shipping-taxable","17":"purchasable","18":"product-type-simple"},"acf":[],"_links":{"self":[{"href":"https:\/\/ztsports.com\/fr\/wp-json\/wp\/v2\/product\/23440","targetHints":{"allow":["GET"]}}],"collection":[{"href":"https:\/\/ztsports.com\/fr\/wp-json\/wp\/v2\/product"}],"about":[{"href":"https:\/\/ztsports.com\/fr\/wp-json\/wp\/v2\/types\/product"}],"replies":[{"embeddable":true,"href":"https:\/\/ztsports.com\/fr\/wp-json\/wp\/v2\/comments?post=23440"}],"version-history":[{"count":1,"href":"https:\/\/ztsports.com\/fr\/wp-json\/wp\/v2\/product\/23440\/revisions"}],"predecessor-version":[{"id":23441,"href":"https:\/\/ztsports.com\/fr\/wp-json\/wp\/v2\/product\/23440\/revisions\/23441"}],"wp:featuredmedia":[{"embeddable":true,"href":"https:\/\/ztsports.com\/fr\/wp-json\/wp\/v2\/media\/23437"}],"wp:attachment":[{"href":"https:\/\/ztsports.com\/fr\/wp-json\/wp\/v2\/media?parent=23440"}],"wp:term":[{"taxonomy":"product_brand","embeddable":true,"href":"https:\/\/ztsports.com\/fr\/wp-json\/wp\/v2\/product_brand?post=23440"},{"taxonomy":"product_cat","embeddable":true,"href":"https:\/\/ztsports.com\/fr\/wp-json\/wp\/v2\/product_cat?post=23440"},{"taxonomy":"product_tag","embeddable":true,"href":"https:\/\/ztsports.com\/fr\/wp-json\/wp\/v2\/product_tag?post=23440"}],"curies":[{"name":"wp","href":"https:\/\/api.w.org\/{rel}","templated":true}]}}