{"id":23435,"date":"2021-09-23T03:08:05","date_gmt":"2021-09-23T03:08:05","guid":{"rendered":"https:\/\/ztsports.com\/?post_type=product&#038;p=23435"},"modified":"2026-03-09T09:22:29","modified_gmt":"2026-03-09T09:22:29","slug":"ninja-minimizer-bearing-adaptors-608-to-688","status":"publish","type":"product","link":"https:\/\/ztsports.com\/fr\/store\/ninja-minimizer-bearing-adaptors-608-to-688\/","title":{"rendered":"Ninja Minimizer Bearing Adaptors (608 to 688)"},"content":{"rendered":"<h2>Ninja Minimizer \u2013 Adaptateurs de Roulements<\/h2>\n<p>Les adaptateurs Ninja Minimizer (608 vers 688) sont fabriqu\u00e9s en fibre de carbone et constituent un syst\u00e8me ultral\u00e9ger r\u00e9volutionnaire pour am\u00e9liorer vos roulements. Ils remplacent un roulement standard 608 dans toutes les roues de patin standard. Chaque adaptateur Mini-Miser haute performance est incroyablement l\u00e9ger et solide.<\/p>\n<p>Le syst\u00e8me peut \u00eatre facilement transf\u00e9r\u00e9 d\u2019un jeu de roues \u00e0 un autre. Une fois les adaptateurs et les bagues install\u00e9s, seuls les roulements devront \u00eatre remplac\u00e9s occasionnellement, comme avec des 608 classiques.<\/p>\n<p>Chaque adaptateur 688 Mini s\u2019installe sur vos roulements 688 mini pour les utiliser dans un moyeu de roue 608. Il faut 1 adaptateur par roulement.<\/p>\n<h3>Avantages des adaptateurs Ninja Minimizer :<\/h3>\n<ul>\n<li>R\u00e9duction du poids des roulements de 70\u202f%<\/li>\n<li>R\u00e9sistance au roulement r\u00e9duite et meilleure acc\u00e9l\u00e9ration par rapport aux roulements 608 classiques<\/li>\n<li>Configuration plus l\u00e9g\u00e8re, plus rapide et plus r\u00e9active gr\u00e2ce aux Mini-Miser<\/li>\n<\/ul>\n<h4><strong>Vendu par paire (2 adaptateurs). 1 adaptateur par roulement, soit 2 adaptateurs par roue.<\/strong><\/h4>\n<h4>Fonctionnent au mieux avec les <a href=\"https:\/\/ztsports.com\/product\/688-self-centering-spacers\/\"><strong>Bagues Auto-Centrantes<\/strong><\/a>.<\/h4>\n<p>Deux grands avantages \u00e0 utiliser des mini-roulements :<\/p>\n<ul>\n<li><strong>Premier :<\/strong> un ensemble beaucoup plus l\u00e9ger \u2013 un roulement 608 p\u00e8se 12\u202fg, un mini-roulement 4\u202fg et un adaptateur 1\u202fg<\/li>\n<li><strong>Deuxi\u00e8me :<\/strong> Les mini-roulements s\u2019enclenchent plus rapidement que les roulements 608 classiques<\/li>\n<\/ul>\n<p>D\u00e9couvrez tous nos <a href=\"https:\/\/ztsports.com\/product-category\/roller-skates\/bearings-tools\/\"><strong>roulements, pi\u00e8ces et outils<\/strong><\/a>.<\/p>\n","protected":false},"excerpt":{"rendered":"<p>Ninja Minimizer \u2013 Adaptateurs de Roulements Les adaptateurs Ninja Minimizer (608 vers 688) sont fabriqu\u00e9s en fibre de carbone et constituent un syst\u00e8me ultral\u00e9ger r\u00e9volutionnaire pour am\u00e9liorer vos roulements. Ils remplacent un roulement standard 608 dans toutes les roues de patin standard. Chaque adaptateur Mini-Miser haute performance est incroyablement l\u00e9ger et solide. Le syst\u00e8me peut [&hellip;]<\/p>\n","protected":false},"featured_media":23432,"comment_status":"open","ping_status":"closed","template":"","meta":{"_acf_changed":false,"_monsterinsights_skip_tracking":false,"_monsterinsights_sitenote_active":false,"_monsterinsights_sitenote_note":"","_monsterinsights_sitenote_category":0,"_uf_show_specific_survey":0,"_uf_disable_surveys":false,"site-sidebar-layout":"default","site-content-layout":"","ast-site-content-layout":"default","site-content-style":"default","site-sidebar-style":"default","ast-global-header-display":"","ast-banner-title-visibility":"","ast-main-header-display":"","ast-hfb-above-header-display":"","ast-hfb-below-header-display":"","ast-hfb-mobile-header-display":"","site-post-title":"","ast-breadcrumbs-content":"","ast-featured-img":"","footer-sml-layout":"","ast-disable-related-posts":"","theme-transparent-header-meta":"default","adv-header-id-meta":"","stick-header-meta":"","header-above-stick-meta":"","header-main-stick-meta":"","header-below-stick-meta":"","astra-migrate-meta-layouts":"set","ast-page-background-enabled":"default","ast-page-background-meta":{"desktop":{"background-color":"","background-image":"","background-repeat":"repeat","background-position":"center center","background-size":"auto","background-attachment":"scroll","background-type":"","background-media":"","overlay-type":"","overlay-color":"","overlay-opacity":"","overlay-gradient":""},"tablet":{"background-color":"","background-image":"","background-repeat":"repeat","background-position":"center center","background-size":"auto","background-attachment":"scroll","background-type":"","background-media":"","overlay-type":"","overlay-color":"","overlay-opacity":"","overlay-gradient":""},"mobile":{"background-color":"","background-image":"","background-repeat":"repeat","background-position":"center center","background-size":"auto","background-attachment":"scroll","background-type":"","background-media":"","overlay-type":"","overlay-color":"","overlay-opacity":"","overlay-gradient":""}},"ast-content-background-meta":{"desktop":{"background-color":"var(--ast-global-color-5)","background-image":"","background-repeat":"repeat","background-position":"center center","background-size":"auto","background-attachment":"scroll","background-type":"","background-media":"","overlay-type":"","overlay-color":"","overlay-opacity":"","overlay-gradient":""},"tablet":{"background-color":"var(--ast-global-color-5)","background-image":"","background-repeat":"repeat","background-position":"center center","background-size":"auto","background-attachment":"scroll","background-type":"","background-media":"","overlay-type":"","overlay-color":"","overlay-opacity":"","overlay-gradient":""},"mobile":{"background-color":"var(--ast-global-color-5)","background-image":"","background-repeat":"repeat","background-position":"center center","background-size":"auto","background-attachment":"scroll","background-type":"","background-media":"","overlay-type":"","overlay-color":"","overlay-opacity":"","overlay-gradient":""}}},"product_brand":[3327],"product_cat":[3378],"product_tag":[],"class_list":{"0":"post-23435","1":"product","2":"type-product","3":"status-publish","4":"has-post-thumbnail","6":"product_brand-ninja","7":"product_cat-non-categorise","8":"desktop-align-left","9":"tablet-align-left","10":"mobile-align-left","12":"first","13":"instock","14":"taxable","15":"shipping-taxable","16":"purchasable","17":"product-type-simple"},"acf":[],"_links":{"self":[{"href":"https:\/\/ztsports.com\/fr\/wp-json\/wp\/v2\/product\/23435","targetHints":{"allow":["GET"]}}],"collection":[{"href":"https:\/\/ztsports.com\/fr\/wp-json\/wp\/v2\/product"}],"about":[{"href":"https:\/\/ztsports.com\/fr\/wp-json\/wp\/v2\/types\/product"}],"replies":[{"embeddable":true,"href":"https:\/\/ztsports.com\/fr\/wp-json\/wp\/v2\/comments?post=23435"}],"version-history":[{"count":1,"href":"https:\/\/ztsports.com\/fr\/wp-json\/wp\/v2\/product\/23435\/revisions"}],"predecessor-version":[{"id":23436,"href":"https:\/\/ztsports.com\/fr\/wp-json\/wp\/v2\/product\/23435\/revisions\/23436"}],"wp:featuredmedia":[{"embeddable":true,"href":"https:\/\/ztsports.com\/fr\/wp-json\/wp\/v2\/media\/23432"}],"wp:attachment":[{"href":"https:\/\/ztsports.com\/fr\/wp-json\/wp\/v2\/media?parent=23435"}],"wp:term":[{"taxonomy":"product_brand","embeddable":true,"href":"https:\/\/ztsports.com\/fr\/wp-json\/wp\/v2\/product_brand?post=23435"},{"taxonomy":"product_cat","embeddable":true,"href":"https:\/\/ztsports.com\/fr\/wp-json\/wp\/v2\/product_cat?post=23435"},{"taxonomy":"product_tag","embeddable":true,"href":"https:\/\/ztsports.com\/fr\/wp-json\/wp\/v2\/product_tag?post=23435"}],"curies":[{"name":"wp","href":"https:\/\/api.w.org\/{rel}","templated":true}]}}