{"id":23425,"date":"2021-09-23T03:08:07","date_gmt":"2021-09-23T03:08:07","guid":{"rendered":"https:\/\/ztsports.com\/?post_type=product&#038;p=23425"},"modified":"2026-03-09T09:19:32","modified_gmt":"2026-03-09T09:19:32","slug":"bont-elemental-inline-skate-wheel","status":"publish","type":"product","link":"https:\/\/ztsports.com\/fr\/store\/bont-elemental-inline-skate-wheel\/","title":{"rendered":"BONT ELEMENTAL Inline Skate Wheel"},"content":{"rendered":"<h1 class=\"product_title entry-title\">BONT ELEMENTAL Roue de Roller Inline<\/h1>\n<h2 class=\"product_title entry-title\">Disponible en 90mm, 100mm, 110mm et 125mm<\/h2>\n<p class=\"price\"><span class=\"woocommerce-Price-amount amount\"><bdi><span class=\"woocommerce-Price-currencySymbol\">$<\/span>16.00<\/bdi><\/span> \u2013 <span class=\"woocommerce-Price-amount amount\"><bdi><span class=\"woocommerce-Price-currencySymbol\">$20.00<\/span><\/bdi><\/span><\/p>\n<div class=\"woocommerce-product-details__short-description\">\nLa roue Bont Elemental pour roller inline vitesse est notre mod\u00e8le interm\u00e9diaire. Elle offre un meilleur roulement, rebond et adh\u00e9rence que notre gamme G14-G16.\n<\/div>\n<h3>BONT ELEMENTAL WHEELS<\/h3>\n<p>La roue de course Bont Elemental est parfaite pour l\u2019entra\u00eenement et la comp\u00e9tition. Polyvalente, elle peut \u00eatre utilis\u00e9e en int\u00e9rieur comme en ext\u00e9rieur.<\/p>\n<ul>\n<li><strong>Application :<\/strong> Roue polyvalente adapt\u00e9e \u00e0 toutes surfaces<\/li>\n<li><strong>Diam\u00e8tre :<\/strong> 90mm, 100mm, 110mm, 125mm<\/li>\n<li><strong>Duret\u00e9 :<\/strong> 85A<\/li>\n<li><strong>Compatibilit\u00e9 roulement :<\/strong> 608<\/li>\n<\/ul>\n<p>La duret\u00e9 de 85A est id\u00e9ale pour surfaces lisses \u00e0 moyennes et convient \u00e9galement aux pistes inclin\u00e9es. Le noyau de la roue est en plastique nylon renforc\u00e9 pour une bonne absorption des chocs, et l\u2019ur\u00e9thane offre un excellent rebond, durabilit\u00e9 et roulement. Une chimie d\u00e9velopp\u00e9e par Bont Skates \u00e0 Sydney, Australie, forte de plus de 45 ans d\u2019expertise en rollers de vitesse.<\/p>\n<p><strong>*Prix par roue.<\/strong><\/p>\n<p>Enfin, d\u00e9couvrez tous nos <a href=\"https:\/\/ztsports.com\/fr\/product-category\/patinage-de-vitesse-en-ligne\/roues\/\"><strong>Inline Wheels ici<\/strong><\/a>.<\/p>\n","protected":false},"excerpt":{"rendered":"<p>BONT ELEMENTAL Roue de Roller Inline Disponible en 90mm, 100mm, 110mm et 125mm $16.00 \u2013 $20.00 La roue Bont Elemental pour roller inline vitesse est notre mod\u00e8le interm\u00e9diaire. Elle offre un meilleur roulement, rebond et adh\u00e9rence que notre gamme G14-G16. BONT ELEMENTAL WHEELS La roue de course Bont Elemental est parfaite pour l\u2019entra\u00eenement et la [&hellip;]<\/p>\n","protected":false},"featured_media":23420,"comment_status":"open","ping_status":"closed","template":"","meta":{"_acf_changed":false,"_monsterinsights_skip_tracking":false,"_monsterinsights_sitenote_active":false,"_monsterinsights_sitenote_note":"","_monsterinsights_sitenote_category":0,"_uf_show_specific_survey":0,"_uf_disable_surveys":false,"site-sidebar-layout":"default","site-content-layout":"","ast-site-content-layout":"default","site-content-style":"default","site-sidebar-style":"default","ast-global-header-display":"","ast-banner-title-visibility":"","ast-main-header-display":"","ast-hfb-above-header-display":"","ast-hfb-below-header-display":"","ast-hfb-mobile-header-display":"","site-post-title":"","ast-breadcrumbs-content":"","ast-featured-img":"","footer-sml-layout":"","ast-disable-related-posts":"","theme-transparent-header-meta":"default","adv-header-id-meta":"","stick-header-meta":"","header-above-stick-meta":"","header-main-stick-meta":"","header-below-stick-meta":"","astra-migrate-meta-layouts":"set","ast-page-background-enabled":"default","ast-page-background-meta":{"desktop":{"background-color":"","background-image":"","background-repeat":"repeat","background-position":"center center","background-size":"auto","background-attachment":"scroll","background-type":"","background-media":"","overlay-type":"","overlay-color":"","overlay-opacity":"","overlay-gradient":""},"tablet":{"background-color":"","background-image":"","background-repeat":"repeat","background-position":"center center","background-size":"auto","background-attachment":"scroll","background-type":"","background-media":"","overlay-type":"","overlay-color":"","overlay-opacity":"","overlay-gradient":""},"mobile":{"background-color":"","background-image":"","background-repeat":"repeat","background-position":"center center","background-size":"auto","background-attachment":"scroll","background-type":"","background-media":"","overlay-type":"","overlay-color":"","overlay-opacity":"","overlay-gradient":""}},"ast-content-background-meta":{"desktop":{"background-color":"var(--ast-global-color-5)","background-image":"","background-repeat":"repeat","background-position":"center center","background-size":"auto","background-attachment":"scroll","background-type":"","background-media":"","overlay-type":"","overlay-color":"","overlay-opacity":"","overlay-gradient":""},"tablet":{"background-color":"var(--ast-global-color-5)","background-image":"","background-repeat":"repeat","background-position":"center center","background-size":"auto","background-attachment":"scroll","background-type":"","background-media":"","overlay-type":"","overlay-color":"","overlay-opacity":"","overlay-gradient":""},"mobile":{"background-color":"var(--ast-global-color-5)","background-image":"","background-repeat":"repeat","background-position":"center center","background-size":"auto","background-attachment":"scroll","background-type":"","background-media":"","overlay-type":"","overlay-color":"","overlay-opacity":"","overlay-gradient":""}}},"product_brand":[3285],"product_cat":[3381,3382],"product_tag":[],"class_list":{"0":"post-23425","1":"product","2":"type-product","3":"status-publish","4":"has-post-thumbnail","6":"product_brand-bont","7":"product_cat-patinage-de-vitesse-en-ligne","8":"product_cat-roues","9":"desktop-align-left","10":"tablet-align-left","11":"mobile-align-left","13":"first","14":"instock","15":"taxable","16":"shipping-taxable","17":"purchasable","18":"product-type-simple"},"acf":[],"_links":{"self":[{"href":"https:\/\/ztsports.com\/fr\/wp-json\/wp\/v2\/product\/23425","targetHints":{"allow":["GET"]}}],"collection":[{"href":"https:\/\/ztsports.com\/fr\/wp-json\/wp\/v2\/product"}],"about":[{"href":"https:\/\/ztsports.com\/fr\/wp-json\/wp\/v2\/types\/product"}],"replies":[{"embeddable":true,"href":"https:\/\/ztsports.com\/fr\/wp-json\/wp\/v2\/comments?post=23425"}],"version-history":[{"count":1,"href":"https:\/\/ztsports.com\/fr\/wp-json\/wp\/v2\/product\/23425\/revisions"}],"predecessor-version":[{"id":23426,"href":"https:\/\/ztsports.com\/fr\/wp-json\/wp\/v2\/product\/23425\/revisions\/23426"}],"wp:featuredmedia":[{"embeddable":true,"href":"https:\/\/ztsports.com\/fr\/wp-json\/wp\/v2\/media\/23420"}],"wp:attachment":[{"href":"https:\/\/ztsports.com\/fr\/wp-json\/wp\/v2\/media?parent=23425"}],"wp:term":[{"taxonomy":"product_brand","embeddable":true,"href":"https:\/\/ztsports.com\/fr\/wp-json\/wp\/v2\/product_brand?post=23425"},{"taxonomy":"product_cat","embeddable":true,"href":"https:\/\/ztsports.com\/fr\/wp-json\/wp\/v2\/product_cat?post=23425"},{"taxonomy":"product_tag","embeddable":true,"href":"https:\/\/ztsports.com\/fr\/wp-json\/wp\/v2\/product_tag?post=23425"}],"curies":[{"name":"wp","href":"https:\/\/api.w.org\/{rel}","templated":true}]}}