{"id":23418,"date":"2021-09-23T03:08:08","date_gmt":"2021-09-23T03:08:08","guid":{"rendered":"https:\/\/ztsports.com\/?post_type=product&#038;p=23418"},"modified":"2026-03-09T09:17:18","modified_gmt":"2026-03-09T09:17:18","slug":"ezeefit-full-bootie-black-no-blisters","status":"publish","type":"product","link":"https:\/\/ztsports.com\/fr\/store\/ezeefit-full-bootie-black-no-blisters\/","title":{"rendered":"Ezeefit full bootie black no Blisters"},"content":{"rendered":"<h1>Ezeefit Full Bootie Noir<\/h1>\n<p>Le Ezeefit Full Bootie noir aide \u00e0 pr\u00e9venir les ampoules. Similaire \u00e0 la version Ultrathin Ankle Bootie mais plus haute et couvrant tout le pied. Disponible en Lycra\u00ae ultrafin exclusif avec m\u00e9moire de forme, noir avec int\u00e9rieur rouge.<\/p>\n<p>Le tissu Ultrathin est similaire au n\u00e9opr\u00e8ne mais tr\u00e8s fin et souple, ne perd jamais sa forme et s\u00e8che rapidement. Les coutures plates (Flat-lock) assurent un confort maximal sans irritations.<\/p>\n<p>Id\u00e9al pour les sports nautiques, les sports d\u2019hiver et par temps froid ou humide.<\/p>\n<h4>Tailles :<\/h4>\n<ul>\n<li>Small : Femme 36-38 \/ Homme 38-40<\/li>\n<li>Medium : Femme 39-40 \/ Homme 41-42<\/li>\n<li>Large : Femme 41-42 \/ Homme 43-44<\/li>\n<li>X-Large : Homme 45-47<\/li>\n<\/ul>\n<p><strong>Points forts :<\/strong><\/p>\n<ul>\n<li>Parfait pour temps froid et sports nautiques<\/li>\n<li>Cr\u00e9e une barri\u00e8re contre les frottements<\/li>\n<li>Isolation thermique par temps froid<\/li>\n<li>Plus confortable que des chaussettes traditionnelles<\/li>\n<li>Convient sur pied sec ou mouill\u00e9<\/li>\n<li>Vendu par paire<\/li>\n<\/ul>\n<p>Similaire \u00e0 l\u2019Ultrathin Ankle Bootie mais plus haute et avec couverture compl\u00e8te du pied. Disponible en Lycra\u00ae ultrafin exclusif avec m\u00e9moire de forme, noir avec int\u00e9rieur rouge.<\/p>\n<p>Voir <a href=\"https:\/\/www.youtube.com\/watch?v=KKG3a-MNzrQ&amp;t=3s\" target=\"_blank\" rel=\"noopener\"><strong>comment enfiler et choisir la bonne taille<\/strong><\/a> avec les Ezeefit Ankle Booties.<\/p>\n<p>Enfin, d\u00e9couvrez tous les <a href=\"https:\/\/ztsports.com\/brand\/ezeefit\/\"><strong>produits Ezeefit<\/strong><\/a>.<\/p>\n","protected":false},"excerpt":{"rendered":"<p>Ezeefit Full Bootie Noir Le Ezeefit Full Bootie noir aide \u00e0 pr\u00e9venir les ampoules. Similaire \u00e0 la version Ultrathin Ankle Bootie mais plus haute et couvrant tout le pied. Disponible en Lycra\u00ae ultrafin exclusif avec m\u00e9moire de forme, noir avec int\u00e9rieur rouge. Le tissu Ultrathin est similaire au n\u00e9opr\u00e8ne mais tr\u00e8s fin et souple, ne [&hellip;]<\/p>\n","protected":false},"featured_media":23414,"comment_status":"open","ping_status":"closed","template":"","meta":{"_acf_changed":false,"_monsterinsights_skip_tracking":false,"_monsterinsights_sitenote_active":false,"_monsterinsights_sitenote_note":"","_monsterinsights_sitenote_category":0,"_uf_show_specific_survey":0,"_uf_disable_surveys":false,"site-sidebar-layout":"default","site-content-layout":"","ast-site-content-layout":"default","site-content-style":"default","site-sidebar-style":"default","ast-global-header-display":"","ast-banner-title-visibility":"","ast-main-header-display":"","ast-hfb-above-header-display":"","ast-hfb-below-header-display":"","ast-hfb-mobile-header-display":"","site-post-title":"","ast-breadcrumbs-content":"","ast-featured-img":"","footer-sml-layout":"","ast-disable-related-posts":"","theme-transparent-header-meta":"default","adv-header-id-meta":"","stick-header-meta":"","header-above-stick-meta":"","header-main-stick-meta":"","header-below-stick-meta":"","astra-migrate-meta-layouts":"set","ast-page-background-enabled":"default","ast-page-background-meta":{"desktop":{"background-color":"","background-image":"","background-repeat":"repeat","background-position":"center center","background-size":"auto","background-attachment":"scroll","background-type":"","background-media":"","overlay-type":"","overlay-color":"","overlay-opacity":"","overlay-gradient":""},"tablet":{"background-color":"","background-image":"","background-repeat":"repeat","background-position":"center center","background-size":"auto","background-attachment":"scroll","background-type":"","background-media":"","overlay-type":"","overlay-color":"","overlay-opacity":"","overlay-gradient":""},"mobile":{"background-color":"","background-image":"","background-repeat":"repeat","background-position":"center center","background-size":"auto","background-attachment":"scroll","background-type":"","background-media":"","overlay-type":"","overlay-color":"","overlay-opacity":"","overlay-gradient":""}},"ast-content-background-meta":{"desktop":{"background-color":"var(--ast-global-color-5)","background-image":"","background-repeat":"repeat","background-position":"center center","background-size":"auto","background-attachment":"scroll","background-type":"","background-media":"","overlay-type":"","overlay-color":"","overlay-opacity":"","overlay-gradient":""},"tablet":{"background-color":"var(--ast-global-color-5)","background-image":"","background-repeat":"repeat","background-position":"center center","background-size":"auto","background-attachment":"scroll","background-type":"","background-media":"","overlay-type":"","overlay-color":"","overlay-opacity":"","overlay-gradient":""},"mobile":{"background-color":"var(--ast-global-color-5)","background-image":"","background-repeat":"repeat","background-position":"center center","background-size":"auto","background-attachment":"scroll","background-type":"","background-media":"","overlay-type":"","overlay-color":"","overlay-opacity":"","overlay-gradient":""}}},"product_brand":[3298],"product_cat":[3381],"product_tag":[],"class_list":{"0":"post-23418","1":"product","2":"type-product","3":"status-publish","4":"has-post-thumbnail","6":"product_brand-ezeefit","7":"product_cat-patinage-de-vitesse-en-ligne","8":"desktop-align-left","9":"tablet-align-left","10":"mobile-align-left","12":"first","13":"instock","14":"taxable","15":"shipping-taxable","16":"purchasable","17":"product-type-simple"},"acf":[],"_links":{"self":[{"href":"https:\/\/ztsports.com\/fr\/wp-json\/wp\/v2\/product\/23418","targetHints":{"allow":["GET"]}}],"collection":[{"href":"https:\/\/ztsports.com\/fr\/wp-json\/wp\/v2\/product"}],"about":[{"href":"https:\/\/ztsports.com\/fr\/wp-json\/wp\/v2\/types\/product"}],"replies":[{"embeddable":true,"href":"https:\/\/ztsports.com\/fr\/wp-json\/wp\/v2\/comments?post=23418"}],"version-history":[{"count":1,"href":"https:\/\/ztsports.com\/fr\/wp-json\/wp\/v2\/product\/23418\/revisions"}],"predecessor-version":[{"id":23419,"href":"https:\/\/ztsports.com\/fr\/wp-json\/wp\/v2\/product\/23418\/revisions\/23419"}],"wp:featuredmedia":[{"embeddable":true,"href":"https:\/\/ztsports.com\/fr\/wp-json\/wp\/v2\/media\/23414"}],"wp:attachment":[{"href":"https:\/\/ztsports.com\/fr\/wp-json\/wp\/v2\/media?parent=23418"}],"wp:term":[{"taxonomy":"product_brand","embeddable":true,"href":"https:\/\/ztsports.com\/fr\/wp-json\/wp\/v2\/product_brand?post=23418"},{"taxonomy":"product_cat","embeddable":true,"href":"https:\/\/ztsports.com\/fr\/wp-json\/wp\/v2\/product_cat?post=23418"},{"taxonomy":"product_tag","embeddable":true,"href":"https:\/\/ztsports.com\/fr\/wp-json\/wp\/v2\/product_tag?post=23418"}],"curies":[{"name":"wp","href":"https:\/\/api.w.org\/{rel}","templated":true}]}}