{"id":23412,"date":"2021-09-23T03:09:15","date_gmt":"2021-09-23T03:09:15","guid":{"rendered":"https:\/\/ztsports.com\/?post_type=product&#038;p=23412"},"modified":"2026-05-02T17:18:28","modified_gmt":"2026-05-02T17:18:28","slug":"roulements-bionic-swiss","status":"publish","type":"product","link":"https:\/\/ztsports.com\/fr\/store\/roulements-bionic-swiss\/","title":{"rendered":"Roulements Bionic Swiss 8MM16-PACK"},"content":{"rendered":"<h1 data-rm-block-id=\"block-1\">Roulements Bionic Swiss 8mm &#8211; Pack de 16<\/h1>\n<p data-rm-block-id=\"block-2\">Le pack de 16 roulements Bionic Swiss 8mm utilise des billes en titane. Ils sont \u00e9quip\u00e9s de protections (shields) pour prot\u00e9ger les parties internes du roulement contre la poussi\u00e8re et les liquides.<\/p>\n<p data-rm-block-id=\"block-3\">Ces protections aident \u00e9galement \u00e0 contenir le lubrifiant \u00e0 l\u2019int\u00e9rieur du roulement. Elles sont fix\u00e9es \u00e0 l\u2019anneau ext\u00e9rieur et disposent d\u2019un joint non frottant sur l\u2019anneau int\u00e9rieur.<\/p>\n<p data-rm-block-id=\"block-4\">De plus, aucun rodage n\u2019est n\u00e9cessaire. Les roulements utilisent des billes en titane et une cage en Delrin renforc\u00e9e \u00e0 20\u202f% en verre, avec des rainures profondes pour une durabilit\u00e9 accrue et un entretien r\u00e9duit.<\/p>\n<div>\n<h3 data-rm-block-id=\"block-5\">Que signifient les roulements Swiss ?<\/h3>\n<p data-rm-block-id=\"block-6\">Vitesse accrue : <strong>les roulements Swiss offrent un niveau de pr\u00e9cision sup\u00e9rieur et une finition plus lisse que les roulements classiques<\/strong>, ce qui r\u00e9duit les frottements et permet d\u2019atteindre des vitesses plus \u00e9lev\u00e9es.<br \/>\nLong\u00e9vit\u00e9 : les roulements Swiss sont fabriqu\u00e9s \u00e0 partir de mat\u00e9riaux de haute qualit\u00e9, ce qui leur permet de durer plus longtemps, m\u00eame en cas d\u2019usage intensif.<\/p>\n<h1 data-rm-block-id=\"block-7\">Roulements Bionic Swiss<\/h1>\n<\/div>\n<p data-rm-block-id=\"block-8\">Pour en savoir plus, consultez ce <a href=\"https:\/\/www.devaskation.com\/what-are-swiss-bearings\/\" target=\"_blank\" rel=\"noopener\"><strong>excellent article de blog sur les roulements Swiss<\/strong><\/a>.<\/p>\n<p data-rm-block-id=\"block-9\">Enfin, vous pouvez consulter et <a href=\"https:\/\/ztsports.com\/product-category\/patinage-de-vitesse-en-ligne\/bearings\/\"><strong>comparer tous nos roulements ici<\/strong><\/a>.<\/p>\n","protected":false},"excerpt":{"rendered":"<p>Roulements Bionic Swiss 8mm &#8211; Pack de 16 Le pack de 16 roulements Bionic Swiss 8mm utilise des billes en titane. Ils sont \u00e9quip\u00e9s de protections (shields) pour prot\u00e9ger les parties internes du roulement contre la poussi\u00e8re et les liquides. Ces protections aident \u00e9galement \u00e0 contenir le lubrifiant \u00e0 l\u2019int\u00e9rieur du roulement. Elles sont fix\u00e9es [&hellip;]<\/p>\n","protected":false},"featured_media":23408,"comment_status":"open","ping_status":"closed","template":"","meta":{"_acf_changed":false,"_monsterinsights_skip_tracking":false,"_monsterinsights_sitenote_active":false,"_monsterinsights_sitenote_note":"","_monsterinsights_sitenote_category":0,"_uf_show_specific_survey":0,"_uf_disable_surveys":false,"site-sidebar-layout":"default","site-content-layout":"","ast-site-content-layout":"default","site-content-style":"default","site-sidebar-style":"default","ast-global-header-display":"","ast-banner-title-visibility":"","ast-main-header-display":"","ast-hfb-above-header-display":"","ast-hfb-below-header-display":"","ast-hfb-mobile-header-display":"","site-post-title":"","ast-breadcrumbs-content":"","ast-featured-img":"","footer-sml-layout":"","ast-disable-related-posts":"","theme-transparent-header-meta":"default","adv-header-id-meta":"","stick-header-meta":"","header-above-stick-meta":"","header-main-stick-meta":"","header-below-stick-meta":"","astra-migrate-meta-layouts":"set","ast-page-background-enabled":"default","ast-page-background-meta":{"desktop":{"background-color":"","background-image":"","background-repeat":"repeat","background-position":"center center","background-size":"auto","background-attachment":"scroll","background-type":"","background-media":"","overlay-type":"","overlay-color":"","overlay-opacity":"","overlay-gradient":""},"tablet":{"background-color":"","background-image":"","background-repeat":"repeat","background-position":"center center","background-size":"auto","background-attachment":"scroll","background-type":"","background-media":"","overlay-type":"","overlay-color":"","overlay-opacity":"","overlay-gradient":""},"mobile":{"background-color":"","background-image":"","background-repeat":"repeat","background-position":"center center","background-size":"auto","background-attachment":"scroll","background-type":"","background-media":"","overlay-type":"","overlay-color":"","overlay-opacity":"","overlay-gradient":""}},"ast-content-background-meta":{"desktop":{"background-color":"var(--ast-global-color-5)","background-image":"","background-repeat":"repeat","background-position":"center center","background-size":"auto","background-attachment":"scroll","background-type":"","background-media":"","overlay-type":"","overlay-color":"","overlay-opacity":"","overlay-gradient":""},"tablet":{"background-color":"var(--ast-global-color-5)","background-image":"","background-repeat":"repeat","background-position":"center center","background-size":"auto","background-attachment":"scroll","background-type":"","background-media":"","overlay-type":"","overlay-color":"","overlay-opacity":"","overlay-gradient":""},"mobile":{"background-color":"var(--ast-global-color-5)","background-image":"","background-repeat":"repeat","background-position":"center center","background-size":"auto","background-attachment":"scroll","background-type":"","background-media":"","overlay-type":"","overlay-color":"","overlay-opacity":"","overlay-gradient":""}}},"product_brand":[],"product_cat":[3381],"product_tag":[],"class_list":{"0":"post-23412","1":"product","2":"type-product","3":"status-publish","4":"has-post-thumbnail","6":"product_cat-patinage-de-vitesse-en-ligne","7":"desktop-align-left","8":"tablet-align-left","9":"mobile-align-left","11":"first","12":"instock","13":"sale","14":"taxable","15":"shipping-taxable","16":"purchasable","17":"product-type-simple"},"acf":[],"_links":{"self":[{"href":"https:\/\/ztsports.com\/fr\/wp-json\/wp\/v2\/product\/23412","targetHints":{"allow":["GET"]}}],"collection":[{"href":"https:\/\/ztsports.com\/fr\/wp-json\/wp\/v2\/product"}],"about":[{"href":"https:\/\/ztsports.com\/fr\/wp-json\/wp\/v2\/types\/product"}],"replies":[{"embeddable":true,"href":"https:\/\/ztsports.com\/fr\/wp-json\/wp\/v2\/comments?post=23412"}],"version-history":[{"count":4,"href":"https:\/\/ztsports.com\/fr\/wp-json\/wp\/v2\/product\/23412\/revisions"}],"predecessor-version":[{"id":25843,"href":"https:\/\/ztsports.com\/fr\/wp-json\/wp\/v2\/product\/23412\/revisions\/25843"}],"wp:featuredmedia":[{"embeddable":true,"href":"https:\/\/ztsports.com\/fr\/wp-json\/wp\/v2\/media\/23408"}],"wp:attachment":[{"href":"https:\/\/ztsports.com\/fr\/wp-json\/wp\/v2\/media?parent=23412"}],"wp:term":[{"taxonomy":"product_brand","embeddable":true,"href":"https:\/\/ztsports.com\/fr\/wp-json\/wp\/v2\/product_brand?post=23412"},{"taxonomy":"product_cat","embeddable":true,"href":"https:\/\/ztsports.com\/fr\/wp-json\/wp\/v2\/product_cat?post=23412"},{"taxonomy":"product_tag","embeddable":true,"href":"https:\/\/ztsports.com\/fr\/wp-json\/wp\/v2\/product_tag?post=23412"}],"curies":[{"name":"wp","href":"https:\/\/api.w.org\/{rel}","templated":true}]}}