{"id":23406,"date":"2021-09-23T03:09:16","date_gmt":"2021-09-23T03:09:16","guid":{"rendered":"https:\/\/ztsports.com\/?post_type=product&#038;p=23406"},"modified":"2026-03-09T09:14:16","modified_gmt":"2026-03-09T09:14:16","slug":"bionic-abec-7-8mm-skate-bearings","status":"publish","type":"product","link":"https:\/\/ztsports.com\/fr\/store\/bionic-abec-7-8mm-skate-bearings\/","title":{"rendered":"Bionic ABEC 7 8mm skate bearings"},"content":{"rendered":"<h1>Roulements Bionic ABEC-7 8mm pour patins<\/h1>\n<p>Les roulements Bionic ABEC-7 8mm sont lubrifi\u00e9s avec de l\u2019huile sp\u00e9ciale vitesse et ne n\u00e9cessitent aucune p\u00e9riode de rodage. De plus, leur cage est renforc\u00e9e en Delrin pour plus de durabilit\u00e9.<\/p>\n<p>Que vous soyez d\u00e9butant ou patineur confirm\u00e9, trouvez les <em>roulements<\/em> parfaits pour am\u00e9liorer votre glisse. Achetez d\u00e8s maintenant et profitez d\u2019une exp\u00e9rience de patinage plus fluide et plus rapide avec les roulements Bionic ABEC-7.<\/p>\n<p>(Vendus par lot de 16)<\/p>\n<div>\n<h3>Que signifie ABEC 7 ?<\/h3>\n<p>La norme ABEC comprend cinq classes de tol\u00e9rance : 1, 3, 5, 7 et 9, 1 \u00e9tant la plus large et 9 la plus pr\u00e9cise. Ainsi, les roulements avec une cote ABEC plus \u00e9lev\u00e9e ont des tol\u00e9rances plus serr\u00e9es, ce qui signifie <strong>meilleure pr\u00e9cision, efficacit\u00e9 accrue et capacit\u00e9 \u00e0 supporter des applications \u00e0 grande vitesse<\/strong>.<\/p>\n<\/div>\n<h3>Diff\u00e9rence entre <a href=\"https:\/\/learnanydifference.com\/difference-between-abec-5-and-abec-7-with-table\/\" target=\"_blank\" rel=\"noopener\">ABEC 5 et ABEC 7<\/a><\/h3>\n<p>Enfin, vous pouvez consulter et comparer tous nos <a href=\"https:\/\/ztsports.com\/product-category\/patinage-de-vitesse-en-ligne\/bearings\/\"><strong>roulements ici<\/strong><\/a>.<\/p>\n","protected":false},"excerpt":{"rendered":"<p>Roulements Bionic ABEC-7 8mm pour patins Les roulements Bionic ABEC-7 8mm sont lubrifi\u00e9s avec de l\u2019huile sp\u00e9ciale vitesse et ne n\u00e9cessitent aucune p\u00e9riode de rodage. De plus, leur cage est renforc\u00e9e en Delrin pour plus de durabilit\u00e9. Que vous soyez d\u00e9butant ou patineur confirm\u00e9, trouvez les roulements parfaits pour am\u00e9liorer votre glisse. Achetez d\u00e8s maintenant [&hellip;]<\/p>\n","protected":false},"featured_media":23403,"comment_status":"open","ping_status":"closed","template":"","meta":{"_acf_changed":false,"_monsterinsights_skip_tracking":false,"_monsterinsights_sitenote_active":false,"_monsterinsights_sitenote_note":"","_monsterinsights_sitenote_category":0,"_uf_show_specific_survey":0,"_uf_disable_surveys":false,"site-sidebar-layout":"default","site-content-layout":"","ast-site-content-layout":"default","site-content-style":"default","site-sidebar-style":"default","ast-global-header-display":"","ast-banner-title-visibility":"","ast-main-header-display":"","ast-hfb-above-header-display":"","ast-hfb-below-header-display":"","ast-hfb-mobile-header-display":"","site-post-title":"","ast-breadcrumbs-content":"","ast-featured-img":"","footer-sml-layout":"","ast-disable-related-posts":"","theme-transparent-header-meta":"default","adv-header-id-meta":"","stick-header-meta":"","header-above-stick-meta":"","header-main-stick-meta":"","header-below-stick-meta":"","astra-migrate-meta-layouts":"set","ast-page-background-enabled":"default","ast-page-background-meta":{"desktop":{"background-color":"","background-image":"","background-repeat":"repeat","background-position":"center center","background-size":"auto","background-attachment":"scroll","background-type":"","background-media":"","overlay-type":"","overlay-color":"","overlay-opacity":"","overlay-gradient":""},"tablet":{"background-color":"","background-image":"","background-repeat":"repeat","background-position":"center center","background-size":"auto","background-attachment":"scroll","background-type":"","background-media":"","overlay-type":"","overlay-color":"","overlay-opacity":"","overlay-gradient":""},"mobile":{"background-color":"","background-image":"","background-repeat":"repeat","background-position":"center center","background-size":"auto","background-attachment":"scroll","background-type":"","background-media":"","overlay-type":"","overlay-color":"","overlay-opacity":"","overlay-gradient":""}},"ast-content-background-meta":{"desktop":{"background-color":"var(--ast-global-color-5)","background-image":"","background-repeat":"repeat","background-position":"center center","background-size":"auto","background-attachment":"scroll","background-type":"","background-media":"","overlay-type":"","overlay-color":"","overlay-opacity":"","overlay-gradient":""},"tablet":{"background-color":"var(--ast-global-color-5)","background-image":"","background-repeat":"repeat","background-position":"center center","background-size":"auto","background-attachment":"scroll","background-type":"","background-media":"","overlay-type":"","overlay-color":"","overlay-opacity":"","overlay-gradient":""},"mobile":{"background-color":"var(--ast-global-color-5)","background-image":"","background-repeat":"repeat","background-position":"center center","background-size":"auto","background-attachment":"scroll","background-type":"","background-media":"","overlay-type":"","overlay-color":"","overlay-opacity":"","overlay-gradient":""}}},"product_brand":[3280],"product_cat":[3378],"product_tag":[],"class_list":{"0":"post-23406","1":"product","2":"type-product","3":"status-publish","4":"has-post-thumbnail","6":"product_brand-bionic","7":"product_cat-non-categorise","8":"desktop-align-left","9":"tablet-align-left","10":"mobile-align-left","12":"first","13":"instock","14":"sale","15":"taxable","16":"shipping-taxable","17":"purchasable","18":"product-type-simple"},"acf":[],"_links":{"self":[{"href":"https:\/\/ztsports.com\/fr\/wp-json\/wp\/v2\/product\/23406","targetHints":{"allow":["GET"]}}],"collection":[{"href":"https:\/\/ztsports.com\/fr\/wp-json\/wp\/v2\/product"}],"about":[{"href":"https:\/\/ztsports.com\/fr\/wp-json\/wp\/v2\/types\/product"}],"replies":[{"embeddable":true,"href":"https:\/\/ztsports.com\/fr\/wp-json\/wp\/v2\/comments?post=23406"}],"version-history":[{"count":1,"href":"https:\/\/ztsports.com\/fr\/wp-json\/wp\/v2\/product\/23406\/revisions"}],"predecessor-version":[{"id":23407,"href":"https:\/\/ztsports.com\/fr\/wp-json\/wp\/v2\/product\/23406\/revisions\/23407"}],"wp:featuredmedia":[{"embeddable":true,"href":"https:\/\/ztsports.com\/fr\/wp-json\/wp\/v2\/media\/23403"}],"wp:attachment":[{"href":"https:\/\/ztsports.com\/fr\/wp-json\/wp\/v2\/media?parent=23406"}],"wp:term":[{"taxonomy":"product_brand","embeddable":true,"href":"https:\/\/ztsports.com\/fr\/wp-json\/wp\/v2\/product_brand?post=23406"},{"taxonomy":"product_cat","embeddable":true,"href":"https:\/\/ztsports.com\/fr\/wp-json\/wp\/v2\/product_cat?post=23406"},{"taxonomy":"product_tag","embeddable":true,"href":"https:\/\/ztsports.com\/fr\/wp-json\/wp\/v2\/product_tag?post=23406"}],"curies":[{"name":"wp","href":"https:\/\/api.w.org\/{rel}","templated":true}]}}