{"id":23399,"date":"2021-09-23T03:09:16","date_gmt":"2021-09-23T03:09:16","guid":{"rendered":"https:\/\/ztsports.com\/?post_type=product&#038;p=23399"},"modified":"2026-03-09T09:12:47","modified_gmt":"2026-03-09T09:12:47","slug":"bionic-abec-5-bearing-8mm-inline-and-roller","status":"publish","type":"product","link":"https:\/\/ztsports.com\/fr\/store\/bionic-abec-5-bearing-8mm-inline-and-roller\/","title":{"rendered":"Bionic Abec 5 Bearing 8mm Inline and Roller"},"content":{"rendered":"<h1>Roulements Bionic ABEC 5 8mm<\/h1>\n<p>Le roulement Bionic ABEC 5 8mm offre un roulement fluide et ne n\u00e9cessite aucune p\u00e9riode de rodage. De plus, les roulements Bionic ABEC-5 poss\u00e8dent des pistes en acier chrom\u00e9 tremp\u00e9, un bouclier simple non contact pour un entretien facile, ainsi que des rainures profondes et ne n\u00e9cessitent aucun rodage.<\/p>\n<p><em>Roulements ABEC 5<\/em> \u2013 des roulements de pr\u00e9cision de qualit\u00e9 \u00e0 un excellent prix. Fournis par lot de 16&#8230; <em>Roulements Bionic<\/em>.<\/p>\n<div>\n<h4>Qu\u2019est-ce que la cote ABEC 5 ?<\/h4>\n<p>Les roulements \u00e0 billes de pr\u00e9cision de grades ABEC-5 et ABEC-7 sont <strong>recommand\u00e9s pour les applications n\u00e9cessitant une grande vitesse et\/ou une pr\u00e9cision extr\u00eame<\/strong>.<\/p>\n<\/div>\n<p>Quelle est la diff\u00e9rence entre <a href=\"https:\/\/learnanydifference.com\/difference-between-abec-5-and-abec-7-with-table\/\" target=\"_blank\" rel=\"noopener\">ABEC 5 et ABEC 7<\/a> ?<\/p>\n<p>Enfin, vous pouvez consulter et comparer tous nos <a href=\"https:\/\/ztsports.com\/product-category\/patinage-de-vitesse-en-ligne\/bearings\/\"><strong>roulements ici<\/strong><\/a>.<\/p>\n<div><img decoding=\"async\" src=\"https:\/\/encrypted-tbn0.gstatic.com\/images?q=tbn:ANd9GcSGTtJHZ21w-dZx4Y5DoLgWjIDe8HwNRGm0VwFt6RG30A&amp;s\" alt=\"Roulements de pr\u00e9cision ABEC 5 et ABEC 7 | SKF\" \/><\/div>\n","protected":false},"excerpt":{"rendered":"<p>Roulements Bionic ABEC 5 8mm Le roulement Bionic ABEC 5 8mm offre un roulement fluide et ne n\u00e9cessite aucune p\u00e9riode de rodage. De plus, les roulements Bionic ABEC-5 poss\u00e8dent des pistes en acier chrom\u00e9 tremp\u00e9, un bouclier simple non contact pour un entretien facile, ainsi que des rainures profondes et ne n\u00e9cessitent aucun rodage. Roulements [&hellip;]<\/p>\n","protected":false},"featured_media":23397,"comment_status":"open","ping_status":"closed","template":"","meta":{"_acf_changed":false,"_monsterinsights_skip_tracking":false,"_monsterinsights_sitenote_active":false,"_monsterinsights_sitenote_note":"","_monsterinsights_sitenote_category":0,"_uf_show_specific_survey":0,"_uf_disable_surveys":false,"site-sidebar-layout":"default","site-content-layout":"","ast-site-content-layout":"default","site-content-style":"default","site-sidebar-style":"default","ast-global-header-display":"","ast-banner-title-visibility":"","ast-main-header-display":"","ast-hfb-above-header-display":"","ast-hfb-below-header-display":"","ast-hfb-mobile-header-display":"","site-post-title":"","ast-breadcrumbs-content":"","ast-featured-img":"","footer-sml-layout":"","ast-disable-related-posts":"","theme-transparent-header-meta":"default","adv-header-id-meta":"","stick-header-meta":"","header-above-stick-meta":"","header-main-stick-meta":"","header-below-stick-meta":"","astra-migrate-meta-layouts":"set","ast-page-background-enabled":"default","ast-page-background-meta":{"desktop":{"background-color":"","background-image":"","background-repeat":"repeat","background-position":"center center","background-size":"auto","background-attachment":"scroll","background-type":"","background-media":"","overlay-type":"","overlay-color":"","overlay-opacity":"","overlay-gradient":""},"tablet":{"background-color":"","background-image":"","background-repeat":"repeat","background-position":"center center","background-size":"auto","background-attachment":"scroll","background-type":"","background-media":"","overlay-type":"","overlay-color":"","overlay-opacity":"","overlay-gradient":""},"mobile":{"background-color":"","background-image":"","background-repeat":"repeat","background-position":"center center","background-size":"auto","background-attachment":"scroll","background-type":"","background-media":"","overlay-type":"","overlay-color":"","overlay-opacity":"","overlay-gradient":""}},"ast-content-background-meta":{"desktop":{"background-color":"var(--ast-global-color-5)","background-image":"","background-repeat":"repeat","background-position":"center center","background-size":"auto","background-attachment":"scroll","background-type":"","background-media":"","overlay-type":"","overlay-color":"","overlay-opacity":"","overlay-gradient":""},"tablet":{"background-color":"var(--ast-global-color-5)","background-image":"","background-repeat":"repeat","background-position":"center center","background-size":"auto","background-attachment":"scroll","background-type":"","background-media":"","overlay-type":"","overlay-color":"","overlay-opacity":"","overlay-gradient":""},"mobile":{"background-color":"var(--ast-global-color-5)","background-image":"","background-repeat":"repeat","background-position":"center center","background-size":"auto","background-attachment":"scroll","background-type":"","background-media":"","overlay-type":"","overlay-color":"","overlay-opacity":"","overlay-gradient":""}}},"product_brand":[3280],"product_cat":[3378],"product_tag":[],"class_list":{"0":"post-23399","1":"product","2":"type-product","3":"status-publish","4":"has-post-thumbnail","6":"product_brand-bionic","7":"product_cat-non-categorise","8":"desktop-align-left","9":"tablet-align-left","10":"mobile-align-left","12":"first","13":"instock","14":"taxable","15":"shipping-taxable","16":"purchasable","17":"product-type-simple"},"acf":[],"_links":{"self":[{"href":"https:\/\/ztsports.com\/fr\/wp-json\/wp\/v2\/product\/23399","targetHints":{"allow":["GET"]}}],"collection":[{"href":"https:\/\/ztsports.com\/fr\/wp-json\/wp\/v2\/product"}],"about":[{"href":"https:\/\/ztsports.com\/fr\/wp-json\/wp\/v2\/types\/product"}],"replies":[{"embeddable":true,"href":"https:\/\/ztsports.com\/fr\/wp-json\/wp\/v2\/comments?post=23399"}],"version-history":[{"count":3,"href":"https:\/\/ztsports.com\/fr\/wp-json\/wp\/v2\/product\/23399\/revisions"}],"predecessor-version":[{"id":23402,"href":"https:\/\/ztsports.com\/fr\/wp-json\/wp\/v2\/product\/23399\/revisions\/23402"}],"wp:featuredmedia":[{"embeddable":true,"href":"https:\/\/ztsports.com\/fr\/wp-json\/wp\/v2\/media\/23397"}],"wp:attachment":[{"href":"https:\/\/ztsports.com\/fr\/wp-json\/wp\/v2\/media?parent=23399"}],"wp:term":[{"taxonomy":"product_brand","embeddable":true,"href":"https:\/\/ztsports.com\/fr\/wp-json\/wp\/v2\/product_brand?post=23399"},{"taxonomy":"product_cat","embeddable":true,"href":"https:\/\/ztsports.com\/fr\/wp-json\/wp\/v2\/product_cat?post=23399"},{"taxonomy":"product_tag","embeddable":true,"href":"https:\/\/ztsports.com\/fr\/wp-json\/wp\/v2\/product_tag?post=23399"}],"curies":[{"name":"wp","href":"https:\/\/api.w.org\/{rel}","templated":true}]}}