{"id":23395,"date":"2021-09-23T03:09:17","date_gmt":"2021-09-23T03:09:17","guid":{"rendered":"https:\/\/ztsports.com\/?post_type=product&#038;p=23395"},"modified":"2026-05-03T04:18:44","modified_gmt":"2026-05-03T04:18:44","slug":"bont-g3-110mm-84a-2","status":"publish","type":"product","link":"https:\/\/ztsports.com\/fr\/store\/bont-g3-110mm-84a-2\/","title":{"rendered":"BONT G3 110mm 84A"},"content":{"rendered":"<h1 data-rm-block-id=\"block-1\">BONT G3 110mm 84A<\/h1>\n<p data-rm-block-id=\"block-2\">La BONT G3 110mm 84A a \u00e9t\u00e9 d\u00e9velopp\u00e9e au d\u00e9but des ann\u00e9es 2000. La formule chimique du polyur\u00e9thane utilis\u00e9 par Bont permet de fabriquer des roues pour les \u00e9quipes professionnelles. Premier point positif : ce mod\u00e8le est produit aux \u00c9tats-Unis et non \u00e0 l\u2019\u00e9tranger.<\/p>\n<p data-rm-block-id=\"block-3\"><strong>Description BONT G3 110mm<\/strong><\/p>\n<p data-rm-block-id=\"block-4\">La roue Bont G3 110 mm est \u00e9quip\u00e9e d\u2019un noyau blanc avec 8 rayons concaves d\u2019environ 70 mm de diam\u00e8tre. De plus, les branches sont l\u00e9g\u00e8rement plus profondes au centre pour favoriser la flexion et offrir un peu plus de souplesse. Ce type de configuration am\u00e9liore notamment l\u2019adh\u00e9rence dans les virages et sur la piste en offrant une plus grande surface de contact au sol.<\/p>\n<p data-rm-block-id=\"block-5\">En outre, l\u2019over-core, \u00e9galement blanc, est assez g\u00e9n\u00e9reux. La G3 contient beaucoup de polyur\u00e9thane, ce qui augmente le confort et l\u2019inertie, au d\u00e9triment de la rigidit\u00e9.<\/p>\n<p data-rm-block-id=\"block-6\">Comme la G3 \u00e9quipe de nombreux patins de s\u00e9rie, Bont a r\u00e9ussi \u00e0 r\u00e9duire le co\u00fbt de production. Elle est donc propos\u00e9e \u00e0 un prix attractif de 12,00 $, ce qui est vraiment bas pour une roue de ce diam\u00e8tre, alors que les prix oscillent g\u00e9n\u00e9ralement entre 18,00 $ et 29,00 $.<\/p>\n<p data-rm-block-id=\"block-7\">Dans l\u2019ensemble, c\u2019est une excellente roue \u00e9conomique pour l\u2019entra\u00eenement ou une utilisation sur routes rugueuses.<\/p>\n<p data-rm-block-id=\"block-8\">Voici un <a href=\"https:\/\/www.rollerenligne.com\/en\/materiel\/test-bont-wheels-g3-110-mm-84a\/\" target=\"_blank\" rel=\"noopener\"><strong>test<\/strong><\/a> r\u00e9alis\u00e9 sur les roues Bont G3 110mm.<\/p>\n<p data-rm-block-id=\"block-9\"><strong>Enfin, vous pouvez consulter toutes nos <a href=\"https:\/\/ztsports.com\/fr\/product-category\/patinage-de-vitesse-en-ligne\/roues\/\">roues de patinage en ligne<\/a> ici.<\/strong><\/p>\n","protected":false},"excerpt":{"rendered":"<p>BONT G3 110mm 84A La BONT G3 110mm 84A a \u00e9t\u00e9 d\u00e9velopp\u00e9e au d\u00e9but des ann\u00e9es 2000. La formule chimique du polyur\u00e9thane utilis\u00e9 par Bont permet de fabriquer des roues pour les \u00e9quipes professionnelles. Premier point positif : ce mod\u00e8le est produit aux \u00c9tats-Unis et non \u00e0 l\u2019\u00e9tranger. Description BONT G3 110mm La roue Bont [&hellip;]<\/p>\n","protected":false},"featured_media":23391,"comment_status":"open","ping_status":"closed","template":"","meta":{"_acf_changed":false,"_monsterinsights_skip_tracking":false,"_monsterinsights_sitenote_active":false,"_monsterinsights_sitenote_note":"","_monsterinsights_sitenote_category":0,"_uf_show_specific_survey":0,"_uf_disable_surveys":false,"site-sidebar-layout":"default","site-content-layout":"","ast-site-content-layout":"default","site-content-style":"default","site-sidebar-style":"default","ast-global-header-display":"","ast-banner-title-visibility":"","ast-main-header-display":"","ast-hfb-above-header-display":"","ast-hfb-below-header-display":"","ast-hfb-mobile-header-display":"","site-post-title":"","ast-breadcrumbs-content":"","ast-featured-img":"","footer-sml-layout":"","ast-disable-related-posts":"","theme-transparent-header-meta":"default","adv-header-id-meta":"","stick-header-meta":"","header-above-stick-meta":"","header-main-stick-meta":"","header-below-stick-meta":"","astra-migrate-meta-layouts":"set","ast-page-background-enabled":"default","ast-page-background-meta":{"desktop":{"background-color":"","background-image":"","background-repeat":"repeat","background-position":"center center","background-size":"auto","background-attachment":"scroll","background-type":"","background-media":"","overlay-type":"","overlay-color":"","overlay-opacity":"","overlay-gradient":""},"tablet":{"background-color":"","background-image":"","background-repeat":"repeat","background-position":"center center","background-size":"auto","background-attachment":"scroll","background-type":"","background-media":"","overlay-type":"","overlay-color":"","overlay-opacity":"","overlay-gradient":""},"mobile":{"background-color":"","background-image":"","background-repeat":"repeat","background-position":"center center","background-size":"auto","background-attachment":"scroll","background-type":"","background-media":"","overlay-type":"","overlay-color":"","overlay-opacity":"","overlay-gradient":""}},"ast-content-background-meta":{"desktop":{"background-color":"var(--ast-global-color-5)","background-image":"","background-repeat":"repeat","background-position":"center center","background-size":"auto","background-attachment":"scroll","background-type":"","background-media":"","overlay-type":"","overlay-color":"","overlay-opacity":"","overlay-gradient":""},"tablet":{"background-color":"var(--ast-global-color-5)","background-image":"","background-repeat":"repeat","background-position":"center center","background-size":"auto","background-attachment":"scroll","background-type":"","background-media":"","overlay-type":"","overlay-color":"","overlay-opacity":"","overlay-gradient":""},"mobile":{"background-color":"var(--ast-global-color-5)","background-image":"","background-repeat":"repeat","background-position":"center center","background-size":"auto","background-attachment":"scroll","background-type":"","background-media":"","overlay-type":"","overlay-color":"","overlay-opacity":"","overlay-gradient":""}}},"product_brand":[],"product_cat":[3381,3382],"product_tag":[4747,4749,4748],"class_list":{"0":"post-23395","1":"product","2":"type-product","3":"status-publish","4":"has-post-thumbnail","6":"product_cat-patinage-de-vitesse-en-ligne","7":"product_cat-roues","8":"product_tag-bont-g3-110mm","9":"product_tag-inline","10":"product_tag-speed","11":"desktop-align-left","12":"tablet-align-left","13":"mobile-align-left","15":"first","16":"instock","17":"taxable","18":"shipping-taxable","19":"purchasable","20":"product-type-simple"},"acf":[],"_links":{"self":[{"href":"https:\/\/ztsports.com\/fr\/wp-json\/wp\/v2\/product\/23395","targetHints":{"allow":["GET"]}}],"collection":[{"href":"https:\/\/ztsports.com\/fr\/wp-json\/wp\/v2\/product"}],"about":[{"href":"https:\/\/ztsports.com\/fr\/wp-json\/wp\/v2\/types\/product"}],"replies":[{"embeddable":true,"href":"https:\/\/ztsports.com\/fr\/wp-json\/wp\/v2\/comments?post=23395"}],"version-history":[{"count":3,"href":"https:\/\/ztsports.com\/fr\/wp-json\/wp\/v2\/product\/23395\/revisions"}],"predecessor-version":[{"id":25854,"href":"https:\/\/ztsports.com\/fr\/wp-json\/wp\/v2\/product\/23395\/revisions\/25854"}],"wp:featuredmedia":[{"embeddable":true,"href":"https:\/\/ztsports.com\/fr\/wp-json\/wp\/v2\/media\/23391"}],"wp:attachment":[{"href":"https:\/\/ztsports.com\/fr\/wp-json\/wp\/v2\/media?parent=23395"}],"wp:term":[{"taxonomy":"product_brand","embeddable":true,"href":"https:\/\/ztsports.com\/fr\/wp-json\/wp\/v2\/product_brand?post=23395"},{"taxonomy":"product_cat","embeddable":true,"href":"https:\/\/ztsports.com\/fr\/wp-json\/wp\/v2\/product_cat?post=23395"},{"taxonomy":"product_tag","embeddable":true,"href":"https:\/\/ztsports.com\/fr\/wp-json\/wp\/v2\/product_tag?post=23395"}],"curies":[{"name":"wp","href":"https:\/\/api.w.org\/{rel}","templated":true}]}}