{"id":23389,"date":"2021-09-23T03:09:19","date_gmt":"2021-09-23T03:09:19","guid":{"rendered":"https:\/\/ztsports.com\/?post_type=product&#038;p=23389"},"modified":"2026-05-03T04:05:22","modified_gmt":"2026-05-03T04:05:22","slug":"gyro-mercury-f2-110mm-2","status":"publish","type":"product","link":"https:\/\/ztsports.com\/fr\/store\/gyro-mercury-f2-110mm-2\/","title":{"rendered":"GYRO MERCURY F2-110mm"},"content":{"rendered":"<h1 data-rm-block-id=\"block-1\">GYRO MERCURY F2 &#8211; 110mm INLINE SPEED<\/h1>\n<p data-rm-block-id=\"block-2\">La GYRO MERCURY F2 110mm est id\u00e9ale pour les courses en INLINE. Il est important de choisir des roues qui garantissent \u00e0 la fois un prix raisonnable et une haute qualit\u00e9 (structure de moyeu s\u00e9curis\u00e9e). Ces roues haut de gamme ont \u00e9t\u00e9 d\u00e9velopp\u00e9es dans le laboratoire GYRO et test\u00e9es par des patineurs professionnels de course GYRO.<\/p>\n<p data-rm-block-id=\"block-3\">Cette nouvelle version dispose d\u2019une formulation am\u00e9lior\u00e9e de polyur\u00e9thane combinant des mat\u00e9riaux import\u00e9s des \u00c9tats-Unis et d\u2019Allemagne. Tr\u00e8s populaire, elle est RAPIDE et CHAUDE !<\/p>\n<p data-rm-block-id=\"block-4\">En outre, voici un <a href=\"https:\/\/www.inlineplanet.com\/2007-05\/gyro.html\" target=\"_blank\" rel=\"noopener\">avis<\/a> provenant du <strong>blog Inline Planet<\/strong>.<\/p>\n<p data-rm-block-id=\"block-5\">Vous pouvez voir toutes nos <a href=\"https:\/\/ztsports.com\/fr\/product-category\/patinage-de-vitesse-en-ligne\/roues\/\">roues de patinage en ligne<\/a> ici.<\/p>\n","protected":false},"excerpt":{"rendered":"<p>GYRO MERCURY F2 &#8211; 110mm INLINE SPEED La GYRO MERCURY F2 110mm est id\u00e9ale pour les courses en INLINE. Il est important de choisir des roues qui garantissent \u00e0 la fois un prix raisonnable et une haute qualit\u00e9 (structure de moyeu s\u00e9curis\u00e9e). Ces roues haut de gamme ont \u00e9t\u00e9 d\u00e9velopp\u00e9es dans le laboratoire GYRO et [&hellip;]<\/p>\n","protected":false},"featured_media":23388,"comment_status":"open","ping_status":"closed","template":"","meta":{"_acf_changed":false,"_monsterinsights_skip_tracking":false,"_monsterinsights_sitenote_active":false,"_monsterinsights_sitenote_note":"","_monsterinsights_sitenote_category":0,"_uf_show_specific_survey":0,"_uf_disable_surveys":false,"site-sidebar-layout":"default","site-content-layout":"","ast-site-content-layout":"default","site-content-style":"default","site-sidebar-style":"default","ast-global-header-display":"","ast-banner-title-visibility":"","ast-main-header-display":"","ast-hfb-above-header-display":"","ast-hfb-below-header-display":"","ast-hfb-mobile-header-display":"","site-post-title":"","ast-breadcrumbs-content":"","ast-featured-img":"","footer-sml-layout":"","ast-disable-related-posts":"","theme-transparent-header-meta":"default","adv-header-id-meta":"","stick-header-meta":"","header-above-stick-meta":"","header-main-stick-meta":"","header-below-stick-meta":"","astra-migrate-meta-layouts":"set","ast-page-background-enabled":"default","ast-page-background-meta":{"desktop":{"background-color":"","background-image":"","background-repeat":"repeat","background-position":"center center","background-size":"auto","background-attachment":"scroll","background-type":"","background-media":"","overlay-type":"","overlay-color":"","overlay-opacity":"","overlay-gradient":""},"tablet":{"background-color":"","background-image":"","background-repeat":"repeat","background-position":"center center","background-size":"auto","background-attachment":"scroll","background-type":"","background-media":"","overlay-type":"","overlay-color":"","overlay-opacity":"","overlay-gradient":""},"mobile":{"background-color":"","background-image":"","background-repeat":"repeat","background-position":"center center","background-size":"auto","background-attachment":"scroll","background-type":"","background-media":"","overlay-type":"","overlay-color":"","overlay-opacity":"","overlay-gradient":""}},"ast-content-background-meta":{"desktop":{"background-color":"var(--ast-global-color-5)","background-image":"","background-repeat":"repeat","background-position":"center center","background-size":"auto","background-attachment":"scroll","background-type":"","background-media":"","overlay-type":"","overlay-color":"","overlay-opacity":"","overlay-gradient":""},"tablet":{"background-color":"var(--ast-global-color-5)","background-image":"","background-repeat":"repeat","background-position":"center center","background-size":"auto","background-attachment":"scroll","background-type":"","background-media":"","overlay-type":"","overlay-color":"","overlay-opacity":"","overlay-gradient":""},"mobile":{"background-color":"var(--ast-global-color-5)","background-image":"","background-repeat":"repeat","background-position":"center center","background-size":"auto","background-attachment":"scroll","background-type":"","background-media":"","overlay-type":"","overlay-color":"","overlay-opacity":"","overlay-gradient":""}}},"product_brand":[],"product_cat":[3381,3382],"product_tag":[3385,3386],"class_list":{"0":"post-23389","1":"product","2":"type-product","3":"status-publish","4":"has-post-thumbnail","6":"product_cat-patinage-de-vitesse-en-ligne","7":"product_cat-roues","8":"product_tag-en-ligne","9":"product_tag-roue-de-course-en-ligne","10":"desktop-align-left","11":"tablet-align-left","12":"mobile-align-left","14":"first","15":"instock","16":"taxable","17":"shipping-taxable","18":"purchasable","19":"product-type-simple"},"acf":[],"_links":{"self":[{"href":"https:\/\/ztsports.com\/fr\/wp-json\/wp\/v2\/product\/23389","targetHints":{"allow":["GET"]}}],"collection":[{"href":"https:\/\/ztsports.com\/fr\/wp-json\/wp\/v2\/product"}],"about":[{"href":"https:\/\/ztsports.com\/fr\/wp-json\/wp\/v2\/types\/product"}],"replies":[{"embeddable":true,"href":"https:\/\/ztsports.com\/fr\/wp-json\/wp\/v2\/comments?post=23389"}],"version-history":[{"count":2,"href":"https:\/\/ztsports.com\/fr\/wp-json\/wp\/v2\/product\/23389\/revisions"}],"predecessor-version":[{"id":25850,"href":"https:\/\/ztsports.com\/fr\/wp-json\/wp\/v2\/product\/23389\/revisions\/25850"}],"wp:featuredmedia":[{"embeddable":true,"href":"https:\/\/ztsports.com\/fr\/wp-json\/wp\/v2\/media\/23388"}],"wp:attachment":[{"href":"https:\/\/ztsports.com\/fr\/wp-json\/wp\/v2\/media?parent=23389"}],"wp:term":[{"taxonomy":"product_brand","embeddable":true,"href":"https:\/\/ztsports.com\/fr\/wp-json\/wp\/v2\/product_brand?post=23389"},{"taxonomy":"product_cat","embeddable":true,"href":"https:\/\/ztsports.com\/fr\/wp-json\/wp\/v2\/product_cat?post=23389"},{"taxonomy":"product_tag","embeddable":true,"href":"https:\/\/ztsports.com\/fr\/wp-json\/wp\/v2\/product_tag?post=23389"}],"curies":[{"name":"wp","href":"https:\/\/api.w.org\/{rel}","templated":true}]}}