{"id":23379,"date":"2021-09-23T03:09:21","date_gmt":"2021-09-23T03:09:21","guid":{"rendered":"https:\/\/ztsports.com\/?post_type=product&#038;p=23379"},"modified":"2026-03-09T09:04:43","modified_gmt":"2026-03-09T09:04:43","slug":"matter-defcon-100mm-inline-wheel","status":"publish","type":"product","link":"https:\/\/ztsports.com\/fr\/store\/matter-defcon-100mm-inline-wheel\/","title":{"rendered":"Matter DEFCON 100mm INLINE WHEEL"},"content":{"rendered":"<h1>Matter DEFCON 100mm<\/h1>\n<p>La roue Matter DEFCON 100mm combine les excellentes propri\u00e9t\u00e9s de roulement des roues Matter Juice avec une adh\u00e9rence exceptionnelle, ce qui les rend id\u00e9ales pour les courses sur piste <strong>et<\/strong> sur route.<\/p>\n<p>La combinaison d\u2019un PU rapide, du noyau EMT et de la technologie de roue convertible (plus de PU et plus de flexibilit\u00e9) rend cette roue tr\u00e8s performante tout en offrant un confort de glisse optimal.<\/p>\n<p>Une des meilleures roues pour la comp\u00e9tition en patinage de vitesse. Les Matter DEFCON sont aujourd\u2019hui le choix num\u00e9ro un des meilleurs patineurs de vitesse.<\/p>\n<p>Les Matter DEFCON 100mm sont parfaites pour le <i>sprint<\/i> comme pour les longues distances.<\/p>\n<p>La combinaison de PU rapide, du noyau EMT et de la technologie convertible assure une performance \u00e9lev\u00e9e, avec de nombreuses m\u00e9dailles lors des championnats du monde.<\/p>\n<p><strong><u>Caract\u00e9ristiques<\/u><\/strong><\/p>\n<ul>\n<li>Diam\u00e8tre : 100mm<\/li>\n<li>Duret\u00e9 : F0<\/li>\n<li>Poids : 126g<\/li>\n<\/ul>\n<p>Vitesse, confort et durabilit\u00e9 : une combinaison gagnante.<\/p>\n<p>Vous pouvez voir toutes nos <a href=\"https:\/\/ztsports.com\/fr\/product-category\/patinage-de-vitesse-en-ligne\/roues\/\"><strong>roues de roller en ligne ici<\/strong><\/a>.<\/p>\n","protected":false},"excerpt":{"rendered":"<p>Matter DEFCON 100mm La roue Matter DEFCON 100mm combine les excellentes propri\u00e9t\u00e9s de roulement des roues Matter Juice avec une adh\u00e9rence exceptionnelle, ce qui les rend id\u00e9ales pour les courses sur piste et sur route. La combinaison d\u2019un PU rapide, du noyau EMT et de la technologie de roue convertible (plus de PU et plus [&hellip;]<\/p>\n","protected":false},"featured_media":23378,"comment_status":"open","ping_status":"closed","template":"","meta":{"_acf_changed":false,"_monsterinsights_skip_tracking":false,"_monsterinsights_sitenote_active":false,"_monsterinsights_sitenote_note":"","_monsterinsights_sitenote_category":0,"_uf_show_specific_survey":0,"_uf_disable_surveys":false,"site-sidebar-layout":"default","site-content-layout":"","ast-site-content-layout":"default","site-content-style":"default","site-sidebar-style":"default","ast-global-header-display":"","ast-banner-title-visibility":"","ast-main-header-display":"","ast-hfb-above-header-display":"","ast-hfb-below-header-display":"","ast-hfb-mobile-header-display":"","site-post-title":"","ast-breadcrumbs-content":"","ast-featured-img":"","footer-sml-layout":"","ast-disable-related-posts":"","theme-transparent-header-meta":"default","adv-header-id-meta":"","stick-header-meta":"","header-above-stick-meta":"","header-main-stick-meta":"","header-below-stick-meta":"","astra-migrate-meta-layouts":"set","ast-page-background-enabled":"default","ast-page-background-meta":{"desktop":{"background-color":"","background-image":"","background-repeat":"repeat","background-position":"center center","background-size":"auto","background-attachment":"scroll","background-type":"","background-media":"","overlay-type":"","overlay-color":"","overlay-opacity":"","overlay-gradient":""},"tablet":{"background-color":"","background-image":"","background-repeat":"repeat","background-position":"center center","background-size":"auto","background-attachment":"scroll","background-type":"","background-media":"","overlay-type":"","overlay-color":"","overlay-opacity":"","overlay-gradient":""},"mobile":{"background-color":"","background-image":"","background-repeat":"repeat","background-position":"center center","background-size":"auto","background-attachment":"scroll","background-type":"","background-media":"","overlay-type":"","overlay-color":"","overlay-opacity":"","overlay-gradient":""}},"ast-content-background-meta":{"desktop":{"background-color":"var(--ast-global-color-5)","background-image":"","background-repeat":"repeat","background-position":"center center","background-size":"auto","background-attachment":"scroll","background-type":"","background-media":"","overlay-type":"","overlay-color":"","overlay-opacity":"","overlay-gradient":""},"tablet":{"background-color":"var(--ast-global-color-5)","background-image":"","background-repeat":"repeat","background-position":"center center","background-size":"auto","background-attachment":"scroll","background-type":"","background-media":"","overlay-type":"","overlay-color":"","overlay-opacity":"","overlay-gradient":""},"mobile":{"background-color":"var(--ast-global-color-5)","background-image":"","background-repeat":"repeat","background-position":"center center","background-size":"auto","background-attachment":"scroll","background-type":"","background-media":"","overlay-type":"","overlay-color":"","overlay-opacity":"","overlay-gradient":""}}},"product_brand":[3323],"product_cat":[3381,3382],"product_tag":[3385,3386],"class_list":{"0":"post-23379","1":"product","2":"type-product","3":"status-publish","4":"has-post-thumbnail","6":"product_brand-matter","7":"product_cat-patinage-de-vitesse-en-ligne","8":"product_cat-roues","9":"product_tag-en-ligne","10":"product_tag-roue-de-course-en-ligne","11":"desktop-align-left","12":"tablet-align-left","13":"mobile-align-left","15":"first","16":"instock","17":"taxable","18":"shipping-taxable","19":"purchasable","20":"product-type-simple"},"acf":[],"_links":{"self":[{"href":"https:\/\/ztsports.com\/fr\/wp-json\/wp\/v2\/product\/23379","targetHints":{"allow":["GET"]}}],"collection":[{"href":"https:\/\/ztsports.com\/fr\/wp-json\/wp\/v2\/product"}],"about":[{"href":"https:\/\/ztsports.com\/fr\/wp-json\/wp\/v2\/types\/product"}],"replies":[{"embeddable":true,"href":"https:\/\/ztsports.com\/fr\/wp-json\/wp\/v2\/comments?post=23379"}],"version-history":[{"count":1,"href":"https:\/\/ztsports.com\/fr\/wp-json\/wp\/v2\/product\/23379\/revisions"}],"predecessor-version":[{"id":23380,"href":"https:\/\/ztsports.com\/fr\/wp-json\/wp\/v2\/product\/23379\/revisions\/23380"}],"wp:featuredmedia":[{"embeddable":true,"href":"https:\/\/ztsports.com\/fr\/wp-json\/wp\/v2\/media\/23378"}],"wp:attachment":[{"href":"https:\/\/ztsports.com\/fr\/wp-json\/wp\/v2\/media?parent=23379"}],"wp:term":[{"taxonomy":"product_brand","embeddable":true,"href":"https:\/\/ztsports.com\/fr\/wp-json\/wp\/v2\/product_brand?post=23379"},{"taxonomy":"product_cat","embeddable":true,"href":"https:\/\/ztsports.com\/fr\/wp-json\/wp\/v2\/product_cat?post=23379"},{"taxonomy":"product_tag","embeddable":true,"href":"https:\/\/ztsports.com\/fr\/wp-json\/wp\/v2\/product_tag?post=23379"}],"curies":[{"name":"wp","href":"https:\/\/api.w.org\/{rel}","templated":true}]}}