{"id":23376,"date":"2021-09-23T03:10:26","date_gmt":"2021-09-23T03:10:26","guid":{"rendered":"https:\/\/ztsports.com\/?post_type=product&#038;p=23376"},"modified":"2026-04-30T22:09:42","modified_gmt":"2026-04-30T22:09:42","slug":"bont-crossover-85a-83a","status":"publish","type":"product","link":"https:\/\/ztsports.com\/fr\/store\/bont-crossover-85a-83a\/","title":{"rendered":"Bont Crossover 85A &#038; 83A"},"content":{"rendered":"<h1>Bont Crossover 85A &amp; 83A<\/h1>\n<p>Les roues Bont Crossover sont d\u00e9sormais disponibles en duret\u00e9 85A et 83A, dans les coloris <strong>Translucent Mint<\/strong> et <strong>Translucent Red<\/strong>, avec un moyeu noir.<\/p>\n<p>Le logo Cabriolet indique que la roue n\u2019a pas de verrouillage m\u00e9canique. Cela b\u00e9n\u00e9ficie aux patineurs habitu\u00e9s aux roues flexibles qui offrent plus de souplesse. Ces roues offrent plus d\u2019adh\u00e9rence que les <strong>HIGHROLLERS<\/strong> et sont id\u00e9ales pour les pistes ou les routes lisses.<\/p>\n<ul>\n<li>100mm : 20,00\u00a0$\/roue<\/li>\n<li>110mm : 22,00\u00a0$\/roue<\/li>\n<\/ul>\n<p>Enfin, vous pouvez voir toutes nos <a href=\"https:\/\/ztsports.com\/fr\/product-category\/patinage-de-vitesse-en-ligne\/roues\/\"><strong>roues de roller en ligne ici<\/strong><\/a>.<\/p>\n","protected":false},"excerpt":{"rendered":"<p>Bont Crossover 85A &amp; 83A Les roues Bont Crossover sont d\u00e9sormais disponibles en duret\u00e9 85A et 83A, dans les coloris Translucent Mint et Translucent Red, avec un moyeu noir. Le logo Cabriolet indique que la roue n\u2019a pas de verrouillage m\u00e9canique. Cela b\u00e9n\u00e9ficie aux patineurs habitu\u00e9s aux roues flexibles qui offrent plus de souplesse. Ces [&hellip;]<\/p>\n","protected":false},"featured_media":23371,"comment_status":"open","ping_status":"closed","template":"","meta":{"_acf_changed":false,"_monsterinsights_skip_tracking":false,"_monsterinsights_sitenote_active":false,"_monsterinsights_sitenote_note":"","_monsterinsights_sitenote_category":0,"_uf_show_specific_survey":0,"_uf_disable_surveys":false,"site-sidebar-layout":"default","site-content-layout":"","ast-site-content-layout":"default","site-content-style":"default","site-sidebar-style":"default","ast-global-header-display":"","ast-banner-title-visibility":"","ast-main-header-display":"","ast-hfb-above-header-display":"","ast-hfb-below-header-display":"","ast-hfb-mobile-header-display":"","site-post-title":"","ast-breadcrumbs-content":"","ast-featured-img":"","footer-sml-layout":"","ast-disable-related-posts":"","theme-transparent-header-meta":"default","adv-header-id-meta":"","stick-header-meta":"","header-above-stick-meta":"","header-main-stick-meta":"","header-below-stick-meta":"","astra-migrate-meta-layouts":"set","ast-page-background-enabled":"default","ast-page-background-meta":{"desktop":{"background-color":"","background-image":"","background-repeat":"repeat","background-position":"center center","background-size":"auto","background-attachment":"scroll","background-type":"","background-media":"","overlay-type":"","overlay-color":"","overlay-opacity":"","overlay-gradient":""},"tablet":{"background-color":"","background-image":"","background-repeat":"repeat","background-position":"center center","background-size":"auto","background-attachment":"scroll","background-type":"","background-media":"","overlay-type":"","overlay-color":"","overlay-opacity":"","overlay-gradient":""},"mobile":{"background-color":"","background-image":"","background-repeat":"repeat","background-position":"center center","background-size":"auto","background-attachment":"scroll","background-type":"","background-media":"","overlay-type":"","overlay-color":"","overlay-opacity":"","overlay-gradient":""}},"ast-content-background-meta":{"desktop":{"background-color":"var(--ast-global-color-5)","background-image":"","background-repeat":"repeat","background-position":"center center","background-size":"auto","background-attachment":"scroll","background-type":"","background-media":"","overlay-type":"","overlay-color":"","overlay-opacity":"","overlay-gradient":""},"tablet":{"background-color":"var(--ast-global-color-5)","background-image":"","background-repeat":"repeat","background-position":"center center","background-size":"auto","background-attachment":"scroll","background-type":"","background-media":"","overlay-type":"","overlay-color":"","overlay-opacity":"","overlay-gradient":""},"mobile":{"background-color":"var(--ast-global-color-5)","background-image":"","background-repeat":"repeat","background-position":"center center","background-size":"auto","background-attachment":"scroll","background-type":"","background-media":"","overlay-type":"","overlay-color":"","overlay-opacity":"","overlay-gradient":""}}},"product_brand":[],"product_cat":[3381,3382],"product_tag":[4733,4734],"class_list":{"0":"post-23376","1":"product","2":"type-product","3":"status-publish","4":"has-post-thumbnail","6":"product_cat-patinage-de-vitesse-en-ligne","7":"product_cat-roues","8":"product_tag-bont-crossover","9":"product_tag-inline-wheel","10":"desktop-align-left","11":"tablet-align-left","12":"mobile-align-left","14":"first","15":"instock","16":"taxable","17":"shipping-taxable","18":"purchasable","19":"product-type-simple"},"acf":[],"_links":{"self":[{"href":"https:\/\/ztsports.com\/fr\/wp-json\/wp\/v2\/product\/23376","targetHints":{"allow":["GET"]}}],"collection":[{"href":"https:\/\/ztsports.com\/fr\/wp-json\/wp\/v2\/product"}],"about":[{"href":"https:\/\/ztsports.com\/fr\/wp-json\/wp\/v2\/types\/product"}],"replies":[{"embeddable":true,"href":"https:\/\/ztsports.com\/fr\/wp-json\/wp\/v2\/comments?post=23376"}],"version-history":[{"count":2,"href":"https:\/\/ztsports.com\/fr\/wp-json\/wp\/v2\/product\/23376\/revisions"}],"predecessor-version":[{"id":25821,"href":"https:\/\/ztsports.com\/fr\/wp-json\/wp\/v2\/product\/23376\/revisions\/25821"}],"wp:featuredmedia":[{"embeddable":true,"href":"https:\/\/ztsports.com\/fr\/wp-json\/wp\/v2\/media\/23371"}],"wp:attachment":[{"href":"https:\/\/ztsports.com\/fr\/wp-json\/wp\/v2\/media?parent=23376"}],"wp:term":[{"taxonomy":"product_brand","embeddable":true,"href":"https:\/\/ztsports.com\/fr\/wp-json\/wp\/v2\/product_brand?post=23376"},{"taxonomy":"product_cat","embeddable":true,"href":"https:\/\/ztsports.com\/fr\/wp-json\/wp\/v2\/product_cat?post=23376"},{"taxonomy":"product_tag","embeddable":true,"href":"https:\/\/ztsports.com\/fr\/wp-json\/wp\/v2\/product_tag?post=23376"}],"curies":[{"name":"wp","href":"https:\/\/api.w.org\/{rel}","templated":true}]}}