{"id":23369,"date":"2021-09-23T03:10:30","date_gmt":"2021-09-23T03:10:30","guid":{"rendered":"https:\/\/ztsports.com\/?post_type=product&#038;p=23369"},"modified":"2026-03-09T08:58:32","modified_gmt":"2026-03-09T08:58:32","slug":"top-locator-for-nagano-skate-jig-2","status":"publish","type":"product","link":"https:\/\/ztsports.com\/fr\/store\/top-locator-for-nagano-skate-jig-2\/","title":{"rendered":"TOP LOCATOR FOR NAGANO SKATE JIG"},"content":{"rendered":"<h2>Guide essentiel du TOP LOCATOR pour NAGANO SKATE JIG<\/h2>\n<p>Ces ajusteurs de hauteur sont des composants cl\u00e9s du <strong>TOP LOCATOR pour NAGANO SKATE JIG<\/strong>. Ils sont indispensables pour ceux qui veulent s\u2019assurer que leurs lames sont configur\u00e9es de la m\u00eame mani\u00e8re \u00e0 chaque aff\u00fbtage.<\/p>\n<p>Ces <strong>locateurs pour le Nagano Skate Jig<\/strong> font partie de la s\u00e9rie <strong>TOP LOCATOR pour NAGANO SKATE JIG<\/strong> et sont un incontournable pour garantir une configuration uniforme des lames \u00e0 chaque aff\u00fbtage.<\/p>\n<p>Les locateurs Top pour le Nagano Skate Jig sont utilis\u00e9s sur un gabarit d\u2019aff\u00fbtage pour s\u2019assurer que les lames sont plac\u00e9es \u00e0 une hauteur constante et de niveau \u00e0 chaque aff\u00fbtage. Cela permet de maintenir un angle d\u2019aff\u00fbtage uniforme et un tranchant plus pr\u00e9cis.<\/p>\n<p>Ils sont particuli\u00e8rement utiles pour les lames pr\u00e9sentant de l\u00e9g\u00e8res diff\u00e9rences de hauteur, car ils emp\u00eachent l\u2019angle de changer \u00e0 chaque passage. En offrant deux points de r\u00e9glage, ces locateurs permettent une optimisation pour les lames neuves comme pour les lames us\u00e9es, garantissant des r\u00e9sultats pr\u00e9cis et reproductibles.<\/p>\n<p>Particuli\u00e8rement pratique si vous \u00eates coach\u00e9 par <a href=\"https:\/\/www.youtube.com\/watch?v=0wTvXzZ_Hq0\" target=\"_blank\" rel=\"noopener\">Mike Rivet<\/a>.<\/p>\n<p>Les ajusteurs\/locateurs ont deux hauteurs diff\u00e9rentes. Il suffit de les tourner pour configurer votre aff\u00fbtage.<\/p>\n<p>Compatible avec les <a href=\"https:\/\/ztsports.com\/product\/nagano-skate-silver-sharpening-jig-2-1\/\"><strong>SILVER<\/strong><\/a>, <a href=\"https:\/\/ztsports.com\/product\/nagano-gold-jig-2-1\/\"><strong>GOLD<\/strong><\/a> et les nouveaux gabarits Bronze NAGANO JIGS.<\/p>\n","protected":false},"excerpt":{"rendered":"<p>Guide essentiel du TOP LOCATOR pour NAGANO SKATE JIG Ces ajusteurs de hauteur sont des composants cl\u00e9s du TOP LOCATOR pour NAGANO SKATE JIG. Ils sont indispensables pour ceux qui veulent s\u2019assurer que leurs lames sont configur\u00e9es de la m\u00eame mani\u00e8re \u00e0 chaque aff\u00fbtage. Ces locateurs pour le Nagano Skate Jig font partie de la [&hellip;]<\/p>\n","protected":false},"featured_media":24611,"comment_status":"open","ping_status":"closed","template":"","meta":{"_acf_changed":false,"_monsterinsights_skip_tracking":false,"_monsterinsights_sitenote_active":false,"_monsterinsights_sitenote_note":"","_monsterinsights_sitenote_category":0,"_uf_show_specific_survey":0,"_uf_disable_surveys":false,"site-sidebar-layout":"default","site-content-layout":"","ast-site-content-layout":"default","site-content-style":"default","site-sidebar-style":"default","ast-global-header-display":"","ast-banner-title-visibility":"","ast-main-header-display":"","ast-hfb-above-header-display":"","ast-hfb-below-header-display":"","ast-hfb-mobile-header-display":"","site-post-title":"","ast-breadcrumbs-content":"","ast-featured-img":"","footer-sml-layout":"","ast-disable-related-posts":"","theme-transparent-header-meta":"default","adv-header-id-meta":"","stick-header-meta":"","header-above-stick-meta":"","header-main-stick-meta":"","header-below-stick-meta":"","astra-migrate-meta-layouts":"set","ast-page-background-enabled":"default","ast-page-background-meta":{"desktop":{"background-color":"","background-image":"","background-repeat":"repeat","background-position":"center center","background-size":"auto","background-attachment":"scroll","background-type":"","background-media":"","overlay-type":"","overlay-color":"","overlay-opacity":"","overlay-gradient":""},"tablet":{"background-color":"","background-image":"","background-repeat":"repeat","background-position":"center center","background-size":"auto","background-attachment":"scroll","background-type":"","background-media":"","overlay-type":"","overlay-color":"","overlay-opacity":"","overlay-gradient":""},"mobile":{"background-color":"","background-image":"","background-repeat":"repeat","background-position":"center center","background-size":"auto","background-attachment":"scroll","background-type":"","background-media":"","overlay-type":"","overlay-color":"","overlay-opacity":"","overlay-gradient":""}},"ast-content-background-meta":{"desktop":{"background-color":"var(--ast-global-color-5)","background-image":"","background-repeat":"repeat","background-position":"center center","background-size":"auto","background-attachment":"scroll","background-type":"","background-media":"","overlay-type":"","overlay-color":"","overlay-opacity":"","overlay-gradient":""},"tablet":{"background-color":"var(--ast-global-color-5)","background-image":"","background-repeat":"repeat","background-position":"center center","background-size":"auto","background-attachment":"scroll","background-type":"","background-media":"","overlay-type":"","overlay-color":"","overlay-opacity":"","overlay-gradient":""},"mobile":{"background-color":"var(--ast-global-color-5)","background-image":"","background-repeat":"repeat","background-position":"center center","background-size":"auto","background-attachment":"scroll","background-type":"","background-media":"","overlay-type":"","overlay-color":"","overlay-opacity":"","overlay-gradient":""}}},"product_brand":[3326],"product_cat":[3378],"product_tag":[],"class_list":{"0":"post-23369","1":"product","2":"type-product","3":"status-publish","4":"has-post-thumbnail","6":"product_brand-nagano","7":"product_cat-non-categorise","8":"desktop-align-left","9":"tablet-align-left","10":"mobile-align-left","12":"first","13":"instock","14":"taxable","15":"shipping-taxable","16":"purchasable","17":"product-type-simple"},"acf":[],"_links":{"self":[{"href":"https:\/\/ztsports.com\/fr\/wp-json\/wp\/v2\/product\/23369","targetHints":{"allow":["GET"]}}],"collection":[{"href":"https:\/\/ztsports.com\/fr\/wp-json\/wp\/v2\/product"}],"about":[{"href":"https:\/\/ztsports.com\/fr\/wp-json\/wp\/v2\/types\/product"}],"replies":[{"embeddable":true,"href":"https:\/\/ztsports.com\/fr\/wp-json\/wp\/v2\/comments?post=23369"}],"version-history":[{"count":1,"href":"https:\/\/ztsports.com\/fr\/wp-json\/wp\/v2\/product\/23369\/revisions"}],"predecessor-version":[{"id":23370,"href":"https:\/\/ztsports.com\/fr\/wp-json\/wp\/v2\/product\/23369\/revisions\/23370"}],"wp:featuredmedia":[{"embeddable":true,"href":"https:\/\/ztsports.com\/fr\/wp-json\/wp\/v2\/media\/24611"}],"wp:attachment":[{"href":"https:\/\/ztsports.com\/fr\/wp-json\/wp\/v2\/media?parent=23369"}],"wp:term":[{"taxonomy":"product_brand","embeddable":true,"href":"https:\/\/ztsports.com\/fr\/wp-json\/wp\/v2\/product_brand?post=23369"},{"taxonomy":"product_cat","embeddable":true,"href":"https:\/\/ztsports.com\/fr\/wp-json\/wp\/v2\/product_cat?post=23369"},{"taxonomy":"product_tag","embeddable":true,"href":"https:\/\/ztsports.com\/fr\/wp-json\/wp\/v2\/product_tag?post=23369"}],"curies":[{"name":"wp","href":"https:\/\/api.w.org\/{rel}","templated":true}]}}