{"id":23361,"date":"2021-09-23T03:10:34","date_gmt":"2021-09-23T03:10:34","guid":{"rendered":"https:\/\/ztsports.com\/?post_type=product&#038;p=23361"},"modified":"2026-03-09T08:57:05","modified_gmt":"2026-03-09T08:57:05","slug":"nagano-gold-jig-2-1-speed-skate-jig","status":"publish","type":"product","link":"https:\/\/ztsports.com\/fr\/store\/nagano-gold-jig-2-1-speed-skate-jig\/","title":{"rendered":"NAGANO GOLD JIG 2.1 Speed Skate Jig"},"content":{"rendered":"<h1>NAGANO GOLD JIG 2.1<\/h1>\n<p>In\u00e9gal\u00e9, le Nagano GOLD JIG 2.1 est fabriqu\u00e9 et assembl\u00e9 \u00e0 la main au Canada avec des mat\u00e9riaux 100% canadiens. Les patineurs s\u2019accordent \u00e0 dire que le Nagano Skate Gold Jig 2.1 est le meilleur gabarit du march\u00e9. Con\u00e7u et fabriqu\u00e9 au Canada, il est l\u00e9ger (4,4 lb \/ 2 kg) et offre un aff\u00fbtage de tr\u00e8s haute qualit\u00e9.<\/p>\n<h4>Vraie ing\u00e9nierie de pr\u00e9cision GOLD<\/h4>\n<p>Fabriqu\u00e9 en aluminium haute densit\u00e9 de pr\u00e9cision, son m\u00e9canisme de fixation avec coussinets pivotants permet \u00e0 la lame d\u2019\u00eatre toujours \u00e0 90 degr\u00e9s, garantissant un aff\u00fbtage rapide \u00e0 chaque utilisation. De plus, le Nagano Gold Jig 2.1 est d\u00e9j\u00e0 utilis\u00e9 par de nombreux patineurs sur le circuit international.<\/p>\n<h4>NAGANO SKATE vise l\u2019or<\/h4>\n<p>Le nouveau Nagano Skate Gold Jig 2.1 dispose d\u2019un syst\u00e8me de pinces rotatives pour \u00e9viter toute tension sur la lame. Avec ses 4,4 lb, il est plus l\u00e9ger que toute option comparable \u00e0 un prix bien inf\u00e9rieur. Aluminium haute densit\u00e9 usin\u00e9 et anodis\u00e9. Utilis\u00e9 par de nombreux patineurs internationaux comme Samuel Girard.<\/p>\n<p>En outre, un <a href=\"https:\/\/ztsports.com\/product\/top-locator-for-nagano-skate-jig\/\"><strong>Top Locater<\/strong><\/a> optionnel est disponible pour le NAGANO GOLD JIG 2.1.<\/p>\n<p><a href=\"https:\/\/ztsports.com\/product-category\/sharpening\/jigs\/\"><strong>Vous pouvez trouver tous nos gabarits et kits d\u2019aff\u00fbtage ici.<\/strong><\/a><\/p>\n<h3><a href=\"https:\/\/www.youtube.com\/watch?v=6mu5w7rdrL0\" target=\"_blank\" rel=\"noopener\">Tutoriel d\u2019aff\u00fbtage de patins<\/a><\/h3>\n","protected":false},"excerpt":{"rendered":"<p>NAGANO GOLD JIG 2.1 In\u00e9gal\u00e9, le Nagano GOLD JIG 2.1 est fabriqu\u00e9 et assembl\u00e9 \u00e0 la main au Canada avec des mat\u00e9riaux 100% canadiens. Les patineurs s\u2019accordent \u00e0 dire que le Nagano Skate Gold Jig 2.1 est le meilleur gabarit du march\u00e9. Con\u00e7u et fabriqu\u00e9 au Canada, il est l\u00e9ger (4,4 lb \/ 2 kg) [&hellip;]<\/p>\n","protected":false},"featured_media":23358,"comment_status":"open","ping_status":"closed","template":"","meta":{"_acf_changed":false,"_monsterinsights_skip_tracking":false,"_monsterinsights_sitenote_active":false,"_monsterinsights_sitenote_note":"","_monsterinsights_sitenote_category":0,"_uf_show_specific_survey":0,"_uf_disable_surveys":false,"site-sidebar-layout":"default","site-content-layout":"","ast-site-content-layout":"default","site-content-style":"default","site-sidebar-style":"default","ast-global-header-display":"","ast-banner-title-visibility":"","ast-main-header-display":"","ast-hfb-above-header-display":"","ast-hfb-below-header-display":"","ast-hfb-mobile-header-display":"","site-post-title":"","ast-breadcrumbs-content":"","ast-featured-img":"","footer-sml-layout":"","ast-disable-related-posts":"","theme-transparent-header-meta":"default","adv-header-id-meta":"","stick-header-meta":"","header-above-stick-meta":"","header-main-stick-meta":"","header-below-stick-meta":"","astra-migrate-meta-layouts":"set","ast-page-background-enabled":"default","ast-page-background-meta":{"desktop":{"background-color":"","background-image":"","background-repeat":"repeat","background-position":"center center","background-size":"auto","background-attachment":"scroll","background-type":"","background-media":"","overlay-type":"","overlay-color":"","overlay-opacity":"","overlay-gradient":""},"tablet":{"background-color":"","background-image":"","background-repeat":"repeat","background-position":"center center","background-size":"auto","background-attachment":"scroll","background-type":"","background-media":"","overlay-type":"","overlay-color":"","overlay-opacity":"","overlay-gradient":""},"mobile":{"background-color":"","background-image":"","background-repeat":"repeat","background-position":"center center","background-size":"auto","background-attachment":"scroll","background-type":"","background-media":"","overlay-type":"","overlay-color":"","overlay-opacity":"","overlay-gradient":""}},"ast-content-background-meta":{"desktop":{"background-color":"var(--ast-global-color-5)","background-image":"","background-repeat":"repeat","background-position":"center center","background-size":"auto","background-attachment":"scroll","background-type":"","background-media":"","overlay-type":"","overlay-color":"","overlay-opacity":"","overlay-gradient":""},"tablet":{"background-color":"var(--ast-global-color-5)","background-image":"","background-repeat":"repeat","background-position":"center center","background-size":"auto","background-attachment":"scroll","background-type":"","background-media":"","overlay-type":"","overlay-color":"","overlay-opacity":"","overlay-gradient":""},"mobile":{"background-color":"var(--ast-global-color-5)","background-image":"","background-repeat":"repeat","background-position":"center center","background-size":"auto","background-attachment":"scroll","background-type":"","background-media":"","overlay-type":"","overlay-color":"","overlay-opacity":"","overlay-gradient":""}}},"product_brand":[3326],"product_cat":[3378],"product_tag":[],"class_list":{"0":"post-23361","1":"product","2":"type-product","3":"status-publish","4":"has-post-thumbnail","6":"product_brand-nagano","7":"product_cat-non-categorise","8":"desktop-align-left","9":"tablet-align-left","10":"mobile-align-left","12":"first","13":"instock","14":"taxable","15":"shipping-taxable","16":"purchasable","17":"product-type-simple"},"acf":[],"_links":{"self":[{"href":"https:\/\/ztsports.com\/fr\/wp-json\/wp\/v2\/product\/23361","targetHints":{"allow":["GET"]}}],"collection":[{"href":"https:\/\/ztsports.com\/fr\/wp-json\/wp\/v2\/product"}],"about":[{"href":"https:\/\/ztsports.com\/fr\/wp-json\/wp\/v2\/types\/product"}],"replies":[{"embeddable":true,"href":"https:\/\/ztsports.com\/fr\/wp-json\/wp\/v2\/comments?post=23361"}],"version-history":[{"count":1,"href":"https:\/\/ztsports.com\/fr\/wp-json\/wp\/v2\/product\/23361\/revisions"}],"predecessor-version":[{"id":23362,"href":"https:\/\/ztsports.com\/fr\/wp-json\/wp\/v2\/product\/23361\/revisions\/23362"}],"wp:featuredmedia":[{"embeddable":true,"href":"https:\/\/ztsports.com\/fr\/wp-json\/wp\/v2\/media\/23358"}],"wp:attachment":[{"href":"https:\/\/ztsports.com\/fr\/wp-json\/wp\/v2\/media?parent=23361"}],"wp:term":[{"taxonomy":"product_brand","embeddable":true,"href":"https:\/\/ztsports.com\/fr\/wp-json\/wp\/v2\/product_brand?post=23361"},{"taxonomy":"product_cat","embeddable":true,"href":"https:\/\/ztsports.com\/fr\/wp-json\/wp\/v2\/product_cat?post=23361"},{"taxonomy":"product_tag","embeddable":true,"href":"https:\/\/ztsports.com\/fr\/wp-json\/wp\/v2\/product_tag?post=23361"}],"curies":[{"name":"wp","href":"https:\/\/api.w.org\/{rel}","templated":true}]}}