{"id":23356,"date":"2021-09-23T03:10:35","date_gmt":"2021-09-23T03:10:35","guid":{"rendered":"https:\/\/ztsports.com\/?post_type=product&#038;p=23356"},"modified":"2026-05-01T18:10:50","modified_gmt":"2026-05-01T18:10:50","slug":"neck-guard-base-360-pro-soft-bib","status":"publish","type":"product","link":"https:\/\/ztsports.com\/fr\/store\/neck-guard-base-360-pro-soft-bib\/","title":{"rendered":"NECK GUARD Base 360 Pro Soft Bib"},"content":{"rendered":"<h1 data-rm-block-id=\"block-1\">PROTECTEUR DE COU Base 360 Pro Soft Bib (NECK GUARD Base 360)<\/h1>\n<p data-rm-block-id=\"block-2\">Le PROTECTEUR DE COU Base 360, appel\u00e9 \u00ab prot\u00e8ge-cou \u00bb, est fabriqu\u00e9 avec du cutlass, de l\u2019\u00e9lasthanne Next2Skin et du tissu Kevlar. En portant ce prot\u00e8ge-cou, vous \u00eates prot\u00e9g\u00e9 tout en conservant une libert\u00e9 totale de mouvement ! La technologie Next2Skin r\u00e9gule la chaleur corporelle et l\u2019humidit\u00e9. De plus, il s\u2019agit d\u2019un prot\u00e8ge-cou extr\u00eamement l\u00e9ger et confortable, adapt\u00e9 au short track, long track et patinage de masse.<\/p>\n<p data-rm-block-id=\"block-3\">Niveau de protection contre les coupures : 4 (indice EN388)<\/p>\n<p data-rm-block-id=\"block-4\">Coolmax \u2013 Extr\u00eamement l\u00e9ger \u2013 Parfaitement respirant et \u00e9vacue l\u2019humidit\u00e9.<\/p>\n<p data-rm-block-id=\"block-5\">Tailles Senior L\/XL (13,5&#8243;-17&#8243; \/ 34-43 cm) <strong>uniquement NECK GUARD Base 360<\/strong><\/p>\n<p data-rm-block-id=\"block-6\">Enfin, vous pouvez voir tous nos <a href=\"https:\/\/ztsports.com\/product-category\/protection\/neck-guards\/\"><strong>protecteurs de cou souples avec bavette<\/strong><\/a> ici.<\/p>\n","protected":false},"excerpt":{"rendered":"<p>PROTECTEUR DE COU Base 360 Pro Soft Bib (NECK GUARD Base 360) Le PROTECTEUR DE COU Base 360, appel\u00e9 \u00ab prot\u00e8ge-cou \u00bb, est fabriqu\u00e9 avec du cutlass, de l\u2019\u00e9lasthanne Next2Skin et du tissu Kevlar. En portant ce prot\u00e8ge-cou, vous \u00eates prot\u00e9g\u00e9 tout en conservant une libert\u00e9 totale de mouvement ! La technologie Next2Skin r\u00e9gule la [&hellip;]<\/p>\n","protected":false},"featured_media":23352,"comment_status":"open","ping_status":"closed","template":"","meta":{"_acf_changed":false,"_monsterinsights_skip_tracking":false,"_monsterinsights_sitenote_active":false,"_monsterinsights_sitenote_note":"","_monsterinsights_sitenote_category":0,"_uf_show_specific_survey":0,"_uf_disable_surveys":false,"site-sidebar-layout":"default","site-content-layout":"","ast-site-content-layout":"default","site-content-style":"default","site-sidebar-style":"default","ast-global-header-display":"","ast-banner-title-visibility":"","ast-main-header-display":"","ast-hfb-above-header-display":"","ast-hfb-below-header-display":"","ast-hfb-mobile-header-display":"","site-post-title":"","ast-breadcrumbs-content":"","ast-featured-img":"","footer-sml-layout":"","ast-disable-related-posts":"","theme-transparent-header-meta":"default","adv-header-id-meta":"","stick-header-meta":"","header-above-stick-meta":"","header-main-stick-meta":"","header-below-stick-meta":"","astra-migrate-meta-layouts":"set","ast-page-background-enabled":"default","ast-page-background-meta":{"desktop":{"background-color":"","background-image":"","background-repeat":"repeat","background-position":"center center","background-size":"auto","background-attachment":"scroll","background-type":"","background-media":"","overlay-type":"","overlay-color":"","overlay-opacity":"","overlay-gradient":""},"tablet":{"background-color":"","background-image":"","background-repeat":"repeat","background-position":"center center","background-size":"auto","background-attachment":"scroll","background-type":"","background-media":"","overlay-type":"","overlay-color":"","overlay-opacity":"","overlay-gradient":""},"mobile":{"background-color":"","background-image":"","background-repeat":"repeat","background-position":"center center","background-size":"auto","background-attachment":"scroll","background-type":"","background-media":"","overlay-type":"","overlay-color":"","overlay-opacity":"","overlay-gradient":""}},"ast-content-background-meta":{"desktop":{"background-color":"var(--ast-global-color-5)","background-image":"","background-repeat":"repeat","background-position":"center center","background-size":"auto","background-attachment":"scroll","background-type":"","background-media":"","overlay-type":"","overlay-color":"","overlay-opacity":"","overlay-gradient":""},"tablet":{"background-color":"var(--ast-global-color-5)","background-image":"","background-repeat":"repeat","background-position":"center center","background-size":"auto","background-attachment":"scroll","background-type":"","background-media":"","overlay-type":"","overlay-color":"","overlay-opacity":"","overlay-gradient":""},"mobile":{"background-color":"var(--ast-global-color-5)","background-image":"","background-repeat":"repeat","background-position":"center center","background-size":"auto","background-attachment":"scroll","background-type":"","background-media":"","overlay-type":"","overlay-color":"","overlay-opacity":"","overlay-gradient":""}}},"product_brand":[],"product_cat":[3420],"product_tag":[4739,4737],"class_list":{"0":"post-23356","1":"product","2":"type-product","3":"status-publish","4":"has-post-thumbnail","6":"product_cat-protection-contre-les-ampoules","7":"product_tag-neck-guard-base-360","8":"product_tag-protecteur-de-cou","9":"desktop-align-left","10":"tablet-align-left","11":"mobile-align-left","13":"first","14":"instock","15":"taxable","16":"shipping-taxable","17":"purchasable","18":"product-type-simple"},"acf":[],"_links":{"self":[{"href":"https:\/\/ztsports.com\/fr\/wp-json\/wp\/v2\/product\/23356","targetHints":{"allow":["GET"]}}],"collection":[{"href":"https:\/\/ztsports.com\/fr\/wp-json\/wp\/v2\/product"}],"about":[{"href":"https:\/\/ztsports.com\/fr\/wp-json\/wp\/v2\/types\/product"}],"replies":[{"embeddable":true,"href":"https:\/\/ztsports.com\/fr\/wp-json\/wp\/v2\/comments?post=23356"}],"version-history":[{"count":3,"href":"https:\/\/ztsports.com\/fr\/wp-json\/wp\/v2\/product\/23356\/revisions"}],"predecessor-version":[{"id":25828,"href":"https:\/\/ztsports.com\/fr\/wp-json\/wp\/v2\/product\/23356\/revisions\/25828"}],"wp:featuredmedia":[{"embeddable":true,"href":"https:\/\/ztsports.com\/fr\/wp-json\/wp\/v2\/media\/23352"}],"wp:attachment":[{"href":"https:\/\/ztsports.com\/fr\/wp-json\/wp\/v2\/media?parent=23356"}],"wp:term":[{"taxonomy":"product_brand","embeddable":true,"href":"https:\/\/ztsports.com\/fr\/wp-json\/wp\/v2\/product_brand?post=23356"},{"taxonomy":"product_cat","embeddable":true,"href":"https:\/\/ztsports.com\/fr\/wp-json\/wp\/v2\/product_cat?post=23356"},{"taxonomy":"product_tag","embeddable":true,"href":"https:\/\/ztsports.com\/fr\/wp-json\/wp\/v2\/product_tag?post=23356"}],"curies":[{"name":"wp","href":"https:\/\/api.w.org\/{rel}","templated":true}]}}