{"id":23350,"date":"2021-11-09T11:34:37","date_gmt":"2021-11-09T11:34:37","guid":{"rendered":"https:\/\/ztsports.com\/?post_type=product&#038;p=23350"},"modified":"2026-03-09T08:54:56","modified_gmt":"2026-03-09T08:54:56","slug":"nagano-quick-tips-for-short-track-gloves","status":"publish","type":"product","link":"https:\/\/ztsports.com\/fr\/store\/nagano-quick-tips-for-short-track-gloves\/","title":{"rendered":"Nagano Quick Tips for Short Track Gloves"},"content":{"rendered":"<h1>Nagano Quick Tips<\/h1>\n<p>Les <a href=\"https:\/\/ztsports.com\/product-category\/protection\/quick-tips\/\">Quick Tips<\/a> Nagano sont fabriqu\u00e9s au Canada en Acrylonitrile Butadi\u00e8ne Styr\u00e8ne (ABS). L\u2019ABS est un polym\u00e8re thermoplastique r\u00e9sistant aux chocs, rigide et l\u00e9ger.<\/p>\n<p>Le contenant de l\u2019emballage est \u00e9galement fabriqu\u00e9 au Canada, recyclable et pratique pour transporter vos burins.<\/p>\n<p>Les embouts en plastique sont adapt\u00e9s \u00e0 chaque doigt de la main gauche.<\/p>\n<p>De plus, ils sont disponibles dans ces couleurs incroyables : noir, rouge, rose, blanc, bleu, violet, vert et orange.<\/p>\n<p><strong>De plus, tous nos Quick Tips pour Short Track sont VENDUS AVEC LA COLLE INCLUSE.<\/strong><\/p>\n<h4>Comment mettre les embouts sur des gants de patinage de vitesse ?<\/h4>\n<h4><b>Instructions de collage<\/b><\/h4>\n<ol>\n<li>Commencez avec des <strong>gants propres et secs<\/strong>.<\/li>\n<li>Le paquet contient 5 ou 7 embouts de tailles diff\u00e9rentes. Choisissez les cinq embouts qui correspondent le mieux \u00e0 la taille de vos doigts. Associez les embouts protecteurs \u00e0 votre gant.<\/li>\n<li>Appliquez de la colle autour du bord, puis un petit point au centre de l\u2019embout. Appliquez sur des gants propres et secs. Pressez fermement l\u2019embout sur le gant avec votre main dans le gant.<\/li>\n<li>Attendez au moins 30 minutes avant de les utiliser.<\/li>\n<\/ol>\n<h4>Voir notre s\u00e9lection de gants <a href=\"https:\/\/ztsports.com\/product-category\/protection\/gloves\/\">ici<\/a>.<\/h4>\n<p>Enfin, un clip montrant des <a href=\"https:\/\/olympics.com\/en\/video\/special-skates-and-gloves-for-short-track-speed-skaters\" target=\"_blank\" rel=\"noopener\"><strong>olympiens pivotant avec leurs Quick Tips<\/strong><\/a>.<\/p>\n<p><strong>Vous pouvez trouver toutes les couleurs et styles diff\u00e9rents de nos <a href=\"https:\/\/ztsports.com\/product-category\/protection\/quick-tips\/\">Quick Tips<\/a> ici.<\/strong><\/p>\n","protected":false},"excerpt":{"rendered":"<p>Nagano Quick Tips Les Quick Tips Nagano sont fabriqu\u00e9s au Canada en Acrylonitrile Butadi\u00e8ne Styr\u00e8ne (ABS). L\u2019ABS est un polym\u00e8re thermoplastique r\u00e9sistant aux chocs, rigide et l\u00e9ger. Le contenant de l\u2019emballage est \u00e9galement fabriqu\u00e9 au Canada, recyclable et pratique pour transporter vos burins. Les embouts en plastique sont adapt\u00e9s \u00e0 chaque doigt de la main [&hellip;]<\/p>\n","protected":false},"featured_media":23341,"comment_status":"open","ping_status":"closed","template":"","meta":{"_acf_changed":false,"_monsterinsights_skip_tracking":false,"_monsterinsights_sitenote_active":false,"_monsterinsights_sitenote_note":"","_monsterinsights_sitenote_category":0,"_uf_show_specific_survey":0,"_uf_disable_surveys":false,"site-sidebar-layout":"default","site-content-layout":"","ast-site-content-layout":"default","site-content-style":"default","site-sidebar-style":"default","ast-global-header-display":"","ast-banner-title-visibility":"","ast-main-header-display":"","ast-hfb-above-header-display":"","ast-hfb-below-header-display":"","ast-hfb-mobile-header-display":"","site-post-title":"","ast-breadcrumbs-content":"","ast-featured-img":"","footer-sml-layout":"","ast-disable-related-posts":"","theme-transparent-header-meta":"default","adv-header-id-meta":"","stick-header-meta":"","header-above-stick-meta":"","header-main-stick-meta":"","header-below-stick-meta":"","astra-migrate-meta-layouts":"set","ast-page-background-enabled":"default","ast-page-background-meta":{"desktop":{"background-color":"","background-image":"","background-repeat":"repeat","background-position":"center center","background-size":"auto","background-attachment":"scroll","background-type":"","background-media":"","overlay-type":"","overlay-color":"","overlay-opacity":"","overlay-gradient":""},"tablet":{"background-color":"","background-image":"","background-repeat":"repeat","background-position":"center center","background-size":"auto","background-attachment":"scroll","background-type":"","background-media":"","overlay-type":"","overlay-color":"","overlay-opacity":"","overlay-gradient":""},"mobile":{"background-color":"","background-image":"","background-repeat":"repeat","background-position":"center center","background-size":"auto","background-attachment":"scroll","background-type":"","background-media":"","overlay-type":"","overlay-color":"","overlay-opacity":"","overlay-gradient":""}},"ast-content-background-meta":{"desktop":{"background-color":"var(--ast-global-color-5)","background-image":"","background-repeat":"repeat","background-position":"center center","background-size":"auto","background-attachment":"scroll","background-type":"","background-media":"","overlay-type":"","overlay-color":"","overlay-opacity":"","overlay-gradient":""},"tablet":{"background-color":"var(--ast-global-color-5)","background-image":"","background-repeat":"repeat","background-position":"center center","background-size":"auto","background-attachment":"scroll","background-type":"","background-media":"","overlay-type":"","overlay-color":"","overlay-opacity":"","overlay-gradient":""},"mobile":{"background-color":"var(--ast-global-color-5)","background-image":"","background-repeat":"repeat","background-position":"center center","background-size":"auto","background-attachment":"scroll","background-type":"","background-media":"","overlay-type":"","overlay-color":"","overlay-opacity":"","overlay-gradient":""}}},"product_brand":[3326,3332],"product_cat":[3378],"product_tag":[],"class_list":{"0":"post-23350","1":"product","2":"type-product","3":"status-publish","4":"has-post-thumbnail","6":"product_brand-nagano","7":"product_brand-quick-tips","8":"product_cat-non-categorise","9":"desktop-align-left","10":"tablet-align-left","11":"mobile-align-left","13":"first","14":"instock","15":"sale","16":"taxable","17":"shipping-taxable","18":"purchasable","19":"product-type-simple"},"acf":[],"_links":{"self":[{"href":"https:\/\/ztsports.com\/fr\/wp-json\/wp\/v2\/product\/23350","targetHints":{"allow":["GET"]}}],"collection":[{"href":"https:\/\/ztsports.com\/fr\/wp-json\/wp\/v2\/product"}],"about":[{"href":"https:\/\/ztsports.com\/fr\/wp-json\/wp\/v2\/types\/product"}],"replies":[{"embeddable":true,"href":"https:\/\/ztsports.com\/fr\/wp-json\/wp\/v2\/comments?post=23350"}],"version-history":[{"count":1,"href":"https:\/\/ztsports.com\/fr\/wp-json\/wp\/v2\/product\/23350\/revisions"}],"predecessor-version":[{"id":23351,"href":"https:\/\/ztsports.com\/fr\/wp-json\/wp\/v2\/product\/23350\/revisions\/23351"}],"wp:featuredmedia":[{"embeddable":true,"href":"https:\/\/ztsports.com\/fr\/wp-json\/wp\/v2\/media\/23341"}],"wp:attachment":[{"href":"https:\/\/ztsports.com\/fr\/wp-json\/wp\/v2\/media?parent=23350"}],"wp:term":[{"taxonomy":"product_brand","embeddable":true,"href":"https:\/\/ztsports.com\/fr\/wp-json\/wp\/v2\/product_brand?post=23350"},{"taxonomy":"product_cat","embeddable":true,"href":"https:\/\/ztsports.com\/fr\/wp-json\/wp\/v2\/product_cat?post=23350"},{"taxonomy":"product_tag","embeddable":true,"href":"https:\/\/ztsports.com\/fr\/wp-json\/wp\/v2\/product_tag?post=23350"}],"curies":[{"name":"wp","href":"https:\/\/api.w.org\/{rel}","templated":true}]}}