{"id":23338,"date":"2021-11-09T11:49:15","date_gmt":"2021-11-09T11:49:15","guid":{"rendered":"https:\/\/ztsports.com\/?post_type=product&#038;p=23338"},"modified":"2026-03-09T08:54:03","modified_gmt":"2026-03-09T08:54:03","slug":"mysok-fabric-blade-guard-cdn-made","status":"publish","type":"product","link":"https:\/\/ztsports.com\/fr\/store\/mysok-fabric-blade-guard-cdn-made\/","title":{"rendered":"MYSOK FABRIC BLADE GUARD CDN Made"},"content":{"rendered":"<h1>Prot\u00e8ge-lames en tissu MYSOK \u2013 Fabriqu\u00e9 au Canada<\/h1>\n<p>Les prot\u00e8ge-lames MYSOK sont fabriqu\u00e9s au Canada par un membre d\u2019une \u00e9quipe canadienne de short track.<\/p>\n<p>SOK est une entreprise bas\u00e9e \u00e0 Montr\u00e9al, fond\u00e9e par deux athl\u00e8tes souhaitant apporter du style au patinage. Notre objectif est d\u2019offrir un produit permettant \u00e0 chaque athl\u00e8te d\u2019exprimer sa cr\u00e9ativit\u00e9 et sa personnalit\u00e9.<\/p>\n<p>Chaque prot\u00e8ge-lame SOK est fabriqu\u00e9 \u00e0 la main.<\/p>\n<p>Un prot\u00e8ge-lame est essentiel pour pr\u00e9server au maximum le tranchant de vos patins.<\/p>\n<p><strong>Des housses souples pour patins de vitesse pour s\u00e9cher et prot\u00e9ger vos lames apr\u00e8s le patinage.<\/strong><\/p>\n<p>Une bonne habitude pour tous les patineurs : apr\u00e8s la s\u00e9ance, essuyez vos lames pour enlever la neige et l\u2019eau. Une vieille serviette suffit, mais faites attention \u00e0 ne pas vous couper sur les bords inf\u00e9rieurs, qui sont tranchants.<\/p>\n<p>Conservez vos lames d\u00e9couvertes dans votre sac ou utilisez des \u201csoakers\u201d. Les soakers absorbent l\u2019humidit\u00e9 et emp\u00eachent la formation de rouille.<\/p>\n<p>La rouille appara\u00eet en brun et sous forme de flocons : elle \u00e9mousse vos lames et rend vos patins dangereux.<\/p>\n<p><strong>D\u00e9couvrez tous les produits <a href=\"https:\/\/ztsports.com\/brand\/mysok\/\">MYSOK<\/a> ici.<\/strong><\/p>\n","protected":false},"excerpt":{"rendered":"<p>Prot\u00e8ge-lames en tissu MYSOK \u2013 Fabriqu\u00e9 au Canada Les prot\u00e8ge-lames MYSOK sont fabriqu\u00e9s au Canada par un membre d\u2019une \u00e9quipe canadienne de short track. SOK est une entreprise bas\u00e9e \u00e0 Montr\u00e9al, fond\u00e9e par deux athl\u00e8tes souhaitant apporter du style au patinage. Notre objectif est d\u2019offrir un produit permettant \u00e0 chaque athl\u00e8te d\u2019exprimer sa cr\u00e9ativit\u00e9 et [&hellip;]<\/p>\n","protected":false},"featured_media":23334,"comment_status":"open","ping_status":"closed","template":"","meta":{"_acf_changed":false,"_monsterinsights_skip_tracking":false,"_monsterinsights_sitenote_active":false,"_monsterinsights_sitenote_note":"","_monsterinsights_sitenote_category":0,"_uf_show_specific_survey":0,"_uf_disable_surveys":false,"site-sidebar-layout":"default","site-content-layout":"","ast-site-content-layout":"default","site-content-style":"default","site-sidebar-style":"default","ast-global-header-display":"","ast-banner-title-visibility":"","ast-main-header-display":"","ast-hfb-above-header-display":"","ast-hfb-below-header-display":"","ast-hfb-mobile-header-display":"","site-post-title":"","ast-breadcrumbs-content":"","ast-featured-img":"","footer-sml-layout":"","ast-disable-related-posts":"","theme-transparent-header-meta":"default","adv-header-id-meta":"","stick-header-meta":"","header-above-stick-meta":"","header-main-stick-meta":"","header-below-stick-meta":"","astra-migrate-meta-layouts":"set","ast-page-background-enabled":"default","ast-page-background-meta":{"desktop":{"background-color":"","background-image":"","background-repeat":"repeat","background-position":"center center","background-size":"auto","background-attachment":"scroll","background-type":"","background-media":"","overlay-type":"","overlay-color":"","overlay-opacity":"","overlay-gradient":""},"tablet":{"background-color":"","background-image":"","background-repeat":"repeat","background-position":"center center","background-size":"auto","background-attachment":"scroll","background-type":"","background-media":"","overlay-type":"","overlay-color":"","overlay-opacity":"","overlay-gradient":""},"mobile":{"background-color":"","background-image":"","background-repeat":"repeat","background-position":"center center","background-size":"auto","background-attachment":"scroll","background-type":"","background-media":"","overlay-type":"","overlay-color":"","overlay-opacity":"","overlay-gradient":""}},"ast-content-background-meta":{"desktop":{"background-color":"var(--ast-global-color-5)","background-image":"","background-repeat":"repeat","background-position":"center center","background-size":"auto","background-attachment":"scroll","background-type":"","background-media":"","overlay-type":"","overlay-color":"","overlay-opacity":"","overlay-gradient":""},"tablet":{"background-color":"var(--ast-global-color-5)","background-image":"","background-repeat":"repeat","background-position":"center center","background-size":"auto","background-attachment":"scroll","background-type":"","background-media":"","overlay-type":"","overlay-color":"","overlay-opacity":"","overlay-gradient":""},"mobile":{"background-color":"var(--ast-global-color-5)","background-image":"","background-repeat":"repeat","background-position":"center center","background-size":"auto","background-attachment":"scroll","background-type":"","background-media":"","overlay-type":"","overlay-color":"","overlay-opacity":"","overlay-gradient":""}}},"product_brand":[3366],"product_cat":[3378],"product_tag":[],"class_list":{"0":"post-23338","1":"product","2":"type-product","3":"status-publish","4":"has-post-thumbnail","6":"product_brand-mysok","7":"product_cat-non-categorise","8":"desktop-align-left","9":"tablet-align-left","10":"mobile-align-left","12":"first","13":"instock","14":"sale","15":"taxable","16":"shipping-taxable","17":"purchasable","18":"product-type-simple"},"acf":[],"_links":{"self":[{"href":"https:\/\/ztsports.com\/fr\/wp-json\/wp\/v2\/product\/23338","targetHints":{"allow":["GET"]}}],"collection":[{"href":"https:\/\/ztsports.com\/fr\/wp-json\/wp\/v2\/product"}],"about":[{"href":"https:\/\/ztsports.com\/fr\/wp-json\/wp\/v2\/types\/product"}],"replies":[{"embeddable":true,"href":"https:\/\/ztsports.com\/fr\/wp-json\/wp\/v2\/comments?post=23338"}],"version-history":[{"count":2,"href":"https:\/\/ztsports.com\/fr\/wp-json\/wp\/v2\/product\/23338\/revisions"}],"predecessor-version":[{"id":23340,"href":"https:\/\/ztsports.com\/fr\/wp-json\/wp\/v2\/product\/23338\/revisions\/23340"}],"wp:featuredmedia":[{"embeddable":true,"href":"https:\/\/ztsports.com\/fr\/wp-json\/wp\/v2\/media\/23334"}],"wp:attachment":[{"href":"https:\/\/ztsports.com\/fr\/wp-json\/wp\/v2\/media?parent=23338"}],"wp:term":[{"taxonomy":"product_brand","embeddable":true,"href":"https:\/\/ztsports.com\/fr\/wp-json\/wp\/v2\/product_brand?post=23338"},{"taxonomy":"product_cat","embeddable":true,"href":"https:\/\/ztsports.com\/fr\/wp-json\/wp\/v2\/product_cat?post=23338"},{"taxonomy":"product_tag","embeddable":true,"href":"https:\/\/ztsports.com\/fr\/wp-json\/wp\/v2\/product_tag?post=23338"}],"curies":[{"name":"wp","href":"https:\/\/api.w.org\/{rel}","templated":true}]}}