{"id":23332,"date":"2021-12-22T12:03:57","date_gmt":"2021-12-22T12:03:57","guid":{"rendered":"https:\/\/ztsports.com\/?post_type=product&#038;p=23332"},"modified":"2026-03-09T08:52:57","modified_gmt":"2026-03-09T08:52:57","slug":"rrs-winter-boot-covers-velcro-back","status":"publish","type":"product","link":"https:\/\/ztsports.com\/fr\/store\/rrs-winter-boot-covers-velcro-back\/","title":{"rendered":"RRS WINTER BOOT COVERS Velcro Back"},"content":{"rendered":"<h1>Housses d\u2019Hiver pour Bottes RRS<\/h1>\n<p>Avec le dos en VELCRO, elles s&#8217;enfilent et se retirent facilement.<\/p>\n<p>Gardez vos pieds au chaud sur la glace. Faciles \u00e0 mettre et \u00e0 enlever gr\u00e2ce au Velcro.<\/p>\n<p>Les housses peuvent \u00eatre enfil\u00e9es apr\u00e8s avoir mis vos patins.<\/p>\n<p>D\u00e9couvrez toutes nos <strong><a href=\"https:\/\/ztsports.com\/product-category\/long-track\/boot-covers\/\">housses thermiques pour bottes<\/a><\/strong> ici.<\/p>\n","protected":false},"excerpt":{"rendered":"<p>Housses d\u2019Hiver pour Bottes RRS Avec le dos en VELCRO, elles s&#8217;enfilent et se retirent facilement. Gardez vos pieds au chaud sur la glace. Faciles \u00e0 mettre et \u00e0 enlever gr\u00e2ce au Velcro. Les housses peuvent \u00eatre enfil\u00e9es apr\u00e8s avoir mis vos patins. D\u00e9couvrez toutes nos housses thermiques pour bottes ici.<\/p>\n","protected":false},"featured_media":23331,"comment_status":"open","ping_status":"closed","template":"","meta":{"_acf_changed":false,"_monsterinsights_skip_tracking":false,"_monsterinsights_sitenote_active":false,"_monsterinsights_sitenote_note":"","_monsterinsights_sitenote_category":0,"_uf_show_specific_survey":0,"_uf_disable_surveys":false,"site-sidebar-layout":"default","site-content-layout":"","ast-site-content-layout":"default","site-content-style":"default","site-sidebar-style":"default","ast-global-header-display":"","ast-banner-title-visibility":"","ast-main-header-display":"","ast-hfb-above-header-display":"","ast-hfb-below-header-display":"","ast-hfb-mobile-header-display":"","site-post-title":"","ast-breadcrumbs-content":"","ast-featured-img":"","footer-sml-layout":"","ast-disable-related-posts":"","theme-transparent-header-meta":"default","adv-header-id-meta":"","stick-header-meta":"","header-above-stick-meta":"","header-main-stick-meta":"","header-below-stick-meta":"","astra-migrate-meta-layouts":"set","ast-page-background-enabled":"default","ast-page-background-meta":{"desktop":{"background-color":"","background-image":"","background-repeat":"repeat","background-position":"center center","background-size":"auto","background-attachment":"scroll","background-type":"","background-media":"","overlay-type":"","overlay-color":"","overlay-opacity":"","overlay-gradient":""},"tablet":{"background-color":"","background-image":"","background-repeat":"repeat","background-position":"center center","background-size":"auto","background-attachment":"scroll","background-type":"","background-media":"","overlay-type":"","overlay-color":"","overlay-opacity":"","overlay-gradient":""},"mobile":{"background-color":"","background-image":"","background-repeat":"repeat","background-position":"center center","background-size":"auto","background-attachment":"scroll","background-type":"","background-media":"","overlay-type":"","overlay-color":"","overlay-opacity":"","overlay-gradient":""}},"ast-content-background-meta":{"desktop":{"background-color":"var(--ast-global-color-5)","background-image":"","background-repeat":"repeat","background-position":"center center","background-size":"auto","background-attachment":"scroll","background-type":"","background-media":"","overlay-type":"","overlay-color":"","overlay-opacity":"","overlay-gradient":""},"tablet":{"background-color":"var(--ast-global-color-5)","background-image":"","background-repeat":"repeat","background-position":"center center","background-size":"auto","background-attachment":"scroll","background-type":"","background-media":"","overlay-type":"","overlay-color":"","overlay-opacity":"","overlay-gradient":""},"mobile":{"background-color":"var(--ast-global-color-5)","background-image":"","background-repeat":"repeat","background-position":"center center","background-size":"auto","background-attachment":"scroll","background-type":"","background-media":"","overlay-type":"","overlay-color":"","overlay-opacity":"","overlay-gradient":""}}},"product_brand":[3333],"product_cat":[3378],"product_tag":[],"class_list":{"0":"post-23332","1":"product","2":"type-product","3":"status-publish","4":"has-post-thumbnail","6":"product_brand-rrs","7":"product_cat-non-categorise","8":"desktop-align-left","9":"tablet-align-left","10":"mobile-align-left","12":"first","13":"instock","14":"featured","15":"taxable","16":"shipping-taxable","17":"purchasable","18":"product-type-simple"},"acf":[],"_links":{"self":[{"href":"https:\/\/ztsports.com\/fr\/wp-json\/wp\/v2\/product\/23332","targetHints":{"allow":["GET"]}}],"collection":[{"href":"https:\/\/ztsports.com\/fr\/wp-json\/wp\/v2\/product"}],"about":[{"href":"https:\/\/ztsports.com\/fr\/wp-json\/wp\/v2\/types\/product"}],"replies":[{"embeddable":true,"href":"https:\/\/ztsports.com\/fr\/wp-json\/wp\/v2\/comments?post=23332"}],"version-history":[{"count":1,"href":"https:\/\/ztsports.com\/fr\/wp-json\/wp\/v2\/product\/23332\/revisions"}],"predecessor-version":[{"id":23333,"href":"https:\/\/ztsports.com\/fr\/wp-json\/wp\/v2\/product\/23332\/revisions\/23333"}],"wp:featuredmedia":[{"embeddable":true,"href":"https:\/\/ztsports.com\/fr\/wp-json\/wp\/v2\/media\/23331"}],"wp:attachment":[{"href":"https:\/\/ztsports.com\/fr\/wp-json\/wp\/v2\/media?parent=23332"}],"wp:term":[{"taxonomy":"product_brand","embeddable":true,"href":"https:\/\/ztsports.com\/fr\/wp-json\/wp\/v2\/product_brand?post=23332"},{"taxonomy":"product_cat","embeddable":true,"href":"https:\/\/ztsports.com\/fr\/wp-json\/wp\/v2\/product_cat?post=23332"},{"taxonomy":"product_tag","embeddable":true,"href":"https:\/\/ztsports.com\/fr\/wp-json\/wp\/v2\/product_tag?post=23332"}],"curies":[{"name":"wp","href":"https:\/\/api.w.org\/{rel}","templated":true}]}}