{"id":23329,"date":"2021-12-23T06:33:00","date_gmt":"2021-12-23T06:33:00","guid":{"rendered":"https:\/\/ztsports.com\/?post_type=product&#038;p=23329"},"modified":"2026-03-18T12:27:27","modified_gmt":"2026-03-18T12:27:27","slug":"maplez-speed-skating-backpack-black-red","status":"publish","type":"product","link":"https:\/\/ztsports.com\/fr\/store\/maplez-speed-skating-backpack-black-red\/","title":{"rendered":"MAPLEZ Speed Skating BACKPACK Black\/Red"},"content":{"rendered":"<h1>Sac \u00e0 Dos de Patinage de Vitesse MAPLEZ<\/h1>\n<p>Le sac \u00e0 dos de patinage de vitesse MAPLEZ poss\u00e8de plusieurs compartiments, dont un pour ranger vos patins.<\/p>\n<p>De plus, la couleur noire avec accent rouge ne montre pas la salet\u00e9 comme certains sacs \u00e0 dos color\u00e9s.<\/p>\n<h4>Description<\/h4>\n<div>\nUn sac pratique pour transporter vos patins et\/ou vos patins de glace. Con\u00e7u \u00e9galement pour transporter votre casque. Un sac tr\u00e8s spacieux et l\u00e9ger fabriqu\u00e9 \u00e0 100 % en polyester. Le sac est tr\u00e8s polyvalent et poss\u00e8de plusieurs compartiments, id\u00e9al pour le patinage de vitesse sur glace et en ligne.<\/p>\n<p>Vous pouvez \u00e9galement y ranger votre casque de patinage sur glace.\n<\/p><\/div>\n<p>Enfin, vous pouvez trouver tous nos <a href=\"https:\/\/ztsports.com\/product-category\/accessoires\/backpacks-bags\/\"><strong>sacs \u00e0 dos pour le patinage de vitesse ici<\/strong><\/a>.<\/p>\n","protected":false},"excerpt":{"rendered":"<p>Sac \u00e0 Dos de Patinage de Vitesse MAPLEZ Le sac \u00e0 dos de patinage de vitesse MAPLEZ poss\u00e8de plusieurs compartiments, dont un pour ranger vos patins. De plus, la couleur noire avec accent rouge ne montre pas la salet\u00e9 comme certains sacs \u00e0 dos color\u00e9s. Description Un sac pratique pour transporter vos patins et\/ou vos [&hellip;]<\/p>\n","protected":false},"featured_media":23325,"comment_status":"open","ping_status":"closed","template":"","meta":{"_acf_changed":false,"_monsterinsights_skip_tracking":false,"_monsterinsights_sitenote_active":false,"_monsterinsights_sitenote_note":"","_monsterinsights_sitenote_category":0,"_uf_show_specific_survey":0,"_uf_disable_surveys":false,"site-sidebar-layout":"default","site-content-layout":"","ast-site-content-layout":"default","site-content-style":"default","site-sidebar-style":"default","ast-global-header-display":"","ast-banner-title-visibility":"","ast-main-header-display":"","ast-hfb-above-header-display":"","ast-hfb-below-header-display":"","ast-hfb-mobile-header-display":"","site-post-title":"","ast-breadcrumbs-content":"","ast-featured-img":"","footer-sml-layout":"","ast-disable-related-posts":"","theme-transparent-header-meta":"default","adv-header-id-meta":"","stick-header-meta":"","header-above-stick-meta":"","header-main-stick-meta":"","header-below-stick-meta":"","astra-migrate-meta-layouts":"set","ast-page-background-enabled":"default","ast-page-background-meta":{"desktop":{"background-color":"","background-image":"","background-repeat":"repeat","background-position":"center center","background-size":"auto","background-attachment":"scroll","background-type":"","background-media":"","overlay-type":"","overlay-color":"","overlay-opacity":"","overlay-gradient":""},"tablet":{"background-color":"","background-image":"","background-repeat":"repeat","background-position":"center center","background-size":"auto","background-attachment":"scroll","background-type":"","background-media":"","overlay-type":"","overlay-color":"","overlay-opacity":"","overlay-gradient":""},"mobile":{"background-color":"","background-image":"","background-repeat":"repeat","background-position":"center center","background-size":"auto","background-attachment":"scroll","background-type":"","background-media":"","overlay-type":"","overlay-color":"","overlay-opacity":"","overlay-gradient":""}},"ast-content-background-meta":{"desktop":{"background-color":"var(--ast-global-color-5)","background-image":"","background-repeat":"repeat","background-position":"center center","background-size":"auto","background-attachment":"scroll","background-type":"","background-media":"","overlay-type":"","overlay-color":"","overlay-opacity":"","overlay-gradient":""},"tablet":{"background-color":"var(--ast-global-color-5)","background-image":"","background-repeat":"repeat","background-position":"center center","background-size":"auto","background-attachment":"scroll","background-type":"","background-media":"","overlay-type":"","overlay-color":"","overlay-opacity":"","overlay-gradient":""},"mobile":{"background-color":"var(--ast-global-color-5)","background-image":"","background-repeat":"repeat","background-position":"center center","background-size":"auto","background-attachment":"scroll","background-type":"","background-media":"","overlay-type":"","overlay-color":"","overlay-opacity":"","overlay-gradient":""}}},"product_brand":[3318,3319],"product_cat":[4565,4577],"product_tag":[],"class_list":{"0":"post-23329","1":"product","2":"type-product","3":"status-publish","4":"has-post-thumbnail","6":"product_brand-maple","7":"product_brand-maplez","8":"product_cat-accessoires","9":"product_cat-cadeaux","10":"desktop-align-left","11":"tablet-align-left","12":"mobile-align-left","14":"first","15":"instock","16":"sale","17":"taxable","18":"shipping-taxable","19":"purchasable","20":"product-type-simple"},"acf":[],"_links":{"self":[{"href":"https:\/\/ztsports.com\/fr\/wp-json\/wp\/v2\/product\/23329","targetHints":{"allow":["GET"]}}],"collection":[{"href":"https:\/\/ztsports.com\/fr\/wp-json\/wp\/v2\/product"}],"about":[{"href":"https:\/\/ztsports.com\/fr\/wp-json\/wp\/v2\/types\/product"}],"replies":[{"embeddable":true,"href":"https:\/\/ztsports.com\/fr\/wp-json\/wp\/v2\/comments?post=23329"}],"version-history":[{"count":3,"href":"https:\/\/ztsports.com\/fr\/wp-json\/wp\/v2\/product\/23329\/revisions"}],"predecessor-version":[{"id":24974,"href":"https:\/\/ztsports.com\/fr\/wp-json\/wp\/v2\/product\/23329\/revisions\/24974"}],"wp:featuredmedia":[{"embeddable":true,"href":"https:\/\/ztsports.com\/fr\/wp-json\/wp\/v2\/media\/23325"}],"wp:attachment":[{"href":"https:\/\/ztsports.com\/fr\/wp-json\/wp\/v2\/media?parent=23329"}],"wp:term":[{"taxonomy":"product_brand","embeddable":true,"href":"https:\/\/ztsports.com\/fr\/wp-json\/wp\/v2\/product_brand?post=23329"},{"taxonomy":"product_cat","embeddable":true,"href":"https:\/\/ztsports.com\/fr\/wp-json\/wp\/v2\/product_cat?post=23329"},{"taxonomy":"product_tag","embeddable":true,"href":"https:\/\/ztsports.com\/fr\/wp-json\/wp\/v2\/product_tag?post=23329"}],"curies":[{"name":"wp","href":"https:\/\/api.w.org\/{rel}","templated":true}]}}