{"id":23322,"date":"2021-12-23T10:25:50","date_gmt":"2021-12-23T10:25:50","guid":{"rendered":"https:\/\/ztsports.com\/?post_type=product&#038;p=23322"},"modified":"2026-03-09T08:48:56","modified_gmt":"2026-03-09T08:48:56","slug":"diamond-de-burring-plate-1-sided","status":"publish","type":"product","link":"https:\/\/ztsports.com\/fr\/store\/diamond-de-burring-plate-1-sided\/","title":{"rendered":"Diamond De-burring Plate 1 Sided"},"content":{"rendered":"<h1>Plaque de D\u00e9bavurage Diamant\u00e9e 1 Face<\/h1>\n<p>La plaque de d\u00e9bavurage diamant\u00e9e 1 face est fabriqu\u00e9e avec les feuilles diamant\u00e9es exclusives de Nagano Skate. Les pierres Frank&#8217;s Signature sont tr\u00e8s efficaces et toujours faciles \u00e0 nettoyer. De plus, vous n\u2019avez besoin que d\u2019un chiffon sec pour les nettoyer, <strong>pas d\u2019huile, pas d\u2019eau.<\/strong><\/p>\n<h3><strong>PLAQUE DE D\u00c9BAVURAGE DIAMANT\u00c9E 1 FACE FRANK&#8217;S SIGNATURE<\/strong><\/h3>\n<p>Lors du choix de vos options, notez que plus le chiffre entre parenth\u00e8ses \u00e0 c\u00f4t\u00e9 de la couleur est grand, plus la pierre sera douce. Le noir est donc plus rugueux et l\u2019or plus doux.<\/p>\n<p><strong>Utilisation de chaque grain :<\/strong><\/p>\n<ul>\n<li>Noir (140) : Pour r\u00e9parer une lame endommag\u00e9e ou ondul\u00e9e.<\/li>\n<li>Bleu (400) : Pour les stries. D\u00e9bavurage grossier, premi\u00e8re \u00e9tape du polissage d\u2019une nouvelle lame.<\/li>\n<li>Rouge (600) : D\u00e9bavurage apr\u00e8s aff\u00fbtage, deuxi\u00e8me \u00e9tape du polissage d\u2019une nouvelle lame.<\/li>\n<li>Or (1200) : D\u00e9bavurage et polissage.<\/li>\n<\/ul>\n<p>DIMENSIONS : 1 pouce x 1 pouce, puis mont\u00e9 sur anodis\u00e9.<\/p>\n<p>Enfin, vous pouvez trouver toutes nos pierres diamant\u00e9es et <a href=\"\/?product_cat=diamond-stones-2\">pierres \u00e0 bavures ici<\/a>.<\/p>\n","protected":false},"excerpt":{"rendered":"<p>Plaque de D\u00e9bavurage Diamant\u00e9e 1 Face La plaque de d\u00e9bavurage diamant\u00e9e 1 face est fabriqu\u00e9e avec les feuilles diamant\u00e9es exclusives de Nagano Skate. Les pierres Frank&#8217;s Signature sont tr\u00e8s efficaces et toujours faciles \u00e0 nettoyer. De plus, vous n\u2019avez besoin que d\u2019un chiffon sec pour les nettoyer, pas d\u2019huile, pas d\u2019eau. PLAQUE DE D\u00c9BAVURAGE DIAMANT\u00c9E [&hellip;]<\/p>\n","protected":false},"featured_media":23319,"comment_status":"open","ping_status":"closed","template":"","meta":{"_acf_changed":false,"_monsterinsights_skip_tracking":false,"_monsterinsights_sitenote_active":false,"_monsterinsights_sitenote_note":"","_monsterinsights_sitenote_category":0,"_uf_show_specific_survey":0,"_uf_disable_surveys":false,"site-sidebar-layout":"default","site-content-layout":"","ast-site-content-layout":"default","site-content-style":"default","site-sidebar-style":"default","ast-global-header-display":"","ast-banner-title-visibility":"","ast-main-header-display":"","ast-hfb-above-header-display":"","ast-hfb-below-header-display":"","ast-hfb-mobile-header-display":"","site-post-title":"","ast-breadcrumbs-content":"","ast-featured-img":"","footer-sml-layout":"","ast-disable-related-posts":"","theme-transparent-header-meta":"default","adv-header-id-meta":"","stick-header-meta":"","header-above-stick-meta":"","header-main-stick-meta":"","header-below-stick-meta":"","astra-migrate-meta-layouts":"set","ast-page-background-enabled":"default","ast-page-background-meta":{"desktop":{"background-color":"","background-image":"","background-repeat":"repeat","background-position":"center center","background-size":"auto","background-attachment":"scroll","background-type":"","background-media":"","overlay-type":"","overlay-color":"","overlay-opacity":"","overlay-gradient":""},"tablet":{"background-color":"","background-image":"","background-repeat":"repeat","background-position":"center center","background-size":"auto","background-attachment":"scroll","background-type":"","background-media":"","overlay-type":"","overlay-color":"","overlay-opacity":"","overlay-gradient":""},"mobile":{"background-color":"","background-image":"","background-repeat":"repeat","background-position":"center center","background-size":"auto","background-attachment":"scroll","background-type":"","background-media":"","overlay-type":"","overlay-color":"","overlay-opacity":"","overlay-gradient":""}},"ast-content-background-meta":{"desktop":{"background-color":"var(--ast-global-color-5)","background-image":"","background-repeat":"repeat","background-position":"center center","background-size":"auto","background-attachment":"scroll","background-type":"","background-media":"","overlay-type":"","overlay-color":"","overlay-opacity":"","overlay-gradient":""},"tablet":{"background-color":"var(--ast-global-color-5)","background-image":"","background-repeat":"repeat","background-position":"center center","background-size":"auto","background-attachment":"scroll","background-type":"","background-media":"","overlay-type":"","overlay-color":"","overlay-opacity":"","overlay-gradient":""},"mobile":{"background-color":"var(--ast-global-color-5)","background-image":"","background-repeat":"repeat","background-position":"center center","background-size":"auto","background-attachment":"scroll","background-type":"","background-media":"","overlay-type":"","overlay-color":"","overlay-opacity":"","overlay-gradient":""}}},"product_brand":[3326],"product_cat":[3378],"product_tag":[],"class_list":{"0":"post-23322","1":"product","2":"type-product","3":"status-publish","4":"has-post-thumbnail","6":"product_brand-nagano","7":"product_cat-non-categorise","8":"desktop-align-left","9":"tablet-align-left","10":"mobile-align-left","12":"first","13":"instock","14":"taxable","15":"shipping-taxable","16":"purchasable","17":"product-type-simple"},"acf":[],"_links":{"self":[{"href":"https:\/\/ztsports.com\/fr\/wp-json\/wp\/v2\/product\/23322","targetHints":{"allow":["GET"]}}],"collection":[{"href":"https:\/\/ztsports.com\/fr\/wp-json\/wp\/v2\/product"}],"about":[{"href":"https:\/\/ztsports.com\/fr\/wp-json\/wp\/v2\/types\/product"}],"replies":[{"embeddable":true,"href":"https:\/\/ztsports.com\/fr\/wp-json\/wp\/v2\/comments?post=23322"}],"version-history":[{"count":1,"href":"https:\/\/ztsports.com\/fr\/wp-json\/wp\/v2\/product\/23322\/revisions"}],"predecessor-version":[{"id":23323,"href":"https:\/\/ztsports.com\/fr\/wp-json\/wp\/v2\/product\/23322\/revisions\/23323"}],"wp:featuredmedia":[{"embeddable":true,"href":"https:\/\/ztsports.com\/fr\/wp-json\/wp\/v2\/media\/23319"}],"wp:attachment":[{"href":"https:\/\/ztsports.com\/fr\/wp-json\/wp\/v2\/media?parent=23322"}],"wp:term":[{"taxonomy":"product_brand","embeddable":true,"href":"https:\/\/ztsports.com\/fr\/wp-json\/wp\/v2\/product_brand?post=23322"},{"taxonomy":"product_cat","embeddable":true,"href":"https:\/\/ztsports.com\/fr\/wp-json\/wp\/v2\/product_cat?post=23322"},{"taxonomy":"product_tag","embeddable":true,"href":"https:\/\/ztsports.com\/fr\/wp-json\/wp\/v2\/product_tag?post=23322"}],"curies":[{"name":"wp","href":"https:\/\/api.w.org\/{rel}","templated":true}]}}