{"id":23317,"date":"2021-12-24T12:09:51","date_gmt":"2021-12-24T12:09:51","guid":{"rendered":"https:\/\/ztsports.com\/?post_type=product&#038;p=23317"},"modified":"2026-03-09T08:47:39","modified_gmt":"2026-03-09T08:47:39","slug":"golden-rocker-2-1-rockering-machine","status":"publish","type":"product","link":"https:\/\/ztsports.com\/fr\/store\/golden-rocker-2-1-rockering-machine\/","title":{"rendered":"GOLDEN ROCKER 2.1 | ROCKERING MACHINE"},"content":{"rendered":"<h1>GOLDEN ROCKER 2.1 | MACHINE \u00c0 ROCKER<\/h1>\n<p>Nouvelle machine universelle Golden Rocker 2.1, \u00e9quip\u00e9e par <strong>MAKITA<\/strong>.<\/p>\n<p>Notre derni\u00e8re version est maintenant plus silencieuse, plus puissante et universelle sur 110V, 220V ou batterie.<\/p>\n<h2>Le set complet Golden Rocker comprend :<\/h2>\n<ul>\n<li>Support d\u2019aff\u00fbtage Nagano Skate Gold Jig modifi\u00e9 pour le Golden Rocker<\/li>\n<li>T\u00eate de coupe Borazon, bonne pour environ 100 paires<\/li>\n<li>Un double jeu de gabarits Nagano Skate (possibilit\u00e9 de personnaliser les gabarits sur demande moyennant un petit suppl\u00e9ment)<\/li>\n<li>Outil routeur compact Makita puissant\n<ul>\n<li>Outil tr\u00e8s puissant et r\u00e9sistant<\/li>\n<li>Beaucoup mieux que notre version 1.1<\/li>\n<li>Fonctionne sur 110V, 220V et sans fil\n<ul>\n<li>Batterie et chargeur vendus s\u00e9par\u00e9ment pour le mod\u00e8le sans fil<\/li>\n<\/ul>\n<\/li>\n<li>Capacit\u00e9 de rocker accrue<\/li>\n<\/ul>\n<\/li>\n<\/ul>\n<p>La machine Golden Rocker est con\u00e7ue et fabriqu\u00e9e avec fiert\u00e9 au Canada.<\/p>\n<p>La nouvelle machine Golden Rocker permet de r\u00e9aliser des courbes de pr\u00e9cision et de performance (cradles) accessibles \u00e0 tous les patineurs de vitesse. Une innovation de la soci\u00e9t\u00e9 Nagano Skate.<\/p>\n<p>Mont\u00e9e sur un support d\u2019aff\u00fbtage Nagano Skate Gold, cette machine est l\u00e9g\u00e8re, portable et offre des courbes tr\u00e8s pr\u00e9cises. Elle permet de r\u00e9aliser les courbes pour patineurs de short et long track et est adapt\u00e9e \u00e0 tous les niveaux. Offrant une pr\u00e9cision in\u00e9gal\u00e9e avec des courbes exclusives de Nagano Skate, cet outil a rapidement rencontr\u00e9 un grand succ\u00e8s.<\/p>\n<p>D\u00e9j\u00e0, de nombreux clubs et \u00e9quipes nationales au Canada utilisent le Golden Rocker. La nouvelle machine permet de rendre les courbes de pr\u00e9cision et de performance accessibles \u00e0 tous les patineurs de vitesse.<\/p>\n<p>Le set complet comprend : <\/p>\n<ul>\n<li>Support d\u2019aff\u00fbtage Nagano Skate Gold (Jig)<\/li>\n<li>T\u00eate de coupe Borazon<\/li>\n<li>Double jeu de gabarits Frank&#8217;s Signature (possibilit\u00e9 de personnaliser sur demande moyennant un petit suppl\u00e9ment)<\/li>\n<li>Outil rotatif puissant Rotozip (fabriqu\u00e9 par Bosch)<\/li>\n<\/ul>\n<p>Con\u00e7ue et fabriqu\u00e9e avec fiert\u00e9 au Canada.<\/p>\n<p><strong>Enfin, une vid\u00e9o en anglais du <a href=\"https:\/\/www.youtube.com\/watch?v=js3WqbG8Eic&#038;t=30s\" target=\"_blank\" rel=\"noopener\">Golden Rocker en action<\/a>.<\/strong><\/p>\n<p><strong>En outre, vous pouvez voir toutes nos <a href=\"https:\/\/ztsports.com\/product-category\/sharpening\/rockering-machine\/\">machines \u00e0 rocker ici<\/a>.<\/strong><\/p>\n","protected":false},"excerpt":{"rendered":"<p>GOLDEN ROCKER 2.1 | MACHINE \u00c0 ROCKER Nouvelle machine universelle Golden Rocker 2.1, \u00e9quip\u00e9e par MAKITA. Notre derni\u00e8re version est maintenant plus silencieuse, plus puissante et universelle sur 110V, 220V ou batterie. Le set complet Golden Rocker comprend : Support d\u2019aff\u00fbtage Nagano Skate Gold Jig modifi\u00e9 pour le Golden Rocker T\u00eate de coupe Borazon, bonne [&hellip;]<\/p>\n","protected":false},"featured_media":23308,"comment_status":"open","ping_status":"closed","template":"","meta":{"_acf_changed":false,"_monsterinsights_skip_tracking":false,"_monsterinsights_sitenote_active":false,"_monsterinsights_sitenote_note":"","_monsterinsights_sitenote_category":0,"_uf_show_specific_survey":0,"_uf_disable_surveys":false,"site-sidebar-layout":"default","site-content-layout":"","ast-site-content-layout":"default","site-content-style":"default","site-sidebar-style":"default","ast-global-header-display":"","ast-banner-title-visibility":"","ast-main-header-display":"","ast-hfb-above-header-display":"","ast-hfb-below-header-display":"","ast-hfb-mobile-header-display":"","site-post-title":"","ast-breadcrumbs-content":"","ast-featured-img":"","footer-sml-layout":"","ast-disable-related-posts":"","theme-transparent-header-meta":"default","adv-header-id-meta":"","stick-header-meta":"","header-above-stick-meta":"","header-main-stick-meta":"","header-below-stick-meta":"","astra-migrate-meta-layouts":"set","ast-page-background-enabled":"default","ast-page-background-meta":{"desktop":{"background-color":"","background-image":"","background-repeat":"repeat","background-position":"center center","background-size":"auto","background-attachment":"scroll","background-type":"","background-media":"","overlay-type":"","overlay-color":"","overlay-opacity":"","overlay-gradient":""},"tablet":{"background-color":"","background-image":"","background-repeat":"repeat","background-position":"center center","background-size":"auto","background-attachment":"scroll","background-type":"","background-media":"","overlay-type":"","overlay-color":"","overlay-opacity":"","overlay-gradient":""},"mobile":{"background-color":"","background-image":"","background-repeat":"repeat","background-position":"center center","background-size":"auto","background-attachment":"scroll","background-type":"","background-media":"","overlay-type":"","overlay-color":"","overlay-opacity":"","overlay-gradient":""}},"ast-content-background-meta":{"desktop":{"background-color":"var(--ast-global-color-5)","background-image":"","background-repeat":"repeat","background-position":"center center","background-size":"auto","background-attachment":"scroll","background-type":"","background-media":"","overlay-type":"","overlay-color":"","overlay-opacity":"","overlay-gradient":""},"tablet":{"background-color":"var(--ast-global-color-5)","background-image":"","background-repeat":"repeat","background-position":"center center","background-size":"auto","background-attachment":"scroll","background-type":"","background-media":"","overlay-type":"","overlay-color":"","overlay-opacity":"","overlay-gradient":""},"mobile":{"background-color":"var(--ast-global-color-5)","background-image":"","background-repeat":"repeat","background-position":"center center","background-size":"auto","background-attachment":"scroll","background-type":"","background-media":"","overlay-type":"","overlay-color":"","overlay-opacity":"","overlay-gradient":""}}},"product_brand":[3326],"product_cat":[3378],"product_tag":[],"class_list":{"0":"post-23317","1":"product","2":"type-product","3":"status-publish","4":"has-post-thumbnail","6":"product_brand-nagano","7":"product_cat-non-categorise","8":"desktop-align-left","9":"tablet-align-left","10":"mobile-align-left","12":"first","13":"instock","14":"taxable","15":"shipping-taxable","16":"purchasable","17":"product-type-simple"},"acf":[],"_links":{"self":[{"href":"https:\/\/ztsports.com\/fr\/wp-json\/wp\/v2\/product\/23317","targetHints":{"allow":["GET"]}}],"collection":[{"href":"https:\/\/ztsports.com\/fr\/wp-json\/wp\/v2\/product"}],"about":[{"href":"https:\/\/ztsports.com\/fr\/wp-json\/wp\/v2\/types\/product"}],"replies":[{"embeddable":true,"href":"https:\/\/ztsports.com\/fr\/wp-json\/wp\/v2\/comments?post=23317"}],"version-history":[{"count":1,"href":"https:\/\/ztsports.com\/fr\/wp-json\/wp\/v2\/product\/23317\/revisions"}],"predecessor-version":[{"id":23318,"href":"https:\/\/ztsports.com\/fr\/wp-json\/wp\/v2\/product\/23317\/revisions\/23318"}],"wp:featuredmedia":[{"embeddable":true,"href":"https:\/\/ztsports.com\/fr\/wp-json\/wp\/v2\/media\/23308"}],"wp:attachment":[{"href":"https:\/\/ztsports.com\/fr\/wp-json\/wp\/v2\/media?parent=23317"}],"wp:term":[{"taxonomy":"product_brand","embeddable":true,"href":"https:\/\/ztsports.com\/fr\/wp-json\/wp\/v2\/product_brand?post=23317"},{"taxonomy":"product_cat","embeddable":true,"href":"https:\/\/ztsports.com\/fr\/wp-json\/wp\/v2\/product_cat?post=23317"},{"taxonomy":"product_tag","embeddable":true,"href":"https:\/\/ztsports.com\/fr\/wp-json\/wp\/v2\/product_tag?post=23317"}],"curies":[{"name":"wp","href":"https:\/\/api.w.org\/{rel}","templated":true}]}}