{"id":23297,"date":"2021-12-30T07:25:43","date_gmt":"2021-12-30T07:25:43","guid":{"rendered":"https:\/\/ztsports.com\/?post_type=product&#038;p=23297"},"modified":"2026-03-09T08:42:40","modified_gmt":"2026-03-09T08:42:40","slug":"lt-fixed-12c27-evo-freddys-revenge","status":"publish","type":"product","link":"https:\/\/ztsports.com\/fr\/store\/lt-fixed-12c27-evo-freddys-revenge\/","title":{"rendered":"LT FIXED 12C27 Evo Freddy\u2019s Revenge"},"content":{"rendered":"<h1>LT FIXED 12C27 Evo Freddy\u2019s Revenge<\/h1>\n<p>Le tube LT FIXED 12C27 Evo Freddy\u2019s Revenge est fabriqu\u00e9 en aluminium de haute qualit\u00e9 de la s\u00e9rie 7000 et en acier 12C27. Le plus important est qu&#8217;il conserve une excellente qualit\u00e9 de tranchant et de nettet\u00e9, et est fabriqu\u00e9 selon les m\u00eames tol\u00e9rances que nos patins PM et Bi-m\u00e9tal.<\/p>\n<h4>Evo Freddy\u2019s Revenge NOIR EST LE NOUVEAU OR<\/h4>\n<ul class=\"productspecs\">\n<li>Tube construit en aluminium de haute qualit\u00e9 s\u00e9rie 7000<\/li>\n<li>Acier 12C27 garantissant une excellente qualit\u00e9 de tranchant et nettet\u00e9<\/li>\n<\/ul>\n<p>La lame Freddy\u2019s Revenge est une alternative si vous n\u2019\u00eates pas \u00e0 l\u2019aise avec un syst\u00e8me clap.<\/p>\n<p>Convient \u00e0 la plupart des chaussures LT.<\/p>\n<p><strong>Enfin, vous pouvez trouver toutes nos <a href=\"\/?product_cat=blades1\">lames Long Track<\/a> ici.<\/strong><\/p>\n","protected":false},"excerpt":{"rendered":"<p>LT FIXED 12C27 Evo Freddy\u2019s Revenge Le tube LT FIXED 12C27 Evo Freddy\u2019s Revenge est fabriqu\u00e9 en aluminium de haute qualit\u00e9 de la s\u00e9rie 7000 et en acier 12C27. Le plus important est qu&#8217;il conserve une excellente qualit\u00e9 de tranchant et de nettet\u00e9, et est fabriqu\u00e9 selon les m\u00eames tol\u00e9rances que nos patins PM et [&hellip;]<\/p>\n","protected":false},"featured_media":23294,"comment_status":"open","ping_status":"closed","template":"","meta":{"_acf_changed":false,"_monsterinsights_skip_tracking":false,"_monsterinsights_sitenote_active":false,"_monsterinsights_sitenote_note":"","_monsterinsights_sitenote_category":0,"_uf_show_specific_survey":0,"_uf_disable_surveys":false,"site-sidebar-layout":"default","site-content-layout":"","ast-site-content-layout":"default","site-content-style":"default","site-sidebar-style":"default","ast-global-header-display":"","ast-banner-title-visibility":"","ast-main-header-display":"","ast-hfb-above-header-display":"","ast-hfb-below-header-display":"","ast-hfb-mobile-header-display":"","site-post-title":"","ast-breadcrumbs-content":"","ast-featured-img":"","footer-sml-layout":"","ast-disable-related-posts":"","theme-transparent-header-meta":"default","adv-header-id-meta":"","stick-header-meta":"","header-above-stick-meta":"","header-main-stick-meta":"","header-below-stick-meta":"","astra-migrate-meta-layouts":"set","ast-page-background-enabled":"default","ast-page-background-meta":{"desktop":{"background-color":"","background-image":"","background-repeat":"repeat","background-position":"center center","background-size":"auto","background-attachment":"scroll","background-type":"","background-media":"","overlay-type":"","overlay-color":"","overlay-opacity":"","overlay-gradient":""},"tablet":{"background-color":"","background-image":"","background-repeat":"repeat","background-position":"center center","background-size":"auto","background-attachment":"scroll","background-type":"","background-media":"","overlay-type":"","overlay-color":"","overlay-opacity":"","overlay-gradient":""},"mobile":{"background-color":"","background-image":"","background-repeat":"repeat","background-position":"center center","background-size":"auto","background-attachment":"scroll","background-type":"","background-media":"","overlay-type":"","overlay-color":"","overlay-opacity":"","overlay-gradient":""}},"ast-content-background-meta":{"desktop":{"background-color":"var(--ast-global-color-5)","background-image":"","background-repeat":"repeat","background-position":"center center","background-size":"auto","background-attachment":"scroll","background-type":"","background-media":"","overlay-type":"","overlay-color":"","overlay-opacity":"","overlay-gradient":""},"tablet":{"background-color":"var(--ast-global-color-5)","background-image":"","background-repeat":"repeat","background-position":"center center","background-size":"auto","background-attachment":"scroll","background-type":"","background-media":"","overlay-type":"","overlay-color":"","overlay-opacity":"","overlay-gradient":""},"mobile":{"background-color":"var(--ast-global-color-5)","background-image":"","background-repeat":"repeat","background-position":"center center","background-size":"auto","background-attachment":"scroll","background-type":"","background-media":"","overlay-type":"","overlay-color":"","overlay-opacity":"","overlay-gradient":""}}},"product_brand":[3297,3338],"product_cat":[3378],"product_tag":[3823],"class_list":{"0":"post-23297","1":"product","2":"type-product","3":"status-publish","4":"has-post-thumbnail","6":"product_brand-evo","7":"product_brand-skate-tec","8":"product_cat-non-categorise","9":"product_tag-long-track","10":"desktop-align-left","11":"tablet-align-left","12":"mobile-align-left","14":"first","15":"instock","16":"taxable","17":"shipping-taxable","18":"purchasable","19":"product-type-simple"},"acf":[],"_links":{"self":[{"href":"https:\/\/ztsports.com\/fr\/wp-json\/wp\/v2\/product\/23297","targetHints":{"allow":["GET"]}}],"collection":[{"href":"https:\/\/ztsports.com\/fr\/wp-json\/wp\/v2\/product"}],"about":[{"href":"https:\/\/ztsports.com\/fr\/wp-json\/wp\/v2\/types\/product"}],"replies":[{"embeddable":true,"href":"https:\/\/ztsports.com\/fr\/wp-json\/wp\/v2\/comments?post=23297"}],"version-history":[{"count":1,"href":"https:\/\/ztsports.com\/fr\/wp-json\/wp\/v2\/product\/23297\/revisions"}],"predecessor-version":[{"id":23298,"href":"https:\/\/ztsports.com\/fr\/wp-json\/wp\/v2\/product\/23297\/revisions\/23298"}],"wp:featuredmedia":[{"embeddable":true,"href":"https:\/\/ztsports.com\/fr\/wp-json\/wp\/v2\/media\/23294"}],"wp:attachment":[{"href":"https:\/\/ztsports.com\/fr\/wp-json\/wp\/v2\/media?parent=23297"}],"wp:term":[{"taxonomy":"product_brand","embeddable":true,"href":"https:\/\/ztsports.com\/fr\/wp-json\/wp\/v2\/product_brand?post=23297"},{"taxonomy":"product_cat","embeddable":true,"href":"https:\/\/ztsports.com\/fr\/wp-json\/wp\/v2\/product_cat?post=23297"},{"taxonomy":"product_tag","embeddable":true,"href":"https:\/\/ztsports.com\/fr\/wp-json\/wp\/v2\/product_tag?post=23297"}],"curies":[{"name":"wp","href":"https:\/\/api.w.org\/{rel}","templated":true}]}}