{"id":23292,"date":"2021-12-30T07:29:18","date_gmt":"2021-12-30T07:29:18","guid":{"rendered":"https:\/\/ztsports.com\/?post_type=product&#038;p=23292"},"modified":"2026-03-09T08:40:50","modified_gmt":"2026-03-09T08:40:50","slug":"skate-tec-527-lt-blades","status":"publish","type":"product","link":"https:\/\/ztsports.com\/fr\/store\/skate-tec-527-lt-blades\/","title":{"rendered":"SKATE-TEC 527 LT Blades"},"content":{"rendered":"<h1 class=\"product_title entry-title\">Lames SKATE-TEC 527 LT<\/h1>\n<div>Skate-Tec LT 527<\/div>\n<div class=\"title-small title-font\">Nos lames 527 sont sur le march\u00e9 depuis un certain temps et ont connu du succ\u00e8s tant en Coupe du Monde qu&#8217;en Marathon.<\/div>\n<div>\n<h2>Skate-Tec LT 527<\/h2>\n<p>Les meilleures lames pour le patinage de vitesse Long Track.<\/p>\n<p>Nos lames Skate-Tec LT 527 sont sur le march\u00e9 depuis un certain temps et ont remport\u00e9 du succ\u00e8s en Coupe du Monde et lors d&#8217;\u00e9v\u00e9nements Marathon. Gr\u00e2ce \u00e0 leurs caract\u00e9ristiques plus flexibles, elles conviennent g\u00e9n\u00e9ralement aux patineurs l\u00e9gers ou aux applications de patinage o\u00f9 les forces maximales sont moins importantes. La 527 vous donnera confiance dans vos pouss\u00e9es en dirigeant doucement la pouss\u00e9e pour vous, permettant un type de technique l\u00e9g\u00e8rement plus passive. Les gains de contr\u00f4le et de direction de cette lame s&#8217;accompagnent d&#8217;une sensation l\u00e9g\u00e8re et agile sous les pieds.<\/p>\n<h2 class=\"has-text-centered\">Tube en Acier Form\u00e9 avec Pr\u00e9cision<\/h2>\n<p>Nos tubes sont le r\u00e9sultat de pr\u00e8s de deux d\u00e9cennies d&#8217;exp\u00e9rimentation et de perfectionnement. Nous sommes la seule entreprise de patins \u00e0 offrir des profils de tube qui ne sont pas simplement courb\u00e9s mais incluent des caract\u00e9ristiques telles que des points plats et des cr\u00eates pour am\u00e9liorer leurs performances. Ces caract\u00e9ristiques sont strat\u00e9giquement incluses pour influencer la fa\u00e7on dont le tube se plie sous la pression d&#8217;une pouss\u00e9e et pour am\u00e9liorer la performance. Nous avons valid\u00e9 nos conceptions de tubes par mod\u00e9lisation math\u00e9matique pour offrir une performance sur glace hautement optimis\u00e9e pour chacun de nos tubes.<\/p>\n<h2>Syst\u00e8me de Montage \u00e0 Ressort<\/h2>\n<p>Toutes nos lames Long Track sont \u00e9quip\u00e9es d\u2019un syst\u00e8me de montage unique \u00e0 ressort. Tous les composants internes sont int\u00e9gr\u00e9s \u00e0 l&#8217;int\u00e9rieur du patin, offrant un look \u00e9pur\u00e9 tout en restant facilement rempla\u00e7ables. Ce syst\u00e8me permet \u00e9galement au patineur de se pencher plus pr\u00e8s de la glace sans craindre de rayer, une caract\u00e9ristique utile \u00e0 mesure que la vitesse en patinage augmente.<\/p>\n<div class=\"columns\">\n<div class=\"column formedtips\">\n<h2 class=\"has-text-centered\">Pointes Form\u00e9es Sym\u00e9triques<\/h2>\n<p>Toutes les pointes M-Style sont form\u00e9es pour obtenir une extr\u00e9mit\u00e9 parfaitement lisse. Gr\u00e2ce \u00e0 notre technique de production propri\u00e9taire d\u00e9velopp\u00e9e en interne, nous garantissons que toutes les pointes sont uniformes. Cela est essentiel pour la qualit\u00e9 des lames car cela assure que le tube reste droit apr\u00e8s la formation de la pointe, sans tensions ind\u00e9sirables. Cela ajoute \u00e9galement de la rigidit\u00e9 aux pointes du tube, am\u00e9liorant le contr\u00f4le. Toutes les tubes sont fabriqu\u00e9s avec ce proc\u00e9d\u00e9, sauf pour la 527 qui adopte une m\u00e9thode permettant plus de flexibilit\u00e9.<\/p>\n<ul>\n<li>Rigidit\u00e9 : Souple<\/li>\n<li>Virage : \u00c9lev\u00e9<\/li>\n<li>Sensation : Moyenne<\/li>\n<li>Pression : \u00c9lev\u00e9e<\/li>\n<li>Lame : Bi-M\u00e9tal<\/li>\n<li>Type de Pont : Aluminium\/Carbone<\/li>\n<li>Taille du Pont : 34\/35 36\/37 38\/39 40\/41 42\/43 44\/45<\/li>\n<li>Taille de la Lame : 15,00\u201d 15,50\u201d 16,00\u201d 16,50\u201d 17,00\u201d 17,50\u201d 18,00\u201d<\/li>\n<\/ul>\n<p>En savoir plus sur Skate-Tec <a href=\"https:\/\/skate-tec.com\/about.html\" target=\"_blank\" rel=\"noopener\">ici<\/a><\/p>\n<\/p><\/div>\n<\/div>\n<p><strong>Enfin, vous pouvez voir toutes nos <a href=\"\/?product_cat=blades1\">lames Long Track Clap<\/a> ici.<\/strong><\/p>\n","protected":false},"excerpt":{"rendered":"<p>Lames SKATE-TEC 527 LT Skate-Tec LT 527 Nos lames 527 sont sur le march\u00e9 depuis un certain temps et ont connu du succ\u00e8s tant en Coupe du Monde qu&#8217;en Marathon. Skate-Tec LT 527 Les meilleures lames pour le patinage de vitesse Long Track. Nos lames Skate-Tec LT 527 sont sur le march\u00e9 depuis un certain [&hellip;]<\/p>\n","protected":false},"featured_media":23288,"comment_status":"open","ping_status":"closed","template":"","meta":{"_acf_changed":false,"_monsterinsights_skip_tracking":false,"_monsterinsights_sitenote_active":false,"_monsterinsights_sitenote_note":"","_monsterinsights_sitenote_category":0,"_uf_show_specific_survey":0,"_uf_disable_surveys":false,"site-sidebar-layout":"default","site-content-layout":"","ast-site-content-layout":"default","site-content-style":"default","site-sidebar-style":"default","ast-global-header-display":"","ast-banner-title-visibility":"","ast-main-header-display":"","ast-hfb-above-header-display":"","ast-hfb-below-header-display":"","ast-hfb-mobile-header-display":"","site-post-title":"","ast-breadcrumbs-content":"","ast-featured-img":"","footer-sml-layout":"","ast-disable-related-posts":"","theme-transparent-header-meta":"default","adv-header-id-meta":"","stick-header-meta":"","header-above-stick-meta":"","header-main-stick-meta":"","header-below-stick-meta":"","astra-migrate-meta-layouts":"set","ast-page-background-enabled":"default","ast-page-background-meta":{"desktop":{"background-color":"","background-image":"","background-repeat":"repeat","background-position":"center center","background-size":"auto","background-attachment":"scroll","background-type":"","background-media":"","overlay-type":"","overlay-color":"","overlay-opacity":"","overlay-gradient":""},"tablet":{"background-color":"","background-image":"","background-repeat":"repeat","background-position":"center center","background-size":"auto","background-attachment":"scroll","background-type":"","background-media":"","overlay-type":"","overlay-color":"","overlay-opacity":"","overlay-gradient":""},"mobile":{"background-color":"","background-image":"","background-repeat":"repeat","background-position":"center center","background-size":"auto","background-attachment":"scroll","background-type":"","background-media":"","overlay-type":"","overlay-color":"","overlay-opacity":"","overlay-gradient":""}},"ast-content-background-meta":{"desktop":{"background-color":"var(--ast-global-color-5)","background-image":"","background-repeat":"repeat","background-position":"center center","background-size":"auto","background-attachment":"scroll","background-type":"","background-media":"","overlay-type":"","overlay-color":"","overlay-opacity":"","overlay-gradient":""},"tablet":{"background-color":"var(--ast-global-color-5)","background-image":"","background-repeat":"repeat","background-position":"center center","background-size":"auto","background-attachment":"scroll","background-type":"","background-media":"","overlay-type":"","overlay-color":"","overlay-opacity":"","overlay-gradient":""},"mobile":{"background-color":"var(--ast-global-color-5)","background-image":"","background-repeat":"repeat","background-position":"center center","background-size":"auto","background-attachment":"scroll","background-type":"","background-media":"","overlay-type":"","overlay-color":"","overlay-opacity":"","overlay-gradient":""}}},"product_brand":[3297,3338],"product_cat":[3378],"product_tag":[],"class_list":{"0":"post-23292","1":"product","2":"type-product","3":"status-publish","4":"has-post-thumbnail","6":"product_brand-evo","7":"product_brand-skate-tec","8":"product_cat-non-categorise","9":"desktop-align-left","10":"tablet-align-left","11":"mobile-align-left","13":"first","14":"instock","15":"taxable","16":"shipping-taxable","17":"purchasable","18":"product-type-simple"},"acf":[],"_links":{"self":[{"href":"https:\/\/ztsports.com\/fr\/wp-json\/wp\/v2\/product\/23292","targetHints":{"allow":["GET"]}}],"collection":[{"href":"https:\/\/ztsports.com\/fr\/wp-json\/wp\/v2\/product"}],"about":[{"href":"https:\/\/ztsports.com\/fr\/wp-json\/wp\/v2\/types\/product"}],"replies":[{"embeddable":true,"href":"https:\/\/ztsports.com\/fr\/wp-json\/wp\/v2\/comments?post=23292"}],"version-history":[{"count":1,"href":"https:\/\/ztsports.com\/fr\/wp-json\/wp\/v2\/product\/23292\/revisions"}],"predecessor-version":[{"id":23293,"href":"https:\/\/ztsports.com\/fr\/wp-json\/wp\/v2\/product\/23292\/revisions\/23293"}],"wp:featuredmedia":[{"embeddable":true,"href":"https:\/\/ztsports.com\/fr\/wp-json\/wp\/v2\/media\/23288"}],"wp:attachment":[{"href":"https:\/\/ztsports.com\/fr\/wp-json\/wp\/v2\/media?parent=23292"}],"wp:term":[{"taxonomy":"product_brand","embeddable":true,"href":"https:\/\/ztsports.com\/fr\/wp-json\/wp\/v2\/product_brand?post=23292"},{"taxonomy":"product_cat","embeddable":true,"href":"https:\/\/ztsports.com\/fr\/wp-json\/wp\/v2\/product_cat?post=23292"},{"taxonomy":"product_tag","embeddable":true,"href":"https:\/\/ztsports.com\/fr\/wp-json\/wp\/v2\/product_tag?post=23292"}],"curies":[{"name":"wp","href":"https:\/\/api.w.org\/{rel}","templated":true}]}}