{"id":23286,"date":"2021-12-30T07:34:38","date_gmt":"2021-12-30T07:34:38","guid":{"rendered":"https:\/\/ztsports.com\/?post_type=product&#038;p=23286"},"modified":"2026-03-12T12:23:35","modified_gmt":"2026-03-12T12:23:35","slug":"corefx-adjustable-slide-board-dryland-training-new","status":"publish","type":"product","link":"https:\/\/ztsports.com\/fr\/store\/corefx-adjustable-slide-board-dryland-training-new\/","title":{"rendered":"COREFX ADJUSTABLE SLIDE BOARD Dryland Training New"},"content":{"rendered":"<h1>COREFX PLANCHE GLISSANTE AJUSTABLE<\/h1>\n<p>La <strong>COREFX Adjustable Slide Board<\/strong> est con\u00e7ue pour l&#8217;entra\u00eenement hors glace en patinage de vitesse et hockey. Elle est utilis\u00e9e comme outil d&#8217;entra\u00eenement dans divers types de programmes. Cependant, elle ne se limite pas seulement \u00e0 l&#8217;entra\u00eenement hors glace pour le patinage de vitesse ou le hockey.<\/p>\n<p>Atteignez le prochain niveau de d\u00e9veloppement de comp\u00e9tences avec la planche glissante COREFX ! Notre surface de tapis et le dessous antid\u00e9rapant la rendent parfaite pour une vari\u00e9t\u00e9 d&#8217;exercices.<\/p>\n<p>Lib\u00e9rez votre potentiel de patineur d\u00e8s aujourd&#8217;hui !<\/p>\n<p>La planche est personnalisable jusqu&#8217;\u00e0 2,5 m\u00e8tres de long et convient \u00e0 tous les niveaux de comp\u00e9tence.<\/p>\n<section class=\"page-product-box\">\n<div class=\"rte\">\n<div class=\"su-expand su-expand-link-style-default\">\n<div class=\"su-expand-content\">\n        Une fois l&#8217;entra\u00eenement termin\u00e9, elle se roule facilement et peut \u00eatre rang\u00e9e proprement dans le sac de transport pratique fourni avec les couvre-chaussures glissantes.\n      <\/div>\n<\/p><\/div>\n<\/p><\/div>\n<\/section>\n<div>\n<h4>Exercices suppl\u00e9mentaires : <a href=\"https:\/\/www.youtube.com\/watch?v=G6mHym1S_p0\" target=\"_blank\" rel=\"noopener\"><strong>Slide Board<\/strong><\/a><\/h4>\n<\/div>\n<p><strong>Tous nos <a href=\"https:\/\/ztsports.com\/fr\/product-category\/aides-a-lentrainement\/\">outils de coaching et d&#8217;entra\u00eenement<\/a> sont ici.<\/strong><\/p>\n","protected":false},"excerpt":{"rendered":"<p>COREFX PLANCHE GLISSANTE AJUSTABLE La COREFX Adjustable Slide Board est con\u00e7ue pour l&#8217;entra\u00eenement hors glace en patinage de vitesse et hockey. Elle est utilis\u00e9e comme outil d&#8217;entra\u00eenement dans divers types de programmes. Cependant, elle ne se limite pas seulement \u00e0 l&#8217;entra\u00eenement hors glace pour le patinage de vitesse ou le hockey. Atteignez le prochain niveau [&hellip;]<\/p>\n","protected":false},"featured_media":23280,"comment_status":"open","ping_status":"closed","template":"","meta":{"_acf_changed":false,"_monsterinsights_skip_tracking":false,"_monsterinsights_sitenote_active":false,"_monsterinsights_sitenote_note":"","_monsterinsights_sitenote_category":0,"_uf_show_specific_survey":0,"_uf_disable_surveys":false,"site-sidebar-layout":"default","site-content-layout":"","ast-site-content-layout":"default","site-content-style":"default","site-sidebar-style":"default","ast-global-header-display":"","ast-banner-title-visibility":"","ast-main-header-display":"","ast-hfb-above-header-display":"","ast-hfb-below-header-display":"","ast-hfb-mobile-header-display":"","site-post-title":"","ast-breadcrumbs-content":"","ast-featured-img":"","footer-sml-layout":"","ast-disable-related-posts":"","theme-transparent-header-meta":"default","adv-header-id-meta":"","stick-header-meta":"","header-above-stick-meta":"","header-main-stick-meta":"","header-below-stick-meta":"","astra-migrate-meta-layouts":"set","ast-page-background-enabled":"default","ast-page-background-meta":{"desktop":{"background-color":"","background-image":"","background-repeat":"repeat","background-position":"center center","background-size":"auto","background-attachment":"scroll","background-type":"","background-media":"","overlay-type":"","overlay-color":"","overlay-opacity":"","overlay-gradient":""},"tablet":{"background-color":"","background-image":"","background-repeat":"repeat","background-position":"center center","background-size":"auto","background-attachment":"scroll","background-type":"","background-media":"","overlay-type":"","overlay-color":"","overlay-opacity":"","overlay-gradient":""},"mobile":{"background-color":"","background-image":"","background-repeat":"repeat","background-position":"center center","background-size":"auto","background-attachment":"scroll","background-type":"","background-media":"","overlay-type":"","overlay-color":"","overlay-opacity":"","overlay-gradient":""}},"ast-content-background-meta":{"desktop":{"background-color":"var(--ast-global-color-5)","background-image":"","background-repeat":"repeat","background-position":"center center","background-size":"auto","background-attachment":"scroll","background-type":"","background-media":"","overlay-type":"","overlay-color":"","overlay-opacity":"","overlay-gradient":""},"tablet":{"background-color":"var(--ast-global-color-5)","background-image":"","background-repeat":"repeat","background-position":"center center","background-size":"auto","background-attachment":"scroll","background-type":"","background-media":"","overlay-type":"","overlay-color":"","overlay-opacity":"","overlay-gradient":""},"mobile":{"background-color":"var(--ast-global-color-5)","background-image":"","background-repeat":"repeat","background-position":"center center","background-size":"auto","background-attachment":"scroll","background-type":"","background-media":"","overlay-type":"","overlay-color":"","overlay-opacity":"","overlay-gradient":""}}},"product_brand":[3292],"product_cat":[3380,3379],"product_tag":[],"class_list":{"0":"post-23286","1":"product","2":"type-product","3":"status-publish","4":"has-post-thumbnail","6":"product_brand-corefx","7":"product_cat-aides-a-lentrainement","8":"product_cat-aides-au-coaching-et-a-lentrainement","9":"desktop-align-left","10":"tablet-align-left","11":"mobile-align-left","13":"first","14":"instock","15":"sale","16":"taxable","17":"shipping-taxable","18":"purchasable","19":"product-type-simple"},"acf":[],"_links":{"self":[{"href":"https:\/\/ztsports.com\/fr\/wp-json\/wp\/v2\/product\/23286","targetHints":{"allow":["GET"]}}],"collection":[{"href":"https:\/\/ztsports.com\/fr\/wp-json\/wp\/v2\/product"}],"about":[{"href":"https:\/\/ztsports.com\/fr\/wp-json\/wp\/v2\/types\/product"}],"replies":[{"embeddable":true,"href":"https:\/\/ztsports.com\/fr\/wp-json\/wp\/v2\/comments?post=23286"}],"version-history":[{"count":2,"href":"https:\/\/ztsports.com\/fr\/wp-json\/wp\/v2\/product\/23286\/revisions"}],"predecessor-version":[{"id":24575,"href":"https:\/\/ztsports.com\/fr\/wp-json\/wp\/v2\/product\/23286\/revisions\/24575"}],"wp:featuredmedia":[{"embeddable":true,"href":"https:\/\/ztsports.com\/fr\/wp-json\/wp\/v2\/media\/23280"}],"wp:attachment":[{"href":"https:\/\/ztsports.com\/fr\/wp-json\/wp\/v2\/media?parent=23286"}],"wp:term":[{"taxonomy":"product_brand","embeddable":true,"href":"https:\/\/ztsports.com\/fr\/wp-json\/wp\/v2\/product_brand?post=23286"},{"taxonomy":"product_cat","embeddable":true,"href":"https:\/\/ztsports.com\/fr\/wp-json\/wp\/v2\/product_cat?post=23286"},{"taxonomy":"product_tag","embeddable":true,"href":"https:\/\/ztsports.com\/fr\/wp-json\/wp\/v2\/product_tag?post=23286"}],"curies":[{"name":"wp","href":"https:\/\/api.w.org\/{rel}","templated":true}]}}