{"id":23278,"date":"2021-12-30T07:38:02","date_gmt":"2021-12-30T07:38:02","guid":{"rendered":"https:\/\/ztsports.com\/?post_type=product&#038;p=23278"},"modified":"2026-03-09T08:37:53","modified_gmt":"2026-03-09T08:37:53","slug":"auclair-st-kevlar-gloves-youth","status":"publish","type":"product","link":"https:\/\/ztsports.com\/fr\/store\/auclair-st-kevlar-gloves-youth\/","title":{"rendered":"AUCLAIR ST KEVLAR GLOVES Youth"},"content":{"rendered":"<h1>Gants AUCLAIR ST Kevlar pour Jeunes<\/h1>\n<p>Les gants <strong>AUCLAIR ST Kevlar<\/strong> offrent une protection compl\u00e8te contre les coupures gr\u00e2ce \u00e0 un interlin\u00e9aire en Kevlar.<\/p>\n<p>Paumes en cuir Kit souple.<\/p>\n<p>Tailles jeunesse : uniquement petite taille.<\/p>\n<div class=\"et_pb_row et_pb_row_3 et_pb_row_3-4_1-4\">\n<div class=\"et_pb_column et_pb_column_3_4 et_pb_column_5 et_pb_css_mix_blend_mode_passthrough\">\n<div class=\"et_pb_module et_pb_text et_pb_text_3 et_pb_text_align_left et_pb_bg_layout_light\">\n<div class=\"et_pb_text_inner\">\n<h4 class=\"h-feature-headline h6\">GANTS R\u00c9SISTANTS AUX COUPURES<\/h4>\n<p>        <strong>Pourquoi : <\/strong>Pour pr\u00e9venir les coupures et blessures par perforation des mains caus\u00e9es par les lames.<\/p>\n<p><strong><em>Gants enti\u00e8rement r\u00e9sistants aux coupures<\/em><\/strong> avec un poignet doivent \u00eatre port\u00e9s en tout temps lors du patinage. Toutes les surfaces du gant doivent \u00eatre fabriqu\u00e9es \u00e0 partir de mat\u00e9riaux r\u00e9sistants aux coupures, y compris les paumes, les c\u00f4t\u00e9s, le dessus, les doigts et les poignets.<\/p>\n<p>        <strong>Mat\u00e9riaux appropri\u00e9s r\u00e9sistants aux coupures :<\/strong><\/p>\n<ul>\n<li>M\u00e9lange Kevlar (minimum 12%) avec Nylon et\/ou Spandex ou mat\u00e9riau similaire. Les gants en cuir doubl\u00e9s Kevlar offrent la meilleure protection.<\/li>\n<li>M\u00e9lange Dyneema avec Nylon et\/ou Spandex ou mat\u00e9riaux similaires.<\/li>\n<li>Cuir moyen \u00e0 \u00e9pais.<\/li>\n<li>Autres mat\u00e9riaux r\u00e9sistants aux coupures approuv\u00e9s par Speed Skate Canada.<\/li>\n<\/ul>\n<p>Exemples de gants <strong>pas suffisamment r\u00e9sistants aux coupures<\/strong> :<\/p>\n<ul>\n<li>Gants en laine<\/li>\n<li>Gants en coton<\/li>\n<li>Gants en nylon<\/li>\n<li>Gants de baseball<\/li>\n<li>Gants de golf<\/li>\n<li>Gants de ski\/hiver en cuir fin<\/li>\n<li>Gants de ski\/hiver non en cuir<\/li>\n<li>Gants de gardien de but de soccer non en cuir<\/li>\n<\/ul><\/div>\n<\/p><\/div>\n<\/p><\/div>\n<\/div>\n<p><strong>D\u00e9couvrez tous nos <a href=\"https:\/\/ztsports.com\/product-category\/protection\/gloves\/\">gants AUCLAIR ST pour jeunes et adultes<\/a>.<\/strong><\/p>\n","protected":false},"excerpt":{"rendered":"<p>Gants AUCLAIR ST Kevlar pour Jeunes Les gants AUCLAIR ST Kevlar offrent une protection compl\u00e8te contre les coupures gr\u00e2ce \u00e0 un interlin\u00e9aire en Kevlar. Paumes en cuir Kit souple. Tailles jeunesse : uniquement petite taille. GANTS R\u00c9SISTANTS AUX COUPURES Pourquoi : Pour pr\u00e9venir les coupures et blessures par perforation des mains caus\u00e9es par les lames. [&hellip;]<\/p>\n","protected":false},"featured_media":23276,"comment_status":"open","ping_status":"closed","template":"","meta":{"_acf_changed":false,"_monsterinsights_skip_tracking":false,"_monsterinsights_sitenote_active":false,"_monsterinsights_sitenote_note":"","_monsterinsights_sitenote_category":0,"_uf_show_specific_survey":0,"_uf_disable_surveys":false,"site-sidebar-layout":"default","site-content-layout":"","ast-site-content-layout":"default","site-content-style":"default","site-sidebar-style":"default","ast-global-header-display":"","ast-banner-title-visibility":"","ast-main-header-display":"","ast-hfb-above-header-display":"","ast-hfb-below-header-display":"","ast-hfb-mobile-header-display":"","site-post-title":"","ast-breadcrumbs-content":"","ast-featured-img":"","footer-sml-layout":"","ast-disable-related-posts":"","theme-transparent-header-meta":"default","adv-header-id-meta":"","stick-header-meta":"","header-above-stick-meta":"","header-main-stick-meta":"","header-below-stick-meta":"","astra-migrate-meta-layouts":"set","ast-page-background-enabled":"default","ast-page-background-meta":{"desktop":{"background-color":"","background-image":"","background-repeat":"repeat","background-position":"center center","background-size":"auto","background-attachment":"scroll","background-type":"","background-media":"","overlay-type":"","overlay-color":"","overlay-opacity":"","overlay-gradient":""},"tablet":{"background-color":"","background-image":"","background-repeat":"repeat","background-position":"center center","background-size":"auto","background-attachment":"scroll","background-type":"","background-media":"","overlay-type":"","overlay-color":"","overlay-opacity":"","overlay-gradient":""},"mobile":{"background-color":"","background-image":"","background-repeat":"repeat","background-position":"center center","background-size":"auto","background-attachment":"scroll","background-type":"","background-media":"","overlay-type":"","overlay-color":"","overlay-opacity":"","overlay-gradient":""}},"ast-content-background-meta":{"desktop":{"background-color":"var(--ast-global-color-5)","background-image":"","background-repeat":"repeat","background-position":"center center","background-size":"auto","background-attachment":"scroll","background-type":"","background-media":"","overlay-type":"","overlay-color":"","overlay-opacity":"","overlay-gradient":""},"tablet":{"background-color":"var(--ast-global-color-5)","background-image":"","background-repeat":"repeat","background-position":"center center","background-size":"auto","background-attachment":"scroll","background-type":"","background-media":"","overlay-type":"","overlay-color":"","overlay-opacity":"","overlay-gradient":""},"mobile":{"background-color":"var(--ast-global-color-5)","background-image":"","background-repeat":"repeat","background-position":"center center","background-size":"auto","background-attachment":"scroll","background-type":"","background-media":"","overlay-type":"","overlay-color":"","overlay-opacity":"","overlay-gradient":""}}},"product_brand":[3278],"product_cat":[3378],"product_tag":[],"class_list":{"0":"post-23278","1":"product","2":"type-product","3":"status-publish","4":"has-post-thumbnail","6":"product_brand-auclair","7":"product_cat-non-categorise","8":"desktop-align-left","9":"tablet-align-left","10":"mobile-align-left","12":"first","13":"instock","14":"sale","15":"taxable","16":"shipping-taxable","17":"purchasable","18":"product-type-simple"},"acf":[],"_links":{"self":[{"href":"https:\/\/ztsports.com\/fr\/wp-json\/wp\/v2\/product\/23278","targetHints":{"allow":["GET"]}}],"collection":[{"href":"https:\/\/ztsports.com\/fr\/wp-json\/wp\/v2\/product"}],"about":[{"href":"https:\/\/ztsports.com\/fr\/wp-json\/wp\/v2\/types\/product"}],"replies":[{"embeddable":true,"href":"https:\/\/ztsports.com\/fr\/wp-json\/wp\/v2\/comments?post=23278"}],"version-history":[{"count":1,"href":"https:\/\/ztsports.com\/fr\/wp-json\/wp\/v2\/product\/23278\/revisions"}],"predecessor-version":[{"id":23279,"href":"https:\/\/ztsports.com\/fr\/wp-json\/wp\/v2\/product\/23278\/revisions\/23279"}],"wp:featuredmedia":[{"embeddable":true,"href":"https:\/\/ztsports.com\/fr\/wp-json\/wp\/v2\/media\/23276"}],"wp:attachment":[{"href":"https:\/\/ztsports.com\/fr\/wp-json\/wp\/v2\/media?parent=23278"}],"wp:term":[{"taxonomy":"product_brand","embeddable":true,"href":"https:\/\/ztsports.com\/fr\/wp-json\/wp\/v2\/product_brand?post=23278"},{"taxonomy":"product_cat","embeddable":true,"href":"https:\/\/ztsports.com\/fr\/wp-json\/wp\/v2\/product_cat?post=23278"},{"taxonomy":"product_tag","embeddable":true,"href":"https:\/\/ztsports.com\/fr\/wp-json\/wp\/v2\/product_tag?post=23278"}],"curies":[{"name":"wp","href":"https:\/\/api.w.org\/{rel}","templated":true}]}}