{"id":23274,"date":"2021-12-30T07:45:11","date_gmt":"2021-12-30T07:45:11","guid":{"rendered":"https:\/\/ztsports.com\/?post_type=product&#038;p=23274"},"modified":"2026-03-09T08:36:33","modified_gmt":"2026-03-09T08:36:33","slug":"edge-magic-diamond-burr-stone-dmt-2","status":"publish","type":"product","link":"https:\/\/ztsports.com\/fr\/store\/edge-magic-diamond-burr-stone-dmt-2\/","title":{"rendered":"EDGE MAGIC DIAMOND BURR STONE DMT"},"content":{"rendered":"<h1><strong>Pierre \u00e0 \u00e9bavurer Diamond Edge Magic DMT<\/strong><\/h1>\n<p>La pierre <strong>Edge Magic Diamond Burr DMT<\/strong> est <strong>fabriqu\u00e9e aux \u00c9tats-Unis<\/strong>. Sa nouvelle taille exclusive s\u2019adapte parfaitement aux lames droites et courb\u00e9es et peut \u00eatre utilis\u00e9e confortablement \u00e0 la verticale ou \u00e0 l\u2019horizontale. Les performances de cette pierre permettent d\u2019\u00e9liminer les bavures mieux que toute autre pierre disponible actuellement. Le design \u00ab Zero Clog \u00bb fonctionne aussi bien \u00e0 sec qu\u2019avec votre huile ou lubrifiant pr\u00e9f\u00e9r\u00e9. Elle dispose d\u2019un noyau m\u00e9tallique complet pour une longue dur\u00e9e de vie sans s\u2019user. Disponible en grain <strong>grossier, fin ou extra-fin<\/strong>.<\/p>\n<h2 style=\"text-align: justify;\"><strong>Commandez la pierre Diamond Edge Magic DMT en ligne chez Zt Sports<\/strong><\/h2>\n<p style=\"text-align: justify;\"><strong>Commandez la pierre Edge Magic Diamond Burr DMT en ligne chez Zt Sports<\/strong><\/p>\n<p style=\"text-align: justify;\">La <strong>EDGE MAGIC DIAMOND BURR STONE DMT<\/strong> est l\u2019outil parfait pour tout kit d\u2019\u00e9bavurage de patineurs de vitesse. Elle est \u00e9galement essentielle dans la bo\u00eete \u00e0 outils des artisans du bois. Fabriqu\u00e9e aux \u00c9tats-Unis, cette taille exclusive est con\u00e7ue pour s\u2019adapter parfaitement sur le c\u00f4t\u00e9 d\u2019une lame de patin. Elle peut \u00eatre utilis\u00e9e \u00e0 la fois en position verticale et horizontale. Que vous souhaitiez aff\u00fbter, polir, \u00e9bavurer ou entretenir le tranchant de vos lames ou outils, la pierre Edge Magic Diamond Burr est l\u2019outil ultime pour garder vos lames et outils en parfait \u00e9tat. Sa construction de haute qualit\u00e9 et son design durable en font un atout pr\u00e9cieux pour tout patineur de vitesse ou passionn\u00e9 de mat\u00e9riel.<\/p>\n<p style=\"text-align: justify;\"><strong>Pourquoi investir dans la pierre Edge Magic Diamond Burr DMT ?<\/strong><\/p>\n<p style=\"text-align: justify;\">Pour entretenir et aff\u00fbter vos lames et outils, il est essentiel d\u2019utiliser des produits de haute qualit\u00e9 qui r\u00e9alisent le travail correctement. La <strong>EDGE MAGIC DIAMOND BURR STONE DMT<\/strong> est un produit premium con\u00e7u pour \u00e9liminer les bavures et laisser un tranchant net et pr\u00e9cis sur vos lames et outils.<\/p>\n<p style=\"text-align: justify;\">Le design \u00ab Zero Clog \u00bb fonctionne parfaitement \u00e0 sec et avec votre huile ou lubrifiant pr\u00e9f\u00e9r\u00e9. Avec un noyau m\u00e9tallique complet garantissant une longue dur\u00e9e de vie et l\u2019absence d\u2019usure plastique, disponible en grains <strong>grossier, fin ou extra-fin<\/strong> (bleu, rouge, vert), la pierre EDGE MAGIC DIAMOND BURR DMT est l\u2019outil id\u00e9al pour tout patineur de vitesse ou artisan du bois.<\/p>\n<p style=\"text-align: justify;\"><strong>Pourquoi acheter chez Zt Sports ?<\/strong><\/p>\n<p style=\"text-align: justify;\">En achetant chez Zt Sports, vous \u00eates assur\u00e9 d\u2019obtenir des produits de qualit\u00e9 sup\u00e9rieure et un service client in\u00e9gal\u00e9. Notre boutique en ligne facile \u00e0 naviguer et notre \u00e9quipe d\u00e9di\u00e9e sont \u00e0 votre disposition pour r\u00e9pondre \u00e0 toutes vos questions. Nous proposons \u00e9galement une politique de retour et d\u2019\u00e9change simple, pour rendre votre exp\u00e9rience d\u2019achat la plus agr\u00e9able possible.<\/p>\n<h4><strong>Expertise et conseils de vente<\/strong><\/h4>\n<p style=\"text-align: justify;\">En plus de notre engagement envers la satisfaction client, nous offrons des prix comp\u00e9titifs pour des outils de qualit\u00e9 premium. Que vous soyez un passionn\u00e9 de bricolage ou un patineur de vitesse de classe mondiale, nous vous proposons le meilleur \u00e9quipement \u00e0 des prix imbattables.<\/p>\n<p style=\"text-align: justify;\">Notre \u00e9quipe d\u2019experts est toujours disponible pour vous aider \u00e0 choisir l\u2019outil parfait selon vos besoins et vous conseiller sur son entretien et son utilisation. Gr\u00e2ce \u00e0 leurs ann\u00e9es d\u2019exp\u00e9rience, ils peuvent vous guider pour choisir le produit le mieux adapt\u00e9 et l\u2019utiliser pour obtenir les meilleurs r\u00e9sultats.<\/p>\n<p style=\"text-align: justify;\"><strong>Commandez d\u00e8s maintenant<\/strong><\/p>\n<p style=\"text-align: justify;\">Am\u00e9liorez vos projets d\u2019aff\u00fbtage de patins ou de travail du bois avec la <strong>EDGE MAGIC DIAMOND BURR STONE DMT<\/strong> de Zt Sports. Notre exp\u00e9dition rapide et nos options de paiement s\u00e9curis\u00e9es facilitent l\u2019obtention de cet outil essentiel pour perfectionner vos comp\u00e9tences.<\/p>\n<p style=\"text-align: justify;\">Que vous soyez d\u00e9butant ou professionnel exp\u00e9riment\u00e9, ce produit est id\u00e9al pour vous. Sa construction de haute qualit\u00e9, ses fonctionnalit\u00e9s avanc\u00e9es et ses options de personnalisation permettent d\u2019aff\u00fbter et d\u2019entretenir vos lames et outils facilement. Pour toute question, n\u2019h\u00e9sitez pas \u00e0 envoyer un email \u00e0 <a href=\"mailto:info@ztsports.com\">info@ztsports.com<\/a>. Nous serons ravis de partager notre expertise et de vous guider dans votre achat. Ne tardez pas ; commandez d\u00e8s maintenant pour vous assurer de disposer du meilleur outil.<\/p>\n<p>D\u00e9couvrez tous nos <a href=\"https:\/\/ztsports.com\/brand\/dmt\/\"><strong>produits DMT<\/strong><\/a>.<\/p>\n<p>Enfin, retrouvez toutes nos <a href=\"https:\/\/ztsports.com\/product-category\/sharpening\/burr-stones\/\"><strong>pierres \u00e0 \u00e9bavurer<\/strong><\/a> ici.<\/p>\n","protected":false},"excerpt":{"rendered":"<p>Pierre \u00e0 \u00e9bavurer Diamond Edge Magic DMT La pierre Edge Magic Diamond Burr DMT est fabriqu\u00e9e aux \u00c9tats-Unis. Sa nouvelle taille exclusive s\u2019adapte parfaitement aux lames droites et courb\u00e9es et peut \u00eatre utilis\u00e9e confortablement \u00e0 la verticale ou \u00e0 l\u2019horizontale. Les performances de cette pierre permettent d\u2019\u00e9liminer les bavures mieux que toute autre pierre disponible [&hellip;]<\/p>\n","protected":false},"featured_media":23273,"comment_status":"open","ping_status":"closed","template":"","meta":{"_acf_changed":false,"_monsterinsights_skip_tracking":false,"_monsterinsights_sitenote_active":false,"_monsterinsights_sitenote_note":"","_monsterinsights_sitenote_category":0,"_uf_show_specific_survey":0,"_uf_disable_surveys":false,"site-sidebar-layout":"default","site-content-layout":"","ast-site-content-layout":"default","site-content-style":"default","site-sidebar-style":"default","ast-global-header-display":"","ast-banner-title-visibility":"","ast-main-header-display":"","ast-hfb-above-header-display":"","ast-hfb-below-header-display":"","ast-hfb-mobile-header-display":"","site-post-title":"","ast-breadcrumbs-content":"","ast-featured-img":"","footer-sml-layout":"","ast-disable-related-posts":"","theme-transparent-header-meta":"default","adv-header-id-meta":"","stick-header-meta":"","header-above-stick-meta":"","header-main-stick-meta":"","header-below-stick-meta":"","astra-migrate-meta-layouts":"set","ast-page-background-enabled":"default","ast-page-background-meta":{"desktop":{"background-color":"","background-image":"","background-repeat":"repeat","background-position":"center center","background-size":"auto","background-attachment":"scroll","background-type":"","background-media":"","overlay-type":"","overlay-color":"","overlay-opacity":"","overlay-gradient":""},"tablet":{"background-color":"","background-image":"","background-repeat":"repeat","background-position":"center center","background-size":"auto","background-attachment":"scroll","background-type":"","background-media":"","overlay-type":"","overlay-color":"","overlay-opacity":"","overlay-gradient":""},"mobile":{"background-color":"","background-image":"","background-repeat":"repeat","background-position":"center center","background-size":"auto","background-attachment":"scroll","background-type":"","background-media":"","overlay-type":"","overlay-color":"","overlay-opacity":"","overlay-gradient":""}},"ast-content-background-meta":{"desktop":{"background-color":"var(--ast-global-color-5)","background-image":"","background-repeat":"repeat","background-position":"center center","background-size":"auto","background-attachment":"scroll","background-type":"","background-media":"","overlay-type":"","overlay-color":"","overlay-opacity":"","overlay-gradient":""},"tablet":{"background-color":"var(--ast-global-color-5)","background-image":"","background-repeat":"repeat","background-position":"center center","background-size":"auto","background-attachment":"scroll","background-type":"","background-media":"","overlay-type":"","overlay-color":"","overlay-opacity":"","overlay-gradient":""},"mobile":{"background-color":"var(--ast-global-color-5)","background-image":"","background-repeat":"repeat","background-position":"center center","background-size":"auto","background-attachment":"scroll","background-type":"","background-media":"","overlay-type":"","overlay-color":"","overlay-opacity":"","overlay-gradient":""}}},"product_brand":[3295],"product_cat":[3378],"product_tag":[],"class_list":{"0":"post-23274","1":"product","2":"type-product","3":"status-publish","4":"has-post-thumbnail","6":"product_brand-dmt","7":"product_cat-non-categorise","8":"desktop-align-left","9":"tablet-align-left","10":"mobile-align-left","12":"first","13":"instock","14":"taxable","15":"shipping-taxable","16":"purchasable","17":"product-type-simple"},"acf":[],"_links":{"self":[{"href":"https:\/\/ztsports.com\/fr\/wp-json\/wp\/v2\/product\/23274","targetHints":{"allow":["GET"]}}],"collection":[{"href":"https:\/\/ztsports.com\/fr\/wp-json\/wp\/v2\/product"}],"about":[{"href":"https:\/\/ztsports.com\/fr\/wp-json\/wp\/v2\/types\/product"}],"replies":[{"embeddable":true,"href":"https:\/\/ztsports.com\/fr\/wp-json\/wp\/v2\/comments?post=23274"}],"version-history":[{"count":1,"href":"https:\/\/ztsports.com\/fr\/wp-json\/wp\/v2\/product\/23274\/revisions"}],"predecessor-version":[{"id":23275,"href":"https:\/\/ztsports.com\/fr\/wp-json\/wp\/v2\/product\/23274\/revisions\/23275"}],"wp:featuredmedia":[{"embeddable":true,"href":"https:\/\/ztsports.com\/fr\/wp-json\/wp\/v2\/media\/23273"}],"wp:attachment":[{"href":"https:\/\/ztsports.com\/fr\/wp-json\/wp\/v2\/media?parent=23274"}],"wp:term":[{"taxonomy":"product_brand","embeddable":true,"href":"https:\/\/ztsports.com\/fr\/wp-json\/wp\/v2\/product_brand?post=23274"},{"taxonomy":"product_cat","embeddable":true,"href":"https:\/\/ztsports.com\/fr\/wp-json\/wp\/v2\/product_cat?post=23274"},{"taxonomy":"product_tag","embeddable":true,"href":"https:\/\/ztsports.com\/fr\/wp-json\/wp\/v2\/product_tag?post=23274"}],"curies":[{"name":"wp","href":"https:\/\/api.w.org\/{rel}","templated":true}]}}