{"id":23271,"date":"2021-12-30T07:52:40","date_gmt":"2021-12-30T07:52:40","guid":{"rendered":"https:\/\/ztsports.com\/?post_type=product&#038;p=23271"},"modified":"2026-03-09T08:35:07","modified_gmt":"2026-03-09T08:35:07","slug":"india-burr-stone-1x2","status":"publish","type":"product","link":"https:\/\/ztsports.com\/fr\/store\/india-burr-stone-1x2\/","title":{"rendered":"INDIA BURR STONE 1X2&#8243;"},"content":{"rendered":"<h1><strong>Pierre \u00e0 \u00e9bavurer NORTON India 1 x 2&#8243;<\/strong><\/h1>\n<p>La <strong>India Burr Stone 1&#8243; x 2&#8243;<\/strong> (oxyde d&#8217;aluminium) de Norton est la pierre \u00e0 \u00e9bavurer la plus populaire pour patins. C&#8217;est le choix classique pour enlever les bavures. Disponible en grains <strong>Med\/Fine<\/strong> ou <strong>Fine<\/strong>, elle laisse une finition parfaite et conserve sa forme longtemps.<\/p>\n<p>La pierre India Burr de Norton est l\u2019outil id\u00e9al pour tout travail d\u2019aff\u00fbtage.<\/p>\n<p>De son grain fin \u00e0 sa capacit\u00e9 rapide d\u2019enl\u00e8vement de bavures, cette pierre rendra vos lames tranchantes et comme neuves en un rien de temps.<\/p>\n<p>Elle est con\u00e7ue pour durer, garantissant des performances de haut niveau pendant de nombreuses ann\u00e9es.<\/p>\n<p>Cette pierre fine peut aider \u00e0 pr\u00e9parer et maintenir un tranchant pr\u00e9cis sur vos lames.<\/p>\n<p>Norton recommande d\u2019utiliser de l\u2019huile \u00e0 aff\u00fbter pour de meilleurs r\u00e9sultats, bien que l\u2019eau du robinet puisse \u00e9galement \u00eatre utilis\u00e9e comme lubrifiant. La plupart des patineurs utilisent la pierre \u00e0 sec. Si vous l\u2019utilisez \u00e0 sec, notez qu\u2019il faudra la nettoyer ou la resurfacer de temps en temps.<\/p>\n<h3>Grains disponibles :<\/h3>\n<ul>\n<li>FINE<\/li>\n<li>MED\/FINE<\/li>\n<\/ul>\n<p>Enfin, vous pouvez trouver tous les <a href=\"https:\/\/ztsports.com\/brand\/norton\/\"><strong>huiles et pierres \u00e0 aff\u00fbter Norton ici<\/strong><\/a>.<\/p>\n<p><a href=\"https:\/\/ztsports.com\/product-category\/sharpening\/burr-stones\/\"><strong>De plus, consultez toutes nos pierres \u00e0 \u00e9bavurer ici.<\/strong><\/a><\/p>\n","protected":false},"excerpt":{"rendered":"<p>Pierre \u00e0 \u00e9bavurer NORTON India 1 x 2&#8243; La India Burr Stone 1&#8243; x 2&#8243; (oxyde d&#8217;aluminium) de Norton est la pierre \u00e0 \u00e9bavurer la plus populaire pour patins. C&#8217;est le choix classique pour enlever les bavures. Disponible en grains Med\/Fine ou Fine, elle laisse une finition parfaite et conserve sa forme longtemps. La pierre [&hellip;]<\/p>\n","protected":false},"featured_media":23267,"comment_status":"open","ping_status":"closed","template":"","meta":{"_acf_changed":false,"_monsterinsights_skip_tracking":false,"_monsterinsights_sitenote_active":false,"_monsterinsights_sitenote_note":"","_monsterinsights_sitenote_category":0,"_uf_show_specific_survey":0,"_uf_disable_surveys":false,"site-sidebar-layout":"default","site-content-layout":"","ast-site-content-layout":"default","site-content-style":"default","site-sidebar-style":"default","ast-global-header-display":"","ast-banner-title-visibility":"","ast-main-header-display":"","ast-hfb-above-header-display":"","ast-hfb-below-header-display":"","ast-hfb-mobile-header-display":"","site-post-title":"","ast-breadcrumbs-content":"","ast-featured-img":"","footer-sml-layout":"","ast-disable-related-posts":"","theme-transparent-header-meta":"default","adv-header-id-meta":"","stick-header-meta":"","header-above-stick-meta":"","header-main-stick-meta":"","header-below-stick-meta":"","astra-migrate-meta-layouts":"set","ast-page-background-enabled":"default","ast-page-background-meta":{"desktop":{"background-color":"","background-image":"","background-repeat":"repeat","background-position":"center center","background-size":"auto","background-attachment":"scroll","background-type":"","background-media":"","overlay-type":"","overlay-color":"","overlay-opacity":"","overlay-gradient":""},"tablet":{"background-color":"","background-image":"","background-repeat":"repeat","background-position":"center center","background-size":"auto","background-attachment":"scroll","background-type":"","background-media":"","overlay-type":"","overlay-color":"","overlay-opacity":"","overlay-gradient":""},"mobile":{"background-color":"","background-image":"","background-repeat":"repeat","background-position":"center center","background-size":"auto","background-attachment":"scroll","background-type":"","background-media":"","overlay-type":"","overlay-color":"","overlay-opacity":"","overlay-gradient":""}},"ast-content-background-meta":{"desktop":{"background-color":"var(--ast-global-color-5)","background-image":"","background-repeat":"repeat","background-position":"center center","background-size":"auto","background-attachment":"scroll","background-type":"","background-media":"","overlay-type":"","overlay-color":"","overlay-opacity":"","overlay-gradient":""},"tablet":{"background-color":"var(--ast-global-color-5)","background-image":"","background-repeat":"repeat","background-position":"center center","background-size":"auto","background-attachment":"scroll","background-type":"","background-media":"","overlay-type":"","overlay-color":"","overlay-opacity":"","overlay-gradient":""},"mobile":{"background-color":"var(--ast-global-color-5)","background-image":"","background-repeat":"repeat","background-position":"center center","background-size":"auto","background-attachment":"scroll","background-type":"","background-media":"","overlay-type":"","overlay-color":"","overlay-opacity":"","overlay-gradient":""}}},"product_brand":[3328],"product_cat":[3378],"product_tag":[],"class_list":{"0":"post-23271","1":"product","2":"type-product","3":"status-publish","4":"has-post-thumbnail","6":"product_brand-norton","7":"product_cat-non-categorise","8":"desktop-align-left","9":"tablet-align-left","10":"mobile-align-left","12":"first","13":"instock","14":"taxable","15":"shipping-taxable","16":"purchasable","17":"product-type-simple"},"acf":[],"_links":{"self":[{"href":"https:\/\/ztsports.com\/fr\/wp-json\/wp\/v2\/product\/23271","targetHints":{"allow":["GET"]}}],"collection":[{"href":"https:\/\/ztsports.com\/fr\/wp-json\/wp\/v2\/product"}],"about":[{"href":"https:\/\/ztsports.com\/fr\/wp-json\/wp\/v2\/types\/product"}],"replies":[{"embeddable":true,"href":"https:\/\/ztsports.com\/fr\/wp-json\/wp\/v2\/comments?post=23271"}],"version-history":[{"count":1,"href":"https:\/\/ztsports.com\/fr\/wp-json\/wp\/v2\/product\/23271\/revisions"}],"predecessor-version":[{"id":23272,"href":"https:\/\/ztsports.com\/fr\/wp-json\/wp\/v2\/product\/23271\/revisions\/23272"}],"wp:featuredmedia":[{"embeddable":true,"href":"https:\/\/ztsports.com\/fr\/wp-json\/wp\/v2\/media\/23267"}],"wp:attachment":[{"href":"https:\/\/ztsports.com\/fr\/wp-json\/wp\/v2\/media?parent=23271"}],"wp:term":[{"taxonomy":"product_brand","embeddable":true,"href":"https:\/\/ztsports.com\/fr\/wp-json\/wp\/v2\/product_brand?post=23271"},{"taxonomy":"product_cat","embeddable":true,"href":"https:\/\/ztsports.com\/fr\/wp-json\/wp\/v2\/product_cat?post=23271"},{"taxonomy":"product_tag","embeddable":true,"href":"https:\/\/ztsports.com\/fr\/wp-json\/wp\/v2\/product_tag?post=23271"}],"curies":[{"name":"wp","href":"https:\/\/api.w.org\/{rel}","templated":true}]}}