{"id":23264,"date":"2021-12-30T10:45:29","date_gmt":"2021-12-30T10:45:29","guid":{"rendered":"https:\/\/ztsports.com\/?post_type=product&#038;p=23264"},"modified":"2026-03-09T08:33:37","modified_gmt":"2026-03-09T08:33:37","slug":"crouch-neck-guard-for-short-track-and-hockey","status":"publish","type":"product","link":"https:\/\/ztsports.com\/fr\/store\/crouch-neck-guard-for-short-track-and-hockey\/","title":{"rendered":"CROUCH NECK GUARD for Short Track and Hockey"},"content":{"rendered":"<h1><strong>Prot\u00e8ge-cou Crouch<\/strong><\/h1>\n<p>Le prot\u00e8ge-cou <strong>Crouch<\/strong> est tr\u00e8s populaire pour le short track ainsi que pour le hockey.<\/p>\n<p>Fabriqu\u00e9 et con\u00e7u au Canada.<\/p>\n<p>Les colliers Crouch sont fabriqu\u00e9s en nylon balistique pour une protection maximale contre les lac\u00e9rations du cou et renforc\u00e9s avec une fine couche de mousse absorbant les chocs dans la bande du cou. Doux au toucher et flexible compar\u00e9 aux mod\u00e8les rigides souvent propos\u00e9s par les concurrents.<\/p>\n<p>Le mod\u00e8le &#8220;Soft Combo&#8221; dispose d\u2019un prot\u00e8ge-poitrine pour une protection accrue sous le cou et un confort suppl\u00e9mentaire. Nous recommandons fortement ce style avec prot\u00e8ge-poitrine plut\u00f4t que le style &#8220;bande&#8221; simple, qui ne fournit qu\u2019une petite bande de protection laissant une grande partie du cou expos\u00e9e.<\/p>\n<p>Le prot\u00e8ge-cou l\u00e9ger et lavable offre un confort et un ajustement sup\u00e9rieurs.<\/p>\n<p>Les colliers Kim Crouch sont certifi\u00e9s BNQ et conformes aux exigences de Hockey Canada pour le hockey mineur.<\/p>\n<h3>Tableau des tailles (circonf\u00e9rence du cou)<\/h3>\n<ul>\n<li>Moyen : 12-14&#8243;<\/li>\n<li>Large : 13,5-15,5&#8243;<\/li>\n<\/ul>\n<p>Fabriqu\u00e9 au Canada<\/p>\n<h2><a href=\"https:\/\/www.cbc.ca\/news\/investigates\/hockey-neck-guard-debate-kim-crouch-1.7044908\" target=\"_blank\" rel=\"noopener\"><strong>Enqu\u00eate CBC<\/strong><\/a><\/h2>\n<h3>Des d\u00e9cennies apr\u00e8s avoir failli mourir, un joueur de hockey demande pourquoi les prot\u00e8ge-cou ne sont toujours pas obligatoires<\/h3>\n<p>Un <strong>prot\u00e8ge-cou<\/strong> (\u00e9galement appel\u00e9 <strong>collier Kim Crouch<\/strong>) est un \u00e9quipement de protection port\u00e9 autour du cou, particuli\u00e8rement par les joueurs des sports de glace comme le <a title=\"Ice hockey\" href=\"https:\/\/en.wikipedia.org\/wiki\/Ice_hockey\" target=\"_blank\" rel=\"noopener\">hockey sur glace<\/a>, le <a title=\"Bandy\" href=\"https:\/\/en.wikipedia.org\/wiki\/Bandy\" target=\"_blank\" rel=\"noopener\">bandy<\/a>, le <a title=\"Ringette\" href=\"https:\/\/en.wikipedia.org\/wiki\/Ringette\" target=\"_blank\" rel=\"noopener\">ringette<\/a> et le <a title=\"Rink bandy\" href=\"https:\/\/en.wikipedia.org\/wiki\/Rink_bandy#Rinkball\" target=\"_blank\" rel=\"noopener\">rinkball<\/a>.<\/p>\n<p>Le prot\u00e8ge-cou est con\u00e7u pour pr\u00e9venir les blessures caus\u00e9es par les <a class=\"mw-redirect\" title=\"Puck (ice hockey)\" href=\"https:\/\/en.wikipedia.org\/wiki\/Puck_(ice_hockey)\" target=\"_blank\" rel=\"noopener\">palets de hockey<\/a>, les <a title=\"Ringette\" href=\"https:\/\/en.wikipedia.org\/wiki\/Ringette#Equipment\" target=\"_blank\" rel=\"noopener\">anneaux de ringette<\/a>, les <a title=\"Bandy ball\" href=\"https:\/\/en.wikipedia.org\/wiki\/Bandy_ball\" target=\"_blank\" rel=\"noopener\">balles de bandy<\/a>, les lames de patins \u00e0 glace et diff\u00e9rents types de b\u00e2tons, comme les <a title=\"Ice hockey stick\" href=\"https:\/\/en.wikipedia.org\/wiki\/Ice_hockey_stick\" target=\"_blank\" rel=\"noopener\">b\u00e2tons de hockey<\/a>. Cet \u00e9quipement est particuli\u00e8rement important pour les gardiens de but, plus expos\u00e9s aux blessures dans cette zone.<\/p>\n<p><strong>Disponible uniquement en taille Large<\/strong><\/p>\n<p><strong>D\u00e9couvrez de nombreux autres <a href=\"https:\/\/ztsports.com\/product-category\/protection\/neck-guards\/\">prot\u00e8ge-cou<\/a> ici.<\/strong><\/p>\n","protected":false},"excerpt":{"rendered":"<p>Prot\u00e8ge-cou Crouch Le prot\u00e8ge-cou Crouch est tr\u00e8s populaire pour le short track ainsi que pour le hockey. Fabriqu\u00e9 et con\u00e7u au Canada. Les colliers Crouch sont fabriqu\u00e9s en nylon balistique pour une protection maximale contre les lac\u00e9rations du cou et renforc\u00e9s avec une fine couche de mousse absorbant les chocs dans la bande du cou. [&hellip;]<\/p>\n","protected":false},"featured_media":23263,"comment_status":"open","ping_status":"closed","template":"","meta":{"_acf_changed":false,"_monsterinsights_skip_tracking":false,"_monsterinsights_sitenote_active":false,"_monsterinsights_sitenote_note":"","_monsterinsights_sitenote_category":0,"_uf_show_specific_survey":0,"_uf_disable_surveys":false,"site-sidebar-layout":"default","site-content-layout":"","ast-site-content-layout":"default","site-content-style":"default","site-sidebar-style":"default","ast-global-header-display":"","ast-banner-title-visibility":"","ast-main-header-display":"","ast-hfb-above-header-display":"","ast-hfb-below-header-display":"","ast-hfb-mobile-header-display":"","site-post-title":"","ast-breadcrumbs-content":"","ast-featured-img":"","footer-sml-layout":"","ast-disable-related-posts":"","theme-transparent-header-meta":"default","adv-header-id-meta":"","stick-header-meta":"","header-above-stick-meta":"","header-main-stick-meta":"","header-below-stick-meta":"","astra-migrate-meta-layouts":"set","ast-page-background-enabled":"default","ast-page-background-meta":{"desktop":{"background-color":"","background-image":"","background-repeat":"repeat","background-position":"center center","background-size":"auto","background-attachment":"scroll","background-type":"","background-media":"","overlay-type":"","overlay-color":"","overlay-opacity":"","overlay-gradient":""},"tablet":{"background-color":"","background-image":"","background-repeat":"repeat","background-position":"center center","background-size":"auto","background-attachment":"scroll","background-type":"","background-media":"","overlay-type":"","overlay-color":"","overlay-opacity":"","overlay-gradient":""},"mobile":{"background-color":"","background-image":"","background-repeat":"repeat","background-position":"center center","background-size":"auto","background-attachment":"scroll","background-type":"","background-media":"","overlay-type":"","overlay-color":"","overlay-opacity":"","overlay-gradient":""}},"ast-content-background-meta":{"desktop":{"background-color":"var(--ast-global-color-5)","background-image":"","background-repeat":"repeat","background-position":"center center","background-size":"auto","background-attachment":"scroll","background-type":"","background-media":"","overlay-type":"","overlay-color":"","overlay-opacity":"","overlay-gradient":""},"tablet":{"background-color":"var(--ast-global-color-5)","background-image":"","background-repeat":"repeat","background-position":"center center","background-size":"auto","background-attachment":"scroll","background-type":"","background-media":"","overlay-type":"","overlay-color":"","overlay-opacity":"","overlay-gradient":""},"mobile":{"background-color":"var(--ast-global-color-5)","background-image":"","background-repeat":"repeat","background-position":"center center","background-size":"auto","background-attachment":"scroll","background-type":"","background-media":"","overlay-type":"","overlay-color":"","overlay-opacity":"","overlay-gradient":""}}},"product_brand":[3293],"product_cat":[3378],"product_tag":[],"class_list":{"0":"post-23264","1":"product","2":"type-product","3":"status-publish","4":"has-post-thumbnail","6":"product_brand-crouch","7":"product_cat-non-categorise","8":"desktop-align-left","9":"tablet-align-left","10":"mobile-align-left","12":"first","13":"instock","14":"sale","15":"taxable","16":"shipping-taxable","17":"purchasable","18":"product-type-simple"},"acf":[],"_links":{"self":[{"href":"https:\/\/ztsports.com\/fr\/wp-json\/wp\/v2\/product\/23264","targetHints":{"allow":["GET"]}}],"collection":[{"href":"https:\/\/ztsports.com\/fr\/wp-json\/wp\/v2\/product"}],"about":[{"href":"https:\/\/ztsports.com\/fr\/wp-json\/wp\/v2\/types\/product"}],"replies":[{"embeddable":true,"href":"https:\/\/ztsports.com\/fr\/wp-json\/wp\/v2\/comments?post=23264"}],"version-history":[{"count":2,"href":"https:\/\/ztsports.com\/fr\/wp-json\/wp\/v2\/product\/23264\/revisions"}],"predecessor-version":[{"id":23266,"href":"https:\/\/ztsports.com\/fr\/wp-json\/wp\/v2\/product\/23264\/revisions\/23266"}],"wp:featuredmedia":[{"embeddable":true,"href":"https:\/\/ztsports.com\/fr\/wp-json\/wp\/v2\/media\/23263"}],"wp:attachment":[{"href":"https:\/\/ztsports.com\/fr\/wp-json\/wp\/v2\/media?parent=23264"}],"wp:term":[{"taxonomy":"product_brand","embeddable":true,"href":"https:\/\/ztsports.com\/fr\/wp-json\/wp\/v2\/product_brand?post=23264"},{"taxonomy":"product_cat","embeddable":true,"href":"https:\/\/ztsports.com\/fr\/wp-json\/wp\/v2\/product_cat?post=23264"},{"taxonomy":"product_tag","embeddable":true,"href":"https:\/\/ztsports.com\/fr\/wp-json\/wp\/v2\/product_tag?post=23264"}],"curies":[{"name":"wp","href":"https:\/\/api.w.org\/{rel}","templated":true}]}}