{"id":23261,"date":"2021-12-30T11:20:50","date_gmt":"2021-12-30T11:20:50","guid":{"rendered":"https:\/\/ztsports.com\/?post_type=product&#038;p=23261"},"modified":"2026-03-09T08:10:47","modified_gmt":"2026-03-09T08:10:47","slug":"shin-guards-for-short-track-and-other-sports","status":"publish","type":"product","link":"https:\/\/ztsports.com\/fr\/store\/shin-guards-for-short-track-and-other-sports\/","title":{"rendered":"SHIN GUARDS for Short Track and other Sports"},"content":{"rendered":"<h1>Prot\u00e8ge-tibias pour Short Track et autres sports<\/h1>\n<p>Ces prot\u00e8ge-tibias offrent un excellent rapport qualit\u00e9-prix et un tarif adapt\u00e9 aux parents. Ils sont parfaits pour les patineurs de vitesse sur courte piste.<\/p>\n<p>Une seule sangle \u00e9lastique avec fermeture Velcro.<\/p>\n<p>Tailles : SM \u2013 XL<\/p>\n<p>Vous pouvez trouver tout notre <a href=\"https:\/\/ztsports.com\/product-category\/protection\/lower-body-protection\/\"><strong>\u00e9quipement de protection pour le bas du corps<\/strong><\/a> ici.<\/p>\n","protected":false},"excerpt":{"rendered":"<p>Prot\u00e8ge-tibias pour Short Track et autres sports Ces prot\u00e8ge-tibias offrent un excellent rapport qualit\u00e9-prix et un tarif adapt\u00e9 aux parents. Ils sont parfaits pour les patineurs de vitesse sur courte piste. Une seule sangle \u00e9lastique avec fermeture Velcro. Tailles : SM \u2013 XL Vous pouvez trouver tout notre \u00e9quipement de protection pour le bas du [&hellip;]<\/p>\n","protected":false},"featured_media":23259,"comment_status":"open","ping_status":"closed","template":"","meta":{"_acf_changed":false,"_monsterinsights_skip_tracking":false,"_monsterinsights_sitenote_active":false,"_monsterinsights_sitenote_note":"","_monsterinsights_sitenote_category":0,"_uf_show_specific_survey":0,"_uf_disable_surveys":false,"site-sidebar-layout":"default","site-content-layout":"","ast-site-content-layout":"default","site-content-style":"default","site-sidebar-style":"default","ast-global-header-display":"","ast-banner-title-visibility":"","ast-main-header-display":"","ast-hfb-above-header-display":"","ast-hfb-below-header-display":"","ast-hfb-mobile-header-display":"","site-post-title":"","ast-breadcrumbs-content":"","ast-featured-img":"","footer-sml-layout":"","ast-disable-related-posts":"","theme-transparent-header-meta":"default","adv-header-id-meta":"","stick-header-meta":"","header-above-stick-meta":"","header-main-stick-meta":"","header-below-stick-meta":"","astra-migrate-meta-layouts":"set","ast-page-background-enabled":"default","ast-page-background-meta":{"desktop":{"background-color":"","background-image":"","background-repeat":"repeat","background-position":"center center","background-size":"auto","background-attachment":"scroll","background-type":"","background-media":"","overlay-type":"","overlay-color":"","overlay-opacity":"","overlay-gradient":""},"tablet":{"background-color":"","background-image":"","background-repeat":"repeat","background-position":"center center","background-size":"auto","background-attachment":"scroll","background-type":"","background-media":"","overlay-type":"","overlay-color":"","overlay-opacity":"","overlay-gradient":""},"mobile":{"background-color":"","background-image":"","background-repeat":"repeat","background-position":"center center","background-size":"auto","background-attachment":"scroll","background-type":"","background-media":"","overlay-type":"","overlay-color":"","overlay-opacity":"","overlay-gradient":""}},"ast-content-background-meta":{"desktop":{"background-color":"var(--ast-global-color-5)","background-image":"","background-repeat":"repeat","background-position":"center center","background-size":"auto","background-attachment":"scroll","background-type":"","background-media":"","overlay-type":"","overlay-color":"","overlay-opacity":"","overlay-gradient":""},"tablet":{"background-color":"var(--ast-global-color-5)","background-image":"","background-repeat":"repeat","background-position":"center center","background-size":"auto","background-attachment":"scroll","background-type":"","background-media":"","overlay-type":"","overlay-color":"","overlay-opacity":"","overlay-gradient":""},"mobile":{"background-color":"var(--ast-global-color-5)","background-image":"","background-repeat":"repeat","background-position":"center center","background-size":"auto","background-attachment":"scroll","background-type":"","background-media":"","overlay-type":"","overlay-color":"","overlay-opacity":"","overlay-gradient":""}}},"product_brand":[3279],"product_cat":[3378],"product_tag":[3796],"class_list":{"0":"post-23261","1":"product","2":"type-product","3":"status-publish","4":"has-post-thumbnail","6":"product_brand-base-360","7":"product_cat-non-categorise","8":"product_tag-short-track","9":"desktop-align-left","10":"tablet-align-left","11":"mobile-align-left","13":"first","14":"instock","15":"taxable","16":"shipping-taxable","17":"purchasable","18":"product-type-simple"},"acf":[],"_links":{"self":[{"href":"https:\/\/ztsports.com\/fr\/wp-json\/wp\/v2\/product\/23261","targetHints":{"allow":["GET"]}}],"collection":[{"href":"https:\/\/ztsports.com\/fr\/wp-json\/wp\/v2\/product"}],"about":[{"href":"https:\/\/ztsports.com\/fr\/wp-json\/wp\/v2\/types\/product"}],"replies":[{"embeddable":true,"href":"https:\/\/ztsports.com\/fr\/wp-json\/wp\/v2\/comments?post=23261"}],"version-history":[{"count":1,"href":"https:\/\/ztsports.com\/fr\/wp-json\/wp\/v2\/product\/23261\/revisions"}],"predecessor-version":[{"id":23262,"href":"https:\/\/ztsports.com\/fr\/wp-json\/wp\/v2\/product\/23261\/revisions\/23262"}],"wp:featuredmedia":[{"embeddable":true,"href":"https:\/\/ztsports.com\/fr\/wp-json\/wp\/v2\/media\/23259"}],"wp:attachment":[{"href":"https:\/\/ztsports.com\/fr\/wp-json\/wp\/v2\/media?parent=23261"}],"wp:term":[{"taxonomy":"product_brand","embeddable":true,"href":"https:\/\/ztsports.com\/fr\/wp-json\/wp\/v2\/product_brand?post=23261"},{"taxonomy":"product_cat","embeddable":true,"href":"https:\/\/ztsports.com\/fr\/wp-json\/wp\/v2\/product_cat?post=23261"},{"taxonomy":"product_tag","embeddable":true,"href":"https:\/\/ztsports.com\/fr\/wp-json\/wp\/v2\/product_tag?post=23261"}],"curies":[{"name":"wp","href":"https:\/\/api.w.org\/{rel}","templated":true}]}}