{"id":23245,"date":"2022-07-24T21:13:27","date_gmt":"2022-07-24T21:13:27","guid":{"rendered":"https:\/\/ztsports.com\/?post_type=product&#038;p=23245"},"modified":"2026-03-12T12:22:36","modified_gmt":"2026-03-12T12:22:36","slug":"wobble-disk-core-balance-tool-for-dryland","status":"publish","type":"product","link":"https:\/\/ztsports.com\/fr\/store\/wobble-disk-core-balance-tool-for-dryland\/","title":{"rendered":"WOBBLE DISK Core Balance Tool for Dryland"},"content":{"rendered":"<h1>WOBBLE DISK Outil d\u2019\u00c9quilibre du Tronc<\/h1>\n<p>Le Wobble Disk Core Balance Tool est fabriqu\u00e9 en PVC robuste. Id\u00e9al pour l\u2019entra\u00eenement de tous les <strong>sports d\u2019\u00e9quilibre<\/strong>.<\/p>\n<p>Initialement utilis\u00e9 par les centres de physioth\u00e9rapie, chiropractie et r\u00e9\u00e9ducation, il devient d\u00e9sormais un incontournable pour les patineurs et clubs lors de l\u2019entra\u00eenement hors glace en saison morte, ainsi que pour les \u00e9chauffements.<\/p>\n<p>Gonflez le Wobble Disk selon le niveau de difficult\u00e9 souhait\u00e9.<\/p>\n<h3 class=\"a-size-base-plus a-text-bold\">Plus d\u2019informations sur ce Wobble Disk<\/h3>\n<ul class=\"a-unordered-list a-vertical a-spacing-mini\">\n<li class=\"a-spacing-mini\"><span class=\"a-list-item\">AM\u00c9LIORE LA FORCE DU TRONC ET L\u2019\u00c9QUILIBRE \u2013 Renforce et engage plusieurs muscles du tronc simultan\u00e9ment pour maintenir l\u2019\u00e9quilibre pendant les exercices<\/span><\/li>\n<li class=\"a-spacing-mini\"><span class=\"a-list-item\">MULTIFONCTION \u2013 Peut \u00eatre utilis\u00e9 pour l\u2019entra\u00eenement ou comme coussin d\u2019assise pour am\u00e9liorer la posture et l\u2019\u00e9quilibre, au lieu d\u2019utiliser un ballon de stabilit\u00e9<\/span><\/li>\n<li class=\"a-spacing-mini\"><span class=\"a-list-item\">SURFACE \u00c0 DOUBLE TEXTURE \u2013 Assure une prise antid\u00e9rapante, avec des bosses massantes sur un c\u00f4t\u00e9 et des bosses plus lisses sur l\u2019autre<\/span><\/li>\n<li class=\"a-spacing-mini\"><span class=\"a-list-item\">PORTABLE \u2013 Facile \u00e0 transporter pour s\u2019entra\u00eener n\u2019importe o\u00f9. Dimensions : 14\u201d de diam\u00e8tre, 3\u201d de hauteur ; Poids : 2,2 lbs ; Fabriqu\u00e9 en PVC<\/span><\/li>\n<\/ul>\n<p>Il poss\u00e8de \u00e9galement une capacit\u00e9 anti-explosion de 300 kg.<\/p>\n<p>Dimensions : 13,5\u201d L x 3\u201d H.<\/p>\n<p><strong>Enfin, vous pouvez retrouver tous nos <a href=\"https:\/\/ztsports.com\/fr\/product-category\/aides-a-lentrainement\/\">accessoires d\u2019entra\u00eenement<\/a> ici.<\/strong><\/p>\n","protected":false},"excerpt":{"rendered":"<p>WOBBLE DISK Outil d\u2019\u00c9quilibre du Tronc Le Wobble Disk Core Balance Tool est fabriqu\u00e9 en PVC robuste. Id\u00e9al pour l\u2019entra\u00eenement de tous les sports d\u2019\u00e9quilibre. Initialement utilis\u00e9 par les centres de physioth\u00e9rapie, chiropractie et r\u00e9\u00e9ducation, il devient d\u00e9sormais un incontournable pour les patineurs et clubs lors de l\u2019entra\u00eenement hors glace en saison morte, ainsi que [&hellip;]<\/p>\n","protected":false},"featured_media":23240,"comment_status":"open","ping_status":"closed","template":"","meta":{"_acf_changed":false,"_monsterinsights_skip_tracking":false,"_monsterinsights_sitenote_active":false,"_monsterinsights_sitenote_note":"","_monsterinsights_sitenote_category":0,"_uf_show_specific_survey":0,"_uf_disable_surveys":false,"site-sidebar-layout":"default","site-content-layout":"","ast-site-content-layout":"default","site-content-style":"default","site-sidebar-style":"default","ast-global-header-display":"","ast-banner-title-visibility":"","ast-main-header-display":"","ast-hfb-above-header-display":"","ast-hfb-below-header-display":"","ast-hfb-mobile-header-display":"","site-post-title":"","ast-breadcrumbs-content":"","ast-featured-img":"","footer-sml-layout":"","ast-disable-related-posts":"","theme-transparent-header-meta":"default","adv-header-id-meta":"","stick-header-meta":"","header-above-stick-meta":"","header-main-stick-meta":"","header-below-stick-meta":"","astra-migrate-meta-layouts":"set","ast-page-background-enabled":"default","ast-page-background-meta":{"desktop":{"background-color":"","background-image":"","background-repeat":"repeat","background-position":"center center","background-size":"auto","background-attachment":"scroll","background-type":"","background-media":"","overlay-type":"","overlay-color":"","overlay-opacity":"","overlay-gradient":""},"tablet":{"background-color":"","background-image":"","background-repeat":"repeat","background-position":"center center","background-size":"auto","background-attachment":"scroll","background-type":"","background-media":"","overlay-type":"","overlay-color":"","overlay-opacity":"","overlay-gradient":""},"mobile":{"background-color":"","background-image":"","background-repeat":"repeat","background-position":"center center","background-size":"auto","background-attachment":"scroll","background-type":"","background-media":"","overlay-type":"","overlay-color":"","overlay-opacity":"","overlay-gradient":""}},"ast-content-background-meta":{"desktop":{"background-color":"var(--ast-global-color-5)","background-image":"","background-repeat":"repeat","background-position":"center center","background-size":"auto","background-attachment":"scroll","background-type":"","background-media":"","overlay-type":"","overlay-color":"","overlay-opacity":"","overlay-gradient":""},"tablet":{"background-color":"var(--ast-global-color-5)","background-image":"","background-repeat":"repeat","background-position":"center center","background-size":"auto","background-attachment":"scroll","background-type":"","background-media":"","overlay-type":"","overlay-color":"","overlay-opacity":"","overlay-gradient":""},"mobile":{"background-color":"var(--ast-global-color-5)","background-image":"","background-repeat":"repeat","background-position":"center center","background-size":"auto","background-attachment":"scroll","background-type":"","background-media":"","overlay-type":"","overlay-color":"","overlay-opacity":"","overlay-gradient":""}}},"product_brand":[3279],"product_cat":[4565,3380,3379,4577],"product_tag":[],"class_list":{"0":"post-23245","1":"product","2":"type-product","3":"status-publish","4":"has-post-thumbnail","6":"product_brand-base-360","7":"product_cat-accessoires","8":"product_cat-aides-a-lentrainement","9":"product_cat-aides-au-coaching-et-a-lentrainement","10":"product_cat-cadeaux","11":"desktop-align-left","12":"tablet-align-left","13":"mobile-align-left","15":"first","16":"instock","17":"taxable","18":"shipping-taxable","19":"purchasable","20":"product-type-simple"},"acf":[],"_links":{"self":[{"href":"https:\/\/ztsports.com\/fr\/wp-json\/wp\/v2\/product\/23245","targetHints":{"allow":["GET"]}}],"collection":[{"href":"https:\/\/ztsports.com\/fr\/wp-json\/wp\/v2\/product"}],"about":[{"href":"https:\/\/ztsports.com\/fr\/wp-json\/wp\/v2\/types\/product"}],"replies":[{"embeddable":true,"href":"https:\/\/ztsports.com\/fr\/wp-json\/wp\/v2\/comments?post=23245"}],"version-history":[{"count":2,"href":"https:\/\/ztsports.com\/fr\/wp-json\/wp\/v2\/product\/23245\/revisions"}],"predecessor-version":[{"id":24573,"href":"https:\/\/ztsports.com\/fr\/wp-json\/wp\/v2\/product\/23245\/revisions\/24573"}],"wp:featuredmedia":[{"embeddable":true,"href":"https:\/\/ztsports.com\/fr\/wp-json\/wp\/v2\/media\/23240"}],"wp:attachment":[{"href":"https:\/\/ztsports.com\/fr\/wp-json\/wp\/v2\/media?parent=23245"}],"wp:term":[{"taxonomy":"product_brand","embeddable":true,"href":"https:\/\/ztsports.com\/fr\/wp-json\/wp\/v2\/product_brand?post=23245"},{"taxonomy":"product_cat","embeddable":true,"href":"https:\/\/ztsports.com\/fr\/wp-json\/wp\/v2\/product_cat?post=23245"},{"taxonomy":"product_tag","embeddable":true,"href":"https:\/\/ztsports.com\/fr\/wp-json\/wp\/v2\/product_tag?post=23245"}],"curies":[{"name":"wp","href":"https:\/\/api.w.org\/{rel}","templated":true}]}}