{"id":23237,"date":"2022-11-18T00:06:23","date_gmt":"2022-11-18T00:06:23","guid":{"rendered":"https:\/\/ztsports.com\/?post_type=product&#038;p=23237"},"modified":"2026-03-12T12:11:36","modified_gmt":"2026-03-12T12:11:36","slug":"1-cbc-pro-sharpening-jig-short-track-or-long-track","status":"publish","type":"product","link":"https:\/\/ztsports.com\/fr\/store\/1-cbc-pro-sharpening-jig-short-track-or-long-track\/","title":{"rendered":"#1 CBC Pro Sharpening Jig Short track or Long Track"},"content":{"rendered":"<h1>CBC Pro Jig d\u2019Aiguisage<\/h1>\n<p>Notre CBC Pro Jig d\u2019Aiguisage est livr\u00e9 complet avec des but\u00e9es sup\u00e9rieures \u00e9quip\u00e9es de broches de contact en acier tremp\u00e9. Cela garantit de nombreuses ann\u00e9es de nivellement constant des lames, car l\u2019acier tremp\u00e9 ne s\u2019use pas et ne se creuse pas.<\/p>\n<p>Les pinces pivotantes assurent que l\u2019utilisateur n\u2019a jamais \u00e0 se soucier de la d\u00e9formation du flex lors de l\u2019aiguisage. Enfin, tous les boutons sont fabriqu\u00e9s avec des poign\u00e9es en aluminium, ce qui augmente la durabilit\u00e9 et la long\u00e9vit\u00e9 de ce produit.<\/p>\n<p>Le CBC Pro Jig d\u2019Aiguisage \u2013 une fois de plus \u2013 meilleur que jamais ! Dans cette troisi\u00e8me g\u00e9n\u00e9ration, vous trouverez de nouveaux points de r\u00e9f\u00e9rence pour l\u2019assemblage sur le poteau.<\/p>\n<p>Ce Jig est le dispositif d\u2019aiguisage de cette qualit\u00e9 le plus abordable sur le march\u00e9 aujourd\u2019hui. C\u2019est le dernier jig d\u2019aiguisage que vous aurez besoin d\u2019acheter. Il fonctionne aussi bien sur les lames Short Track que Long Track.<\/p>\n<h2>Le CBC Pro Jig d\u2019Aiguisage est notre Jig le plus vendu<\/h2>\n<p>Le CBC Pro Jig d\u2019Aiguisage comble l\u2019\u00e9cart entre les jigs d\u2019entr\u00e9e de gamme et les jigs les plus avanc\u00e9s du march\u00e9.<\/p>\n<p>Il est livr\u00e9 complet avec des but\u00e9es sup\u00e9rieures avec broches de contact en acier tremp\u00e9, garantissant des ann\u00e9es de nivellement constant. Les pinces pivotantes assurent que la d\u00e9formation du flex n\u2019est jamais un probl\u00e8me lors de l\u2019aiguisage.<\/p>\n<p>Enfin, tous les boutons sont fabriqu\u00e9s avec des poign\u00e9es en aluminium, ajoutant \u00e0 la durabilit\u00e9 et \u00e0 la long\u00e9vit\u00e9 du produit. C\u2019est le dernier jig d\u2019aiguisage que vous aurez besoin d\u2019acheter.<\/p>\n<p><a href=\"https:\/\/ztsports.com\/product-category\/sharpening\/jigs\/\"><strong>Vous pouvez trouver tous nos jigs et kits d\u2019aiguisage ici.<\/strong><\/a><\/p>\n<h3><a href=\"https:\/\/www.youtube.com\/watch?v=6mu5w7rdrL0\" target=\"_blank\" rel=\"noopener\">Tutoriel d\u2019aiguisage de patins<\/a><\/h3>\n","protected":false},"excerpt":{"rendered":"<p>CBC Pro Jig d\u2019Aiguisage Notre CBC Pro Jig d\u2019Aiguisage est livr\u00e9 complet avec des but\u00e9es sup\u00e9rieures \u00e9quip\u00e9es de broches de contact en acier tremp\u00e9. Cela garantit de nombreuses ann\u00e9es de nivellement constant des lames, car l\u2019acier tremp\u00e9 ne s\u2019use pas et ne se creuse pas. Les pinces pivotantes assurent que l\u2019utilisateur n\u2019a jamais \u00e0 se [&hellip;]<\/p>\n","protected":false},"featured_media":23233,"comment_status":"open","ping_status":"closed","template":"","meta":{"_acf_changed":false,"_monsterinsights_skip_tracking":false,"_monsterinsights_sitenote_active":false,"_monsterinsights_sitenote_note":"","_monsterinsights_sitenote_category":0,"_uf_show_specific_survey":0,"_uf_disable_surveys":false,"site-sidebar-layout":"default","site-content-layout":"","ast-site-content-layout":"default","site-content-style":"default","site-sidebar-style":"default","ast-global-header-display":"","ast-banner-title-visibility":"","ast-main-header-display":"","ast-hfb-above-header-display":"","ast-hfb-below-header-display":"","ast-hfb-mobile-header-display":"","site-post-title":"","ast-breadcrumbs-content":"","ast-featured-img":"","footer-sml-layout":"","ast-disable-related-posts":"","theme-transparent-header-meta":"default","adv-header-id-meta":"","stick-header-meta":"","header-above-stick-meta":"","header-main-stick-meta":"","header-below-stick-meta":"","astra-migrate-meta-layouts":"set","ast-page-background-enabled":"default","ast-page-background-meta":{"desktop":{"background-color":"","background-image":"","background-repeat":"repeat","background-position":"center center","background-size":"auto","background-attachment":"scroll","background-type":"","background-media":"","overlay-type":"","overlay-color":"","overlay-opacity":"","overlay-gradient":""},"tablet":{"background-color":"","background-image":"","background-repeat":"repeat","background-position":"center center","background-size":"auto","background-attachment":"scroll","background-type":"","background-media":"","overlay-type":"","overlay-color":"","overlay-opacity":"","overlay-gradient":""},"mobile":{"background-color":"","background-image":"","background-repeat":"repeat","background-position":"center center","background-size":"auto","background-attachment":"scroll","background-type":"","background-media":"","overlay-type":"","overlay-color":"","overlay-opacity":"","overlay-gradient":""}},"ast-content-background-meta":{"desktop":{"background-color":"var(--ast-global-color-5)","background-image":"","background-repeat":"repeat","background-position":"center center","background-size":"auto","background-attachment":"scroll","background-type":"","background-media":"","overlay-type":"","overlay-color":"","overlay-opacity":"","overlay-gradient":""},"tablet":{"background-color":"var(--ast-global-color-5)","background-image":"","background-repeat":"repeat","background-position":"center center","background-size":"auto","background-attachment":"scroll","background-type":"","background-media":"","overlay-type":"","overlay-color":"","overlay-opacity":"","overlay-gradient":""},"mobile":{"background-color":"var(--ast-global-color-5)","background-image":"","background-repeat":"repeat","background-position":"center center","background-size":"auto","background-attachment":"scroll","background-type":"","background-media":"","overlay-type":"","overlay-color":"","overlay-opacity":"","overlay-gradient":""}}},"product_brand":[3290],"product_cat":[3455,3378],"product_tag":[],"class_list":{"0":"post-23237","1":"product","2":"type-product","3":"status-publish","4":"has-post-thumbnail","6":"product_brand-cbc","7":"product_cat-accessories","8":"product_cat-non-categorise","9":"desktop-align-left","10":"tablet-align-left","11":"mobile-align-left","13":"first","14":"instock","15":"featured","16":"taxable","17":"shipping-taxable","18":"purchasable","19":"product-type-simple"},"acf":[],"_links":{"self":[{"href":"https:\/\/ztsports.com\/fr\/wp-json\/wp\/v2\/product\/23237","targetHints":{"allow":["GET"]}}],"collection":[{"href":"https:\/\/ztsports.com\/fr\/wp-json\/wp\/v2\/product"}],"about":[{"href":"https:\/\/ztsports.com\/fr\/wp-json\/wp\/v2\/types\/product"}],"replies":[{"embeddable":true,"href":"https:\/\/ztsports.com\/fr\/wp-json\/wp\/v2\/comments?post=23237"}],"version-history":[{"count":1,"href":"https:\/\/ztsports.com\/fr\/wp-json\/wp\/v2\/product\/23237\/revisions"}],"predecessor-version":[{"id":23238,"href":"https:\/\/ztsports.com\/fr\/wp-json\/wp\/v2\/product\/23237\/revisions\/23238"}],"wp:featuredmedia":[{"embeddable":true,"href":"https:\/\/ztsports.com\/fr\/wp-json\/wp\/v2\/media\/23233"}],"wp:attachment":[{"href":"https:\/\/ztsports.com\/fr\/wp-json\/wp\/v2\/media?parent=23237"}],"wp:term":[{"taxonomy":"product_brand","embeddable":true,"href":"https:\/\/ztsports.com\/fr\/wp-json\/wp\/v2\/product_brand?post=23237"},{"taxonomy":"product_cat","embeddable":true,"href":"https:\/\/ztsports.com\/fr\/wp-json\/wp\/v2\/product_cat?post=23237"},{"taxonomy":"product_tag","embeddable":true,"href":"https:\/\/ztsports.com\/fr\/wp-json\/wp\/v2\/product_tag?post=23237"}],"curies":[{"name":"wp","href":"https:\/\/api.w.org\/{rel}","templated":true}]}}