{"id":23231,"date":"2022-11-28T23:24:00","date_gmt":"2022-11-28T23:24:00","guid":{"rendered":"https:\/\/ztsports.com\/?post_type=product&#038;p=23231"},"modified":"2026-03-09T08:05:52","modified_gmt":"2026-03-09T08:05:52","slug":"bont-platinum-x-blades-for-short-track","status":"publish","type":"product","link":"https:\/\/ztsports.com\/fr\/store\/bont-platinum-x-blades-for-short-track\/","title":{"rendered":"BONT Platinum X Blades for Short Track"},"content":{"rendered":"<h1 class=\"product_title entry-title\">Lames BONT Platinum X<\/h1>\n<p>Les lames Bont Platinum X sont d\u00e9sormais 15\u202f% plus rigides. Fabriqu\u00e9es en acier \u00e0 outils en poudre B\u00f6hler K390, elles sont rectifi\u00e9es lentement pour produire une pi\u00e8ce parfaitement droite. La structure en acier en poudre est tr\u00e8s fine, offrant des propri\u00e9t\u00e9s de glisse exceptionnelles. Elles conservent leur tranchant jusqu\u2019\u00e0 8 fois plus longtemps que des lames en acier classiques. La nouvelle structure interne du tube offre la meilleure r\u00e9tention de flexion de toutes les lames du march\u00e9.<\/p>\n<ul>\n<li><strong>Sp\u00e9cifications :<\/strong><\/li>\n<li><strong>Mat\u00e9riau de la coupe :<\/strong> Aluminium 7075 T6<\/li>\n<li><strong>Rayon :<\/strong> 9\u202fm<\/li>\n<li><strong>Longueurs :<\/strong> 17&#8243; (Standard &#038; 1\/2 KR), 17,5&#8243; (Standard, KR &#038; 1\/2 KR), 18&#8243; (Standard), 19&#8243; (Standard)<\/li>\n<li><strong>\u00c9paisseur de la lame :<\/strong> 1,1\u202fmm<\/li>\n<li><strong>Duret\u00e9 :<\/strong> 64 Rockwell<\/li>\n<li><strong>Flexion :<\/strong> Pli\u00e9e \u00e0 la machine<\/li>\n<li><strong>Hauteur de la coupe :<\/strong> 30\u202fmm (+5\u202fmm)<\/li>\n<\/ul>\n<p>La Bont Platinum K390 est consid\u00e9r\u00e9e par de nombreux patineurs short track comme la meilleure lame jamais fabriqu\u00e9e.<\/p>\n<p><strong>Pour plus d\u2019informations et une courte <a href=\"https:\/\/www.youtube.com\/watch?v=g5tSpTtSfCE\" target=\"_blank\" rel=\"noopener\">vid\u00e9o YouTube sur les lames Platinum X<\/a>.<\/strong><\/p>\n<p><strong>Vous pouvez voir toutes nos <a href=\"https:\/\/ztsports.com\/product-category\/short-track\/blades\/\">lames Short Track ici<\/a><\/strong><\/p>\n<h4>Souvenez-vous d\u2019ajouter la <strong><a href=\"https:\/\/ztsports.com\/product\/short-track-blade-preparation\/\">pr\u00e9paration de lame<\/a><\/strong><\/h4>\n","protected":false},"excerpt":{"rendered":"<p>Lames BONT Platinum X Les lames Bont Platinum X sont d\u00e9sormais 15\u202f% plus rigides. Fabriqu\u00e9es en acier \u00e0 outils en poudre B\u00f6hler K390, elles sont rectifi\u00e9es lentement pour produire une pi\u00e8ce parfaitement droite. La structure en acier en poudre est tr\u00e8s fine, offrant des propri\u00e9t\u00e9s de glisse exceptionnelles. Elles conservent leur tranchant jusqu\u2019\u00e0 8 fois [&hellip;]<\/p>\n","protected":false},"featured_media":23229,"comment_status":"open","ping_status":"closed","template":"","meta":{"_acf_changed":false,"_monsterinsights_skip_tracking":false,"_monsterinsights_sitenote_active":false,"_monsterinsights_sitenote_note":"","_monsterinsights_sitenote_category":0,"_uf_show_specific_survey":0,"_uf_disable_surveys":false,"site-sidebar-layout":"default","site-content-layout":"","ast-site-content-layout":"default","site-content-style":"default","site-sidebar-style":"default","ast-global-header-display":"","ast-banner-title-visibility":"","ast-main-header-display":"","ast-hfb-above-header-display":"","ast-hfb-below-header-display":"","ast-hfb-mobile-header-display":"","site-post-title":"","ast-breadcrumbs-content":"","ast-featured-img":"","footer-sml-layout":"","ast-disable-related-posts":"","theme-transparent-header-meta":"default","adv-header-id-meta":"","stick-header-meta":"","header-above-stick-meta":"","header-main-stick-meta":"","header-below-stick-meta":"","astra-migrate-meta-layouts":"set","ast-page-background-enabled":"default","ast-page-background-meta":{"desktop":{"background-color":"","background-image":"","background-repeat":"repeat","background-position":"center center","background-size":"auto","background-attachment":"scroll","background-type":"","background-media":"","overlay-type":"","overlay-color":"","overlay-opacity":"","overlay-gradient":""},"tablet":{"background-color":"","background-image":"","background-repeat":"repeat","background-position":"center center","background-size":"auto","background-attachment":"scroll","background-type":"","background-media":"","overlay-type":"","overlay-color":"","overlay-opacity":"","overlay-gradient":""},"mobile":{"background-color":"","background-image":"","background-repeat":"repeat","background-position":"center center","background-size":"auto","background-attachment":"scroll","background-type":"","background-media":"","overlay-type":"","overlay-color":"","overlay-opacity":"","overlay-gradient":""}},"ast-content-background-meta":{"desktop":{"background-color":"var(--ast-global-color-5)","background-image":"","background-repeat":"repeat","background-position":"center center","background-size":"auto","background-attachment":"scroll","background-type":"","background-media":"","overlay-type":"","overlay-color":"","overlay-opacity":"","overlay-gradient":""},"tablet":{"background-color":"var(--ast-global-color-5)","background-image":"","background-repeat":"repeat","background-position":"center center","background-size":"auto","background-attachment":"scroll","background-type":"","background-media":"","overlay-type":"","overlay-color":"","overlay-opacity":"","overlay-gradient":""},"mobile":{"background-color":"var(--ast-global-color-5)","background-image":"","background-repeat":"repeat","background-position":"center center","background-size":"auto","background-attachment":"scroll","background-type":"","background-media":"","overlay-type":"","overlay-color":"","overlay-opacity":"","overlay-gradient":""}}},"product_brand":[3285],"product_cat":[4561,4560],"product_tag":[3799,3796],"class_list":{"0":"post-23231","1":"product","2":"type-product","3":"status-publish","4":"has-post-thumbnail","6":"product_brand-bont","7":"product_cat-blades","8":"product_cat-short-track-blades","9":"product_tag-bont","10":"product_tag-short-track","11":"desktop-align-left","12":"tablet-align-left","13":"mobile-align-left","15":"first","16":"instock","17":"taxable","18":"shipping-taxable","19":"purchasable","20":"product-type-simple"},"acf":[],"_links":{"self":[{"href":"https:\/\/ztsports.com\/fr\/wp-json\/wp\/v2\/product\/23231","targetHints":{"allow":["GET"]}}],"collection":[{"href":"https:\/\/ztsports.com\/fr\/wp-json\/wp\/v2\/product"}],"about":[{"href":"https:\/\/ztsports.com\/fr\/wp-json\/wp\/v2\/types\/product"}],"replies":[{"embeddable":true,"href":"https:\/\/ztsports.com\/fr\/wp-json\/wp\/v2\/comments?post=23231"}],"version-history":[{"count":1,"href":"https:\/\/ztsports.com\/fr\/wp-json\/wp\/v2\/product\/23231\/revisions"}],"predecessor-version":[{"id":23232,"href":"https:\/\/ztsports.com\/fr\/wp-json\/wp\/v2\/product\/23231\/revisions\/23232"}],"wp:featuredmedia":[{"embeddable":true,"href":"https:\/\/ztsports.com\/fr\/wp-json\/wp\/v2\/media\/23229"}],"wp:attachment":[{"href":"https:\/\/ztsports.com\/fr\/wp-json\/wp\/v2\/media?parent=23231"}],"wp:term":[{"taxonomy":"product_brand","embeddable":true,"href":"https:\/\/ztsports.com\/fr\/wp-json\/wp\/v2\/product_brand?post=23231"},{"taxonomy":"product_cat","embeddable":true,"href":"https:\/\/ztsports.com\/fr\/wp-json\/wp\/v2\/product_cat?post=23231"},{"taxonomy":"product_tag","embeddable":true,"href":"https:\/\/ztsports.com\/fr\/wp-json\/wp\/v2\/product_tag?post=23231"}],"curies":[{"name":"wp","href":"https:\/\/api.w.org\/{rel}","templated":true}]}}