{"id":23227,"date":"2022-12-01T23:14:49","date_gmt":"2022-12-01T23:14:49","guid":{"rendered":"https:\/\/ztsports.com\/?post_type=product&#038;p=23227"},"modified":"2026-04-22T23:58:22","modified_gmt":"2026-04-22T23:58:22","slug":"ehs-quantum-short-track-blade-mfd-netherlands","status":"publish","type":"product","link":"https:\/\/ztsports.com\/fr\/store\/ehs-quantum-short-track-blade-mfd-netherlands\/","title":{"rendered":"EHS Quantum Short Track Blade MFD Netherlands"},"content":{"rendered":"<h1 class=\"product-single__title\">Lame EHS Quantum Short Track<\/h1>\n<p>Les lames EHS Quantum Short Track et Alpha sont cr\u00e9\u00e9es par EHS via StayBent, s\u2019appuyant sur nos ann\u00e9es d\u2019exp\u00e9rience dans la fabrication des lames Evo. De plus, nous appliquons les derni\u00e8res technologies en mati\u00e8re de design, d\u2019ing\u00e9nierie et d\u2019artisanat pour porter ces mod\u00e8les \u00e0 un niveau sup\u00e9rieur.<\/p>\n<p>La Quantum d\u2019EHS est con\u00e7ue pour les patineurs qui appr\u00e9cient une sensation et un retour accrus gr\u00e2ce \u00e0 une lame avec plus de flexibilit\u00e9. Tous les composants en aluminium et en acier sont de la plus haute qualit\u00e9 et proviennent des Pays-Bas ou d\u2019Autriche.<\/p>\n<p>Similaire \u00e0 nos mod\u00e8les X, seules des lames PM ou Bi-metal premium s\u00e9lectionn\u00e9es \u00e0 la main sont utilis\u00e9es pour la Quantum. Chaque \u00e9tape du processus d\u2019ing\u00e9nierie est effectu\u00e9e par Hagen Techniek aux Pays-Bas. Enfin, les coupes sont fabriqu\u00e9es en aluminium l\u00e9ger de haute qualit\u00e9 et peuvent \u00eatre command\u00e9es en diff\u00e9rentes hauteurs.<\/p>\n<p class=\"subheading\">La lame Quantum Short Track offre une sensation flexible et r\u00e9active avec un rayon unique sur le bord de flexion pour des virages fluides. Sa rigidit\u00e9 constante du tube combin\u00e9e \u00e0 une section sup\u00e9rieure rigide assure un transfert d\u2019\u00e9nergie fiable, tandis que des piliers plus fins offrent de la maniabilit\u00e9.<\/p>\n<p class=\"subheading\">Disponible en acier Full PM ou Bi-metal, elle \u00e9quilibre confort et performance pour le patinage technique sur short track.<\/p>\n<p class=\"subheading\"><strong>Veuillez noter : Les lames Quantum sont standard en Bi-metal. La version Full PM est disponible sur demande avec un d\u00e9lai de 4 \u00e0 6 semaines.<\/strong><\/p>\n<p><strong>Tailles : 15,5&#8243;, 16&#8243;, 16,5&#8243;, 17&#8243;, 17,5&#8243;<\/strong><\/p>\n<p><strong>Fabriqu\u00e9 aux <a href=\"https:\/\/www.ehskates.com\/technology\" target=\"_blank\" rel=\"noopener\">Pays-Bas !<\/a><\/strong><\/p>\n<p><a href=\"https:\/\/ztsports.com\/brand\/staybent-by-ehs\/ehs\/\">D\u00e9couvrez tous les produits EHS ici.<\/a><\/p>\n<p><a href=\"https:\/\/ztsports.com\/product-category\/short-track\/blades\/\">Enfin, pour voir toutes nos lames Short Track, cliquez ici.<\/a><\/p>\n<h3>Souvenez-vous d\u2019ajouter la <strong><a href=\"https:\/\/ztsports.com\/product\/short-track-blade-preparation\/\">pr\u00e9paration de lame<\/a><\/strong><\/h3>\n","protected":false},"excerpt":{"rendered":"<p>Lame EHS Quantum Short Track Les lames EHS Quantum Short Track et Alpha sont cr\u00e9\u00e9es par EHS via StayBent, s\u2019appuyant sur nos ann\u00e9es d\u2019exp\u00e9rience dans la fabrication des lames Evo. De plus, nous appliquons les derni\u00e8res technologies en mati\u00e8re de design, d\u2019ing\u00e9nierie et d\u2019artisanat pour porter ces mod\u00e8les \u00e0 un niveau sup\u00e9rieur. La Quantum d\u2019EHS [&hellip;]<\/p>\n","protected":false},"featured_media":23223,"comment_status":"open","ping_status":"closed","template":"","meta":{"_acf_changed":false,"_monsterinsights_skip_tracking":false,"_monsterinsights_sitenote_active":false,"_monsterinsights_sitenote_note":"","_monsterinsights_sitenote_category":0,"_uf_show_specific_survey":0,"_uf_disable_surveys":false,"site-sidebar-layout":"default","site-content-layout":"","ast-site-content-layout":"default","site-content-style":"default","site-sidebar-style":"default","ast-global-header-display":"","ast-banner-title-visibility":"","ast-main-header-display":"","ast-hfb-above-header-display":"","ast-hfb-below-header-display":"","ast-hfb-mobile-header-display":"","site-post-title":"","ast-breadcrumbs-content":"","ast-featured-img":"","footer-sml-layout":"","ast-disable-related-posts":"","theme-transparent-header-meta":"default","adv-header-id-meta":"","stick-header-meta":"","header-above-stick-meta":"","header-main-stick-meta":"","header-below-stick-meta":"","astra-migrate-meta-layouts":"set","ast-page-background-enabled":"default","ast-page-background-meta":{"desktop":{"background-color":"","background-image":"","background-repeat":"repeat","background-position":"center center","background-size":"auto","background-attachment":"scroll","background-type":"","background-media":"","overlay-type":"","overlay-color":"","overlay-opacity":"","overlay-gradient":""},"tablet":{"background-color":"","background-image":"","background-repeat":"repeat","background-position":"center center","background-size":"auto","background-attachment":"scroll","background-type":"","background-media":"","overlay-type":"","overlay-color":"","overlay-opacity":"","overlay-gradient":""},"mobile":{"background-color":"","background-image":"","background-repeat":"repeat","background-position":"center center","background-size":"auto","background-attachment":"scroll","background-type":"","background-media":"","overlay-type":"","overlay-color":"","overlay-opacity":"","overlay-gradient":""}},"ast-content-background-meta":{"desktop":{"background-color":"var(--ast-global-color-5)","background-image":"","background-repeat":"repeat","background-position":"center center","background-size":"auto","background-attachment":"scroll","background-type":"","background-media":"","overlay-type":"","overlay-color":"","overlay-opacity":"","overlay-gradient":""},"tablet":{"background-color":"var(--ast-global-color-5)","background-image":"","background-repeat":"repeat","background-position":"center center","background-size":"auto","background-attachment":"scroll","background-type":"","background-media":"","overlay-type":"","overlay-color":"","overlay-opacity":"","overlay-gradient":""},"mobile":{"background-color":"var(--ast-global-color-5)","background-image":"","background-repeat":"repeat","background-position":"center center","background-size":"auto","background-attachment":"scroll","background-type":"","background-media":"","overlay-type":"","overlay-color":"","overlay-opacity":"","overlay-gradient":""}}},"product_brand":[3347,3344,3346],"product_cat":[4561,4560],"product_tag":[3811,3796,4562,3806,3805],"class_list":{"0":"post-23227","1":"product","2":"type-product","3":"status-publish","4":"has-post-thumbnail","6":"product_brand-ehs","7":"product_brand-stay-bent","8":"product_brand-staybent-by-ehs","9":"product_cat-blades","10":"product_cat-short-track-blades","11":"product_tag-ehs","12":"product_tag-short-track","13":"product_tag-speed-skating","14":"product_tag-staybent","15":"product_tag-staybent-by-ehs","16":"desktop-align-left","17":"tablet-align-left","18":"mobile-align-left","20":"first","21":"instock","22":"sale","23":"featured","24":"taxable","25":"shipping-taxable","26":"purchasable","27":"product-type-simple"},"acf":[],"_links":{"self":[{"href":"https:\/\/ztsports.com\/fr\/wp-json\/wp\/v2\/product\/23227","targetHints":{"allow":["GET"]}}],"collection":[{"href":"https:\/\/ztsports.com\/fr\/wp-json\/wp\/v2\/product"}],"about":[{"href":"https:\/\/ztsports.com\/fr\/wp-json\/wp\/v2\/types\/product"}],"replies":[{"embeddable":true,"href":"https:\/\/ztsports.com\/fr\/wp-json\/wp\/v2\/comments?post=23227"}],"version-history":[{"count":1,"href":"https:\/\/ztsports.com\/fr\/wp-json\/wp\/v2\/product\/23227\/revisions"}],"predecessor-version":[{"id":23228,"href":"https:\/\/ztsports.com\/fr\/wp-json\/wp\/v2\/product\/23227\/revisions\/23228"}],"wp:featuredmedia":[{"embeddable":true,"href":"https:\/\/ztsports.com\/fr\/wp-json\/wp\/v2\/media\/23223"}],"wp:attachment":[{"href":"https:\/\/ztsports.com\/fr\/wp-json\/wp\/v2\/media?parent=23227"}],"wp:term":[{"taxonomy":"product_brand","embeddable":true,"href":"https:\/\/ztsports.com\/fr\/wp-json\/wp\/v2\/product_brand?post=23227"},{"taxonomy":"product_cat","embeddable":true,"href":"https:\/\/ztsports.com\/fr\/wp-json\/wp\/v2\/product_cat?post=23227"},{"taxonomy":"product_tag","embeddable":true,"href":"https:\/\/ztsports.com\/fr\/wp-json\/wp\/v2\/product_tag?post=23227"}],"curies":[{"name":"wp","href":"https:\/\/api.w.org\/{rel}","templated":true}]}}