{"id":23221,"date":"2023-01-06T01:52:04","date_gmt":"2023-01-06T01:52:04","guid":{"rendered":"https:\/\/ztsports.com\/?post_type=product&#038;p=23221"},"modified":"2026-03-09T08:03:29","modified_gmt":"2026-03-09T08:03:29","slug":"skate-tec-helmet-010-for-short-track-speed-skating","status":"publish","type":"product","link":"https:\/\/ztsports.com\/fr\/store\/skate-tec-helmet-010-for-short-track-speed-skating\/","title":{"rendered":"SKATE-TEC Helmet 010 for Short Track Speed Skating"},"content":{"rendered":"<h1>Casque SKATE-TEC 010 pour Short Track<\/h1>\n<p>Le casque Skate-Tec 010 pour Short Track.<\/p>\n<p>Skate-Tec d\u00e9veloppe tous ses produits gr\u00e2ce \u00e0 des tests et \u00e0 l\u2019innovation constants. Nous utilisons uniquement des mat\u00e9riaux de qualit\u00e9 sup\u00e9rieure, les proc\u00e9d\u00e9s de fabrication les plus avanc\u00e9s et des designs innovants.<\/p>\n<p>Skate-Tec s\u2019efforce de fournir les meilleurs produits de patinage en collaboration avec des athl\u00e8tes et entra\u00eeneurs de haut niveau.<\/p>\n<p>Ce casque a une forme profil\u00e9e et allong\u00e9e, avec un usage minimal de mat\u00e9riaux.<\/p>\n<ul>\n<li>Coque\/structure en mousse inject\u00e9e monobloc pour une solidit\u00e9 accrue et une durabilit\u00e9 renforc\u00e9e<\/li>\n<li>Syst\u00e8me de r\u00e9glage micro-ajustable pour optimiser le confort et l\u2019ajustement. Disponible en 2 tailles et 1 couleur :\n<ul>\n<li>S\/M (54 \u2013 57 cm) 298 grammes<\/li>\n<li>L\/XL (58 \u2013 61 cm) 319 grammes<\/li>\n<\/ul>\n<\/li>\n<li>Construction l\u00e9g\u00e8re<\/li>\n<li>Casque certifi\u00e9 ISU<\/li>\n<li>Sangles en nylon confortables et ajustables<\/li>\n<li>Conforme aux normes ATSM<\/li>\n<\/ul>\n<p>Couleurs disponibles : Rouge et Carbon<\/p>\n<p>S\/M (54-57 cm, 298 g)<\/p>\n<p>L\/XL (58-61 cm, 319 g)<\/p>\n<h3><img decoding=\"async\" src=\"https:\/\/cdn.websumo.com\/assets\/custom\/assoc-1341\/siteimages\/skate-tec-logo-325.jpg\" alt=\"SkateTec, shorttrack, longtrack, short track, speed skating, innovative design, home of maple-skate Skate-Tec\" \/><\/h3>\n<h3>Liens utiles<\/h3>\n<ul>\n<li><a href=\"https:\/\/cdn.websumo.com\/assets\/custom\/assoc-1341\/downloads\/skatetec-int-2020.pdf\" target=\"_blank\" rel=\"noopener\">T\u00e9l\u00e9charger la brochure produit<\/a><\/li>\n<li><a href=\"https:\/\/www.skate-tec.com\/sizecharts\" target=\"_blank\" rel=\"noopener\">Tableaux des tailles<\/a><\/li>\n<\/ul>\n<p>Enfin, consultez <a href=\"https:\/\/ztsports.com\/product-category\/inline\/helmets\/\"><strong>d\u2019autres couleurs et mod\u00e8les de casques<\/strong><\/a>.<\/p>\n","protected":false},"excerpt":{"rendered":"<p>Casque SKATE-TEC 010 pour Short Track Le casque Skate-Tec 010 pour Short Track. Skate-Tec d\u00e9veloppe tous ses produits gr\u00e2ce \u00e0 des tests et \u00e0 l\u2019innovation constants. Nous utilisons uniquement des mat\u00e9riaux de qualit\u00e9 sup\u00e9rieure, les proc\u00e9d\u00e9s de fabrication les plus avanc\u00e9s et des designs innovants. Skate-Tec s\u2019efforce de fournir les meilleurs produits de patinage en [&hellip;]<\/p>\n","protected":false},"featured_media":23217,"comment_status":"open","ping_status":"closed","template":"","meta":{"_acf_changed":false,"_monsterinsights_skip_tracking":false,"_monsterinsights_sitenote_active":false,"_monsterinsights_sitenote_note":"","_monsterinsights_sitenote_category":0,"_uf_show_specific_survey":0,"_uf_disable_surveys":false,"site-sidebar-layout":"default","site-content-layout":"","ast-site-content-layout":"default","site-content-style":"default","site-sidebar-style":"default","ast-global-header-display":"","ast-banner-title-visibility":"","ast-main-header-display":"","ast-hfb-above-header-display":"","ast-hfb-below-header-display":"","ast-hfb-mobile-header-display":"","site-post-title":"","ast-breadcrumbs-content":"","ast-featured-img":"","footer-sml-layout":"","ast-disable-related-posts":"","theme-transparent-header-meta":"default","adv-header-id-meta":"","stick-header-meta":"","header-above-stick-meta":"","header-main-stick-meta":"","header-below-stick-meta":"","astra-migrate-meta-layouts":"set","ast-page-background-enabled":"default","ast-page-background-meta":{"desktop":{"background-color":"","background-image":"","background-repeat":"repeat","background-position":"center center","background-size":"auto","background-attachment":"scroll","background-type":"","background-media":"","overlay-type":"","overlay-color":"","overlay-opacity":"","overlay-gradient":""},"tablet":{"background-color":"","background-image":"","background-repeat":"repeat","background-position":"center center","background-size":"auto","background-attachment":"scroll","background-type":"","background-media":"","overlay-type":"","overlay-color":"","overlay-opacity":"","overlay-gradient":""},"mobile":{"background-color":"","background-image":"","background-repeat":"repeat","background-position":"center center","background-size":"auto","background-attachment":"scroll","background-type":"","background-media":"","overlay-type":"","overlay-color":"","overlay-opacity":"","overlay-gradient":""}},"ast-content-background-meta":{"desktop":{"background-color":"var(--ast-global-color-5)","background-image":"","background-repeat":"repeat","background-position":"center center","background-size":"auto","background-attachment":"scroll","background-type":"","background-media":"","overlay-type":"","overlay-color":"","overlay-opacity":"","overlay-gradient":""},"tablet":{"background-color":"var(--ast-global-color-5)","background-image":"","background-repeat":"repeat","background-position":"center center","background-size":"auto","background-attachment":"scroll","background-type":"","background-media":"","overlay-type":"","overlay-color":"","overlay-opacity":"","overlay-gradient":""},"mobile":{"background-color":"var(--ast-global-color-5)","background-image":"","background-repeat":"repeat","background-position":"center center","background-size":"auto","background-attachment":"scroll","background-type":"","background-media":"","overlay-type":"","overlay-color":"","overlay-opacity":"","overlay-gradient":""}}},"product_brand":[3338],"product_cat":[3378],"product_tag":[],"class_list":{"0":"post-23221","1":"product","2":"type-product","3":"status-publish","4":"has-post-thumbnail","6":"product_brand-skate-tec","7":"product_cat-non-categorise","8":"desktop-align-left","9":"tablet-align-left","10":"mobile-align-left","12":"first","13":"instock","14":"sale","15":"featured","16":"taxable","17":"shipping-taxable","18":"purchasable","19":"product-type-simple"},"acf":[],"_links":{"self":[{"href":"https:\/\/ztsports.com\/fr\/wp-json\/wp\/v2\/product\/23221","targetHints":{"allow":["GET"]}}],"collection":[{"href":"https:\/\/ztsports.com\/fr\/wp-json\/wp\/v2\/product"}],"about":[{"href":"https:\/\/ztsports.com\/fr\/wp-json\/wp\/v2\/types\/product"}],"replies":[{"embeddable":true,"href":"https:\/\/ztsports.com\/fr\/wp-json\/wp\/v2\/comments?post=23221"}],"version-history":[{"count":1,"href":"https:\/\/ztsports.com\/fr\/wp-json\/wp\/v2\/product\/23221\/revisions"}],"predecessor-version":[{"id":23222,"href":"https:\/\/ztsports.com\/fr\/wp-json\/wp\/v2\/product\/23221\/revisions\/23222"}],"wp:featuredmedia":[{"embeddable":true,"href":"https:\/\/ztsports.com\/fr\/wp-json\/wp\/v2\/media\/23217"}],"wp:attachment":[{"href":"https:\/\/ztsports.com\/fr\/wp-json\/wp\/v2\/media?parent=23221"}],"wp:term":[{"taxonomy":"product_brand","embeddable":true,"href":"https:\/\/ztsports.com\/fr\/wp-json\/wp\/v2\/product_brand?post=23221"},{"taxonomy":"product_cat","embeddable":true,"href":"https:\/\/ztsports.com\/fr\/wp-json\/wp\/v2\/product_cat?post=23221"},{"taxonomy":"product_tag","embeddable":true,"href":"https:\/\/ztsports.com\/fr\/wp-json\/wp\/v2\/product_tag?post=23221"}],"curies":[{"name":"wp","href":"https:\/\/api.w.org\/{rel}","templated":true}]}}